{"id":942,"date":"2017-02-12T11:45:37","date_gmt":"2017-02-12T10:45:37","guid":{"rendered":"https:\/\/neyssa-shop.com\/blog\/?page_id=942"},"modified":"2022-02-02T11:04:07","modified_gmt":"2022-02-02T10:04:07","slug":"actualites-neyssa","status":"publish","type":"page","link":"https:\/\/neyssa-shop.com\/blog\/actualites-neyssa\/","title":{"rendered":"Actualit\u00e9s Neyssa"},"content":{"rendered":"\n<figure class=\"wp-block-image size-large\"><img fetchpriority=\"high\" decoding=\"async\" width=\"1024\" height=\"367\" src=\"https:\/\/neyssa-shop.com\/blog\/wp-content\/uploads\/2022\/02\/Neyssa-news-1-1024x367.jpg\" alt=\"\" class=\"wp-image-4671\" srcset=\"https:\/\/neyssa-shop.com\/blog\/wp-content\/uploads\/2022\/02\/Neyssa-news-1-1024x367.jpg 1024w, https:\/\/neyssa-shop.com\/blog\/wp-content\/uploads\/2022\/02\/Neyssa-news-1-300x108.jpg 300w, https:\/\/neyssa-shop.com\/blog\/wp-content\/uploads\/2022\/02\/Neyssa-news-1-768x276.jpg 768w, https:\/\/neyssa-shop.com\/blog\/wp-content\/uploads\/2022\/02\/Neyssa-news-1-1536x551.jpg 1536w, https:\/\/neyssa-shop.com\/blog\/wp-content\/uploads\/2022\/02\/Neyssa-news-1-750x269.jpg 750w, https:\/\/neyssa-shop.com\/blog\/wp-content\/uploads\/2022\/02\/Neyssa-news-1.jpg 1920w\" sizes=\"(max-width: 1024px) 100vw, 1024px\" \/><\/figure>\n\n\n<div id=\"ez-toc-container\" class=\"ez-toc-v2_0_72 counter-hierarchy ez-toc-counter ez-toc-grey ez-toc-container-direction\">\n<label for=\"ez-toc-cssicon-toggle-item-69fe0ce13bb06\" class=\"ez-toc-cssicon-toggle-label\"><span class=\"\"><span class=\"eztoc-hide\" style=\"display:none;\">Toggle<\/span><span class=\"ez-toc-icon-toggle-span\"><svg style=\"fill: #999;color:#999\" xmlns=\"http:\/\/www.w3.org\/2000\/svg\" class=\"list-377408\" width=\"20px\" height=\"20px\" viewBox=\"0 0 24 24\" fill=\"none\"><path d=\"M6 6H4v2h2V6zm14 0H8v2h12V6zM4 11h2v2H4v-2zm16 0H8v2h12v-2zM4 16h2v2H4v-2zm16 0H8v2h12v-2z\" fill=\"currentColor\"><\/path><\/svg><svg style=\"fill: #999;color:#999\" class=\"arrow-unsorted-368013\" xmlns=\"http:\/\/www.w3.org\/2000\/svg\" width=\"10px\" height=\"10px\" viewBox=\"0 0 24 24\" version=\"1.2\" baseProfile=\"tiny\"><path d=\"M18.2 9.3l-6.2-6.3-6.2 6.3c-.2.2-.3.4-.3.7s.1.5.3.7c.2.2.4.3.7.3h11c.3 0 .5-.1.7-.3.2-.2.3-.5.3-.7s-.1-.5-.3-.7zM5.8 14.7l6.2 6.3 6.2-6.3c.2-.2.3-.5.3-.7s-.1-.5-.3-.7c-.2-.2-.4-.3-.7-.3h-11c-.3 0-.5.1-.7.3-.2.2-.3.5-.3.7s.1.5.3.7z\"\/><\/svg><\/span><\/span><\/label><input type=\"checkbox\"  id=\"ez-toc-cssicon-toggle-item-69fe0ce13bb06\"  aria-label=\"Toggle\" \/><nav><ul class='ez-toc-list ez-toc-list-level-1 ' ><li class='ez-toc-page-1 ez-toc-heading-level-2'><a class=\"ez-toc-link ez-toc-heading-1\" href=\"https:\/\/neyssa-shop.com\/blog\/actualites-neyssa\/#i\" title=\"\u00a0\">\u00a0<\/a><\/li><li class='ez-toc-page-1 ez-toc-heading-level-2'><a class=\"ez-toc-link ez-toc-heading-2\" href=\"https:\/\/neyssa-shop.com\/blog\/actualites-neyssa\/#Bienvenue_chez_Neyssa_le_Blog\" title=\"Bienvenue chez Neyssa, le Blog !\">Bienvenue chez Neyssa, le Blog !<\/a><ul class='ez-toc-list-level-3' ><li class='ez-toc-heading-level-3'><a class=\"ez-toc-link ez-toc-heading-3\" href=\"https:\/\/neyssa-shop.com\/blog\/actualites-neyssa\/#La_mode_mastour_pour_se_sentir_belle_et_se_faire_plaisir_tous_les_jours\" title=\"La mode mastour, pour se sentir belle et se faire plaisir tous les jours !\">La mode mastour, pour se sentir belle et se faire plaisir tous les jours !<\/a><\/li><li class='ez-toc-page-1 ez-toc-heading-level-3'><a class=\"ez-toc-link ez-toc-heading-4\" href=\"https:\/\/neyssa-shop.com\/blog\/actualites-neyssa\/#Et_aujourdhui_notre_ambition_va_plus_loin_avec_ce_blog\" title=\"Et aujourd&rsquo;hui, notre ambition va plus loin avec ce blog.\">Et aujourd&rsquo;hui, notre ambition va plus loin avec ce blog.<\/a><\/li><\/ul><\/li><\/ul><\/nav><\/div>\n<h2 class=\"western\"><span class=\"ez-toc-section\" id=\"i\"><\/span><span style=\"color: #993366;\">\u00a0<\/span><span class=\"ez-toc-section-end\"><\/span><\/h2>\n<h2 class=\"western\" style=\"text-align: center;\"><span class=\"ez-toc-section\" id=\"Bienvenue_chez_Neyssa_le_Blog\"><\/span><span style=\"color: #993366;\">Bienvenue chez Neyssa, le Blog !<\/span><span class=\"ez-toc-section-end\"><\/span><\/h2>\n<p><a href=\"https:\/\/neyssa-shop.com\/fr\/\">Neyssa , <strong>boutique en ligne<\/strong><\/a> de v\u00eatements <strong>\u00e9thiques<\/strong> pour <strong>femmes musulmanes<\/strong>, vous ouvre les portes de son blog. Vous ne savez plus comment vous habiller avec <strong>modestie<\/strong> ? Vos go\u00fbts en mati\u00e8re de <strong>mode<\/strong> vous emp\u00eachent de porter le <a href=\"https:\/\/neyssa-shop.com\/fr\/84-hijab-pas-cher-mode-femme-voilee\"><strong>Hijab<\/strong><\/a> tout en ayant de la classe et du chic ?<\/p>\n<p>Cet endroit est le lieu id\u00e9al pour vous. Vous \u00eates pr\u00eates, allez, entrez !<\/p>\n<p>L&rsquo;\u00e9quipe enti\u00e8re souhaite la bienvenue \u00e0 toutes les <strong>femmes musulmanes<\/strong> autour d&rsquo;un th\u00e8me qui nous unit :<\/p>\n<p>\u00a0<\/p>\n\n\n<hr class=\"wp-block-separator has-text-color has-background\" style=\"background-color:#f0bedf;color:#f0bedf\"\/>\n\n\n\n<div class=\"wp-block-media-text alignwide is-stacked-on-mobile\"><figure class=\"wp-block-media-text__media\"><img decoding=\"async\" width=\"667\" height=\"1000\" src=\"https:\/\/neyssa-shop.com\/blog\/wp-content\/uploads\/2022\/02\/Ensemble-tricot.jpg\" alt=\"ensemble tricot femme\" class=\"wp-image-4673 size-full\" srcset=\"https:\/\/neyssa-shop.com\/blog\/wp-content\/uploads\/2022\/02\/Ensemble-tricot.jpg 667w, https:\/\/neyssa-shop.com\/blog\/wp-content\/uploads\/2022\/02\/Ensemble-tricot-200x300.jpg 200w\" sizes=\"(max-width: 667px) 100vw, 667px\" \/><\/figure><div class=\"wp-block-media-text__content\">\n<h3 class=\"wp-block-heading\"><span class=\"ez-toc-section\" id=\"La_mode_mastour_pour_se_sentir_belle_et_se_faire_plaisir_tous_les_jours\"><\/span><strong>La mode mastour, pour se sentir belle et se faire plaisir tous les jours !<\/strong><strong><\/strong><span class=\"ez-toc-section-end\"><\/span><\/h3>\n\n\n\n<p>Une histoire de longue date, n&rsquo;est-ce pas ?<\/p>\n\n\n\n<p>Depuis le d\u00e9but de l&rsquo;aventure, Neyssa, a mis toute son \u00e9nergie pour pr\u00e9senter \u00e0 ses fid\u00e8les s\u0153urs des tenues type <strong><a href=\"\/fr\/155-abaya\">abaya<\/a> <\/strong><a href=\"\/fr\/27-abaya-robe-longue-vetement-musulmane\"><strong>robe longues<\/strong><\/a> de grande qualit\u00e9, issues d&rsquo;ateliers de confection toujours vari\u00e9s.<\/p>\n\n\n\n<p>La satisfaction d&rsquo;habiller les <strong>musulmanes,<\/strong> jeunes et moins jeunes, en accord avec notre \u00e9thique islamique et sans sacrifier l&rsquo;\u00e9l\u00e9gance, nous a conquis. A l&rsquo;heure o\u00f9 la <strong>mode pudique<\/strong> est en vogue, Neyssa est fier de conjuguer depuis plus de quatre ans l&rsquo;amour de notre magnifique religion \u00e0 un go\u00fbt prononc\u00e9 pour la <strong>modest fashion.<\/strong><\/p>\n\n\n\n<p>La pratique de la modestie serait un caprice ?<\/p>\n\n\n\n<p>Non, chez nous, offrir une large gamme de v\u00eatements amples, mastour et modernes ne peut \u00eatre une mode, une tendance. C&rsquo;est un style de vie que nous partageons avec vous chaque jour.<\/p>\n\n\n\n<p>Du simple bonnet pratique ou accessoire malin \u00e0 la tenue parfaite pour travailler, sortir ou se rendre quelque part lorsque l&rsquo;on est invit\u00e9e, vous trouverez votre bonheur vestimentaire chez Neyssa.<\/p>\n<\/div><\/div>\n\n\n\n<hr class=\"wp-block-separator has-text-color has-background\" style=\"background-color:#dcd0d9;color:#dcd0d9\"\/>\n\n\n\n<h3 class=\"wp-block-heading\"><span class=\"ez-toc-section\" id=\"Et_aujourdhui_notre_ambition_va_plus_loin_avec_ce_blog\"><\/span><strong>Et aujourd&rsquo;hui, notre ambition va plus loin avec ce blog.<\/strong><strong><\/strong><span class=\"ez-toc-section-end\"><\/span><\/h3>\n\n\n\n<p>D\u00e8s sa cr\u00e9ation en 2013, notre entreprise a voulu vous aider \u00e0 adopter un look \u00e0 la hauteur de l&rsquo;amour que vous portez aux valeurs de l&rsquo;islam. Nous proposions, et le faisons toujours, d&rsquo;acheter des articles divers capables de combler tous les go\u00fbts.<\/p>\n\n\n\n<p>D\u00e9sormais, nous vous aidons \u00e0 composer un style \u00e0 votre image avec ce blog et ses aspirations. Vous y trouverez pendant votre lecture :<\/p>\n\n\n\n<ul class=\"wp-block-list\"><li>de nombreuses id\u00e9es de tenue pour chaque saison<\/li><li>beaucoup de conseils pour porter le hijab en toutes occasions<\/li><li>des astuces beaut\u00e9, d\u00e9co<\/li><li>id\u00e9es de voyage<\/li><\/ul>\n\n\n\n<p>Qu&rsquo;allons-nous vous apporter encore ?<\/p>\n\n\n\n<p>Sans parler des nombreuses nouveaut\u00e9s, nous serons \u00e0 votre \u00e9coute pour apporter des r\u00e9ponses \u00e0 toutes vos questions en rapport avec la mode Mastour, le Hijab et la mode tout court&#8230;bien-s\u00fbr !<\/p>\n\n\n\n<p>Ce blog, nous l&rsquo;avons ouvert pour vous ! Vous savez pourquoi ?<\/p>\n\n\n\n<p>Que vous portiez, mes s\u0153urs <strong>le hijab, le niqab, le jilbab<\/strong> ou m\u00eame encore aucun d&rsquo;eux, il est le v\u00f4tre!<\/p>\n\n\n\n<p>Nous avons envie que vous vous y sentiez chez vous, et nous y avons travaill\u00e9. Notre but : le rendre digne de la confiance que vous nous avez accord\u00e9e.<\/p>\n\n\n\n<p>Alors comment h\u00e9siter encore ?<\/p>\n\n\n\n<p>Posez vos questions sur tous les sujets qui vous pr\u00e9occupent ou vous passionnent. Donnez des suggestions pour am\u00e9liorer le site et le blog. Et surtout faites vivre par vos nombreux commentaires ce lieu de vie que nous avons pens\u00e9 pour servir votre bien-\u00eatre et vos r\u00eaves.<\/p>\n\n\n\n<p>Nous y avons mis tout notre c\u0153ur. Et nous souhaitons vous voir y prendre la place que vous m\u00e9ritez.<\/p>\n\n\n\n<p>Bonne navigation parmi nous !<\/p>\n\n\n\n<p>Et n&rsquo;oubliez pas : visitez, commentez et partagez nos id\u00e9es. Elles sont aussi les v\u00f4tres.<\/p>\n\n\n\n<p><strong><a href=\"https:\/\/neyssa-shop.com\/fr\/\" target=\"_blank\" rel=\"noreferrer noopener\">Retrouvez toutes nos tenues dans notre boutique en ligne de pr\u00eat-\u00e0-porter femme musulmane et modest fashion<\/a><\/strong><\/p>\n","protected":false},"excerpt":{"rendered":"<p>\u00a0 Bienvenue chez Neyssa, le Blog ! Neyssa , boutique en ligne de v\u00eatements \u00e9thiques pour femmes musulmanes, vous ouvre les portes de son blog. Vous ne savez plus comment vous habiller avec modestie ? Vos go\u00fbts en mati\u00e8re de mode vous emp\u00eachent de porter le Hijab tout en ayant de la classe et du&#8230;<\/p>\n<p><a class=\"more-link\" href=\"https:\/\/neyssa-shop.com\/blog\/actualites-neyssa\/\">En <em>savoir<\/em> plus<\/a><\/p>\n","protected":false},"author":3,"featured_media":4677,"parent":0,"menu_order":0,"comment_status":"closed","ping_status":"closed","template":"","meta":{"_genesis_hide_title":false,"_genesis_hide_breadcrumbs":false,"_genesis_hide_singular_image":false,"_genesis_hide_footer_widgets":false,"_genesis_custom_body_class":"","_genesis_custom_post_class":"","_genesis_layout":"","footnotes":""},"class_list":{"0":"post-942","1":"page","2":"type-page","3":"status-publish","4":"has-post-thumbnail","6":"entry"},"yoast_head":"<!-- This site is optimized with the Yoast SEO plugin v26.8 - https:\/\/yoast.com\/product\/yoast-seo-wordpress\/ -->\n<title>Actualit\u00e9s Neyssa pr\u00eat \u00e0 porter pour femmes musulmanes.<\/title>\n<meta name=\"description\" content=\"Bienvenue sur le blog de Neyssa Shop, le magasin en ligne sp\u00e9cialiste de la mode Mastour, pour femmes pudiques et fashion.\" \/>\n<meta name=\"robots\" content=\"index, follow, max-snippet:-1, max-image-preview:large, max-video-preview:-1\" \/>\n<link rel=\"canonical\" href=\"https:\/\/neyssa-shop.com\/blog\/actualites-neyssa\/\" \/>\n<meta property=\"og:locale\" content=\"fr_FR\" \/>\n<meta property=\"og:type\" content=\"article\" \/>\n<meta property=\"og:title\" content=\"Actualit\u00e9s Neyssa pr\u00eat \u00e0 porter pour femmes musulmanes.\" \/>\n<meta property=\"og:description\" content=\"Bienvenue sur le blog de Neyssa Shop, le magasin en ligne sp\u00e9cialiste de la mode Mastour, pour femmes pudiques et fashion.\" \/>\n<meta property=\"og:url\" content=\"https:\/\/neyssa-shop.com\/blog\/actualites-neyssa\/\" \/>\n<meta property=\"og:site_name\" content=\"Neyssa le blog\" \/>\n<meta property=\"article:publisher\" content=\"https:\/\/www.facebook.com\/neyssashop\/\" \/>\n<meta property=\"article:modified_time\" content=\"2022-02-02T10:04:07+00:00\" \/>\n<meta property=\"og:image\" content=\"https:\/\/neyssa-shop.com\/blog\/wp-content\/uploads\/2022\/02\/Neyssa-1.jpg\" \/>\n\t<meta property=\"og:image:width\" content=\"1920\" \/>\n\t<meta property=\"og:image:height\" content=\"689\" \/>\n\t<meta property=\"og:image:type\" content=\"image\/jpeg\" \/>\n<meta name=\"twitter:card\" content=\"summary_large_image\" \/>\n<meta name=\"twitter:site\" content=\"@neyssashop\" \/>\n<meta name=\"twitter:label1\" content=\"Dur\u00e9e de lecture estim\u00e9e\" \/>\n\t<meta name=\"twitter:data1\" content=\"4 minutes\" \/>\n<script type=\"application\/ld+json\" class=\"yoast-schema-graph\">{\"@context\":\"https:\/\/schema.org\",\"@graph\":[{\"@type\":\"WebPage\",\"@id\":\"https:\/\/neyssa-shop.com\/blog\/actualites-neyssa\/\",\"url\":\"https:\/\/neyssa-shop.com\/blog\/actualites-neyssa\/\",\"name\":\"Actualit\u00e9s Neyssa pr\u00eat \u00e0 porter pour femmes musulmanes.\",\"isPartOf\":{\"@id\":\"https:\/\/neyssa-shop.com\/blog\/#website\"},\"primaryImageOfPage\":{\"@id\":\"https:\/\/neyssa-shop.com\/blog\/actualites-neyssa\/#primaryimage\"},\"image\":{\"@id\":\"https:\/\/neyssa-shop.com\/blog\/actualites-neyssa\/#primaryimage\"},\"thumbnailUrl\":\"https:\/\/neyssa-shop.com\/blog\/wp-content\/uploads\/2022\/02\/Neyssa-1.jpg\",\"datePublished\":\"2017-02-12T10:45:37+00:00\",\"dateModified\":\"2022-02-02T10:04:07+00:00\",\"description\":\"Bienvenue sur le blog de Neyssa Shop, le magasin en ligne sp\u00e9cialiste de la mode Mastour, pour femmes pudiques et fashion.\",\"breadcrumb\":{\"@id\":\"https:\/\/neyssa-shop.com\/blog\/actualites-neyssa\/#breadcrumb\"},\"inLanguage\":\"fr-FR\",\"potentialAction\":[{\"@type\":\"ReadAction\",\"target\":[\"https:\/\/neyssa-shop.com\/blog\/actualites-neyssa\/\"]}]},{\"@type\":\"ImageObject\",\"inLanguage\":\"fr-FR\",\"@id\":\"https:\/\/neyssa-shop.com\/blog\/actualites-neyssa\/#primaryimage\",\"url\":\"https:\/\/neyssa-shop.com\/blog\/wp-content\/uploads\/2022\/02\/Neyssa-1.jpg\",\"contentUrl\":\"https:\/\/neyssa-shop.com\/blog\/wp-content\/uploads\/2022\/02\/Neyssa-1.jpg\",\"width\":1920,\"height\":689,\"caption\":\"Actualit\u00e9 Neyssa\"},{\"@type\":\"BreadcrumbList\",\"@id\":\"https:\/\/neyssa-shop.com\/blog\/actualites-neyssa\/#breadcrumb\",\"itemListElement\":[{\"@type\":\"ListItem\",\"position\":1,\"name\":\"Accueil\",\"item\":\"https:\/\/neyssa-shop.com\/blog\/\"},{\"@type\":\"ListItem\",\"position\":2,\"name\":\"Actualit\u00e9s Neyssa\"}]},{\"@type\":\"WebSite\",\"@id\":\"https:\/\/neyssa-shop.com\/blog\/#website\",\"url\":\"https:\/\/neyssa-shop.com\/blog\/\",\"name\":\"Neyssa le blog\",\"description\":\"Un blog d\u00e9di\u00e9 \u00e0 la femme musulmane\",\"publisher\":{\"@id\":\"https:\/\/neyssa-shop.com\/blog\/#organization\"},\"potentialAction\":[{\"@type\":\"SearchAction\",\"target\":{\"@type\":\"EntryPoint\",\"urlTemplate\":\"https:\/\/neyssa-shop.com\/blog\/?s={search_term_string}\"},\"query-input\":{\"@type\":\"PropertyValueSpecification\",\"valueRequired\":true,\"valueName\":\"search_term_string\"}}],\"inLanguage\":\"fr-FR\"},{\"@type\":\"Organization\",\"@id\":\"https:\/\/neyssa-shop.com\/blog\/#organization\",\"name\":\"Neyssa Shop\",\"url\":\"https:\/\/neyssa-shop.com\/blog\/\",\"logo\":{\"@type\":\"ImageObject\",\"inLanguage\":\"fr-FR\",\"@id\":\"https:\/\/neyssa-shop.com\/blog\/#\/schema\/logo\/image\/\",\"url\":\"https:\/\/neyssa-shop.com\/blog\/wp-content\/uploads\/2021\/03\/neyssa-boutique-logo-1610747292.jpg\",\"contentUrl\":\"https:\/\/neyssa-shop.com\/blog\/wp-content\/uploads\/2021\/03\/neyssa-boutique-logo-1610747292.jpg\",\"width\":271,\"height\":70,\"caption\":\"Neyssa Shop\"},\"image\":{\"@id\":\"https:\/\/neyssa-shop.com\/blog\/#\/schema\/logo\/image\/\"},\"sameAs\":[\"https:\/\/www.facebook.com\/neyssashop\/\",\"https:\/\/x.com\/neyssashop\",\"https:\/\/www.instagram.com\/neyssa_shop\/\",\"https:\/\/www.pinterest.fr\/neyssa_shop\/_created\/\",\"https:\/\/www.youtube.com\/channel\/UCkQ9s8jXTLi2yVzyeugVAMg\"]}]}<\/script>\n<!-- \/ Yoast SEO plugin. -->","yoast_head_json":{"title":"Actualit\u00e9s Neyssa pr\u00eat \u00e0 porter pour femmes musulmanes.","description":"Bienvenue sur le blog de Neyssa Shop, le magasin en ligne sp\u00e9cialiste de la mode Mastour, pour femmes pudiques et fashion.","robots":{"index":"index","follow":"follow","max-snippet":"max-snippet:-1","max-image-preview":"max-image-preview:large","max-video-preview":"max-video-preview:-1"},"canonical":"https:\/\/neyssa-shop.com\/blog\/actualites-neyssa\/","og_locale":"fr_FR","og_type":"article","og_title":"Actualit\u00e9s Neyssa pr\u00eat \u00e0 porter pour femmes musulmanes.","og_description":"Bienvenue sur le blog de Neyssa Shop, le magasin en ligne sp\u00e9cialiste de la mode Mastour, pour femmes pudiques et fashion.","og_url":"https:\/\/neyssa-shop.com\/blog\/actualites-neyssa\/","og_site_name":"Neyssa le blog","article_publisher":"https:\/\/www.facebook.com\/neyssashop\/","article_modified_time":"2022-02-02T10:04:07+00:00","og_image":[{"width":1920,"height":689,"url":"https:\/\/neyssa-shop.com\/blog\/wp-content\/uploads\/2022\/02\/Neyssa-1.jpg","type":"image\/jpeg"}],"twitter_card":"summary_large_image","twitter_site":"@neyssashop","twitter_misc":{"Dur\u00e9e de lecture estim\u00e9e":"4 minutes"},"schema":{"@context":"https:\/\/schema.org","@graph":[{"@type":"WebPage","@id":"https:\/\/neyssa-shop.com\/blog\/actualites-neyssa\/","url":"https:\/\/neyssa-shop.com\/blog\/actualites-neyssa\/","name":"Actualit\u00e9s Neyssa pr\u00eat \u00e0 porter pour femmes musulmanes.","isPartOf":{"@id":"https:\/\/neyssa-shop.com\/blog\/#website"},"primaryImageOfPage":{"@id":"https:\/\/neyssa-shop.com\/blog\/actualites-neyssa\/#primaryimage"},"image":{"@id":"https:\/\/neyssa-shop.com\/blog\/actualites-neyssa\/#primaryimage"},"thumbnailUrl":"https:\/\/neyssa-shop.com\/blog\/wp-content\/uploads\/2022\/02\/Neyssa-1.jpg","datePublished":"2017-02-12T10:45:37+00:00","dateModified":"2022-02-02T10:04:07+00:00","description":"Bienvenue sur le blog de Neyssa Shop, le magasin en ligne sp\u00e9cialiste de la mode Mastour, pour femmes pudiques et fashion.","breadcrumb":{"@id":"https:\/\/neyssa-shop.com\/blog\/actualites-neyssa\/#breadcrumb"},"inLanguage":"fr-FR","potentialAction":[{"@type":"ReadAction","target":["https:\/\/neyssa-shop.com\/blog\/actualites-neyssa\/"]}]},{"@type":"ImageObject","inLanguage":"fr-FR","@id":"https:\/\/neyssa-shop.com\/blog\/actualites-neyssa\/#primaryimage","url":"https:\/\/neyssa-shop.com\/blog\/wp-content\/uploads\/2022\/02\/Neyssa-1.jpg","contentUrl":"https:\/\/neyssa-shop.com\/blog\/wp-content\/uploads\/2022\/02\/Neyssa-1.jpg","width":1920,"height":689,"caption":"Actualit\u00e9 Neyssa"},{"@type":"BreadcrumbList","@id":"https:\/\/neyssa-shop.com\/blog\/actualites-neyssa\/#breadcrumb","itemListElement":[{"@type":"ListItem","position":1,"name":"Accueil","item":"https:\/\/neyssa-shop.com\/blog\/"},{"@type":"ListItem","position":2,"name":"Actualit\u00e9s Neyssa"}]},{"@type":"WebSite","@id":"https:\/\/neyssa-shop.com\/blog\/#website","url":"https:\/\/neyssa-shop.com\/blog\/","name":"Neyssa le blog","description":"Un blog d\u00e9di\u00e9 \u00e0 la femme musulmane","publisher":{"@id":"https:\/\/neyssa-shop.com\/blog\/#organization"},"potentialAction":[{"@type":"SearchAction","target":{"@type":"EntryPoint","urlTemplate":"https:\/\/neyssa-shop.com\/blog\/?s={search_term_string}"},"query-input":{"@type":"PropertyValueSpecification","valueRequired":true,"valueName":"search_term_string"}}],"inLanguage":"fr-FR"},{"@type":"Organization","@id":"https:\/\/neyssa-shop.com\/blog\/#organization","name":"Neyssa Shop","url":"https:\/\/neyssa-shop.com\/blog\/","logo":{"@type":"ImageObject","inLanguage":"fr-FR","@id":"https:\/\/neyssa-shop.com\/blog\/#\/schema\/logo\/image\/","url":"https:\/\/neyssa-shop.com\/blog\/wp-content\/uploads\/2021\/03\/neyssa-boutique-logo-1610747292.jpg","contentUrl":"https:\/\/neyssa-shop.com\/blog\/wp-content\/uploads\/2021\/03\/neyssa-boutique-logo-1610747292.jpg","width":271,"height":70,"caption":"Neyssa Shop"},"image":{"@id":"https:\/\/neyssa-shop.com\/blog\/#\/schema\/logo\/image\/"},"sameAs":["https:\/\/www.facebook.com\/neyssashop\/","https:\/\/x.com\/neyssashop","https:\/\/www.instagram.com\/neyssa_shop\/","https:\/\/www.pinterest.fr\/neyssa_shop\/_created\/","https:\/\/www.youtube.com\/channel\/UCkQ9s8jXTLi2yVzyeugVAMg"]}]}},"_links":{"self":[{"href":"https:\/\/neyssa-shop.com\/blog\/wp-json\/wp\/v2\/pages\/942","targetHints":{"allow":["GET"]}}],"collection":[{"href":"https:\/\/neyssa-shop.com\/blog\/wp-json\/wp\/v2\/pages"}],"about":[{"href":"https:\/\/neyssa-shop.com\/blog\/wp-json\/wp\/v2\/types\/page"}],"author":[{"embeddable":true,"href":"https:\/\/neyssa-shop.com\/blog\/wp-json\/wp\/v2\/users\/3"}],"replies":[{"embeddable":true,"href":"https:\/\/neyssa-shop.com\/blog\/wp-json\/wp\/v2\/comments?post=942"}],"version-history":[{"count":9,"href":"https:\/\/neyssa-shop.com\/blog\/wp-json\/wp\/v2\/pages\/942\/revisions"}],"predecessor-version":[{"id":4676,"href":"https:\/\/neyssa-shop.com\/blog\/wp-json\/wp\/v2\/pages\/942\/revisions\/4676"}],"wp:featuredmedia":[{"embeddable":true,"href":"https:\/\/neyssa-shop.com\/blog\/wp-json\/wp\/v2\/media\/4677"}],"wp:attachment":[{"href":"https:\/\/neyssa-shop.com\/blog\/wp-json\/wp\/v2\/media?parent=942"}],"curies":[{"name":"wp","href":"https:\/\/api.w.org\/{rel}","templated":true}]}}