{"id":5625,"date":"2022-11-15T08:33:08","date_gmt":"2022-11-15T07:33:08","guid":{"rendered":"https:\/\/neyssa-shop.com\/blog\/?page_id=5625"},"modified":"2022-11-15T14:48:20","modified_gmt":"2022-11-15T13:48:20","slug":"quelles-chaussures-porter-avec-un-jilbab","status":"publish","type":"page","link":"https:\/\/neyssa-shop.com\/blog\/quelles-chaussures-porter-avec-un-jilbab\/","title":{"rendered":"Quelles chaussures porter avec un jilbab ?"},"content":{"rendered":"\n<p><\/p>\n\n\n\n<p>Vous souhaitez<a href=\"https:\/\/neyssa-shop.com\/fr\/106-jilbab-pas-cher\"><strong> porter un jilbab<\/strong> <\/a>mais une question vous tourmente : quel type de chaussures assortir \u00e0 votre jilbab de fa\u00e7on \u00e0 ce qu&rsquo;ils correspondent \u00e0 votre style et \u00e0 la saison ?<br>Il est essentiel d\u2019appareiller ses v\u00eatements, mais \u00e9galement ses <strong>accessoires et ses chaussures, <\/strong>avec un <strong>jilbab<\/strong>. En effet, ils vont venir finaliser votre tenue.<\/p>\n\n\n\n<p>Aujourd\u2019hui, Neyssa vous propose une petite s\u00e9lection de <strong>chaussures <\/strong>\u00e0 assortir \u00e0 un<strong> long jilbab<\/strong>, accompagn\u00e9e de conseils mode faciles \u00e0 appliquer.<\/p>\n\n\n\n<div class=\"wp-block-image\"><figure class=\"aligncenter size-large is-resized\"><a href=\"https:\/\/neyssa-shop.com\/fr\/106-jilbab-pas-cher\"><img fetchpriority=\"high\" decoding=\"async\" src=\"https:\/\/neyssa-shop.com\/blog\/wp-content\/uploads\/2022\/11\/Sans-titre-1-1024x1024.jpg\" alt=\"\" class=\"wp-image-5634\" width=\"634\" height=\"634\" srcset=\"https:\/\/neyssa-shop.com\/blog\/wp-content\/uploads\/2022\/11\/Sans-titre-1-1024x1024.jpg 1024w, https:\/\/neyssa-shop.com\/blog\/wp-content\/uploads\/2022\/11\/Sans-titre-1-300x300.jpg 300w, https:\/\/neyssa-shop.com\/blog\/wp-content\/uploads\/2022\/11\/Sans-titre-1-150x150.jpg 150w, https:\/\/neyssa-shop.com\/blog\/wp-content\/uploads\/2022\/11\/Sans-titre-1-768x768.jpg 768w, https:\/\/neyssa-shop.com\/blog\/wp-content\/uploads\/2022\/11\/Sans-titre-1-750x750.jpg 750w, https:\/\/neyssa-shop.com\/blog\/wp-content\/uploads\/2022\/11\/Sans-titre-1-375x375.jpg 375w, https:\/\/neyssa-shop.com\/blog\/wp-content\/uploads\/2022\/11\/Sans-titre-1-400x400.jpg 400w, https:\/\/neyssa-shop.com\/blog\/wp-content\/uploads\/2022\/11\/Sans-titre-1-320x320.jpg 320w, https:\/\/neyssa-shop.com\/blog\/wp-content\/uploads\/2022\/11\/Sans-titre-1.jpg 1080w\" sizes=\"(max-width: 634px) 100vw, 634px\" \/><\/a><\/figure><\/div>\n\n\n\n<div id=\"ez-toc-container\" class=\"ez-toc-v2_0_72 counter-hierarchy ez-toc-counter ez-toc-grey ez-toc-container-direction\">\n<label for=\"ez-toc-cssicon-toggle-item-69fa263d81cac\" class=\"ez-toc-cssicon-toggle-label\"><span class=\"\"><span class=\"eztoc-hide\" style=\"display:none;\">Toggle<\/span><span class=\"ez-toc-icon-toggle-span\"><svg style=\"fill: #999;color:#999\" xmlns=\"http:\/\/www.w3.org\/2000\/svg\" class=\"list-377408\" width=\"20px\" height=\"20px\" viewBox=\"0 0 24 24\" fill=\"none\"><path d=\"M6 6H4v2h2V6zm14 0H8v2h12V6zM4 11h2v2H4v-2zm16 0H8v2h12v-2zM4 16h2v2H4v-2zm16 0H8v2h12v-2z\" fill=\"currentColor\"><\/path><\/svg><svg style=\"fill: #999;color:#999\" class=\"arrow-unsorted-368013\" xmlns=\"http:\/\/www.w3.org\/2000\/svg\" width=\"10px\" height=\"10px\" viewBox=\"0 0 24 24\" version=\"1.2\" baseProfile=\"tiny\"><path d=\"M18.2 9.3l-6.2-6.3-6.2 6.3c-.2.2-.3.4-.3.7s.1.5.3.7c.2.2.4.3.7.3h11c.3 0 .5-.1.7-.3.2-.2.3-.5.3-.7s-.1-.5-.3-.7zM5.8 14.7l6.2 6.3 6.2-6.3c.2-.2.3-.5.3-.7s-.1-.5-.3-.7c-.2-.2-.4-.3-.7-.3h-11c-.3 0-.5.1-.7.3-.2.2-.3.5-.3.7s.1.5.3.7z\"\/><\/svg><\/span><\/span><\/label><input type=\"checkbox\"  id=\"ez-toc-cssicon-toggle-item-69fa263d81cac\"  aria-label=\"Toggle\" \/><nav><ul class='ez-toc-list ez-toc-list-level-1 ' ><li class='ez-toc-page-1 ez-toc-heading-level-2'><a class=\"ez-toc-link ez-toc-heading-1\" href=\"https:\/\/neyssa-shop.com\/blog\/quelles-chaussures-porter-avec-un-jilbab\/#Le_Jilbab_une_tenue_pour_toutes_les_saisons\" title=\"Le&nbsp; Jilbab une tenue pour toutes les saisons\">Le&nbsp; Jilbab une tenue pour toutes les saisons<\/a><\/li><li class='ez-toc-page-1 ez-toc-heading-level-2'><a class=\"ez-toc-link ez-toc-heading-2\" href=\"https:\/\/neyssa-shop.com\/blog\/quelles-chaussures-porter-avec-un-jilbab\/#Les_boots_ideales_pour_lhiver\" title=\"Les boots, id\u00e9ales pour l\u2019hiver\">Les boots, id\u00e9ales pour l\u2019hiver<\/a><\/li><li class='ez-toc-page-1 ez-toc-heading-level-2'><a class=\"ez-toc-link ez-toc-heading-3\" href=\"https:\/\/neyssa-shop.com\/blog\/quelles-chaussures-porter-avec-un-jilbab\/#Une_paire_de_baskets_pour_toutes_les_occasions\" title=\"Une paire de baskets pour toutes les occasions\">Une paire de baskets pour toutes les occasions<\/a><\/li><li class='ez-toc-page-1 ez-toc-heading-level-2'><a class=\"ez-toc-link ez-toc-heading-4\" href=\"https:\/\/neyssa-shop.com\/blog\/quelles-chaussures-porter-avec-un-jilbab\/#Des_mocassins_pour_etre_chic\" title=\"Des mocassins pour \u00eatre chic&nbsp;\">Des mocassins pour \u00eatre chic&nbsp;<\/a><\/li><\/ul><\/nav><\/div>\n<h2 class=\"has-text-align-center has-background wp-block-heading\" style=\"background-color:#cfb8b8\"><span class=\"ez-toc-section\" id=\"Le_Jilbab_une_tenue_pour_toutes_les_saisons\"><\/span><strong>Le&nbsp; Jilbab une tenue pour toutes les saisons<\/strong><span class=\"ez-toc-section-end\"><\/span><\/h2>\n\n\n\n<p>Au printemps, en \u00e9t\u00e9, en automne ou en hiver, le jilbab fait partie int\u00e9grante de notre garde-robe. Il s\u2019adapte<strong> \u00e0 toutes les saisons<\/strong> et les <strong>tendances<\/strong>. Cependant, quel que soit le jilbab, sa longueur en dit long sur notre style et la fa\u00e7on dont nous le portons. <\/p>\n\n\n\n<p>Le choix des <strong>chaussures<\/strong> n\u00e9cessitent toute votre attention.\u00a0\u00a0<\/p>\n\n\n\n<h2 class=\"has-text-align-center has-background wp-block-heading\" style=\"background-color:#cfb8b8\"><span class=\"ez-toc-section\" id=\"Les_boots_ideales_pour_lhiver\"><\/span><strong>Les boots, id\u00e9ales pour l\u2019hiver<\/strong><span class=\"ez-toc-section-end\"><\/span><\/h2>\n\n\n\n<p>Avec un long jilbab, id\u00e9al pour la mi-saison, vous pouvez porter des chaussures \u00e0 talons larges. Les <strong>bottes, les boots, les bottines,<\/strong> vos pieds seront bien au chaud cet hiver. De plus, les bottines vous donneront un<strong> look tendance et \u00e9l\u00e9gant<\/strong>. Afin de casser les silhouettes classiques du jilbab, associez-le \u00e0 des bottes hautes pour obtenir un look chic et sophistiqu\u00e9. N&rsquo;h\u00e9sitez pas \u00e0 privil\u00e9gier les bottes en cuir, noires ou marrons, ce sont des intemporel de la saison !<\/p>\n\n\n\n<p>En revanche, nous vous d\u00e9conseillons de porter des bottes \u00e0 talons car elles attirent l&rsquo;attention sur la <strong>femme <\/strong>et incitent les gens \u00e0 se tourner vers elle. Il est donc pr\u00e9f\u00e9rable de privil\u00e9gier des <strong>chaussures silencieuses<\/strong>. Les ex\u00e9g\u00e8tes du Coran ont dit dans l&rsquo;explication de ce vers : \u00ab Et qu&rsquo;elles ne frappent pas avec leurs pieds de fa\u00e7on que l&rsquo;on sache ce qu&rsquo;elles cachent de leurs parures. \u00bb (sourate 24 \/verset 31)<\/p>\n\n\n\n<div class=\"wp-block-image\"><figure class=\"aligncenter size-full is-resized\"><a href=\"https:\/\/neyssa-shop.com\/fr\/106-jilbab-pas-cher\"><img decoding=\"async\" src=\"https:\/\/neyssa-shop.com\/blog\/wp-content\/uploads\/2022\/11\/boots.png\" alt=\"\" class=\"wp-image-5642\" width=\"504\" height=\"416\" srcset=\"https:\/\/neyssa-shop.com\/blog\/wp-content\/uploads\/2022\/11\/boots.png 1003w, https:\/\/neyssa-shop.com\/blog\/wp-content\/uploads\/2022\/11\/boots-300x248.png 300w, https:\/\/neyssa-shop.com\/blog\/wp-content\/uploads\/2022\/11\/boots-768x634.png 768w, https:\/\/neyssa-shop.com\/blog\/wp-content\/uploads\/2022\/11\/boots-750x619.png 750w\" sizes=\"(max-width: 504px) 100vw, 504px\" \/><\/a><\/figure><\/div>\n\n\n\n<h2 class=\"has-text-align-center has-background wp-block-heading\" style=\"background-color:#cfb8b8\"><span class=\"ez-toc-section\" id=\"Une_paire_de_baskets_pour_toutes_les_occasions\"><\/span><strong>Une paire de baskets pour toutes les occasions<\/strong><span class=\"ez-toc-section-end\"><\/span><\/h2>\n\n\n\n<p>Vous recherchez un look plut\u00f4t <strong>sportswear chic<\/strong> ? Optez pour une belle paire de <strong>baskets<\/strong>. Mais laquelle choisir ?\u00a0<\/p>\n\n\n\n<p>Des <strong>tennis <\/strong>blanches basses s&rsquo;accorderont \u00e0 merveille avec votre jilbab. Ces paires sont un <strong>classique et un indispensable<\/strong> qui apporteront un style d\u00e9contract\u00e9 tout en gardant l&rsquo;\u00e9l\u00e9gance de votre jilbab. Vous pouvez \u00e9galement porter des paires de <strong>sneakers <\/strong>montantes comme des <strong>Converse en toile, des baskets plateformes<\/strong> ou des<strong> Air Jordan 1 ultra tendance<\/strong> qui permettent de gagner quelques centim\u00e8tres en toute modestie.<\/p>\n\n\n\n<div class=\"wp-block-image\"><figure class=\"aligncenter size-large is-resized\"><a href=\"https:\/\/neyssa-shop.com\/fr\/106-jilbab-pas-cher\"><img decoding=\"async\" src=\"https:\/\/neyssa-shop.com\/blog\/wp-content\/uploads\/2022\/11\/EAD8B26E-1DE4-4F3C-A14E-B6B53EBF39C9-716x1024.jpeg\" alt=\"\" class=\"wp-image-5643\" width=\"534\" height=\"764\" srcset=\"https:\/\/neyssa-shop.com\/blog\/wp-content\/uploads\/2022\/11\/EAD8B26E-1DE4-4F3C-A14E-B6B53EBF39C9-716x1024.jpeg 716w, https:\/\/neyssa-shop.com\/blog\/wp-content\/uploads\/2022\/11\/EAD8B26E-1DE4-4F3C-A14E-B6B53EBF39C9-210x300.jpeg 210w, https:\/\/neyssa-shop.com\/blog\/wp-content\/uploads\/2022\/11\/EAD8B26E-1DE4-4F3C-A14E-B6B53EBF39C9-768x1098.jpeg 768w, https:\/\/neyssa-shop.com\/blog\/wp-content\/uploads\/2022\/11\/EAD8B26E-1DE4-4F3C-A14E-B6B53EBF39C9-1074x1536.jpeg 1074w, https:\/\/neyssa-shop.com\/blog\/wp-content\/uploads\/2022\/11\/EAD8B26E-1DE4-4F3C-A14E-B6B53EBF39C9-750x1072.jpeg 750w, https:\/\/neyssa-shop.com\/blog\/wp-content\/uploads\/2022\/11\/EAD8B26E-1DE4-4F3C-A14E-B6B53EBF39C9.jpeg 1213w\" sizes=\"(max-width: 534px) 100vw, 534px\" \/><\/a><\/figure><\/div>\n\n\n\n<h2 class=\"has-text-align-center has-background wp-block-heading\" style=\"background-color:#cfb8b8\"><span class=\"ez-toc-section\" id=\"Des_mocassins_pour_etre_chic\"><\/span><strong>Des mocassins pour \u00eatre chic&nbsp;<\/strong><span class=\"ez-toc-section-end\"><\/span><\/h2>\n\n\n\n<p>Des mules ou bien m\u00eame des <strong>mocassins<\/strong> iront parfaitement avec votre jilbab pr\u00e9f\u00e9r\u00e9. \u00c0 toutes celles qui pr\u00e9f\u00e8rent opter pour la <strong>discr\u00e9tion<\/strong>, pensez \u00e0 harmoniser la couleur de vos sandales avec celle de votre jilbeb.<\/p>\n\n\n\n<p>Voici les \u00e9l\u00e9ments essentiels \u00e0 retenir : <\/p>\n\n\n\n<p>-cr\u00e9er des rappels de <strong>couleurs entre vos chaussures<\/strong> <strong>et vos v\u00eatements<\/strong><\/p>\n\n\n\n<p>-choisir une paire de chaussures adapt\u00e9e \u00e0 votre style et \u00e0 la saison ! Le secret d&rsquo;une tenue <strong>attrayante<\/strong>, c&rsquo;est la coh\u00e9rence \ud83d\ude09<\/p>\n\n\n\n<div class=\"wp-block-image\"><figure class=\"aligncenter size-large is-resized\"><a href=\"https:\/\/neyssa-shop.com\/fr\/106-jilbab-pas-cher\"><img loading=\"lazy\" decoding=\"async\" src=\"https:\/\/neyssa-shop.com\/blog\/wp-content\/uploads\/2022\/11\/38751569-C20F-46FF-A405-B10CD20FCA7B-1024x1024.jpeg\" alt=\"\" class=\"wp-image-5644\" width=\"528\" height=\"528\" srcset=\"https:\/\/neyssa-shop.com\/blog\/wp-content\/uploads\/2022\/11\/38751569-C20F-46FF-A405-B10CD20FCA7B-1024x1024.jpeg 1024w, https:\/\/neyssa-shop.com\/blog\/wp-content\/uploads\/2022\/11\/38751569-C20F-46FF-A405-B10CD20FCA7B-300x300.jpeg 300w, https:\/\/neyssa-shop.com\/blog\/wp-content\/uploads\/2022\/11\/38751569-C20F-46FF-A405-B10CD20FCA7B-150x150.jpeg 150w, https:\/\/neyssa-shop.com\/blog\/wp-content\/uploads\/2022\/11\/38751569-C20F-46FF-A405-B10CD20FCA7B-768x768.jpeg 768w, https:\/\/neyssa-shop.com\/blog\/wp-content\/uploads\/2022\/11\/38751569-C20F-46FF-A405-B10CD20FCA7B-750x750.jpeg 750w, https:\/\/neyssa-shop.com\/blog\/wp-content\/uploads\/2022\/11\/38751569-C20F-46FF-A405-B10CD20FCA7B-375x375.jpeg 375w, https:\/\/neyssa-shop.com\/blog\/wp-content\/uploads\/2022\/11\/38751569-C20F-46FF-A405-B10CD20FCA7B-400x400.jpeg 400w, https:\/\/neyssa-shop.com\/blog\/wp-content\/uploads\/2022\/11\/38751569-C20F-46FF-A405-B10CD20FCA7B-320x320.jpeg 320w, https:\/\/neyssa-shop.com\/blog\/wp-content\/uploads\/2022\/11\/38751569-C20F-46FF-A405-B10CD20FCA7B.jpeg 1280w\" sizes=\"(max-width: 528px) 100vw, 528px\" \/><\/a><\/figure><\/div>\n\n\n\n<div class=\"wp-block-columns is-layout-flex wp-container-core-columns-is-layout-1 wp-block-columns-is-layout-flex\">\n<div class=\"wp-block-column is-layout-flow wp-block-column-is-layout-flow\">\n<figure class=\"wp-block-embed is-type-wp-embed is-provider-neyssa-le-blog wp-block-embed-neyssa-le-blog\"><div class=\"wp-block-embed__wrapper\">\n<blockquote class=\"wp-embedded-content\" data-secret=\"qu7o7M1ZAU\"><a href=\"https:\/\/neyssa-shop.com\/blog\/comment-repasser-son-jilbab\/\">Comment repasser son Jilbab?<\/a><\/blockquote><iframe class=\"wp-embedded-content\" sandbox=\"allow-scripts\" security=\"restricted\" style=\"position: absolute; clip: rect(1px, 1px, 1px, 1px);\" title=\"\u00ab\u00a0Comment repasser son Jilbab?\u00a0\u00bb &#8212; Neyssa le blog\" src=\"https:\/\/neyssa-shop.com\/blog\/comment-repasser-son-jilbab\/embed\/#?secret=qu7o7M1ZAU\" data-secret=\"qu7o7M1ZAU\" width=\"600\" height=\"338\" frameborder=\"0\" marginwidth=\"0\" marginheight=\"0\" scrolling=\"no\"><\/iframe>\n<\/div><\/figure>\n<\/div>\n\n\n\n<div class=\"wp-block-column is-layout-flow wp-block-column-is-layout-flow\">\n<figure class=\"wp-block-embed is-type-wp-embed is-provider-neyssa-le-blog wp-block-embed-neyssa-le-blog\"><div class=\"wp-block-embed__wrapper\">\n<blockquote class=\"wp-embedded-content\" data-secret=\"kDHQlcLNoc\"><a href=\"https:\/\/neyssa-shop.com\/blog\/comment-laver-son-jilbab\/\">Comment laver son jilbab ?<\/a><\/blockquote><iframe class=\"wp-embedded-content\" sandbox=\"allow-scripts\" security=\"restricted\" style=\"position: absolute; clip: rect(1px, 1px, 1px, 1px);\" title=\"\u00ab\u00a0Comment laver son jilbab ?\u00a0\u00bb &#8212; Neyssa le blog\" src=\"https:\/\/neyssa-shop.com\/blog\/comment-laver-son-jilbab\/embed\/#?secret=kDHQlcLNoc\" data-secret=\"kDHQlcLNoc\" width=\"600\" height=\"338\" frameborder=\"0\" marginwidth=\"0\" marginheight=\"0\" scrolling=\"no\"><\/iframe>\n<\/div><\/figure>\n<\/div>\n\n\n\n<div class=\"wp-block-column is-layout-flow wp-block-column-is-layout-flow\">\n<figure class=\"wp-block-embed is-type-wp-embed is-provider-neyssa-le-blog wp-block-embed-neyssa-le-blog\"><div class=\"wp-block-embed__wrapper\">\n<blockquote class=\"wp-embedded-content\" data-secret=\"cV92KMUXJv\"><a href=\"https:\/\/neyssa-shop.com\/blog\/jilbab-1-ou-2-pieces\/\">Jilbab 1 ou 2 pi\u00e8ces comment choisir?<\/a><\/blockquote><iframe class=\"wp-embedded-content\" sandbox=\"allow-scripts\" security=\"restricted\" style=\"position: absolute; clip: rect(1px, 1px, 1px, 1px);\" title=\"\u00ab\u00a0Jilbab 1 ou 2 pi\u00e8ces comment choisir?\u00a0\u00bb &#8212; Neyssa le blog\" src=\"https:\/\/neyssa-shop.com\/blog\/jilbab-1-ou-2-pieces\/embed\/#?secret=cV92KMUXJv\" data-secret=\"cV92KMUXJv\" width=\"600\" height=\"338\" frameborder=\"0\" marginwidth=\"0\" marginheight=\"0\" scrolling=\"no\"><\/iframe>\n<\/div><\/figure>\n<\/div>\n<\/div>\n\n\n\n<p><\/p>\n","protected":false},"excerpt":{"rendered":"<p>Vous souhaitez porter un jilbab mais une question vous tourmente : quel type de chaussures assortir \u00e0 votre jilbab de fa\u00e7on \u00e0 ce qu&rsquo;ils correspondent \u00e0 votre style et \u00e0 la saison ?Il est essentiel d\u2019appareiller ses v\u00eatements, mais \u00e9galement ses accessoires et ses chaussures, avec un jilbab. En effet, ils vont venir finaliser votre&#8230;<\/p>\n<p><a class=\"more-link\" href=\"https:\/\/neyssa-shop.com\/blog\/quelles-chaussures-porter-avec-un-jilbab\/\">En <em>savoir<\/em> plus<\/a><\/p>\n","protected":false},"author":1,"featured_media":5628,"parent":0,"menu_order":0,"comment_status":"closed","ping_status":"closed","template":"","meta":{"_genesis_hide_title":false,"_genesis_hide_breadcrumbs":false,"_genesis_hide_singular_image":false,"_genesis_hide_footer_widgets":false,"_genesis_custom_body_class":"","_genesis_custom_post_class":"","_genesis_layout":"","footnotes":""},"class_list":{"0":"post-5625","1":"page","2":"type-page","3":"status-publish","4":"has-post-thumbnail","6":"entry"},"yoast_head":"<!-- This site is optimized with the Yoast SEO plugin v26.8 - https:\/\/yoast.com\/product\/yoast-seo-wordpress\/ -->\n<title>Quelles chaussures porter avec un jilbab ?<\/title>\n<meta name=\"description\" content=\"Quelles chaussures porter avec un jilbab ? Neyssa vous donne ses pr\u00e9cieux conseils pour bien associer vos chaussures avec votre jilbab\" \/>\n<meta name=\"robots\" content=\"index, follow, max-snippet:-1, max-image-preview:large, max-video-preview:-1\" \/>\n<link rel=\"canonical\" href=\"https:\/\/neyssa-shop.com\/blog\/quelles-chaussures-porter-avec-un-jilbab\/\" \/>\n<meta property=\"og:locale\" content=\"fr_FR\" \/>\n<meta property=\"og:type\" content=\"article\" \/>\n<meta property=\"og:title\" content=\"Quelles chaussures porter avec un jilbab ?\" \/>\n<meta property=\"og:description\" content=\"Quelles chaussures porter avec un jilbab ? Neyssa vous donne ses pr\u00e9cieux conseils pour bien associer vos chaussures avec votre jilbab\" \/>\n<meta property=\"og:url\" content=\"https:\/\/neyssa-shop.com\/blog\/quelles-chaussures-porter-avec-un-jilbab\/\" \/>\n<meta property=\"og:site_name\" content=\"Neyssa le blog\" \/>\n<meta property=\"article:publisher\" content=\"https:\/\/www.facebook.com\/neyssashop\/\" \/>\n<meta property=\"article:modified_time\" content=\"2022-11-15T13:48:20+00:00\" \/>\n<meta property=\"og:image\" content=\"https:\/\/neyssa-shop.com\/blog\/wp-content\/uploads\/2022\/11\/Sans-titre.jpg\" \/>\n\t<meta property=\"og:image:width\" content=\"1080\" \/>\n\t<meta property=\"og:image:height\" content=\"1080\" \/>\n\t<meta property=\"og:image:type\" content=\"image\/jpeg\" \/>\n<meta name=\"twitter:card\" content=\"summary_large_image\" \/>\n<meta name=\"twitter:site\" content=\"@neyssashop\" \/>\n<meta name=\"twitter:label1\" content=\"Dur\u00e9e de lecture estim\u00e9e\" \/>\n\t<meta name=\"twitter:data1\" content=\"2 minutes\" \/>\n<script type=\"application\/ld+json\" class=\"yoast-schema-graph\">{\"@context\":\"https:\/\/schema.org\",\"@graph\":[{\"@type\":\"WebPage\",\"@id\":\"https:\/\/neyssa-shop.com\/blog\/quelles-chaussures-porter-avec-un-jilbab\/\",\"url\":\"https:\/\/neyssa-shop.com\/blog\/quelles-chaussures-porter-avec-un-jilbab\/\",\"name\":\"Quelles chaussures porter avec un jilbab ?\",\"isPartOf\":{\"@id\":\"https:\/\/neyssa-shop.com\/blog\/#website\"},\"primaryImageOfPage\":{\"@id\":\"https:\/\/neyssa-shop.com\/blog\/quelles-chaussures-porter-avec-un-jilbab\/#primaryimage\"},\"image\":{\"@id\":\"https:\/\/neyssa-shop.com\/blog\/quelles-chaussures-porter-avec-un-jilbab\/#primaryimage\"},\"thumbnailUrl\":\"https:\/\/neyssa-shop.com\/blog\/wp-content\/uploads\/2022\/11\/Sans-titre.jpg\",\"datePublished\":\"2022-11-15T07:33:08+00:00\",\"dateModified\":\"2022-11-15T13:48:20+00:00\",\"description\":\"Quelles chaussures porter avec un jilbab ? Neyssa vous donne ses pr\u00e9cieux conseils pour bien associer vos chaussures avec votre jilbab\",\"breadcrumb\":{\"@id\":\"https:\/\/neyssa-shop.com\/blog\/quelles-chaussures-porter-avec-un-jilbab\/#breadcrumb\"},\"inLanguage\":\"fr-FR\",\"potentialAction\":[{\"@type\":\"ReadAction\",\"target\":[\"https:\/\/neyssa-shop.com\/blog\/quelles-chaussures-porter-avec-un-jilbab\/\"]}]},{\"@type\":\"ImageObject\",\"inLanguage\":\"fr-FR\",\"@id\":\"https:\/\/neyssa-shop.com\/blog\/quelles-chaussures-porter-avec-un-jilbab\/#primaryimage\",\"url\":\"https:\/\/neyssa-shop.com\/blog\/wp-content\/uploads\/2022\/11\/Sans-titre.jpg\",\"contentUrl\":\"https:\/\/neyssa-shop.com\/blog\/wp-content\/uploads\/2022\/11\/Sans-titre.jpg\",\"width\":1080,\"height\":1080},{\"@type\":\"BreadcrumbList\",\"@id\":\"https:\/\/neyssa-shop.com\/blog\/quelles-chaussures-porter-avec-un-jilbab\/#breadcrumb\",\"itemListElement\":[{\"@type\":\"ListItem\",\"position\":1,\"name\":\"Accueil\",\"item\":\"https:\/\/neyssa-shop.com\/blog\/\"},{\"@type\":\"ListItem\",\"position\":2,\"name\":\"Quelles chaussures porter avec un jilbab ?\"}]},{\"@type\":\"WebSite\",\"@id\":\"https:\/\/neyssa-shop.com\/blog\/#website\",\"url\":\"https:\/\/neyssa-shop.com\/blog\/\",\"name\":\"Neyssa le blog\",\"description\":\"Un blog d\u00e9di\u00e9 \u00e0 la femme musulmane\",\"publisher\":{\"@id\":\"https:\/\/neyssa-shop.com\/blog\/#organization\"},\"potentialAction\":[{\"@type\":\"SearchAction\",\"target\":{\"@type\":\"EntryPoint\",\"urlTemplate\":\"https:\/\/neyssa-shop.com\/blog\/?s={search_term_string}\"},\"query-input\":{\"@type\":\"PropertyValueSpecification\",\"valueRequired\":true,\"valueName\":\"search_term_string\"}}],\"inLanguage\":\"fr-FR\"},{\"@type\":\"Organization\",\"@id\":\"https:\/\/neyssa-shop.com\/blog\/#organization\",\"name\":\"Neyssa Shop\",\"url\":\"https:\/\/neyssa-shop.com\/blog\/\",\"logo\":{\"@type\":\"ImageObject\",\"inLanguage\":\"fr-FR\",\"@id\":\"https:\/\/neyssa-shop.com\/blog\/#\/schema\/logo\/image\/\",\"url\":\"https:\/\/neyssa-shop.com\/blog\/wp-content\/uploads\/2021\/03\/neyssa-boutique-logo-1610747292.jpg\",\"contentUrl\":\"https:\/\/neyssa-shop.com\/blog\/wp-content\/uploads\/2021\/03\/neyssa-boutique-logo-1610747292.jpg\",\"width\":271,\"height\":70,\"caption\":\"Neyssa Shop\"},\"image\":{\"@id\":\"https:\/\/neyssa-shop.com\/blog\/#\/schema\/logo\/image\/\"},\"sameAs\":[\"https:\/\/www.facebook.com\/neyssashop\/\",\"https:\/\/x.com\/neyssashop\",\"https:\/\/www.instagram.com\/neyssa_shop\/\",\"https:\/\/www.pinterest.fr\/neyssa_shop\/_created\/\",\"https:\/\/www.youtube.com\/channel\/UCkQ9s8jXTLi2yVzyeugVAMg\"]}]}<\/script>\n<!-- \/ Yoast SEO plugin. -->","yoast_head_json":{"title":"Quelles chaussures porter avec un jilbab ?","description":"Quelles chaussures porter avec un jilbab ? Neyssa vous donne ses pr\u00e9cieux conseils pour bien associer vos chaussures avec votre jilbab","robots":{"index":"index","follow":"follow","max-snippet":"max-snippet:-1","max-image-preview":"max-image-preview:large","max-video-preview":"max-video-preview:-1"},"canonical":"https:\/\/neyssa-shop.com\/blog\/quelles-chaussures-porter-avec-un-jilbab\/","og_locale":"fr_FR","og_type":"article","og_title":"Quelles chaussures porter avec un jilbab ?","og_description":"Quelles chaussures porter avec un jilbab ? Neyssa vous donne ses pr\u00e9cieux conseils pour bien associer vos chaussures avec votre jilbab","og_url":"https:\/\/neyssa-shop.com\/blog\/quelles-chaussures-porter-avec-un-jilbab\/","og_site_name":"Neyssa le blog","article_publisher":"https:\/\/www.facebook.com\/neyssashop\/","article_modified_time":"2022-11-15T13:48:20+00:00","og_image":[{"width":1080,"height":1080,"url":"https:\/\/neyssa-shop.com\/blog\/wp-content\/uploads\/2022\/11\/Sans-titre.jpg","type":"image\/jpeg"}],"twitter_card":"summary_large_image","twitter_site":"@neyssashop","twitter_misc":{"Dur\u00e9e de lecture estim\u00e9e":"2 minutes"},"schema":{"@context":"https:\/\/schema.org","@graph":[{"@type":"WebPage","@id":"https:\/\/neyssa-shop.com\/blog\/quelles-chaussures-porter-avec-un-jilbab\/","url":"https:\/\/neyssa-shop.com\/blog\/quelles-chaussures-porter-avec-un-jilbab\/","name":"Quelles chaussures porter avec un jilbab ?","isPartOf":{"@id":"https:\/\/neyssa-shop.com\/blog\/#website"},"primaryImageOfPage":{"@id":"https:\/\/neyssa-shop.com\/blog\/quelles-chaussures-porter-avec-un-jilbab\/#primaryimage"},"image":{"@id":"https:\/\/neyssa-shop.com\/blog\/quelles-chaussures-porter-avec-un-jilbab\/#primaryimage"},"thumbnailUrl":"https:\/\/neyssa-shop.com\/blog\/wp-content\/uploads\/2022\/11\/Sans-titre.jpg","datePublished":"2022-11-15T07:33:08+00:00","dateModified":"2022-11-15T13:48:20+00:00","description":"Quelles chaussures porter avec un jilbab ? Neyssa vous donne ses pr\u00e9cieux conseils pour bien associer vos chaussures avec votre jilbab","breadcrumb":{"@id":"https:\/\/neyssa-shop.com\/blog\/quelles-chaussures-porter-avec-un-jilbab\/#breadcrumb"},"inLanguage":"fr-FR","potentialAction":[{"@type":"ReadAction","target":["https:\/\/neyssa-shop.com\/blog\/quelles-chaussures-porter-avec-un-jilbab\/"]}]},{"@type":"ImageObject","inLanguage":"fr-FR","@id":"https:\/\/neyssa-shop.com\/blog\/quelles-chaussures-porter-avec-un-jilbab\/#primaryimage","url":"https:\/\/neyssa-shop.com\/blog\/wp-content\/uploads\/2022\/11\/Sans-titre.jpg","contentUrl":"https:\/\/neyssa-shop.com\/blog\/wp-content\/uploads\/2022\/11\/Sans-titre.jpg","width":1080,"height":1080},{"@type":"BreadcrumbList","@id":"https:\/\/neyssa-shop.com\/blog\/quelles-chaussures-porter-avec-un-jilbab\/#breadcrumb","itemListElement":[{"@type":"ListItem","position":1,"name":"Accueil","item":"https:\/\/neyssa-shop.com\/blog\/"},{"@type":"ListItem","position":2,"name":"Quelles chaussures porter avec un jilbab ?"}]},{"@type":"WebSite","@id":"https:\/\/neyssa-shop.com\/blog\/#website","url":"https:\/\/neyssa-shop.com\/blog\/","name":"Neyssa le blog","description":"Un blog d\u00e9di\u00e9 \u00e0 la femme musulmane","publisher":{"@id":"https:\/\/neyssa-shop.com\/blog\/#organization"},"potentialAction":[{"@type":"SearchAction","target":{"@type":"EntryPoint","urlTemplate":"https:\/\/neyssa-shop.com\/blog\/?s={search_term_string}"},"query-input":{"@type":"PropertyValueSpecification","valueRequired":true,"valueName":"search_term_string"}}],"inLanguage":"fr-FR"},{"@type":"Organization","@id":"https:\/\/neyssa-shop.com\/blog\/#organization","name":"Neyssa Shop","url":"https:\/\/neyssa-shop.com\/blog\/","logo":{"@type":"ImageObject","inLanguage":"fr-FR","@id":"https:\/\/neyssa-shop.com\/blog\/#\/schema\/logo\/image\/","url":"https:\/\/neyssa-shop.com\/blog\/wp-content\/uploads\/2021\/03\/neyssa-boutique-logo-1610747292.jpg","contentUrl":"https:\/\/neyssa-shop.com\/blog\/wp-content\/uploads\/2021\/03\/neyssa-boutique-logo-1610747292.jpg","width":271,"height":70,"caption":"Neyssa Shop"},"image":{"@id":"https:\/\/neyssa-shop.com\/blog\/#\/schema\/logo\/image\/"},"sameAs":["https:\/\/www.facebook.com\/neyssashop\/","https:\/\/x.com\/neyssashop","https:\/\/www.instagram.com\/neyssa_shop\/","https:\/\/www.pinterest.fr\/neyssa_shop\/_created\/","https:\/\/www.youtube.com\/channel\/UCkQ9s8jXTLi2yVzyeugVAMg"]}]}},"_links":{"self":[{"href":"https:\/\/neyssa-shop.com\/blog\/wp-json\/wp\/v2\/pages\/5625","targetHints":{"allow":["GET"]}}],"collection":[{"href":"https:\/\/neyssa-shop.com\/blog\/wp-json\/wp\/v2\/pages"}],"about":[{"href":"https:\/\/neyssa-shop.com\/blog\/wp-json\/wp\/v2\/types\/page"}],"author":[{"embeddable":true,"href":"https:\/\/neyssa-shop.com\/blog\/wp-json\/wp\/v2\/users\/1"}],"replies":[{"embeddable":true,"href":"https:\/\/neyssa-shop.com\/blog\/wp-json\/wp\/v2\/comments?post=5625"}],"version-history":[{"count":10,"href":"https:\/\/neyssa-shop.com\/blog\/wp-json\/wp\/v2\/pages\/5625\/revisions"}],"predecessor-version":[{"id":5682,"href":"https:\/\/neyssa-shop.com\/blog\/wp-json\/wp\/v2\/pages\/5625\/revisions\/5682"}],"wp:featuredmedia":[{"embeddable":true,"href":"https:\/\/neyssa-shop.com\/blog\/wp-json\/wp\/v2\/media\/5628"}],"wp:attachment":[{"href":"https:\/\/neyssa-shop.com\/blog\/wp-json\/wp\/v2\/media?parent=5625"}],"curies":[{"name":"wp","href":"https:\/\/api.w.org\/{rel}","templated":true}]}}