{"id":5535,"date":"2022-09-27T13:16:24","date_gmt":"2022-09-27T11:16:24","guid":{"rendered":"https:\/\/neyssa-shop.com\/blog\/?page_id=5535"},"modified":"2022-11-15T17:49:58","modified_gmt":"2022-11-15T16:49:58","slug":"comment-ranger-ses-jilbab-2","status":"publish","type":"page","link":"https:\/\/neyssa-shop.com\/blog\/comment-ranger-ses-jilbab-2\/","title":{"rendered":"Comment ranger ses jilbabs?"},"content":{"rendered":"\n<p>Plus le temps passe, plus les<a href=\"https:\/\/neyssa-shop.com\/blog\/le-jilbab-un-indispensable-pour-la-femme-musulmane\/\"> jilbabs<\/a> s&rsquo;accumulent dans nos placards. Qui n\u2019a jamais pass\u00e9 30 minutes devant son dressing en se demandant quel jilbeb ou abaya porter? Ou m\u00eame rechercher une pi\u00e8ce introuvable \u00e0 cause d&rsquo;un placard mal rang\u00e9? D&rsquo;o\u00f9 l&rsquo;importance de bien organiser ses v\u00eatements. <strong>Des affaires bien ordonn\u00e9s<\/strong> vous aideront \u00e0 gagner du temps et de l&rsquo;espace dans votre vie de tous les jours. <\/p>\n\n\n\n<figure class=\"wp-block-image size-large\"><img fetchpriority=\"high\" decoding=\"async\" width=\"1024\" height=\"576\" src=\"https:\/\/neyssa-shop.com\/blog\/wp-content\/uploads\/2022\/09\/comment_ranger_ses_jilbab-1024x576.png\" alt=\"\" class=\"wp-image-5544\" srcset=\"https:\/\/neyssa-shop.com\/blog\/wp-content\/uploads\/2022\/09\/comment_ranger_ses_jilbab-1024x576.png 1024w, https:\/\/neyssa-shop.com\/blog\/wp-content\/uploads\/2022\/09\/comment_ranger_ses_jilbab-300x169.png 300w, https:\/\/neyssa-shop.com\/blog\/wp-content\/uploads\/2022\/09\/comment_ranger_ses_jilbab-768x432.png 768w, https:\/\/neyssa-shop.com\/blog\/wp-content\/uploads\/2022\/09\/comment_ranger_ses_jilbab-1536x864.png 1536w, https:\/\/neyssa-shop.com\/blog\/wp-content\/uploads\/2022\/09\/comment_ranger_ses_jilbab-2048x1152.png 2048w, https:\/\/neyssa-shop.com\/blog\/wp-content\/uploads\/2022\/09\/comment_ranger_ses_jilbab-750x422.png 750w\" sizes=\"(max-width: 1024px) 100vw, 1024px\" \/><\/figure>\n\n\n\n<div id=\"ez-toc-container\" class=\"ez-toc-v2_0_72 counter-hierarchy ez-toc-counter ez-toc-grey ez-toc-container-direction\">\n<label for=\"ez-toc-cssicon-toggle-item-6a01212fb027e\" class=\"ez-toc-cssicon-toggle-label\"><span class=\"\"><span class=\"eztoc-hide\" style=\"display:none;\">Toggle<\/span><span class=\"ez-toc-icon-toggle-span\"><svg style=\"fill: #999;color:#999\" xmlns=\"http:\/\/www.w3.org\/2000\/svg\" class=\"list-377408\" width=\"20px\" height=\"20px\" viewBox=\"0 0 24 24\" fill=\"none\"><path d=\"M6 6H4v2h2V6zm14 0H8v2h12V6zM4 11h2v2H4v-2zm16 0H8v2h12v-2zM4 16h2v2H4v-2zm16 0H8v2h12v-2z\" fill=\"currentColor\"><\/path><\/svg><svg style=\"fill: #999;color:#999\" class=\"arrow-unsorted-368013\" xmlns=\"http:\/\/www.w3.org\/2000\/svg\" width=\"10px\" height=\"10px\" viewBox=\"0 0 24 24\" version=\"1.2\" baseProfile=\"tiny\"><path d=\"M18.2 9.3l-6.2-6.3-6.2 6.3c-.2.2-.3.4-.3.7s.1.5.3.7c.2.2.4.3.7.3h11c.3 0 .5-.1.7-.3.2-.2.3-.5.3-.7s-.1-.5-.3-.7zM5.8 14.7l6.2 6.3 6.2-6.3c.2-.2.3-.5.3-.7s-.1-.5-.3-.7c-.2-.2-.4-.3-.7-.3h-11c-.3 0-.5.1-.7.3-.2.2-.3.5-.3.7s.1.5.3.7z\"\/><\/svg><\/span><\/span><\/label><input type=\"checkbox\"  id=\"ez-toc-cssicon-toggle-item-6a01212fb027e\"  aria-label=\"Toggle\" \/><nav><ul class='ez-toc-list ez-toc-list-level-1 ' ><li class='ez-toc-page-1 ez-toc-heading-level-2'><a class=\"ez-toc-link ez-toc-heading-1\" href=\"https:\/\/neyssa-shop.com\/blog\/comment-ranger-ses-jilbab-2\/#Le_tri_est_essentiel\" title=\"Le tri est essentiel\">Le tri est essentiel<\/a><\/li><li class='ez-toc-page-1 ez-toc-heading-level-2'><a class=\"ez-toc-link ez-toc-heading-2\" href=\"https:\/\/neyssa-shop.com\/blog\/comment-ranger-ses-jilbab-2\/#Nos_astuces_pour_un_rangement_efficace_et_simple\" title=\"Nos astuces pour un rangement efficace et simple\">Nos astuces pour un rangement efficace et simple<\/a><ul class='ez-toc-list-level-3' ><li class='ez-toc-heading-level-3'><a class=\"ez-toc-link ez-toc-heading-3\" href=\"https:\/\/neyssa-shop.com\/blog\/comment-ranger-ses-jilbab-2\/#Un_classement_par_couleur\" title=\"Un classement par couleur\">Un classement par couleur<\/a><\/li><li class='ez-toc-page-1 ez-toc-heading-level-3'><a class=\"ez-toc-link ez-toc-heading-4\" href=\"https:\/\/neyssa-shop.com\/blog\/comment-ranger-ses-jilbab-2\/#Adopter_une_bonne_methode_de_pliage\" title=\"Adopter une bonne m\u00e9thode de pliage\">Adopter une bonne m\u00e9thode de pliage<\/a><\/li><\/ul><\/li><li class='ez-toc-page-1 ez-toc-heading-level-2'><a class=\"ez-toc-link ez-toc-heading-5\" href=\"https:\/\/neyssa-shop.com\/blog\/comment-ranger-ses-jilbab-2\/#Les_accessoires_de_rangement\" title=\"Les accessoires de rangement\">Les accessoires de rangement<\/a><ul class='ez-toc-list-level-3' ><li class='ez-toc-heading-level-3'><a class=\"ez-toc-link ez-toc-heading-6\" href=\"https:\/\/neyssa-shop.com\/blog\/comment-ranger-ses-jilbab-2\/#Le_cintre_classique\" title=\"Le cintre classique\">Le cintre classique<\/a><\/li><li class='ez-toc-page-1 ez-toc-heading-level-3'><a class=\"ez-toc-link ez-toc-heading-7\" href=\"https:\/\/neyssa-shop.com\/blog\/comment-ranger-ses-jilbab-2\/#Les_cintres_pantalons\" title=\"Les cintres pantalons\">Les cintres pantalons<\/a><\/li><\/ul><\/li><\/ul><\/nav><\/div>\n<h2 class=\"has-text-align-center has-text-color wp-block-heading\" style=\"color:#c3a89c\"><span class=\"ez-toc-section\" id=\"Le_tri_est_essentiel\"><\/span>Le tri est essentiel<span class=\"ez-toc-section-end\"><\/span><\/h2>\n\n\n\n<p>Tout d&rsquo;abord, il est essentiel de commencer par <strong>faire un tri<\/strong>. C&rsquo;est, certes, la partie la plus fastidieuse et chronophage, mais elle est indispensable. Impossible d&rsquo;y \u00e9chapper ! Il faut donc organiser vos <strong>jilbabs pr\u00e9f\u00e9r\u00e9s<\/strong> autant que possible. N&rsquo;h\u00e9sitez pas \u00e0 vous poser les bonnes questions lors du tri, comme par exemple : \u00ab\u00a0Est-ce-un jilbab dans lequel je me sens bien ?\u00a0\u00bb, \u00ab\u00a0Est-ce qu&rsquo;il est confortable ?\u00a0\u00bb, \u00ab\u00a0Est-il encore en bon \u00e9tat ?\u00a0\u00bb<\/p>\n\n\n\n<p>Cela vous permettra de cr\u00e9er deux cat\u00e9gories : ceux que vous garderez et ceux dont vous pouvez vous s\u00e9parer. Cela va imm\u00e9diatement \u00e9purer votre collection de <strong>jalabib.<\/strong><\/p>\n\n\n\n<h2 class=\"has-text-align-center has-text-color wp-block-heading\" style=\"color:#c3a89c\"><span class=\"ez-toc-section\" id=\"Nos_astuces_pour_un_rangement_efficace_et_simple\"><\/span>Nos astuces pour un rangement efficace et simple<span class=\"ez-toc-section-end\"><\/span><\/h2>\n\n\n\n<p>Par coutume, nous mettons notre jilbab dans un tiroir sans forc\u00e9ment y pr\u00eater attention, puis nous avons tendance \u00e0 l&rsquo;oublier, stock\u00e9 au fond. Tout d\u2019abord, il est important de classer clairement ses jilbabs de fa\u00e7on \u00e0 ce qu&rsquo;ils soient tous visibles \u00e0 l&rsquo;\u0153il nu. Sans oublier que si vous regardez attentivement, ils finissent par \u00eatre chiffonn\u00e9s. <\/p>\n\n\n\n<p>Voici quelques astuces de rangement de jilbab pratiques et simples.<\/p>\n\n\n\n<p><\/p>\n\n\n\n<h3 class=\"wp-block-heading\"><span class=\"ez-toc-section\" id=\"Un_classement_par_couleur\"><\/span><strong>Un classement par couleur<\/strong><span class=\"ez-toc-section-end\"><\/span><\/h3>\n\n\n\n<p>Premi\u00e8rement, il est important de trier ses jilbab <strong>par couleur<\/strong> afin de trouver celle que l&rsquo;on veut aussi ais\u00e9ment que possible. En fonction des couleurs que vous avez sous la main, classez-les de mani\u00e8re \u00e0 cr\u00e9er un d\u00e9grad\u00e9, c&rsquo;est-\u00e0-dire en partant des couleurs les plus fonc\u00e9es aux plus claires.<\/p>\n\n\n\n<h3 class=\"wp-block-heading\"><span class=\"ez-toc-section\" id=\"Adopter_une_bonne_methode_de_pliage\"><\/span><strong>Adopter une bonne m\u00e9thode de pliage<\/strong><span class=\"ez-toc-section-end\"><\/span><\/h3>\n\n\n\n<p>Pour gagner en place et \u00e9viter de froisser vos jilbab, nous vous recommandons de les plier. Placez le v\u00eatement face contre terre sur une surface plane, puis tirez les deux manches vers le centre. Pliez-le en forme de rectangle. Les pi\u00e8ces sup\u00e9rieures et inf\u00e9rieures se trouvent dans le jilbab. Pour finir, pliez le jilbab en deux ou trois faces pour l&rsquo;accrocher sur un cintre.<\/p>\n\n\n\n<h2 class=\"has-text-align-center has-text-color wp-block-heading\" style=\"color:#c3a89c\"><span class=\"ez-toc-section\" id=\"Les_accessoires_de_rangement\"><\/span>Les accessoires de rangement<span class=\"ez-toc-section-end\"><\/span><\/h2>\n\n\n\n<h3 class=\"wp-block-heading\"><span class=\"ez-toc-section\" id=\"Le_cintre_classique\"><\/span><strong>Le cintre classique<\/strong><span class=\"ez-toc-section-end\"><\/span><\/h3>\n\n\n\n<p>Vous le connaissez toute, il est l\u2019un des meilleurs accessoires de rangement qui vous permettra d&rsquo;obtenir une organisation parfaite de vos jilbab. Tr\u00e8s pratiques et fonctionnels, il suffit de les prendre individuellement, puis de les superposer un \u00e0 un sur une porte ou dans votre placard.<\/p>\n\n\n\n<p><\/p>\n\n\n\n<h3 class=\"wp-block-heading\"><span class=\"ez-toc-section\" id=\"Les_cintres_pantalons\"><\/span><strong>Les cintres pantalons<\/strong><span class=\"ez-toc-section-end\"><\/span><\/h3>\n\n\n\n<p>Pour celles qui ont un petit dressing, les cintres pantalons ou multiples feront compl\u00e8tement l&rsquo;affaire pour vous. Ils ont en effet la particularit\u00e9 de pouvoir contenir au minimum 3 jilbabs, ce qui est super pratique ! Pour les placer au mieux, vous devrez adopter un mode de pliage en largeur. <\/p>\n\n\n\n<p>De par leur grandeur et largeur, les cintres pantalons \u00e9viteront de froisser vos jilbabs.<\/p>\n\n\n\n<p>Nous vous avons d\u00e9voiler toutes nos astuces pour maintenir vos jilbab organis\u00e9s. Maintenant, vous n&rsquo;avez plus d&rsquo;excuses pour les laisser d\u00e9sordonn\u00e9s!  <\/p>\n\n\n\n<p class=\"has-text-color has-background\" style=\"background-color:#d4c2bc;color:#121110\"><strong>Retrouvez les plus <a href=\"https:\/\/neyssa-shhttps:\/\/neyssa-shop.com\/fr\/106-jilbab-pas-cherop.com\/fr\/106-jilbab-pas-cher\">jolis Jilbeb femme de la collection Neyssa.<\/a><\/strong><\/p>\n\n\n\n<p><\/p>\n\n\n\n<div class=\"wp-block-columns is-layout-flex wp-container-core-columns-is-layout-1 wp-block-columns-is-layout-flex\">\n<div class=\"wp-block-column is-layout-flow wp-block-column-is-layout-flow\">\n<figure class=\"wp-block-embed is-type-wp-embed is-provider-neyssa-le-blog wp-block-embed-neyssa-le-blog\"><div class=\"wp-block-embed__wrapper\">\n<blockquote class=\"wp-embedded-content\" data-secret=\"yPfrK4PqnM\"><a href=\"https:\/\/neyssa-shop.com\/blog\/comment-repasser-son-jilbab\/\">Comment repasser son Jilbab?<\/a><\/blockquote><iframe class=\"wp-embedded-content\" sandbox=\"allow-scripts\" security=\"restricted\" style=\"position: absolute; clip: rect(1px, 1px, 1px, 1px);\" title=\"\u00ab\u00a0Comment repasser son Jilbab?\u00a0\u00bb &#8212; Neyssa le blog\" src=\"https:\/\/neyssa-shop.com\/blog\/comment-repasser-son-jilbab\/embed\/#?secret=yPfrK4PqnM\" data-secret=\"yPfrK4PqnM\" width=\"600\" height=\"338\" frameborder=\"0\" marginwidth=\"0\" marginheight=\"0\" scrolling=\"no\"><\/iframe>\n<\/div><\/figure>\n<\/div>\n\n\n\n<div class=\"wp-block-column is-layout-flow wp-block-column-is-layout-flow\">\n<figure class=\"wp-block-embed is-type-wp-embed is-provider-neyssa-le-blog wp-block-embed-neyssa-le-blog\"><div class=\"wp-block-embed__wrapper\">\n<blockquote class=\"wp-embedded-content\" data-secret=\"PvH8a3xrXf\"><a href=\"https:\/\/neyssa-shop.com\/blog\/comment-laver-son-jilbab\/\">Comment laver son jilbab ?<\/a><\/blockquote><iframe class=\"wp-embedded-content\" sandbox=\"allow-scripts\" security=\"restricted\" style=\"position: absolute; clip: rect(1px, 1px, 1px, 1px);\" title=\"\u00ab\u00a0Comment laver son jilbab ?\u00a0\u00bb &#8212; Neyssa le blog\" src=\"https:\/\/neyssa-shop.com\/blog\/comment-laver-son-jilbab\/embed\/#?secret=PvH8a3xrXf\" data-secret=\"PvH8a3xrXf\" width=\"600\" height=\"338\" frameborder=\"0\" marginwidth=\"0\" marginheight=\"0\" scrolling=\"no\"><\/iframe>\n<\/div><\/figure>\n<\/div>\n\n\n\n<div class=\"wp-block-column is-layout-flow wp-block-column-is-layout-flow\">\n<figure class=\"wp-block-embed is-type-wp-embed is-provider-neyssa-le-blog wp-block-embed-neyssa-le-blog\"><div class=\"wp-block-embed__wrapper\">\n<blockquote class=\"wp-embedded-content\" data-secret=\"t4obC2wYU4\"><a href=\"https:\/\/neyssa-shop.com\/blog\/jilbab-1-ou-2-pieces\/\">Jilbab 1 ou 2 pi\u00e8ces comment choisir?<\/a><\/blockquote><iframe class=\"wp-embedded-content\" sandbox=\"allow-scripts\" security=\"restricted\" style=\"position: absolute; clip: rect(1px, 1px, 1px, 1px);\" title=\"\u00ab\u00a0Jilbab 1 ou 2 pi\u00e8ces comment choisir?\u00a0\u00bb &#8212; Neyssa le blog\" src=\"https:\/\/neyssa-shop.com\/blog\/jilbab-1-ou-2-pieces\/embed\/#?secret=t4obC2wYU4\" data-secret=\"t4obC2wYU4\" width=\"600\" height=\"338\" frameborder=\"0\" marginwidth=\"0\" marginheight=\"0\" scrolling=\"no\"><\/iframe>\n<\/div><\/figure>\n<\/div>\n<\/div>\n","protected":false},"excerpt":{"rendered":"<p>Plus le temps passe, plus les jilbabs s&rsquo;accumulent dans nos placards. Qui n\u2019a jamais pass\u00e9 30 minutes devant son dressing en se demandant quel jilbeb ou abaya porter? Ou m\u00eame rechercher une pi\u00e8ce introuvable \u00e0 cause d&rsquo;un placard mal rang\u00e9? D&rsquo;o\u00f9 l&rsquo;importance de bien organiser ses v\u00eatements. Des affaires bien ordonn\u00e9s vous aideront \u00e0 gagner&#8230;<\/p>\n<p><a class=\"more-link\" href=\"https:\/\/neyssa-shop.com\/blog\/comment-ranger-ses-jilbab-2\/\">En <em>savoir<\/em> plus<\/a><\/p>\n","protected":false},"author":1,"featured_media":5544,"parent":0,"menu_order":0,"comment_status":"closed","ping_status":"closed","template":"","meta":{"_genesis_hide_title":false,"_genesis_hide_breadcrumbs":false,"_genesis_hide_singular_image":false,"_genesis_hide_footer_widgets":false,"_genesis_custom_body_class":"","_genesis_custom_post_class":"","_genesis_layout":"","footnotes":""},"class_list":{"0":"post-5535","1":"page","2":"type-page","3":"status-publish","4":"has-post-thumbnail","6":"entry"},"yoast_head":"<!-- This site is optimized with the Yoast SEO plugin v26.8 - https:\/\/yoast.com\/product\/yoast-seo-wordpress\/ -->\n<title>Comment ranger ses jilbab?<\/title>\n<meta name=\"description\" content=\"Comment ranger ses jilbab? Neyssa vous d\u00e9livre ses meilleures astuces pour simplifier le rangement de vos pr\u00e9cieux jilbeb.\" \/>\n<meta name=\"robots\" content=\"index, follow, max-snippet:-1, max-image-preview:large, max-video-preview:-1\" \/>\n<link rel=\"canonical\" href=\"https:\/\/neyssa-shop.com\/blog\/comment-ranger-ses-jilbab-2\/\" \/>\n<meta property=\"og:locale\" content=\"fr_FR\" \/>\n<meta property=\"og:type\" content=\"article\" \/>\n<meta property=\"og:title\" content=\"Comment ranger ses jilbab?\" \/>\n<meta property=\"og:description\" content=\"Comment ranger ses jilbab? Neyssa vous d\u00e9livre ses meilleures astuces pour simplifier le rangement de vos pr\u00e9cieux jilbeb.\" \/>\n<meta property=\"og:url\" content=\"https:\/\/neyssa-shop.com\/blog\/comment-ranger-ses-jilbab-2\/\" \/>\n<meta property=\"og:site_name\" content=\"Neyssa le blog\" \/>\n<meta property=\"article:publisher\" content=\"https:\/\/www.facebook.com\/neyssashop\/\" \/>\n<meta property=\"article:modified_time\" content=\"2022-11-15T16:49:58+00:00\" \/>\n<meta property=\"og:image\" content=\"https:\/\/neyssa-shop.com\/blog\/wp-content\/uploads\/2022\/09\/comment_ranger_ses_jilbab-1024x576.png\" \/>\n\t<meta property=\"og:image:width\" content=\"1024\" \/>\n\t<meta property=\"og:image:height\" content=\"576\" \/>\n\t<meta property=\"og:image:type\" content=\"image\/png\" \/>\n<meta name=\"twitter:card\" content=\"summary_large_image\" \/>\n<meta name=\"twitter:site\" content=\"@neyssashop\" \/>\n<meta name=\"twitter:label1\" content=\"Dur\u00e9e de lecture estim\u00e9e\" \/>\n\t<meta name=\"twitter:data1\" content=\"3 minutes\" \/>\n<script type=\"application\/ld+json\" class=\"yoast-schema-graph\">{\"@context\":\"https:\/\/schema.org\",\"@graph\":[{\"@type\":\"WebPage\",\"@id\":\"https:\/\/neyssa-shop.com\/blog\/comment-ranger-ses-jilbab-2\/\",\"url\":\"https:\/\/neyssa-shop.com\/blog\/comment-ranger-ses-jilbab-2\/\",\"name\":\"Comment ranger ses jilbab?\",\"isPartOf\":{\"@id\":\"https:\/\/neyssa-shop.com\/blog\/#website\"},\"primaryImageOfPage\":{\"@id\":\"https:\/\/neyssa-shop.com\/blog\/comment-ranger-ses-jilbab-2\/#primaryimage\"},\"image\":{\"@id\":\"https:\/\/neyssa-shop.com\/blog\/comment-ranger-ses-jilbab-2\/#primaryimage\"},\"thumbnailUrl\":\"https:\/\/neyssa-shop.com\/blog\/wp-content\/uploads\/2022\/09\/comment_ranger_ses_jilbab.png\",\"datePublished\":\"2022-09-27T11:16:24+00:00\",\"dateModified\":\"2022-11-15T16:49:58+00:00\",\"description\":\"Comment ranger ses jilbab? Neyssa vous d\u00e9livre ses meilleures astuces pour simplifier le rangement de vos pr\u00e9cieux jilbeb.\",\"breadcrumb\":{\"@id\":\"https:\/\/neyssa-shop.com\/blog\/comment-ranger-ses-jilbab-2\/#breadcrumb\"},\"inLanguage\":\"fr-FR\",\"potentialAction\":[{\"@type\":\"ReadAction\",\"target\":[\"https:\/\/neyssa-shop.com\/blog\/comment-ranger-ses-jilbab-2\/\"]}]},{\"@type\":\"ImageObject\",\"inLanguage\":\"fr-FR\",\"@id\":\"https:\/\/neyssa-shop.com\/blog\/comment-ranger-ses-jilbab-2\/#primaryimage\",\"url\":\"https:\/\/neyssa-shop.com\/blog\/wp-content\/uploads\/2022\/09\/comment_ranger_ses_jilbab.png\",\"contentUrl\":\"https:\/\/neyssa-shop.com\/blog\/wp-content\/uploads\/2022\/09\/comment_ranger_ses_jilbab.png\",\"width\":2240,\"height\":1260,\"caption\":\"comment ranger ses jilbab\"},{\"@type\":\"BreadcrumbList\",\"@id\":\"https:\/\/neyssa-shop.com\/blog\/comment-ranger-ses-jilbab-2\/#breadcrumb\",\"itemListElement\":[{\"@type\":\"ListItem\",\"position\":1,\"name\":\"Accueil\",\"item\":\"https:\/\/neyssa-shop.com\/blog\/\"},{\"@type\":\"ListItem\",\"position\":2,\"name\":\"Comment ranger ses jilbabs?\"}]},{\"@type\":\"WebSite\",\"@id\":\"https:\/\/neyssa-shop.com\/blog\/#website\",\"url\":\"https:\/\/neyssa-shop.com\/blog\/\",\"name\":\"Neyssa le blog\",\"description\":\"Un blog d\u00e9di\u00e9 \u00e0 la femme musulmane\",\"publisher\":{\"@id\":\"https:\/\/neyssa-shop.com\/blog\/#organization\"},\"potentialAction\":[{\"@type\":\"SearchAction\",\"target\":{\"@type\":\"EntryPoint\",\"urlTemplate\":\"https:\/\/neyssa-shop.com\/blog\/?s={search_term_string}\"},\"query-input\":{\"@type\":\"PropertyValueSpecification\",\"valueRequired\":true,\"valueName\":\"search_term_string\"}}],\"inLanguage\":\"fr-FR\"},{\"@type\":\"Organization\",\"@id\":\"https:\/\/neyssa-shop.com\/blog\/#organization\",\"name\":\"Neyssa Shop\",\"url\":\"https:\/\/neyssa-shop.com\/blog\/\",\"logo\":{\"@type\":\"ImageObject\",\"inLanguage\":\"fr-FR\",\"@id\":\"https:\/\/neyssa-shop.com\/blog\/#\/schema\/logo\/image\/\",\"url\":\"https:\/\/neyssa-shop.com\/blog\/wp-content\/uploads\/2021\/03\/neyssa-boutique-logo-1610747292.jpg\",\"contentUrl\":\"https:\/\/neyssa-shop.com\/blog\/wp-content\/uploads\/2021\/03\/neyssa-boutique-logo-1610747292.jpg\",\"width\":271,\"height\":70,\"caption\":\"Neyssa Shop\"},\"image\":{\"@id\":\"https:\/\/neyssa-shop.com\/blog\/#\/schema\/logo\/image\/\"},\"sameAs\":[\"https:\/\/www.facebook.com\/neyssashop\/\",\"https:\/\/x.com\/neyssashop\",\"https:\/\/www.instagram.com\/neyssa_shop\/\",\"https:\/\/www.pinterest.fr\/neyssa_shop\/_created\/\",\"https:\/\/www.youtube.com\/channel\/UCkQ9s8jXTLi2yVzyeugVAMg\"]}]}<\/script>\n<!-- \/ Yoast SEO plugin. -->","yoast_head_json":{"title":"Comment ranger ses jilbab?","description":"Comment ranger ses jilbab? Neyssa vous d\u00e9livre ses meilleures astuces pour simplifier le rangement de vos pr\u00e9cieux jilbeb.","robots":{"index":"index","follow":"follow","max-snippet":"max-snippet:-1","max-image-preview":"max-image-preview:large","max-video-preview":"max-video-preview:-1"},"canonical":"https:\/\/neyssa-shop.com\/blog\/comment-ranger-ses-jilbab-2\/","og_locale":"fr_FR","og_type":"article","og_title":"Comment ranger ses jilbab?","og_description":"Comment ranger ses jilbab? Neyssa vous d\u00e9livre ses meilleures astuces pour simplifier le rangement de vos pr\u00e9cieux jilbeb.","og_url":"https:\/\/neyssa-shop.com\/blog\/comment-ranger-ses-jilbab-2\/","og_site_name":"Neyssa le blog","article_publisher":"https:\/\/www.facebook.com\/neyssashop\/","article_modified_time":"2022-11-15T16:49:58+00:00","og_image":[{"width":1024,"height":576,"url":"https:\/\/neyssa-shop.com\/blog\/wp-content\/uploads\/2022\/09\/comment_ranger_ses_jilbab-1024x576.png","type":"image\/png"}],"twitter_card":"summary_large_image","twitter_site":"@neyssashop","twitter_misc":{"Dur\u00e9e de lecture estim\u00e9e":"3 minutes"},"schema":{"@context":"https:\/\/schema.org","@graph":[{"@type":"WebPage","@id":"https:\/\/neyssa-shop.com\/blog\/comment-ranger-ses-jilbab-2\/","url":"https:\/\/neyssa-shop.com\/blog\/comment-ranger-ses-jilbab-2\/","name":"Comment ranger ses jilbab?","isPartOf":{"@id":"https:\/\/neyssa-shop.com\/blog\/#website"},"primaryImageOfPage":{"@id":"https:\/\/neyssa-shop.com\/blog\/comment-ranger-ses-jilbab-2\/#primaryimage"},"image":{"@id":"https:\/\/neyssa-shop.com\/blog\/comment-ranger-ses-jilbab-2\/#primaryimage"},"thumbnailUrl":"https:\/\/neyssa-shop.com\/blog\/wp-content\/uploads\/2022\/09\/comment_ranger_ses_jilbab.png","datePublished":"2022-09-27T11:16:24+00:00","dateModified":"2022-11-15T16:49:58+00:00","description":"Comment ranger ses jilbab? Neyssa vous d\u00e9livre ses meilleures astuces pour simplifier le rangement de vos pr\u00e9cieux jilbeb.","breadcrumb":{"@id":"https:\/\/neyssa-shop.com\/blog\/comment-ranger-ses-jilbab-2\/#breadcrumb"},"inLanguage":"fr-FR","potentialAction":[{"@type":"ReadAction","target":["https:\/\/neyssa-shop.com\/blog\/comment-ranger-ses-jilbab-2\/"]}]},{"@type":"ImageObject","inLanguage":"fr-FR","@id":"https:\/\/neyssa-shop.com\/blog\/comment-ranger-ses-jilbab-2\/#primaryimage","url":"https:\/\/neyssa-shop.com\/blog\/wp-content\/uploads\/2022\/09\/comment_ranger_ses_jilbab.png","contentUrl":"https:\/\/neyssa-shop.com\/blog\/wp-content\/uploads\/2022\/09\/comment_ranger_ses_jilbab.png","width":2240,"height":1260,"caption":"comment ranger ses jilbab"},{"@type":"BreadcrumbList","@id":"https:\/\/neyssa-shop.com\/blog\/comment-ranger-ses-jilbab-2\/#breadcrumb","itemListElement":[{"@type":"ListItem","position":1,"name":"Accueil","item":"https:\/\/neyssa-shop.com\/blog\/"},{"@type":"ListItem","position":2,"name":"Comment ranger ses jilbabs?"}]},{"@type":"WebSite","@id":"https:\/\/neyssa-shop.com\/blog\/#website","url":"https:\/\/neyssa-shop.com\/blog\/","name":"Neyssa le blog","description":"Un blog d\u00e9di\u00e9 \u00e0 la femme musulmane","publisher":{"@id":"https:\/\/neyssa-shop.com\/blog\/#organization"},"potentialAction":[{"@type":"SearchAction","target":{"@type":"EntryPoint","urlTemplate":"https:\/\/neyssa-shop.com\/blog\/?s={search_term_string}"},"query-input":{"@type":"PropertyValueSpecification","valueRequired":true,"valueName":"search_term_string"}}],"inLanguage":"fr-FR"},{"@type":"Organization","@id":"https:\/\/neyssa-shop.com\/blog\/#organization","name":"Neyssa Shop","url":"https:\/\/neyssa-shop.com\/blog\/","logo":{"@type":"ImageObject","inLanguage":"fr-FR","@id":"https:\/\/neyssa-shop.com\/blog\/#\/schema\/logo\/image\/","url":"https:\/\/neyssa-shop.com\/blog\/wp-content\/uploads\/2021\/03\/neyssa-boutique-logo-1610747292.jpg","contentUrl":"https:\/\/neyssa-shop.com\/blog\/wp-content\/uploads\/2021\/03\/neyssa-boutique-logo-1610747292.jpg","width":271,"height":70,"caption":"Neyssa Shop"},"image":{"@id":"https:\/\/neyssa-shop.com\/blog\/#\/schema\/logo\/image\/"},"sameAs":["https:\/\/www.facebook.com\/neyssashop\/","https:\/\/x.com\/neyssashop","https:\/\/www.instagram.com\/neyssa_shop\/","https:\/\/www.pinterest.fr\/neyssa_shop\/_created\/","https:\/\/www.youtube.com\/channel\/UCkQ9s8jXTLi2yVzyeugVAMg"]}]}},"_links":{"self":[{"href":"https:\/\/neyssa-shop.com\/blog\/wp-json\/wp\/v2\/pages\/5535","targetHints":{"allow":["GET"]}}],"collection":[{"href":"https:\/\/neyssa-shop.com\/blog\/wp-json\/wp\/v2\/pages"}],"about":[{"href":"https:\/\/neyssa-shop.com\/blog\/wp-json\/wp\/v2\/types\/page"}],"author":[{"embeddable":true,"href":"https:\/\/neyssa-shop.com\/blog\/wp-json\/wp\/v2\/users\/1"}],"replies":[{"embeddable":true,"href":"https:\/\/neyssa-shop.com\/blog\/wp-json\/wp\/v2\/comments?post=5535"}],"version-history":[{"count":11,"href":"https:\/\/neyssa-shop.com\/blog\/wp-json\/wp\/v2\/pages\/5535\/revisions"}],"predecessor-version":[{"id":5699,"href":"https:\/\/neyssa-shop.com\/blog\/wp-json\/wp\/v2\/pages\/5535\/revisions\/5699"}],"wp:featuredmedia":[{"embeddable":true,"href":"https:\/\/neyssa-shop.com\/blog\/wp-json\/wp\/v2\/media\/5544"}],"wp:attachment":[{"href":"https:\/\/neyssa-shop.com\/blog\/wp-json\/wp\/v2\/media?parent=5535"}],"curies":[{"name":"wp","href":"https:\/\/api.w.org\/{rel}","templated":true}]}}