{"id":5527,"date":"2022-09-24T00:25:59","date_gmt":"2022-09-23T22:25:59","guid":{"rendered":"https:\/\/neyssa-shop.com\/blog\/?page_id=5527"},"modified":"2022-12-21T23:43:29","modified_gmt":"2022-12-21T22:43:29","slug":"5-raisons-dadopter-le-khimar","status":"publish","type":"page","link":"https:\/\/neyssa-shop.com\/blog\/5-raisons-dadopter-le-khimar\/","title":{"rendered":"5 raisons d&rsquo;adopter le khimar ?"},"content":{"rendered":"\n<p id=\"block-2a14200d-9bf4-4c23-b7b3-f3f7265af8bf\">Tout d&rsquo;abord <a href=\"https:\/\/neyssa-shop.com\/blog\/quest-ce-que-le-khimar\/\">qu&rsquo;est ce qu&rsquo;un khimar<\/a>? Le khimar est un <strong>hijab \u00e0 enfiler<\/strong> tendance, la longueur de ce voile est habituellement beaucoup plus longue qu\u2019un foulard classique, celui-ci s&rsquo;enfile directement autour de la t\u00eate. En outre, il couvre l&rsquo;ensemble des cheveux, de la poitrine et du cou et cache en grande partie les \u00e9paules. Le khimar se porte g\u00e9n\u00e9ralement avec une abaya longue et ample. Maintenant voici quelques avantages qui vous feront craquer \u00e0 coup s\u00fbr pour le khimar :<\/p>\n\n\n\n<p id=\"block-53d4069e-51e6-451d-a854-3767399dfd92\">Le Khimar : ( khumurs au pluriel) en arabe, le mot fait r\u00e9f\u00e9rence \u00e0 tout ce qui est cach\u00e9. Par cons\u00e9quent, nous disons que le khimar d&rsquo;une femme signifie une chose qui lui cache la t\u00eate.<\/p>\n\n\n\n<p id=\"block-bddbfc5c-51fd-42cd-a354-1d2d78c4e78c\"><\/p>\n\n\n\n<figure class=\"wp-block-image size-large\"><img fetchpriority=\"high\" decoding=\"async\" width=\"683\" height=\"1024\" src=\"https:\/\/neyssa-shop.com\/blog\/wp-content\/uploads\/2022\/09\/khimar_court_neyssa-2-683x1024.jpg\" alt=\"\" class=\"wp-image-5529\" srcset=\"https:\/\/neyssa-shop.com\/blog\/wp-content\/uploads\/2022\/09\/khimar_court_neyssa-2-683x1024.jpg 683w, https:\/\/neyssa-shop.com\/blog\/wp-content\/uploads\/2022\/09\/khimar_court_neyssa-2-200x300.jpg 200w, https:\/\/neyssa-shop.com\/blog\/wp-content\/uploads\/2022\/09\/khimar_court_neyssa-2-768x1152.jpg 768w, https:\/\/neyssa-shop.com\/blog\/wp-content\/uploads\/2022\/09\/khimar_court_neyssa-2-1024x1536.jpg 1024w, https:\/\/neyssa-shop.com\/blog\/wp-content\/uploads\/2022\/09\/khimar_court_neyssa-2-1365x2048.jpg 1365w, https:\/\/neyssa-shop.com\/blog\/wp-content\/uploads\/2022\/09\/khimar_court_neyssa-2-750x1125.jpg 750w, https:\/\/neyssa-shop.com\/blog\/wp-content\/uploads\/2022\/09\/khimar_court_neyssa-2.jpg 1600w\" sizes=\"(max-width: 683px) 100vw, 683px\" \/><\/figure>\n\n\n\n<div id=\"ez-toc-container\" class=\"ez-toc-v2_0_72 counter-hierarchy ez-toc-counter ez-toc-grey ez-toc-container-direction\">\n<label for=\"ez-toc-cssicon-toggle-item-69e66ef11c927\" class=\"ez-toc-cssicon-toggle-label\"><span class=\"\"><span class=\"eztoc-hide\" style=\"display:none;\">Toggle<\/span><span class=\"ez-toc-icon-toggle-span\"><svg style=\"fill: #999;color:#999\" xmlns=\"http:\/\/www.w3.org\/2000\/svg\" class=\"list-377408\" width=\"20px\" height=\"20px\" viewBox=\"0 0 24 24\" fill=\"none\"><path d=\"M6 6H4v2h2V6zm14 0H8v2h12V6zM4 11h2v2H4v-2zm16 0H8v2h12v-2zM4 16h2v2H4v-2zm16 0H8v2h12v-2z\" fill=\"currentColor\"><\/path><\/svg><svg style=\"fill: #999;color:#999\" class=\"arrow-unsorted-368013\" xmlns=\"http:\/\/www.w3.org\/2000\/svg\" width=\"10px\" height=\"10px\" viewBox=\"0 0 24 24\" version=\"1.2\" baseProfile=\"tiny\"><path d=\"M18.2 9.3l-6.2-6.3-6.2 6.3c-.2.2-.3.4-.3.7s.1.5.3.7c.2.2.4.3.7.3h11c.3 0 .5-.1.7-.3.2-.2.3-.5.3-.7s-.1-.5-.3-.7zM5.8 14.7l6.2 6.3 6.2-6.3c.2-.2.3-.5.3-.7s-.1-.5-.3-.7c-.2-.2-.4-.3-.7-.3h-11c-.3 0-.5.1-.7.3-.2.2-.3.5-.3.7s.1.5.3.7z\"\/><\/svg><\/span><\/span><\/label><input type=\"checkbox\"  id=\"ez-toc-cssicon-toggle-item-69e66ef11c927\"  aria-label=\"Toggle\" \/><nav><ul class='ez-toc-list ez-toc-list-level-1 ' ><li class='ez-toc-page-1 ez-toc-heading-level-2'><a class=\"ez-toc-link ez-toc-heading-1\" href=\"https:\/\/neyssa-shop.com\/blog\/5-raisons-dadopter-le-khimar\/#Le_khimar_est_un_voile_legifere\" title=\"Le khimar est un voile l\u00e9gif\u00e9r\u00e9:\">Le khimar est un voile l\u00e9gif\u00e9r\u00e9:<\/a><\/li><li class='ez-toc-page-1 ez-toc-heading-level-2'><a class=\"ez-toc-link ez-toc-heading-2\" href=\"https:\/\/neyssa-shop.com\/blog\/5-raisons-dadopter-le-khimar\/#Le_khimar_est_un_voile_leger_et_fluide\" title=\"Le khimar est un voile l\u00e9ger et fluide:\">Le khimar est un voile l\u00e9ger et fluide:<\/a><\/li><li class='ez-toc-page-1 ez-toc-heading-level-2'><a class=\"ez-toc-link ez-toc-heading-3\" href=\"https:\/\/neyssa-shop.com\/blog\/5-raisons-dadopter-le-khimar\/#Le_khimar_est_facile_a_enfiler\" title=\"Le khimar est facile \u00e0 enfiler\">Le khimar est facile \u00e0 enfiler<\/a><\/li><li class='ez-toc-page-1 ez-toc-heading-level-2'><a class=\"ez-toc-link ez-toc-heading-4\" href=\"https:\/\/neyssa-shop.com\/blog\/5-raisons-dadopter-le-khimar\/#Le_khimar_le_voile_pour_toutes_occasions\" title=\"Le khimar le voile pour toutes occasions\">Le khimar le voile pour toutes occasions<\/a><\/li><li class='ez-toc-page-1 ez-toc-heading-level-2'><a class=\"ez-toc-link ez-toc-heading-5\" href=\"https:\/\/neyssa-shop.com\/blog\/5-raisons-dadopter-le-khimar\/#Convient_au_plus_grand_nombre\" title=\"Convient au plus grand nombre\">Convient au plus grand nombre<\/a><\/li><\/ul><\/nav><\/div>\n<h2 class=\"wp-block-heading\" id=\"block-a0a2c2b1-b288-4f24-bcca-7eaa8c6a4c42\"><span class=\"ez-toc-section\" id=\"Le_khimar_est_un_voile_legifere\"><\/span>Le <a href=\"https:\/\/neyssa-shop.com\/fr\/220-khimar\">khimar est un voile l\u00e9gif\u00e9r\u00e9<\/a>:<span class=\"ez-toc-section-end\"><\/span><\/h2>\n\n\n\n<p id=\"block-301e8464-7861-49c6-a347-1d91e654880e\">Le khimar est un <strong>hijab<\/strong> totalement <strong>mastour<\/strong>, gr\u00e2ce \u00e0 son long tissu g\u00e9n\u00e9ralement opaque, il couvre enti\u00e8rement la t\u00eate et il est assez ample. Ce hijab cachera parfaitement la forme de vos cheveux et de votre cou, en choisissant le khimar vous \u00eates s\u00fbr d&rsquo;opter pour un hijab qui remplira toutes les conditions d\u2019un <strong>voile l\u00e9gif\u00e9r\u00e9<\/strong>.<\/p>\n\n\n\n<p id=\"block-6491a52f-b8bc-4613-85c0-bebc461f45ba\">\ufeff\ufeff<\/p>\n\n\n\n<h2 class=\"wp-block-heading\" id=\"block-3582dd80-d3f9-4640-934f-4b58da6192b6\"><span class=\"ez-toc-section\" id=\"Le_khimar_est_un_voile_leger_et_fluide\"><\/span>Le khimar est un voile l\u00e9ger et fluide:<span class=\"ez-toc-section-end\"><\/span><\/h2>\n\n\n\n<p id=\"block-b32ca01b-5ec1-47a4-9119-bd418fc77498\">Les khimars sont surtout reconnus pour leur l\u00e9g\u00e8ret\u00e9 et leur souplesse sans nom. Ils sont con\u00e7us avec des mati\u00e8res l\u00e9g\u00e8res pour \u00e9viter le poids sur la t\u00eate et rendre le port du voile le plus agr\u00e9able possible. Les khumurs sont habituellement confectionn\u00e9s dans des mati\u00e8res nobles et fluides comme la mousseline, la soie de M\u00e9dine ou encore le Nidah. Ces mati\u00e8res assurent un retomb\u00e9 l\u00e9ger majestueux et \u00e0 la fois \u00e9l\u00e9gant.<\/p>\n\n\n\n<p id=\"block-21ce1cd4-aecc-454b-aa03-6f8687c33612\">\ufeff<\/p>\n\n\n\n<h2 class=\"wp-block-heading\" id=\"block-2d988b80-bfc3-4afb-812a-df664f5a9ef2\"><span class=\"ez-toc-section\" id=\"Le_khimar_est_facile_a_enfiler\"><\/span>Le khimar est facile \u00e0 enfiler<span class=\"ez-toc-section-end\"><\/span><\/h2>\n\n\n\n<p id=\"block-f4416447-c1e3-4d34-8189-ad67781f20b7\">L&rsquo;un des points forts du khimar c\u2019est \u00e9videmment sa facilit\u00e9 \u00e0 s\u2019enfiler et qu\u2019il n\u2019a aucunement besoin d\u2019accessoires pour le fixer. En effet ses deux bandes \u00e0 nouer int\u00e9gr\u00e9es permettent une fixation sans \u00e9pingles ni broches \u00e0 hijab. Il ne n\u00e9cessite pas de bonnet sous hijab, on peut donc dire adieu au bonnet ou autre bandeau suppl\u00e9mentaire !<\/p>\n\n\n\n<p id=\"block-6f6c0c9d-4bca-4abe-995d-84554baf8a8e\">Le fait que ce soit un hijab enfiler \u00e0 nouer permet \u00e0 nos sista de gagner \u00e9norm\u00e9ment de temps, deux petits tours de mains et le tour est jou\u00e9. Les khimars ont la particularit\u00e9 de se nouer soit \u00e0 l\u2019int\u00e9rieur ou \u00e0 l\u2019ext\u00e9rieur, mesdames c\u2019est \u00e0 vous de choisir quelle mani\u00e8re vous plaira !<\/p>\n\n\n\n<p id=\"block-897ec0dd-ea72-4449-935c-1922b7e828c2\">\ufeff<\/p>\n\n\n\n<h2 class=\"wp-block-heading\" id=\"block-03ae6be1-94ef-403b-8e47-a90be2ab5923\"><span class=\"ez-toc-section\" id=\"Le_khimar_le_voile_pour_toutes_occasions\"><\/span>Le khimar le voile pour toutes occasions<span class=\"ez-toc-section-end\"><\/span><\/h2>\n\n\n\n<p id=\"block-fe005262-8660-4fd0-86a2-6087d33543aa\">Parfait pour toutes les occasions le khimar est un must have \u00e0 avoir dans son dressing. Il se porte ais\u00e9ment pour le quotidien comme aller faire ses courses, se balader entre amies. Selon les mat\u00e9riaux utilis\u00e9s plus classe plus soyeux vous pourrez l&rsquo;adopter pour vos plus beaux \u00e9v\u00e8nements, mariages, f\u00eate de l&rsquo;A\u00efd&#8230; Vous l&rsquo;aurez compris le khimar sera votre allier en toute circonstances.<\/p>\n\n\n\n<h2 class=\"wp-block-heading\" id=\"block-66849deb-93a6-4989-8926-f74049e117fa\"><span class=\"ez-toc-section\" id=\"Convient_au_plus_grand_nombre\"><\/span>Convient au plus grand nombre<span class=\"ez-toc-section-end\"><\/span><\/h2>\n\n\n\n<p id=\"block-1fb0bf36-6062-4db2-ba5a-d5fa3dc6e9f9\">En plus d\u2019\u00eatre pratique, gr\u00e2ce \u00e0 son bandeau \u00e0 nouer int\u00e9gr\u00e9, le khimar s\u2019adapte \u00e0 la taille de votre t\u00eate mais aussi \u00e0 la forme de votre visage. Que vous ayez une petite ou grande t\u00eate, ou encore chevelure massive ce n&rsquo;est plus un probl\u00e8me.<\/p>\n\n\n\n<p id=\"block-3e2590fa-998b-453e-b924-b4f627b6ba24\">Encore un atout non n\u00e9gligeable , le khimar convient aussi aux fillette ou adolescentes, elles n&rsquo;auront plus qu&rsquo;a emprunter ceux de oummi \ud83d\ude09<\/p>\n\n\n\n<p id=\"block-7605fd41-c351-4e89-aa18-cccd4f90c70c\">Enfin, que vous soyez c\u00e9libataire ou maman aux matins press\u00e9s, le khimar vous offrira une dans vos mouvements illimit\u00e9e gr\u00e2ce \u00e0 sa coupe large. Ultra fonctionnel, optez pour le khimar, il s\u2019accordera parfaitement \u00e0 votre train de vie !<\/p>\n\n\n\n<div class=\"wp-block-columns is-layout-flex wp-container-core-columns-is-layout-1 wp-block-columns-is-layout-flex\">\n<div class=\"wp-block-column is-layout-flow wp-block-column-is-layout-flow\">\n<figure class=\"wp-block-embed is-type-wp-embed is-provider-neyssa-le-blog wp-block-embed-neyssa-le-blog\"><div class=\"wp-block-embed__wrapper\">\n<blockquote class=\"wp-embedded-content\" data-secret=\"Uy4En1NMAD\"><a href=\"https:\/\/neyssa-shop.com\/blog\/5-astuces-pour-porter-le-khimar-avec-elegance\/\">5 Astuces pour porter le khimar avec \u00e9l\u00e9gance.<\/a><\/blockquote><iframe class=\"wp-embedded-content\" sandbox=\"allow-scripts\" security=\"restricted\" style=\"position: absolute; clip: rect(1px, 1px, 1px, 1px);\" title=\"\u00ab\u00a05 Astuces pour porter le khimar avec \u00e9l\u00e9gance.\u00a0\u00bb &#8212; Neyssa le blog\" src=\"https:\/\/neyssa-shop.com\/blog\/5-astuces-pour-porter-le-khimar-avec-elegance\/embed\/#?secret=Uy4En1NMAD\" data-secret=\"Uy4En1NMAD\" width=\"600\" height=\"338\" frameborder=\"0\" marginwidth=\"0\" marginheight=\"0\" scrolling=\"no\"><\/iframe>\n<\/div><\/figure>\n<\/div>\n\n\n\n<div class=\"wp-block-column is-layout-flow wp-block-column-is-layout-flow\">\n<figure class=\"wp-block-embed is-type-wp-embed is-provider-neyssa-le-blog wp-block-embed-neyssa-le-blog\"><div class=\"wp-block-embed__wrapper\">\n<blockquote class=\"wp-embedded-content\" data-secret=\"6fCHiAA5Kt\"><a href=\"https:\/\/neyssa-shop.com\/blog\/comment-mettre-son-khimar\/\">Comment mettre son khimar?<\/a><\/blockquote><iframe class=\"wp-embedded-content\" sandbox=\"allow-scripts\" security=\"restricted\" style=\"position: absolute; clip: rect(1px, 1px, 1px, 1px);\" title=\"\u00ab\u00a0Comment mettre son khimar?\u00a0\u00bb &#8212; Neyssa le blog\" src=\"https:\/\/neyssa-shop.com\/blog\/comment-mettre-son-khimar\/embed\/#?secret=6fCHiAA5Kt\" data-secret=\"6fCHiAA5Kt\" width=\"600\" height=\"338\" frameborder=\"0\" marginwidth=\"0\" marginheight=\"0\" scrolling=\"no\"><\/iframe>\n<\/div><\/figure>\n<\/div>\n\n\n\n<div class=\"wp-block-column is-layout-flow wp-block-column-is-layout-flow\">\n<figure class=\"wp-block-embed is-type-wp-embed is-provider-neyssa-le-blog wp-block-embed-neyssa-le-blog\"><div class=\"wp-block-embed__wrapper\">\n<blockquote class=\"wp-embedded-content\" data-secret=\"3b5rXKhobk\"><a href=\"https:\/\/neyssa-shop.com\/blog\/quelle-est-la-difference-entre-un-khimar-et-un-jilbab\/\">Quelle est la diff\u00e9rence entre un Khimar et un Jilbab ?<\/a><\/blockquote><iframe class=\"wp-embedded-content\" sandbox=\"allow-scripts\" security=\"restricted\" style=\"position: absolute; clip: rect(1px, 1px, 1px, 1px);\" title=\"\u00ab\u00a0Quelle est la diff\u00e9rence entre un Khimar et un Jilbab ?\u00a0\u00bb &#8212; Neyssa le blog\" src=\"https:\/\/neyssa-shop.com\/blog\/quelle-est-la-difference-entre-un-khimar-et-un-jilbab\/embed\/#?secret=3b5rXKhobk\" data-secret=\"3b5rXKhobk\" width=\"600\" height=\"338\" frameborder=\"0\" marginwidth=\"0\" marginheight=\"0\" scrolling=\"no\"><\/iframe>\n<\/div><\/figure>\n<\/div>\n<\/div>\n","protected":false},"excerpt":{"rendered":"<p>Tout d&rsquo;abord qu&rsquo;est ce qu&rsquo;un khimar? Le khimar est un hijab \u00e0 enfiler tendance, la longueur de ce voile est habituellement beaucoup plus longue qu\u2019un foulard classique, celui-ci s&rsquo;enfile directement autour de la t\u00eate. En outre, il couvre l&rsquo;ensemble des cheveux, de la poitrine et du cou et cache en grande partie les \u00e9paules. Le&#8230;<\/p>\n<p><a class=\"more-link\" href=\"https:\/\/neyssa-shop.com\/blog\/5-raisons-dadopter-le-khimar\/\">En <em>savoir<\/em> plus<\/a><\/p>\n","protected":false},"author":1,"featured_media":5529,"parent":0,"menu_order":0,"comment_status":"closed","ping_status":"closed","template":"","meta":{"_genesis_hide_title":false,"_genesis_hide_breadcrumbs":false,"_genesis_hide_singular_image":false,"_genesis_hide_footer_widgets":false,"_genesis_custom_body_class":"","_genesis_custom_post_class":"","_genesis_layout":"","footnotes":""},"class_list":{"0":"post-5527","1":"page","2":"type-page","3":"status-publish","4":"has-post-thumbnail","6":"entry"},"yoast_head":"<!-- This site is optimized with the Yoast SEO plugin v26.8 - https:\/\/yoast.com\/product\/yoast-seo-wordpress\/ -->\n<title>5 raisons d&#039;adopter le khimar ?<\/title>\n<meta name=\"description\" content=\"5 raisons d&#039;adopter le khimar ? Le khimar sera t-il aussi votre hijab chouchou? Neyssa vous d\u00e9voile 5 avantages \u00e0 l&#039;adopter d&#039;urgence.\" \/>\n<meta name=\"robots\" content=\"index, follow, max-snippet:-1, max-image-preview:large, max-video-preview:-1\" \/>\n<link rel=\"canonical\" href=\"https:\/\/neyssa-shop.com\/blog\/5-raisons-dadopter-le-khimar\/\" \/>\n<meta property=\"og:locale\" content=\"fr_FR\" \/>\n<meta property=\"og:type\" content=\"article\" \/>\n<meta property=\"og:title\" content=\"5 raisons d&#039;adopter le khimar ?\" \/>\n<meta property=\"og:description\" content=\"5 raisons d&#039;adopter le khimar ? Le khimar sera t-il aussi votre hijab chouchou? Neyssa vous d\u00e9voile 5 avantages \u00e0 l&#039;adopter d&#039;urgence.\" \/>\n<meta property=\"og:url\" content=\"https:\/\/neyssa-shop.com\/blog\/5-raisons-dadopter-le-khimar\/\" \/>\n<meta property=\"og:site_name\" content=\"Neyssa le blog\" \/>\n<meta property=\"article:publisher\" content=\"https:\/\/www.facebook.com\/neyssashop\/\" \/>\n<meta property=\"article:modified_time\" content=\"2022-12-21T22:43:29+00:00\" \/>\n<meta property=\"og:image\" content=\"https:\/\/neyssa-shop.com\/blog\/wp-content\/uploads\/2022\/09\/khimar_court_neyssa-2.jpg\" \/>\n\t<meta property=\"og:image:width\" content=\"1600\" \/>\n\t<meta property=\"og:image:height\" content=\"2400\" \/>\n\t<meta property=\"og:image:type\" content=\"image\/jpeg\" \/>\n<meta name=\"twitter:card\" content=\"summary_large_image\" \/>\n<meta name=\"twitter:site\" content=\"@neyssashop\" \/>\n<meta name=\"twitter:label1\" content=\"Dur\u00e9e de lecture estim\u00e9e\" \/>\n\t<meta name=\"twitter:data1\" content=\"3 minutes\" \/>\n<script type=\"application\/ld+json\" class=\"yoast-schema-graph\">{\"@context\":\"https:\/\/schema.org\",\"@graph\":[{\"@type\":\"WebPage\",\"@id\":\"https:\/\/neyssa-shop.com\/blog\/5-raisons-dadopter-le-khimar\/\",\"url\":\"https:\/\/neyssa-shop.com\/blog\/5-raisons-dadopter-le-khimar\/\",\"name\":\"5 raisons d'adopter le khimar ?\",\"isPartOf\":{\"@id\":\"https:\/\/neyssa-shop.com\/blog\/#website\"},\"primaryImageOfPage\":{\"@id\":\"https:\/\/neyssa-shop.com\/blog\/5-raisons-dadopter-le-khimar\/#primaryimage\"},\"image\":{\"@id\":\"https:\/\/neyssa-shop.com\/blog\/5-raisons-dadopter-le-khimar\/#primaryimage\"},\"thumbnailUrl\":\"https:\/\/neyssa-shop.com\/blog\/wp-content\/uploads\/2022\/09\/khimar_court_neyssa-2.jpg\",\"datePublished\":\"2022-09-23T22:25:59+00:00\",\"dateModified\":\"2022-12-21T22:43:29+00:00\",\"description\":\"5 raisons d'adopter le khimar ? Le khimar sera t-il aussi votre hijab chouchou? Neyssa vous d\u00e9voile 5 avantages \u00e0 l'adopter d'urgence.\",\"breadcrumb\":{\"@id\":\"https:\/\/neyssa-shop.com\/blog\/5-raisons-dadopter-le-khimar\/#breadcrumb\"},\"inLanguage\":\"fr-FR\",\"potentialAction\":[{\"@type\":\"ReadAction\",\"target\":[\"https:\/\/neyssa-shop.com\/blog\/5-raisons-dadopter-le-khimar\/\"]}]},{\"@type\":\"ImageObject\",\"inLanguage\":\"fr-FR\",\"@id\":\"https:\/\/neyssa-shop.com\/blog\/5-raisons-dadopter-le-khimar\/#primaryimage\",\"url\":\"https:\/\/neyssa-shop.com\/blog\/wp-content\/uploads\/2022\/09\/khimar_court_neyssa-2.jpg\",\"contentUrl\":\"https:\/\/neyssa-shop.com\/blog\/wp-content\/uploads\/2022\/09\/khimar_court_neyssa-2.jpg\",\"width\":1600,\"height\":2400},{\"@type\":\"BreadcrumbList\",\"@id\":\"https:\/\/neyssa-shop.com\/blog\/5-raisons-dadopter-le-khimar\/#breadcrumb\",\"itemListElement\":[{\"@type\":\"ListItem\",\"position\":1,\"name\":\"Accueil\",\"item\":\"https:\/\/neyssa-shop.com\/blog\/\"},{\"@type\":\"ListItem\",\"position\":2,\"name\":\"5 raisons d&rsquo;adopter le khimar ?\"}]},{\"@type\":\"WebSite\",\"@id\":\"https:\/\/neyssa-shop.com\/blog\/#website\",\"url\":\"https:\/\/neyssa-shop.com\/blog\/\",\"name\":\"Neyssa le blog\",\"description\":\"Un blog d\u00e9di\u00e9 \u00e0 la femme musulmane\",\"publisher\":{\"@id\":\"https:\/\/neyssa-shop.com\/blog\/#organization\"},\"potentialAction\":[{\"@type\":\"SearchAction\",\"target\":{\"@type\":\"EntryPoint\",\"urlTemplate\":\"https:\/\/neyssa-shop.com\/blog\/?s={search_term_string}\"},\"query-input\":{\"@type\":\"PropertyValueSpecification\",\"valueRequired\":true,\"valueName\":\"search_term_string\"}}],\"inLanguage\":\"fr-FR\"},{\"@type\":\"Organization\",\"@id\":\"https:\/\/neyssa-shop.com\/blog\/#organization\",\"name\":\"Neyssa Shop\",\"url\":\"https:\/\/neyssa-shop.com\/blog\/\",\"logo\":{\"@type\":\"ImageObject\",\"inLanguage\":\"fr-FR\",\"@id\":\"https:\/\/neyssa-shop.com\/blog\/#\/schema\/logo\/image\/\",\"url\":\"https:\/\/neyssa-shop.com\/blog\/wp-content\/uploads\/2021\/03\/neyssa-boutique-logo-1610747292.jpg\",\"contentUrl\":\"https:\/\/neyssa-shop.com\/blog\/wp-content\/uploads\/2021\/03\/neyssa-boutique-logo-1610747292.jpg\",\"width\":271,\"height\":70,\"caption\":\"Neyssa Shop\"},\"image\":{\"@id\":\"https:\/\/neyssa-shop.com\/blog\/#\/schema\/logo\/image\/\"},\"sameAs\":[\"https:\/\/www.facebook.com\/neyssashop\/\",\"https:\/\/x.com\/neyssashop\",\"https:\/\/www.instagram.com\/neyssa_shop\/\",\"https:\/\/www.pinterest.fr\/neyssa_shop\/_created\/\",\"https:\/\/www.youtube.com\/channel\/UCkQ9s8jXTLi2yVzyeugVAMg\"]}]}<\/script>\n<!-- \/ Yoast SEO plugin. -->","yoast_head_json":{"title":"5 raisons d'adopter le khimar ?","description":"5 raisons d'adopter le khimar ? Le khimar sera t-il aussi votre hijab chouchou? Neyssa vous d\u00e9voile 5 avantages \u00e0 l'adopter d'urgence.","robots":{"index":"index","follow":"follow","max-snippet":"max-snippet:-1","max-image-preview":"max-image-preview:large","max-video-preview":"max-video-preview:-1"},"canonical":"https:\/\/neyssa-shop.com\/blog\/5-raisons-dadopter-le-khimar\/","og_locale":"fr_FR","og_type":"article","og_title":"5 raisons d'adopter le khimar ?","og_description":"5 raisons d'adopter le khimar ? Le khimar sera t-il aussi votre hijab chouchou? Neyssa vous d\u00e9voile 5 avantages \u00e0 l'adopter d'urgence.","og_url":"https:\/\/neyssa-shop.com\/blog\/5-raisons-dadopter-le-khimar\/","og_site_name":"Neyssa le blog","article_publisher":"https:\/\/www.facebook.com\/neyssashop\/","article_modified_time":"2022-12-21T22:43:29+00:00","og_image":[{"width":1600,"height":2400,"url":"https:\/\/neyssa-shop.com\/blog\/wp-content\/uploads\/2022\/09\/khimar_court_neyssa-2.jpg","type":"image\/jpeg"}],"twitter_card":"summary_large_image","twitter_site":"@neyssashop","twitter_misc":{"Dur\u00e9e de lecture estim\u00e9e":"3 minutes"},"schema":{"@context":"https:\/\/schema.org","@graph":[{"@type":"WebPage","@id":"https:\/\/neyssa-shop.com\/blog\/5-raisons-dadopter-le-khimar\/","url":"https:\/\/neyssa-shop.com\/blog\/5-raisons-dadopter-le-khimar\/","name":"5 raisons d'adopter le khimar ?","isPartOf":{"@id":"https:\/\/neyssa-shop.com\/blog\/#website"},"primaryImageOfPage":{"@id":"https:\/\/neyssa-shop.com\/blog\/5-raisons-dadopter-le-khimar\/#primaryimage"},"image":{"@id":"https:\/\/neyssa-shop.com\/blog\/5-raisons-dadopter-le-khimar\/#primaryimage"},"thumbnailUrl":"https:\/\/neyssa-shop.com\/blog\/wp-content\/uploads\/2022\/09\/khimar_court_neyssa-2.jpg","datePublished":"2022-09-23T22:25:59+00:00","dateModified":"2022-12-21T22:43:29+00:00","description":"5 raisons d'adopter le khimar ? Le khimar sera t-il aussi votre hijab chouchou? Neyssa vous d\u00e9voile 5 avantages \u00e0 l'adopter d'urgence.","breadcrumb":{"@id":"https:\/\/neyssa-shop.com\/blog\/5-raisons-dadopter-le-khimar\/#breadcrumb"},"inLanguage":"fr-FR","potentialAction":[{"@type":"ReadAction","target":["https:\/\/neyssa-shop.com\/blog\/5-raisons-dadopter-le-khimar\/"]}]},{"@type":"ImageObject","inLanguage":"fr-FR","@id":"https:\/\/neyssa-shop.com\/blog\/5-raisons-dadopter-le-khimar\/#primaryimage","url":"https:\/\/neyssa-shop.com\/blog\/wp-content\/uploads\/2022\/09\/khimar_court_neyssa-2.jpg","contentUrl":"https:\/\/neyssa-shop.com\/blog\/wp-content\/uploads\/2022\/09\/khimar_court_neyssa-2.jpg","width":1600,"height":2400},{"@type":"BreadcrumbList","@id":"https:\/\/neyssa-shop.com\/blog\/5-raisons-dadopter-le-khimar\/#breadcrumb","itemListElement":[{"@type":"ListItem","position":1,"name":"Accueil","item":"https:\/\/neyssa-shop.com\/blog\/"},{"@type":"ListItem","position":2,"name":"5 raisons d&rsquo;adopter le khimar ?"}]},{"@type":"WebSite","@id":"https:\/\/neyssa-shop.com\/blog\/#website","url":"https:\/\/neyssa-shop.com\/blog\/","name":"Neyssa le blog","description":"Un blog d\u00e9di\u00e9 \u00e0 la femme musulmane","publisher":{"@id":"https:\/\/neyssa-shop.com\/blog\/#organization"},"potentialAction":[{"@type":"SearchAction","target":{"@type":"EntryPoint","urlTemplate":"https:\/\/neyssa-shop.com\/blog\/?s={search_term_string}"},"query-input":{"@type":"PropertyValueSpecification","valueRequired":true,"valueName":"search_term_string"}}],"inLanguage":"fr-FR"},{"@type":"Organization","@id":"https:\/\/neyssa-shop.com\/blog\/#organization","name":"Neyssa Shop","url":"https:\/\/neyssa-shop.com\/blog\/","logo":{"@type":"ImageObject","inLanguage":"fr-FR","@id":"https:\/\/neyssa-shop.com\/blog\/#\/schema\/logo\/image\/","url":"https:\/\/neyssa-shop.com\/blog\/wp-content\/uploads\/2021\/03\/neyssa-boutique-logo-1610747292.jpg","contentUrl":"https:\/\/neyssa-shop.com\/blog\/wp-content\/uploads\/2021\/03\/neyssa-boutique-logo-1610747292.jpg","width":271,"height":70,"caption":"Neyssa Shop"},"image":{"@id":"https:\/\/neyssa-shop.com\/blog\/#\/schema\/logo\/image\/"},"sameAs":["https:\/\/www.facebook.com\/neyssashop\/","https:\/\/x.com\/neyssashop","https:\/\/www.instagram.com\/neyssa_shop\/","https:\/\/www.pinterest.fr\/neyssa_shop\/_created\/","https:\/\/www.youtube.com\/channel\/UCkQ9s8jXTLi2yVzyeugVAMg"]}]}},"_links":{"self":[{"href":"https:\/\/neyssa-shop.com\/blog\/wp-json\/wp\/v2\/pages\/5527","targetHints":{"allow":["GET"]}}],"collection":[{"href":"https:\/\/neyssa-shop.com\/blog\/wp-json\/wp\/v2\/pages"}],"about":[{"href":"https:\/\/neyssa-shop.com\/blog\/wp-json\/wp\/v2\/types\/page"}],"author":[{"embeddable":true,"href":"https:\/\/neyssa-shop.com\/blog\/wp-json\/wp\/v2\/users\/1"}],"replies":[{"embeddable":true,"href":"https:\/\/neyssa-shop.com\/blog\/wp-json\/wp\/v2\/comments?post=5527"}],"version-history":[{"count":3,"href":"https:\/\/neyssa-shop.com\/blog\/wp-json\/wp\/v2\/pages\/5527\/revisions"}],"predecessor-version":[{"id":6030,"href":"https:\/\/neyssa-shop.com\/blog\/wp-json\/wp\/v2\/pages\/5527\/revisions\/6030"}],"wp:featuredmedia":[{"embeddable":true,"href":"https:\/\/neyssa-shop.com\/blog\/wp-json\/wp\/v2\/media\/5529"}],"wp:attachment":[{"href":"https:\/\/neyssa-shop.com\/blog\/wp-json\/wp\/v2\/media?parent=5527"}],"curies":[{"name":"wp","href":"https:\/\/api.w.org\/{rel}","templated":true}]}}