{"id":5516,"date":"2022-09-22T23:26:30","date_gmt":"2022-09-22T21:26:30","guid":{"rendered":"https:\/\/neyssa-shop.com\/blog\/?page_id=5516"},"modified":"2022-09-22T23:26:30","modified_gmt":"2022-09-22T21:26:30","slug":"limportance-de-la-sourat-al-mulk","status":"publish","type":"page","link":"https:\/\/neyssa-shop.com\/blog\/limportance-de-la-sourat-al-mulk\/","title":{"rendered":"L&rsquo;importance de la sourat al Mulk"},"content":{"rendered":"\n<figure class=\"wp-block-image size-large is-style-rounded\"><img fetchpriority=\"high\" decoding=\"async\" width=\"1024\" height=\"683\" src=\"https:\/\/neyssa-shop.com\/blog\/wp-content\/uploads\/2022\/09\/priere_de_consultation-2-1024x683.jpg\" alt=\"\" class=\"wp-image-5518\" srcset=\"https:\/\/neyssa-shop.com\/blog\/wp-content\/uploads\/2022\/09\/priere_de_consultation-2-1024x683.jpg 1024w, https:\/\/neyssa-shop.com\/blog\/wp-content\/uploads\/2022\/09\/priere_de_consultation-2-300x200.jpg 300w, https:\/\/neyssa-shop.com\/blog\/wp-content\/uploads\/2022\/09\/priere_de_consultation-2-768x512.jpg 768w, https:\/\/neyssa-shop.com\/blog\/wp-content\/uploads\/2022\/09\/priere_de_consultation-2-1536x1024.jpg 1536w, https:\/\/neyssa-shop.com\/blog\/wp-content\/uploads\/2022\/09\/priere_de_consultation-2-750x500.jpg 750w, https:\/\/neyssa-shop.com\/blog\/wp-content\/uploads\/2022\/09\/priere_de_consultation-2.jpg 1600w\" sizes=\"(max-width: 1024px) 100vw, 1024px\" \/><\/figure>\n\n\n\n<h1 class=\"wp-block-heading\">Sourate Al Mulk&nbsp;: r\u00e9v\u00e9lation et bienfaits de la sourate<\/h1>\n\n\n\n<p><strong>Sourate Al Mulk<\/strong> connue \u00e9galement sous le titre du royaume, est la <strong>67<sup>e<\/sup> sourate du Coran<\/strong>. R\u00e9v\u00e9l\u00e9e \u00e0 la Mecque, cette sourate est compos\u00e9e de 30 versets. Tout comme la sourate Salvatrice \u00ab\u00a0Al Munajiyat\u00a0\u00bb ou encore la Pr\u00e9servatrice \u00ab\u00a0Al waqiyat\u00a0\u00bb, Al Mulk est connue pour \u00eatre la sourate qui prot\u00e8ge celui qui la lit du ch\u00e2timent de la tombe. <\/p>\n\n\n\n<p> -Elle \u00e9voque le pouvoir admirable de Dieu per\u00e7u \u00e0 travers sa parfaite cr\u00e9ation des \u00eatres et de l\u2019univers, afin que les Hommes aient foi en lui, l\u2019adorent et lui \u00e9prouve un total d\u00e9vouement. <\/p>\n\n\n\n<p>-Elle aborde le jour du Jugement, en d\u00e9crivant l\u2019\u00e9tat des m\u00e9cr\u00e9ants face \u00e0 la punition de Dieu.<\/p>\n\n\n\n<p><\/p>\n\n\n\n<h2 class=\"wp-block-heading\"><strong>Les bienfaits de lire sourate la Royaut\u00e9<\/strong><\/h2>\n\n\n\n<p>Selon des hadiths authentiques du Proph\u00e8te (Que Dieu lui accorde Sa gr\u00e2ce et Sa paix), sourate Al Mulk fait partie des sourates les plus importantes du Coran de par la profondeur de leur sens et leur grande moralit\u00e9. En effet, selon Abou Dawoud et At-Tirmidhi, Abou Hourayrah avait rapport\u00e9 un hadith du Proph\u00e8te (Que Dieu lui accorde Sa gr\u00e2ce et Sa paix) \u00ab Une des sourates du Coran, comportant trente versets, peut interc\u00e9der en faveur d\u2019un homme en lui pardonnant tous ses p\u00e9ch\u00e9s. La sourate en question est celle qui commence par : b\u00e9ni est Celui qui tient la Royaut\u00e9 en Sa main \u00bb. <\/p>\n\n\n\n<p>Il a \u00e9t\u00e9 rapport\u00e9 sur Abdallah Ibn Massoud \u00ab\u00a0Quiconque r\u00e9cite Sourate \u00ab al-Mulk \u00bb chaque nuit, All\u00e2h le pr\u00e9servera du supplice de la tombe. Du temps du Messager d\u2019Allah (Que Dieu lui accorde Sa gr\u00e2ce et Sa paix), nous l\u2019appelions \u00ab al-M\u00e2ni\u2019ah \u00bb. Elle est en fait, une Sourate du Coran dont\u00a0la r\u00e9citation chaque soir, est source d\u2019une bonne et grande r\u00e9tribution \u00bb.<\/p>\n\n\n\n<p>Les bienfaits de la sourate sont confirm\u00e9s par les hadiths du Proph\u00e8te (Que Dieu lui accorde Sa gr\u00e2ce et Sa paix) \u00ab&nbsp;\u00d4 Ali ! R\u00e9cite les sourates Al Mulk (la royaut\u00e9) et Assajda (la prosternation), elles te mettront \u00e0 l\u2019abri des tourments et des horreurs du Jour de la R\u00e9surrection&nbsp;\u00bb, \u00ab \u00d4 Ali ! R\u00e9cite sourate Al Mulk (la royaut\u00e9) au moment de dormir, elle t\u2019\u00e9pargnera le ch\u00e2timent de la tombe et l\u2019interrogatoire de&nbsp;Munkir et Nakir les plus redoutables des anges \u00bb.<\/p>\n\n\n\n<p>Parmi les sourates salvatrices que le Proph\u00e8te (Que Dieu lui accorde Sa gr\u00e2ce et Sa paix) nous a recommand\u00e9 de lire, on retrouve sourate As Sajdah (la prosternation), sourate Yasin, sourate Al Dukhan (la fum\u00e9e), sourate al Waqia (l\u2019in\u00e9luctable), sourate al Mulk (La royaut\u00e9), sourate Al Insan (l\u2019homme) et sourate Al-Bur\u00fbj (les constellations).<\/p>\n\n\n\n<p> Ces sourates d\u00e9tiennent un effet protecteur comme l\u2019indique le hadith authentique du Proph\u00e8te (Que Dieu lui accorde Sa gr\u00e2ce et Sa paix) \u00ab\u00a0Quiconque r\u00e9cite sourates Yasin et Al Mulk le matin et sourate Al Waqi\u2019a le soir, Dieu lui accordera prosp\u00e9rit\u00e9 et aisance\u00a0\u00bb.<\/p>\n\n\n\n<div class=\"wp-block-columns is-layout-flex wp-container-core-columns-is-layout-1 wp-block-columns-is-layout-flex\">\n<div class=\"wp-block-column is-layout-flow wp-block-column-is-layout-flow\" style=\"flex-basis:25%\">\n<figure class=\"wp-block-embed is-type-wp-embed is-provider-neyssa-le-blog wp-block-embed-neyssa-le-blog\"><div class=\"wp-block-embed__wrapper\">\n<blockquote class=\"wp-embedded-content\" data-secret=\"jMiQeH1lVp\"><a href=\"https:\/\/neyssa-shop.com\/blog\/la-robe-de-priere-de-chez-neyssa-shop-la-robe-avec-hijab-integre\/\">La robe de pri\u00e8re Neyssa : la robe avec hijab int\u00e9gr\u00e9 \u00e0 emporter partout avec soi.<\/a><\/blockquote><iframe class=\"wp-embedded-content\" sandbox=\"allow-scripts\" security=\"restricted\" style=\"position: absolute; clip: rect(1px, 1px, 1px, 1px);\" title=\"\u00ab\u00a0La robe de pri\u00e8re Neyssa : la robe avec hijab int\u00e9gr\u00e9 \u00e0 emporter partout avec soi.\u00a0\u00bb &#8212; Neyssa le blog\" src=\"https:\/\/neyssa-shop.com\/blog\/la-robe-de-priere-de-chez-neyssa-shop-la-robe-avec-hijab-integre\/embed\/#?secret=jMiQeH1lVp\" data-secret=\"jMiQeH1lVp\" width=\"600\" height=\"338\" frameborder=\"0\" marginwidth=\"0\" marginheight=\"0\" scrolling=\"no\"><\/iframe>\n<\/div><\/figure>\n<\/div>\n\n\n\n<div class=\"wp-block-column is-layout-flow wp-block-column-is-layout-flow\" style=\"flex-basis:50%\">\n<figure class=\"wp-block-embed is-type-wp-embed is-provider-neyssa-le-blog wp-block-embed-neyssa-le-blog\"><div class=\"wp-block-embed__wrapper\">\n<blockquote class=\"wp-embedded-content\" data-secret=\"VoFELVAGNS\"><a href=\"https:\/\/neyssa-shop.com\/blog\/quelles-sont-les-prieres-obligatoires-en-islam\/\">Quelles sont les pri\u00e8res obligatoires en Islam ?<\/a><\/blockquote><iframe class=\"wp-embedded-content\" sandbox=\"allow-scripts\" security=\"restricted\" style=\"position: absolute; clip: rect(1px, 1px, 1px, 1px);\" title=\"\u00ab\u00a0Quelles sont les pri\u00e8res obligatoires en Islam ?\u00a0\u00bb &#8212; Neyssa le blog\" src=\"https:\/\/neyssa-shop.com\/blog\/quelles-sont-les-prieres-obligatoires-en-islam\/embed\/#?secret=VoFELVAGNS\" data-secret=\"VoFELVAGNS\" width=\"600\" height=\"338\" frameborder=\"0\" marginwidth=\"0\" marginheight=\"0\" scrolling=\"no\"><\/iframe>\n<\/div><\/figure>\n<\/div>\n\n\n\n<div class=\"wp-block-column is-layout-flow wp-block-column-is-layout-flow\" style=\"flex-basis:25%\">\n<figure class=\"wp-block-embed is-type-wp-embed is-provider-neyssa-le-blog wp-block-embed-neyssa-le-blog\"><div class=\"wp-block-embed__wrapper\">\n<blockquote class=\"wp-embedded-content\" data-secret=\"wQ1W8vxm6J\"><a href=\"https:\/\/neyssa-shop.com\/blog\/comment-apprendre-lislam-a-ses-enfants\/\">Comment apprendre l&rsquo;islam \u00e0 ses enfants ?<\/a><\/blockquote><iframe class=\"wp-embedded-content\" sandbox=\"allow-scripts\" security=\"restricted\" style=\"position: absolute; clip: rect(1px, 1px, 1px, 1px);\" title=\"\u00ab\u00a0Comment apprendre l&rsquo;islam \u00e0 ses enfants ?\u00a0\u00bb &#8212; Neyssa le blog\" src=\"https:\/\/neyssa-shop.com\/blog\/comment-apprendre-lislam-a-ses-enfants\/embed\/#?secret=wQ1W8vxm6J\" data-secret=\"wQ1W8vxm6J\" width=\"600\" height=\"338\" frameborder=\"0\" marginwidth=\"0\" marginheight=\"0\" scrolling=\"no\"><\/iframe>\n<\/div><\/figure>\n<\/div>\n<\/div>\n","protected":false},"excerpt":{"rendered":"<p>Sourate Al Mulk&nbsp;: r\u00e9v\u00e9lation et bienfaits de la sourate Sourate Al Mulk connue \u00e9galement sous le titre du royaume, est la 67e sourate du Coran. R\u00e9v\u00e9l\u00e9e \u00e0 la Mecque, cette sourate est compos\u00e9e de 30 versets. Tout comme la sourate Salvatrice \u00ab\u00a0Al Munajiyat\u00a0\u00bb ou encore la Pr\u00e9servatrice \u00ab\u00a0Al waqiyat\u00a0\u00bb, Al Mulk est connue pour \u00eatre&#8230;<\/p>\n<p><a class=\"more-link\" href=\"https:\/\/neyssa-shop.com\/blog\/limportance-de-la-sourat-al-mulk\/\">En <em>savoir<\/em> plus<\/a><\/p>\n","protected":false},"author":1,"featured_media":5346,"parent":0,"menu_order":0,"comment_status":"closed","ping_status":"closed","template":"","meta":{"_genesis_hide_title":false,"_genesis_hide_breadcrumbs":false,"_genesis_hide_singular_image":false,"_genesis_hide_footer_widgets":false,"_genesis_custom_body_class":"","_genesis_custom_post_class":"","_genesis_layout":"","footnotes":""},"class_list":{"0":"post-5516","1":"page","2":"type-page","3":"status-publish","4":"has-post-thumbnail","6":"entry"},"yoast_head":"<!-- This site is optimized with the Yoast SEO plugin v26.8 - https:\/\/yoast.com\/product\/yoast-seo-wordpress\/ -->\n<title>L&#039;importance de la sourat al Mulk<\/title>\n<meta name=\"description\" content=\"L&#039;importance de la sourat al Mulk, voyons ensemble pourquoi cette sourate est si importante \u00e0 lire et \u00e0 apprendre.\" \/>\n<meta name=\"robots\" content=\"index, follow, max-snippet:-1, max-image-preview:large, max-video-preview:-1\" \/>\n<link rel=\"canonical\" href=\"https:\/\/neyssa-shop.com\/blog\/limportance-de-la-sourat-al-mulk\/\" \/>\n<meta property=\"og:locale\" content=\"fr_FR\" \/>\n<meta property=\"og:type\" content=\"article\" \/>\n<meta property=\"og:title\" content=\"L&#039;importance de la sourat al Mulk\" \/>\n<meta property=\"og:description\" content=\"L&#039;importance de la sourat al Mulk, voyons ensemble pourquoi cette sourate est si importante \u00e0 lire et \u00e0 apprendre.\" \/>\n<meta property=\"og:url\" content=\"https:\/\/neyssa-shop.com\/blog\/limportance-de-la-sourat-al-mulk\/\" \/>\n<meta property=\"og:site_name\" content=\"Neyssa le blog\" \/>\n<meta property=\"article:publisher\" content=\"https:\/\/www.facebook.com\/neyssashop\/\" \/>\n<meta property=\"og:image\" content=\"https:\/\/neyssa-shop.com\/blog\/wp-content\/uploads\/2022\/09\/priere_de_consultation-1.jpg\" \/>\n\t<meta property=\"og:image:width\" content=\"1600\" \/>\n\t<meta property=\"og:image:height\" content=\"1067\" \/>\n\t<meta property=\"og:image:type\" content=\"image\/jpeg\" \/>\n<meta name=\"twitter:card\" content=\"summary_large_image\" \/>\n<meta name=\"twitter:site\" content=\"@neyssashop\" \/>\n<meta name=\"twitter:label1\" content=\"Dur\u00e9e de lecture estim\u00e9e\" \/>\n\t<meta name=\"twitter:data1\" content=\"3 minutes\" \/>\n<script type=\"application\/ld+json\" class=\"yoast-schema-graph\">{\"@context\":\"https:\/\/schema.org\",\"@graph\":[{\"@type\":\"WebPage\",\"@id\":\"https:\/\/neyssa-shop.com\/blog\/limportance-de-la-sourat-al-mulk\/\",\"url\":\"https:\/\/neyssa-shop.com\/blog\/limportance-de-la-sourat-al-mulk\/\",\"name\":\"L'importance de la sourat al Mulk\",\"isPartOf\":{\"@id\":\"https:\/\/neyssa-shop.com\/blog\/#website\"},\"primaryImageOfPage\":{\"@id\":\"https:\/\/neyssa-shop.com\/blog\/limportance-de-la-sourat-al-mulk\/#primaryimage\"},\"image\":{\"@id\":\"https:\/\/neyssa-shop.com\/blog\/limportance-de-la-sourat-al-mulk\/#primaryimage\"},\"thumbnailUrl\":\"https:\/\/neyssa-shop.com\/blog\/wp-content\/uploads\/2022\/09\/priere_de_consultation-1.jpg\",\"datePublished\":\"2022-09-22T21:26:30+00:00\",\"description\":\"L'importance de la sourat al Mulk, voyons ensemble pourquoi cette sourate est si importante \u00e0 lire et \u00e0 apprendre.\",\"breadcrumb\":{\"@id\":\"https:\/\/neyssa-shop.com\/blog\/limportance-de-la-sourat-al-mulk\/#breadcrumb\"},\"inLanguage\":\"fr-FR\",\"potentialAction\":[{\"@type\":\"ReadAction\",\"target\":[\"https:\/\/neyssa-shop.com\/blog\/limportance-de-la-sourat-al-mulk\/\"]}]},{\"@type\":\"ImageObject\",\"inLanguage\":\"fr-FR\",\"@id\":\"https:\/\/neyssa-shop.com\/blog\/limportance-de-la-sourat-al-mulk\/#primaryimage\",\"url\":\"https:\/\/neyssa-shop.com\/blog\/wp-content\/uploads\/2022\/09\/priere_de_consultation-1.jpg\",\"contentUrl\":\"https:\/\/neyssa-shop.com\/blog\/wp-content\/uploads\/2022\/09\/priere_de_consultation-1.jpg\",\"width\":1600,\"height\":1067},{\"@type\":\"BreadcrumbList\",\"@id\":\"https:\/\/neyssa-shop.com\/blog\/limportance-de-la-sourat-al-mulk\/#breadcrumb\",\"itemListElement\":[{\"@type\":\"ListItem\",\"position\":1,\"name\":\"Accueil\",\"item\":\"https:\/\/neyssa-shop.com\/blog\/\"},{\"@type\":\"ListItem\",\"position\":2,\"name\":\"L&rsquo;importance de la sourat al Mulk\"}]},{\"@type\":\"WebSite\",\"@id\":\"https:\/\/neyssa-shop.com\/blog\/#website\",\"url\":\"https:\/\/neyssa-shop.com\/blog\/\",\"name\":\"Neyssa le blog\",\"description\":\"Un blog d\u00e9di\u00e9 \u00e0 la femme musulmane\",\"publisher\":{\"@id\":\"https:\/\/neyssa-shop.com\/blog\/#organization\"},\"potentialAction\":[{\"@type\":\"SearchAction\",\"target\":{\"@type\":\"EntryPoint\",\"urlTemplate\":\"https:\/\/neyssa-shop.com\/blog\/?s={search_term_string}\"},\"query-input\":{\"@type\":\"PropertyValueSpecification\",\"valueRequired\":true,\"valueName\":\"search_term_string\"}}],\"inLanguage\":\"fr-FR\"},{\"@type\":\"Organization\",\"@id\":\"https:\/\/neyssa-shop.com\/blog\/#organization\",\"name\":\"Neyssa Shop\",\"url\":\"https:\/\/neyssa-shop.com\/blog\/\",\"logo\":{\"@type\":\"ImageObject\",\"inLanguage\":\"fr-FR\",\"@id\":\"https:\/\/neyssa-shop.com\/blog\/#\/schema\/logo\/image\/\",\"url\":\"https:\/\/neyssa-shop.com\/blog\/wp-content\/uploads\/2021\/03\/neyssa-boutique-logo-1610747292.jpg\",\"contentUrl\":\"https:\/\/neyssa-shop.com\/blog\/wp-content\/uploads\/2021\/03\/neyssa-boutique-logo-1610747292.jpg\",\"width\":271,\"height\":70,\"caption\":\"Neyssa Shop\"},\"image\":{\"@id\":\"https:\/\/neyssa-shop.com\/blog\/#\/schema\/logo\/image\/\"},\"sameAs\":[\"https:\/\/www.facebook.com\/neyssashop\/\",\"https:\/\/x.com\/neyssashop\",\"https:\/\/www.instagram.com\/neyssa_shop\/\",\"https:\/\/www.pinterest.fr\/neyssa_shop\/_created\/\",\"https:\/\/www.youtube.com\/channel\/UCkQ9s8jXTLi2yVzyeugVAMg\"]}]}<\/script>\n<!-- \/ Yoast SEO plugin. -->","yoast_head_json":{"title":"L'importance de la sourat al Mulk","description":"L'importance de la sourat al Mulk, voyons ensemble pourquoi cette sourate est si importante \u00e0 lire et \u00e0 apprendre.","robots":{"index":"index","follow":"follow","max-snippet":"max-snippet:-1","max-image-preview":"max-image-preview:large","max-video-preview":"max-video-preview:-1"},"canonical":"https:\/\/neyssa-shop.com\/blog\/limportance-de-la-sourat-al-mulk\/","og_locale":"fr_FR","og_type":"article","og_title":"L'importance de la sourat al Mulk","og_description":"L'importance de la sourat al Mulk, voyons ensemble pourquoi cette sourate est si importante \u00e0 lire et \u00e0 apprendre.","og_url":"https:\/\/neyssa-shop.com\/blog\/limportance-de-la-sourat-al-mulk\/","og_site_name":"Neyssa le blog","article_publisher":"https:\/\/www.facebook.com\/neyssashop\/","og_image":[{"width":1600,"height":1067,"url":"https:\/\/neyssa-shop.com\/blog\/wp-content\/uploads\/2022\/09\/priere_de_consultation-1.jpg","type":"image\/jpeg"}],"twitter_card":"summary_large_image","twitter_site":"@neyssashop","twitter_misc":{"Dur\u00e9e de lecture estim\u00e9e":"3 minutes"},"schema":{"@context":"https:\/\/schema.org","@graph":[{"@type":"WebPage","@id":"https:\/\/neyssa-shop.com\/blog\/limportance-de-la-sourat-al-mulk\/","url":"https:\/\/neyssa-shop.com\/blog\/limportance-de-la-sourat-al-mulk\/","name":"L'importance de la sourat al Mulk","isPartOf":{"@id":"https:\/\/neyssa-shop.com\/blog\/#website"},"primaryImageOfPage":{"@id":"https:\/\/neyssa-shop.com\/blog\/limportance-de-la-sourat-al-mulk\/#primaryimage"},"image":{"@id":"https:\/\/neyssa-shop.com\/blog\/limportance-de-la-sourat-al-mulk\/#primaryimage"},"thumbnailUrl":"https:\/\/neyssa-shop.com\/blog\/wp-content\/uploads\/2022\/09\/priere_de_consultation-1.jpg","datePublished":"2022-09-22T21:26:30+00:00","description":"L'importance de la sourat al Mulk, voyons ensemble pourquoi cette sourate est si importante \u00e0 lire et \u00e0 apprendre.","breadcrumb":{"@id":"https:\/\/neyssa-shop.com\/blog\/limportance-de-la-sourat-al-mulk\/#breadcrumb"},"inLanguage":"fr-FR","potentialAction":[{"@type":"ReadAction","target":["https:\/\/neyssa-shop.com\/blog\/limportance-de-la-sourat-al-mulk\/"]}]},{"@type":"ImageObject","inLanguage":"fr-FR","@id":"https:\/\/neyssa-shop.com\/blog\/limportance-de-la-sourat-al-mulk\/#primaryimage","url":"https:\/\/neyssa-shop.com\/blog\/wp-content\/uploads\/2022\/09\/priere_de_consultation-1.jpg","contentUrl":"https:\/\/neyssa-shop.com\/blog\/wp-content\/uploads\/2022\/09\/priere_de_consultation-1.jpg","width":1600,"height":1067},{"@type":"BreadcrumbList","@id":"https:\/\/neyssa-shop.com\/blog\/limportance-de-la-sourat-al-mulk\/#breadcrumb","itemListElement":[{"@type":"ListItem","position":1,"name":"Accueil","item":"https:\/\/neyssa-shop.com\/blog\/"},{"@type":"ListItem","position":2,"name":"L&rsquo;importance de la sourat al Mulk"}]},{"@type":"WebSite","@id":"https:\/\/neyssa-shop.com\/blog\/#website","url":"https:\/\/neyssa-shop.com\/blog\/","name":"Neyssa le blog","description":"Un blog d\u00e9di\u00e9 \u00e0 la femme musulmane","publisher":{"@id":"https:\/\/neyssa-shop.com\/blog\/#organization"},"potentialAction":[{"@type":"SearchAction","target":{"@type":"EntryPoint","urlTemplate":"https:\/\/neyssa-shop.com\/blog\/?s={search_term_string}"},"query-input":{"@type":"PropertyValueSpecification","valueRequired":true,"valueName":"search_term_string"}}],"inLanguage":"fr-FR"},{"@type":"Organization","@id":"https:\/\/neyssa-shop.com\/blog\/#organization","name":"Neyssa Shop","url":"https:\/\/neyssa-shop.com\/blog\/","logo":{"@type":"ImageObject","inLanguage":"fr-FR","@id":"https:\/\/neyssa-shop.com\/blog\/#\/schema\/logo\/image\/","url":"https:\/\/neyssa-shop.com\/blog\/wp-content\/uploads\/2021\/03\/neyssa-boutique-logo-1610747292.jpg","contentUrl":"https:\/\/neyssa-shop.com\/blog\/wp-content\/uploads\/2021\/03\/neyssa-boutique-logo-1610747292.jpg","width":271,"height":70,"caption":"Neyssa Shop"},"image":{"@id":"https:\/\/neyssa-shop.com\/blog\/#\/schema\/logo\/image\/"},"sameAs":["https:\/\/www.facebook.com\/neyssashop\/","https:\/\/x.com\/neyssashop","https:\/\/www.instagram.com\/neyssa_shop\/","https:\/\/www.pinterest.fr\/neyssa_shop\/_created\/","https:\/\/www.youtube.com\/channel\/UCkQ9s8jXTLi2yVzyeugVAMg"]}]}},"_links":{"self":[{"href":"https:\/\/neyssa-shop.com\/blog\/wp-json\/wp\/v2\/pages\/5516","targetHints":{"allow":["GET"]}}],"collection":[{"href":"https:\/\/neyssa-shop.com\/blog\/wp-json\/wp\/v2\/pages"}],"about":[{"href":"https:\/\/neyssa-shop.com\/blog\/wp-json\/wp\/v2\/types\/page"}],"author":[{"embeddable":true,"href":"https:\/\/neyssa-shop.com\/blog\/wp-json\/wp\/v2\/users\/1"}],"replies":[{"embeddable":true,"href":"https:\/\/neyssa-shop.com\/blog\/wp-json\/wp\/v2\/comments?post=5516"}],"version-history":[{"count":2,"href":"https:\/\/neyssa-shop.com\/blog\/wp-json\/wp\/v2\/pages\/5516\/revisions"}],"predecessor-version":[{"id":5520,"href":"https:\/\/neyssa-shop.com\/blog\/wp-json\/wp\/v2\/pages\/5516\/revisions\/5520"}],"wp:featuredmedia":[{"embeddable":true,"href":"https:\/\/neyssa-shop.com\/blog\/wp-json\/wp\/v2\/media\/5346"}],"wp:attachment":[{"href":"https:\/\/neyssa-shop.com\/blog\/wp-json\/wp\/v2\/media?parent=5516"}],"curies":[{"name":"wp","href":"https:\/\/api.w.org\/{rel}","templated":true}]}}