{"id":5445,"date":"2022-09-21T20:52:38","date_gmt":"2022-09-21T18:52:38","guid":{"rendered":"https:\/\/neyssa-shop.com\/blog\/?page_id=5445"},"modified":"2023-07-05T02:36:48","modified_gmt":"2023-07-05T00:36:48","slug":"5-astuces-pour-porter-le-khimar-avec-elegance","status":"publish","type":"page","link":"https:\/\/neyssa-shop.com\/blog\/5-astuces-pour-porter-le-khimar-avec-elegance\/","title":{"rendered":"5 Astuces pour porter le khimar avec \u00e9l\u00e9gance."},"content":{"rendered":"\n<p>Le <a href=\"https:\/\/neyssa-shop.com\/blog\/quest-ce-que-le-khimar\/\">khimar<\/a> est l&rsquo;un des hijab le plus appr\u00e9ci\u00e9s actuellement. Parfait pour les femmes musulmanes actives. Il fait partie derni\u00e8res tendances en mati\u00e8re de mode. Comment allier mastour et classe? Voici plusieurs conseils qui vous permettrons de porter le khimar avec pudeur et \u00e9l\u00e9gance.<\/p>\n\n\n\n<div id=\"ez-toc-container\" class=\"ez-toc-v2_0_72 counter-hierarchy ez-toc-counter ez-toc-grey ez-toc-container-direction\">\n<label for=\"ez-toc-cssicon-toggle-item-69d10c4029484\" class=\"ez-toc-cssicon-toggle-label\"><span class=\"\"><span class=\"eztoc-hide\" style=\"display:none;\">Toggle<\/span><span class=\"ez-toc-icon-toggle-span\"><svg style=\"fill: #999;color:#999\" xmlns=\"http:\/\/www.w3.org\/2000\/svg\" class=\"list-377408\" width=\"20px\" height=\"20px\" viewBox=\"0 0 24 24\" fill=\"none\"><path d=\"M6 6H4v2h2V6zm14 0H8v2h12V6zM4 11h2v2H4v-2zm16 0H8v2h12v-2zM4 16h2v2H4v-2zm16 0H8v2h12v-2z\" fill=\"currentColor\"><\/path><\/svg><svg style=\"fill: #999;color:#999\" class=\"arrow-unsorted-368013\" xmlns=\"http:\/\/www.w3.org\/2000\/svg\" width=\"10px\" height=\"10px\" viewBox=\"0 0 24 24\" version=\"1.2\" baseProfile=\"tiny\"><path d=\"M18.2 9.3l-6.2-6.3-6.2 6.3c-.2.2-.3.4-.3.7s.1.5.3.7c.2.2.4.3.7.3h11c.3 0 .5-.1.7-.3.2-.2.3-.5.3-.7s-.1-.5-.3-.7zM5.8 14.7l6.2 6.3 6.2-6.3c.2-.2.3-.5.3-.7s-.1-.5-.3-.7c-.2-.2-.4-.3-.7-.3h-11c-.3 0-.5.1-.7.3-.2.2-.3.5-.3.7s.1.5.3.7z\"\/><\/svg><\/span><\/span><\/label><input type=\"checkbox\"  id=\"ez-toc-cssicon-toggle-item-69d10c4029484\"  aria-label=\"Toggle\" \/><nav><ul class='ez-toc-list ez-toc-list-level-1 ' ><li class='ez-toc-page-1 ez-toc-heading-level-2'><a class=\"ez-toc-link ez-toc-heading-1\" href=\"https:\/\/neyssa-shop.com\/blog\/5-astuces-pour-porter-le-khimar-avec-elegance\/#Le_khimar_choisir_le_bon_tissu\" title=\"Le khimar : choisir le bon tissu\">Le khimar : choisir le bon tissu<\/a><\/li><li class='ez-toc-page-1 ez-toc-heading-level-2'><a class=\"ez-toc-link ez-toc-heading-2\" href=\"https:\/\/neyssa-shop.com\/blog\/5-astuces-pour-porter-le-khimar-avec-elegance\/#Un_khimar_parfaitement_repasse\" title=\"Un khimar parfaitement repass\u00e9\">Un khimar parfaitement repass\u00e9<\/a><\/li><li class='ez-toc-page-1 ez-toc-heading-level-2'><a class=\"ez-toc-link ez-toc-heading-3\" href=\"https:\/\/neyssa-shop.com\/blog\/5-astuces-pour-porter-le-khimar-avec-elegance\/#Le_bon_choix_des_vetements\" title=\"Le bon choix des v\u00eatements\">Le bon choix des v\u00eatements<\/a><\/li><li class='ez-toc-page-1 ez-toc-heading-level-2'><a class=\"ez-toc-link ez-toc-heading-4\" href=\"https:\/\/neyssa-shop.com\/blog\/5-astuces-pour-porter-le-khimar-avec-elegance\/#Le_khimar_colore_comment_allier_pudeur_et_tendance\" title=\"Le khimar color\u00e9 : comment allier pudeur et tendance ?\">Le khimar color\u00e9 : comment allier pudeur et tendance ?<\/a><\/li><li class='ez-toc-page-1 ez-toc-heading-level-2'><a class=\"ez-toc-link ez-toc-heading-5\" href=\"https:\/\/neyssa-shop.com\/blog\/5-astuces-pour-porter-le-khimar-avec-elegance\/#Assortir_son_khimar_et_sa_abaya\" title=\"Assortir son khimar et sa abaya\">Assortir son khimar et sa abaya<\/a><\/li><\/ul><\/nav><\/div>\n<h2 class=\"wp-block-heading\"><span class=\"ez-toc-section\" id=\"Le_khimar_choisir_le_bon_tissu\"><\/span>Le khimar : choisir le bon tissu<span class=\"ez-toc-section-end\"><\/span><\/h2>\n\n\n\n<p>\u00c0 l\u2019origine, le port du <a href=\"https:\/\/neyssa-shop.com\/fr\/84-hijab-pas-cher-mode-femme-voilee\">hijab<\/a> ou hidjab est obligatoire pour les femmes musulmanes. Ce voile islamique a pour but de pr\u00e9server leur pudeur. Il permet de couvrir les cheveux, les oreilles et le cou. Il laisse appara\u00eetre uniquement que le visage. Cependant, cet accessoire si important du<a href=\"https:\/\/www.al-kanz.org\/2021\/10\/12\/modest-fashion-neyssa\/\"><strong> vestiaire musulman<\/strong> <\/a>peut apporter une touche d\u2019\u00e9l\u00e9gance \u00e0 votre tenue. Il est primordial de choisir la bon tissu. <\/p>\n\n\n\n<p>*<strong>La soie<\/strong> reste le plus conseill\u00e9. Ce textile ultra chic est reconnu pour sa l\u00e9g\u00e8ret\u00e9 et sa douceur mais surtout elle n&rsquo;abime pas les cheveux. La soie laisse respirer le cuir chevelu, notamment si vous optez pour une soie satin\u00e9e. Vous pouvez porter ce voile pour vos f\u00eates, r\u00e9union familiale par exemple ou encore pour un rendez vous plus formel. <\/p>\n\n\n\n<p>*<strong>La mousseline<\/strong> est aussi une excellente alternative \u00e0 la soie. Mati\u00e8re ultra \u00e9l\u00e9gante et l\u00e9g\u00e8re, elle est pratique au quotidien. Parfaite en toutes les occasions elle \u00e0 l&rsquo;avantage de s\u2019accorder avec tout style de v\u00eatements. Vous choisirez volontiers une base unie et sobre.<\/p>\n\n\n\n<figure class=\"wp-block-image size-large\"><img fetchpriority=\"high\" decoding=\"async\" width=\"683\" height=\"1024\" src=\"https:\/\/neyssa-shop.com\/blog\/wp-content\/uploads\/2022\/09\/khimar_court_neyssa-683x1024.jpg\" alt=\"\" class=\"wp-image-5464\" srcset=\"https:\/\/neyssa-shop.com\/blog\/wp-content\/uploads\/2022\/09\/khimar_court_neyssa-683x1024.jpg 683w, https:\/\/neyssa-shop.com\/blog\/wp-content\/uploads\/2022\/09\/khimar_court_neyssa-200x300.jpg 200w, https:\/\/neyssa-shop.com\/blog\/wp-content\/uploads\/2022\/09\/khimar_court_neyssa-768x1152.jpg 768w, https:\/\/neyssa-shop.com\/blog\/wp-content\/uploads\/2022\/09\/khimar_court_neyssa-1024x1536.jpg 1024w, https:\/\/neyssa-shop.com\/blog\/wp-content\/uploads\/2022\/09\/khimar_court_neyssa-1365x2048.jpg 1365w, https:\/\/neyssa-shop.com\/blog\/wp-content\/uploads\/2022\/09\/khimar_court_neyssa-750x1125.jpg 750w, https:\/\/neyssa-shop.com\/blog\/wp-content\/uploads\/2022\/09\/khimar_court_neyssa.jpg 1600w\" sizes=\"(max-width: 683px) 100vw, 683px\" \/><\/figure>\n\n\n\n<h2 class=\"wp-block-heading\"><span class=\"ez-toc-section\" id=\"Un_khimar_parfaitement_repasse\"><\/span>Un khimar parfaitement repass\u00e9<span class=\"ez-toc-section-end\"><\/span><\/h2>\n\n\n\n<p>Le khimar une fois port\u00e9 est ce qu&rsquo;on voit en premier quand une personne s&rsquo;adresse \u00e0 vous, selon la situation vous pourriez \u00eatre jug\u00e9e sur votre pr\u00e9sentation. C&rsquo;est pourquoi il est primordial et on vous conseillons toujours de repasser votre khimar avant de le porter. Repasser son khimar pourra r\u00e9v\u00e9ler sa couleur, sa qualit\u00e9 et refera d&rsquo;autant plus ressortir son \u00e9clat. Un khimar bien lisse et soyeux attrape mieux la lumi\u00e8re et ne fera que ressortir la jolie teinte de votre visage. Un khimar parfaitement repass\u00e9 et cela s\u2019\u00e9tend \u00e9galement \u00e0 la tenue compl\u00e8te vous assureront classe et confiance en vous. Vous \u00eates ainsi zen et pr\u00eate \u00e0 marcher d&rsquo;un pas s\u00fbr vers votre destination \ud83d\ude09 <\/p>\n\n\n\n<h2 class=\"wp-block-heading\"><span class=\"ez-toc-section\" id=\"Le_bon_choix_des_vetements\"><\/span>Le bon choix des v\u00eatements<span class=\"ez-toc-section-end\"><\/span><\/h2>\n\n\n\n<p>Lorsque vous portez le khimar, choisissez des v\u00eatements <strong>sobres et mastour<\/strong> ou qui r\u00e9pondent aux crit\u00e8res de <strong>v\u00eatements l\u00e9gif\u00e9r\u00e9s<\/strong>. Quelles que soient les occasions, privil\u00e9giez toujours une abaya ample longue avec un tissu bien fluide et majestueux. Optez pour des mati\u00e8res qualitatives comme la <strong>soie de M\u00e9dine<\/strong> par exemple.<\/p>\n\n\n\n<p>Comme pour votre khimar optez pour des robes longues r\u00e9sistantes, misez sur la qualit\u00e9 plut\u00f4t que la quantit\u00e9. Au moment de vous habiller, tenez compte du d\u00e9roulement de votre journ\u00e9e pour choisir la abaya la plus adapt\u00e9e. <\/p>\n\n\n\n<p>Misez sur les chaussures classes telles que des mocassins, ou des derby afin de mettre en avant le c\u00f4t\u00e9 chic de votre tenue. Finalisez votre look avec un sac bien assorti derni\u00e8re tendance, et pourquoi pas un bijou de t\u00e9l\u00e9phone. Quand \u00e0 la montre choisissez la fine \u00e9l\u00e9gante, elle viendra donner un coup de peps \u00e0 la tenue finale. <\/p>\n\n\n\n<h2 class=\"wp-block-heading\"><span class=\"ez-toc-section\" id=\"Le_khimar_colore_comment_allier_pudeur_et_tendance\"><\/span>Le khimar color\u00e9 : comment allier pudeur et tendance ?<span class=\"ez-toc-section-end\"><\/span><\/h2>\n\n\n\n<p>Le port du khimar quand \u00e0 lui suit \u00e9galement toutes les tendances. Le khimar ainsi que les tenues assorties se modernisent pour de s\u2019adapter aux tendances. Vous pouvez ainsi choisir des khumur de couleur claires ou fonc\u00e9es que vous pourrez ainsi assortir parfaitement avec le reste de votre garde robe. Vous pouvez \u00e9galement porter un khimar de couleur nuanc\u00e9e pour cr\u00e9er un d\u00e9grad\u00e9 de cama\u00efeu ultra chic. <\/p>\n\n\n\n<p>Vous devez au final choisir des tonalit\u00e9s harmonieuses pour un r\u00e9sultat raffin\u00e9 et \u00e9l\u00e9gant. Le rose, la couleur nude, le beige le marron sont des couleurs parfaites en toutes occasions. Ces coloris s\u2019accordent ais\u00e9ment avec vos abaya du quotidien. En revanche, optez pour du blanc, du vert eau ou du rose poudr\u00e9 pour vos occasions festives par exemple. <\/p>\n\n\n\n<p><\/p>\n\n\n\n<h2 class=\"wp-block-heading\"><span class=\"ez-toc-section\" id=\"Assortir_son_khimar_et_sa_abaya\"><\/span>Assortir son khimar et sa abaya<span class=\"ez-toc-section-end\"><\/span><\/h2>\n\n\n\n<p>Afin d&rsquo;\u00e9viter le risque de faire de fausse note pour associer avec classe votre tenue, optez pour un look couleur unie et un tissu identique. Alors rien de mieux qu&rsquo;un combo abaya-khimar assorti parfait pour se v\u00eatir avec \u00e9l\u00e9gance. C&rsquo;est pourquoi des ensembles complets sont d\u00e9sormais disponible pour satisfaire les plus exigeantes parmi vous.Vous sortez ainsi l&rsquo;esprit libre, et il n&rsquo;est plus utile de r\u00e9fl\u00e9chir des heures \u00e0 savoir quoi porter. Il ne vous restera plus que les accessoires comme le sac, les chaussures \u00e0 assortir pour finaliser votre tenue du jour. <\/p>\n\n\n\n<figure class=\"wp-block-image size-large\"><img decoding=\"async\" width=\"683\" height=\"1024\" src=\"https:\/\/neyssa-shop.com\/blog\/wp-content\/uploads\/2022\/09\/combo_abaya_khimar-683x1024.jpg\" alt=\"\" class=\"wp-image-5463\" srcset=\"https:\/\/neyssa-shop.com\/blog\/wp-content\/uploads\/2022\/09\/combo_abaya_khimar-683x1024.jpg 683w, https:\/\/neyssa-shop.com\/blog\/wp-content\/uploads\/2022\/09\/combo_abaya_khimar-200x300.jpg 200w, https:\/\/neyssa-shop.com\/blog\/wp-content\/uploads\/2022\/09\/combo_abaya_khimar-768x1152.jpg 768w, https:\/\/neyssa-shop.com\/blog\/wp-content\/uploads\/2022\/09\/combo_abaya_khimar-1024x1536.jpg 1024w, https:\/\/neyssa-shop.com\/blog\/wp-content\/uploads\/2022\/09\/combo_abaya_khimar-1365x2048.jpg 1365w, https:\/\/neyssa-shop.com\/blog\/wp-content\/uploads\/2022\/09\/combo_abaya_khimar-750x1125.jpg 750w, https:\/\/neyssa-shop.com\/blog\/wp-content\/uploads\/2022\/09\/combo_abaya_khimar.jpg 1600w\" sizes=\"(max-width: 683px) 100vw, 683px\" \/><\/figure>\n\n\n\n<p><\/p>\n\n\n\n<div class=\"wp-block-columns is-layout-flex wp-container-core-columns-is-layout-1 wp-block-columns-is-layout-flex\">\n<div class=\"wp-block-column is-layout-flow wp-block-column-is-layout-flow\">\n<figure class=\"wp-block-embed is-type-wp-embed is-provider-neyssa-le-blog wp-block-embed-neyssa-le-blog\"><div class=\"wp-block-embed__wrapper\">\n<blockquote class=\"wp-embedded-content\" data-secret=\"ZpYjxEcEBU\"><a href=\"https:\/\/neyssa-shop.com\/blog\/quelle-est-la-difference-entre-un-khimar-et-un-jilbab\/\">Quelle est la diff\u00e9rence entre un Khimar et un Jilbab ?<\/a><\/blockquote><iframe class=\"wp-embedded-content\" sandbox=\"allow-scripts\" security=\"restricted\" style=\"position: absolute; clip: rect(1px, 1px, 1px, 1px);\" title=\"\u00ab\u00a0Quelle est la diff\u00e9rence entre un Khimar et un Jilbab ?\u00a0\u00bb &#8212; Neyssa le blog\" src=\"https:\/\/neyssa-shop.com\/blog\/quelle-est-la-difference-entre-un-khimar-et-un-jilbab\/embed\/#?secret=ZpYjxEcEBU\" data-secret=\"ZpYjxEcEBU\" width=\"600\" height=\"338\" frameborder=\"0\" marginwidth=\"0\" marginheight=\"0\" scrolling=\"no\"><\/iframe>\n<\/div><\/figure>\n<\/div>\n\n\n\n<div class=\"wp-block-column is-layout-flow wp-block-column-is-layout-flow\">\n<figure class=\"wp-block-embed is-type-wp-embed is-provider-neyssa-le-blog wp-block-embed-neyssa-le-blog\"><div class=\"wp-block-embed__wrapper\">\n<blockquote class=\"wp-embedded-content\" data-secret=\"k7bsQGXp2D\"><a href=\"https:\/\/neyssa-shop.com\/blog\/comment-mettre-son-khimar\/\">Comment mettre son khimar?<\/a><\/blockquote><iframe class=\"wp-embedded-content\" sandbox=\"allow-scripts\" security=\"restricted\" style=\"position: absolute; clip: rect(1px, 1px, 1px, 1px);\" title=\"\u00ab\u00a0Comment mettre son khimar?\u00a0\u00bb &#8212; Neyssa le blog\" src=\"https:\/\/neyssa-shop.com\/blog\/comment-mettre-son-khimar\/embed\/#?secret=k7bsQGXp2D\" data-secret=\"k7bsQGXp2D\" width=\"600\" height=\"338\" frameborder=\"0\" marginwidth=\"0\" marginheight=\"0\" scrolling=\"no\"><\/iframe>\n<\/div><\/figure>\n<\/div>\n\n\n\n<div class=\"wp-block-column is-layout-flow wp-block-column-is-layout-flow\">\n<figure class=\"wp-block-embed is-type-wp-embed is-provider-neyssa-le-blog wp-block-embed-neyssa-le-blog\"><div class=\"wp-block-embed__wrapper\">\n<blockquote class=\"wp-embedded-content\" data-secret=\"3HwOHloJ1v\"><a href=\"https:\/\/neyssa-shop.com\/blog\/quest-ce-que-le-khimar\/\">Qu&rsquo;est-ce que le Khimar ?<\/a><\/blockquote><iframe class=\"wp-embedded-content\" sandbox=\"allow-scripts\" security=\"restricted\" style=\"position: absolute; clip: rect(1px, 1px, 1px, 1px);\" title=\"\u00ab\u00a0Qu&rsquo;est-ce que le Khimar ?\u00a0\u00bb &#8212; Neyssa le blog\" src=\"https:\/\/neyssa-shop.com\/blog\/quest-ce-que-le-khimar\/embed\/#?secret=3HwOHloJ1v\" data-secret=\"3HwOHloJ1v\" width=\"600\" height=\"338\" frameborder=\"0\" marginwidth=\"0\" marginheight=\"0\" scrolling=\"no\"><\/iframe>\n<\/div><\/figure>\n<\/div>\n<\/div>\n","protected":false},"excerpt":{"rendered":"<p>Le khimar est l&rsquo;un des hijab le plus appr\u00e9ci\u00e9s actuellement. Parfait pour les femmes musulmanes actives. Il fait partie derni\u00e8res tendances en mati\u00e8re de mode. Comment allier mastour et classe? Voici plusieurs conseils qui vous permettrons de porter le khimar avec pudeur et \u00e9l\u00e9gance. Le khimar : choisir le bon tissu \u00c0 l\u2019origine, le port&#8230;<\/p>\n<p><a class=\"more-link\" href=\"https:\/\/neyssa-shop.com\/blog\/5-astuces-pour-porter-le-khimar-avec-elegance\/\">En <em>savoir<\/em> plus<\/a><\/p>\n","protected":false},"author":1,"featured_media":5512,"parent":0,"menu_order":0,"comment_status":"closed","ping_status":"closed","template":"","meta":{"_genesis_hide_title":false,"_genesis_hide_breadcrumbs":false,"_genesis_hide_singular_image":false,"_genesis_hide_footer_widgets":false,"_genesis_custom_body_class":"","_genesis_custom_post_class":"","_genesis_layout":"","footnotes":""},"class_list":{"0":"post-5445","1":"page","2":"type-page","3":"status-publish","4":"has-post-thumbnail","6":"entry"},"yoast_head":"<!-- This site is optimized with the Yoast SEO plugin v26.8 - https:\/\/yoast.com\/product\/yoast-seo-wordpress\/ -->\n<title>5 Astuces pour porter le khimar avec \u00e9l\u00e9gance.<\/title>\n<meta name=\"description\" content=\"5 Astuces pour porter le khimar avec \u00e9l\u00e9gance. Neyssa vous d\u00e9voile comment combiner mastour et classe avec le khimar\" \/>\n<meta name=\"robots\" content=\"index, follow, max-snippet:-1, max-image-preview:large, max-video-preview:-1\" \/>\n<link rel=\"canonical\" href=\"https:\/\/neyssa-shop.com\/blog\/5-astuces-pour-porter-le-khimar-avec-elegance\/\" \/>\n<meta property=\"og:locale\" content=\"fr_FR\" \/>\n<meta property=\"og:type\" content=\"article\" \/>\n<meta property=\"og:title\" content=\"5 Astuces pour porter le khimar avec \u00e9l\u00e9gance.\" \/>\n<meta property=\"og:description\" content=\"5 Astuces pour porter le khimar avec \u00e9l\u00e9gance. Neyssa vous d\u00e9voile comment combiner mastour et classe avec le khimar\" \/>\n<meta property=\"og:url\" content=\"https:\/\/neyssa-shop.com\/blog\/5-astuces-pour-porter-le-khimar-avec-elegance\/\" \/>\n<meta property=\"og:site_name\" content=\"Neyssa le blog\" \/>\n<meta property=\"article:publisher\" content=\"https:\/\/www.facebook.com\/neyssashop\/\" \/>\n<meta property=\"article:modified_time\" content=\"2023-07-05T00:36:48+00:00\" \/>\n<meta property=\"og:image\" content=\"https:\/\/neyssa-shop.com\/blog\/wp-content\/uploads\/2022\/09\/khimar_court_neyssa-1.jpg\" \/>\n\t<meta property=\"og:image:width\" content=\"1600\" \/>\n\t<meta property=\"og:image:height\" content=\"2400\" \/>\n\t<meta property=\"og:image:type\" content=\"image\/jpeg\" \/>\n<meta name=\"twitter:card\" content=\"summary_large_image\" \/>\n<meta name=\"twitter:site\" content=\"@neyssashop\" \/>\n<meta name=\"twitter:label1\" content=\"Dur\u00e9e de lecture estim\u00e9e\" \/>\n\t<meta name=\"twitter:data1\" content=\"4 minutes\" \/>\n<script type=\"application\/ld+json\" class=\"yoast-schema-graph\">{\"@context\":\"https:\/\/schema.org\",\"@graph\":[{\"@type\":\"WebPage\",\"@id\":\"https:\/\/neyssa-shop.com\/blog\/5-astuces-pour-porter-le-khimar-avec-elegance\/\",\"url\":\"https:\/\/neyssa-shop.com\/blog\/5-astuces-pour-porter-le-khimar-avec-elegance\/\",\"name\":\"5 Astuces pour porter le khimar avec \u00e9l\u00e9gance.\",\"isPartOf\":{\"@id\":\"https:\/\/neyssa-shop.com\/blog\/#website\"},\"primaryImageOfPage\":{\"@id\":\"https:\/\/neyssa-shop.com\/blog\/5-astuces-pour-porter-le-khimar-avec-elegance\/#primaryimage\"},\"image\":{\"@id\":\"https:\/\/neyssa-shop.com\/blog\/5-astuces-pour-porter-le-khimar-avec-elegance\/#primaryimage\"},\"thumbnailUrl\":\"https:\/\/neyssa-shop.com\/blog\/wp-content\/uploads\/2022\/09\/khimar_court_neyssa-1.jpg\",\"datePublished\":\"2022-09-21T18:52:38+00:00\",\"dateModified\":\"2023-07-05T00:36:48+00:00\",\"description\":\"5 Astuces pour porter le khimar avec \u00e9l\u00e9gance. Neyssa vous d\u00e9voile comment combiner mastour et classe avec le khimar\",\"breadcrumb\":{\"@id\":\"https:\/\/neyssa-shop.com\/blog\/5-astuces-pour-porter-le-khimar-avec-elegance\/#breadcrumb\"},\"inLanguage\":\"fr-FR\",\"potentialAction\":[{\"@type\":\"ReadAction\",\"target\":[\"https:\/\/neyssa-shop.com\/blog\/5-astuces-pour-porter-le-khimar-avec-elegance\/\"]}]},{\"@type\":\"ImageObject\",\"inLanguage\":\"fr-FR\",\"@id\":\"https:\/\/neyssa-shop.com\/blog\/5-astuces-pour-porter-le-khimar-avec-elegance\/#primaryimage\",\"url\":\"https:\/\/neyssa-shop.com\/blog\/wp-content\/uploads\/2022\/09\/khimar_court_neyssa-1.jpg\",\"contentUrl\":\"https:\/\/neyssa-shop.com\/blog\/wp-content\/uploads\/2022\/09\/khimar_court_neyssa-1.jpg\",\"width\":1600,\"height\":2400},{\"@type\":\"BreadcrumbList\",\"@id\":\"https:\/\/neyssa-shop.com\/blog\/5-astuces-pour-porter-le-khimar-avec-elegance\/#breadcrumb\",\"itemListElement\":[{\"@type\":\"ListItem\",\"position\":1,\"name\":\"Accueil\",\"item\":\"https:\/\/neyssa-shop.com\/blog\/\"},{\"@type\":\"ListItem\",\"position\":2,\"name\":\"5 Astuces pour porter le khimar avec \u00e9l\u00e9gance.\"}]},{\"@type\":\"WebSite\",\"@id\":\"https:\/\/neyssa-shop.com\/blog\/#website\",\"url\":\"https:\/\/neyssa-shop.com\/blog\/\",\"name\":\"Neyssa le blog\",\"description\":\"Un blog d\u00e9di\u00e9 \u00e0 la femme musulmane\",\"publisher\":{\"@id\":\"https:\/\/neyssa-shop.com\/blog\/#organization\"},\"potentialAction\":[{\"@type\":\"SearchAction\",\"target\":{\"@type\":\"EntryPoint\",\"urlTemplate\":\"https:\/\/neyssa-shop.com\/blog\/?s={search_term_string}\"},\"query-input\":{\"@type\":\"PropertyValueSpecification\",\"valueRequired\":true,\"valueName\":\"search_term_string\"}}],\"inLanguage\":\"fr-FR\"},{\"@type\":\"Organization\",\"@id\":\"https:\/\/neyssa-shop.com\/blog\/#organization\",\"name\":\"Neyssa Shop\",\"url\":\"https:\/\/neyssa-shop.com\/blog\/\",\"logo\":{\"@type\":\"ImageObject\",\"inLanguage\":\"fr-FR\",\"@id\":\"https:\/\/neyssa-shop.com\/blog\/#\/schema\/logo\/image\/\",\"url\":\"https:\/\/neyssa-shop.com\/blog\/wp-content\/uploads\/2021\/03\/neyssa-boutique-logo-1610747292.jpg\",\"contentUrl\":\"https:\/\/neyssa-shop.com\/blog\/wp-content\/uploads\/2021\/03\/neyssa-boutique-logo-1610747292.jpg\",\"width\":271,\"height\":70,\"caption\":\"Neyssa Shop\"},\"image\":{\"@id\":\"https:\/\/neyssa-shop.com\/blog\/#\/schema\/logo\/image\/\"},\"sameAs\":[\"https:\/\/www.facebook.com\/neyssashop\/\",\"https:\/\/x.com\/neyssashop\",\"https:\/\/www.instagram.com\/neyssa_shop\/\",\"https:\/\/www.pinterest.fr\/neyssa_shop\/_created\/\",\"https:\/\/www.youtube.com\/channel\/UCkQ9s8jXTLi2yVzyeugVAMg\"]}]}<\/script>\n<!-- \/ Yoast SEO plugin. -->","yoast_head_json":{"title":"5 Astuces pour porter le khimar avec \u00e9l\u00e9gance.","description":"5 Astuces pour porter le khimar avec \u00e9l\u00e9gance. Neyssa vous d\u00e9voile comment combiner mastour et classe avec le khimar","robots":{"index":"index","follow":"follow","max-snippet":"max-snippet:-1","max-image-preview":"max-image-preview:large","max-video-preview":"max-video-preview:-1"},"canonical":"https:\/\/neyssa-shop.com\/blog\/5-astuces-pour-porter-le-khimar-avec-elegance\/","og_locale":"fr_FR","og_type":"article","og_title":"5 Astuces pour porter le khimar avec \u00e9l\u00e9gance.","og_description":"5 Astuces pour porter le khimar avec \u00e9l\u00e9gance. Neyssa vous d\u00e9voile comment combiner mastour et classe avec le khimar","og_url":"https:\/\/neyssa-shop.com\/blog\/5-astuces-pour-porter-le-khimar-avec-elegance\/","og_site_name":"Neyssa le blog","article_publisher":"https:\/\/www.facebook.com\/neyssashop\/","article_modified_time":"2023-07-05T00:36:48+00:00","og_image":[{"width":1600,"height":2400,"url":"https:\/\/neyssa-shop.com\/blog\/wp-content\/uploads\/2022\/09\/khimar_court_neyssa-1.jpg","type":"image\/jpeg"}],"twitter_card":"summary_large_image","twitter_site":"@neyssashop","twitter_misc":{"Dur\u00e9e de lecture estim\u00e9e":"4 minutes"},"schema":{"@context":"https:\/\/schema.org","@graph":[{"@type":"WebPage","@id":"https:\/\/neyssa-shop.com\/blog\/5-astuces-pour-porter-le-khimar-avec-elegance\/","url":"https:\/\/neyssa-shop.com\/blog\/5-astuces-pour-porter-le-khimar-avec-elegance\/","name":"5 Astuces pour porter le khimar avec \u00e9l\u00e9gance.","isPartOf":{"@id":"https:\/\/neyssa-shop.com\/blog\/#website"},"primaryImageOfPage":{"@id":"https:\/\/neyssa-shop.com\/blog\/5-astuces-pour-porter-le-khimar-avec-elegance\/#primaryimage"},"image":{"@id":"https:\/\/neyssa-shop.com\/blog\/5-astuces-pour-porter-le-khimar-avec-elegance\/#primaryimage"},"thumbnailUrl":"https:\/\/neyssa-shop.com\/blog\/wp-content\/uploads\/2022\/09\/khimar_court_neyssa-1.jpg","datePublished":"2022-09-21T18:52:38+00:00","dateModified":"2023-07-05T00:36:48+00:00","description":"5 Astuces pour porter le khimar avec \u00e9l\u00e9gance. Neyssa vous d\u00e9voile comment combiner mastour et classe avec le khimar","breadcrumb":{"@id":"https:\/\/neyssa-shop.com\/blog\/5-astuces-pour-porter-le-khimar-avec-elegance\/#breadcrumb"},"inLanguage":"fr-FR","potentialAction":[{"@type":"ReadAction","target":["https:\/\/neyssa-shop.com\/blog\/5-astuces-pour-porter-le-khimar-avec-elegance\/"]}]},{"@type":"ImageObject","inLanguage":"fr-FR","@id":"https:\/\/neyssa-shop.com\/blog\/5-astuces-pour-porter-le-khimar-avec-elegance\/#primaryimage","url":"https:\/\/neyssa-shop.com\/blog\/wp-content\/uploads\/2022\/09\/khimar_court_neyssa-1.jpg","contentUrl":"https:\/\/neyssa-shop.com\/blog\/wp-content\/uploads\/2022\/09\/khimar_court_neyssa-1.jpg","width":1600,"height":2400},{"@type":"BreadcrumbList","@id":"https:\/\/neyssa-shop.com\/blog\/5-astuces-pour-porter-le-khimar-avec-elegance\/#breadcrumb","itemListElement":[{"@type":"ListItem","position":1,"name":"Accueil","item":"https:\/\/neyssa-shop.com\/blog\/"},{"@type":"ListItem","position":2,"name":"5 Astuces pour porter le khimar avec \u00e9l\u00e9gance."}]},{"@type":"WebSite","@id":"https:\/\/neyssa-shop.com\/blog\/#website","url":"https:\/\/neyssa-shop.com\/blog\/","name":"Neyssa le blog","description":"Un blog d\u00e9di\u00e9 \u00e0 la femme musulmane","publisher":{"@id":"https:\/\/neyssa-shop.com\/blog\/#organization"},"potentialAction":[{"@type":"SearchAction","target":{"@type":"EntryPoint","urlTemplate":"https:\/\/neyssa-shop.com\/blog\/?s={search_term_string}"},"query-input":{"@type":"PropertyValueSpecification","valueRequired":true,"valueName":"search_term_string"}}],"inLanguage":"fr-FR"},{"@type":"Organization","@id":"https:\/\/neyssa-shop.com\/blog\/#organization","name":"Neyssa Shop","url":"https:\/\/neyssa-shop.com\/blog\/","logo":{"@type":"ImageObject","inLanguage":"fr-FR","@id":"https:\/\/neyssa-shop.com\/blog\/#\/schema\/logo\/image\/","url":"https:\/\/neyssa-shop.com\/blog\/wp-content\/uploads\/2021\/03\/neyssa-boutique-logo-1610747292.jpg","contentUrl":"https:\/\/neyssa-shop.com\/blog\/wp-content\/uploads\/2021\/03\/neyssa-boutique-logo-1610747292.jpg","width":271,"height":70,"caption":"Neyssa Shop"},"image":{"@id":"https:\/\/neyssa-shop.com\/blog\/#\/schema\/logo\/image\/"},"sameAs":["https:\/\/www.facebook.com\/neyssashop\/","https:\/\/x.com\/neyssashop","https:\/\/www.instagram.com\/neyssa_shop\/","https:\/\/www.pinterest.fr\/neyssa_shop\/_created\/","https:\/\/www.youtube.com\/channel\/UCkQ9s8jXTLi2yVzyeugVAMg"]}]}},"_links":{"self":[{"href":"https:\/\/neyssa-shop.com\/blog\/wp-json\/wp\/v2\/pages\/5445","targetHints":{"allow":["GET"]}}],"collection":[{"href":"https:\/\/neyssa-shop.com\/blog\/wp-json\/wp\/v2\/pages"}],"about":[{"href":"https:\/\/neyssa-shop.com\/blog\/wp-json\/wp\/v2\/types\/page"}],"author":[{"embeddable":true,"href":"https:\/\/neyssa-shop.com\/blog\/wp-json\/wp\/v2\/users\/1"}],"replies":[{"embeddable":true,"href":"https:\/\/neyssa-shop.com\/blog\/wp-json\/wp\/v2\/comments?post=5445"}],"version-history":[{"count":13,"href":"https:\/\/neyssa-shop.com\/blog\/wp-json\/wp\/v2\/pages\/5445\/revisions"}],"predecessor-version":[{"id":6360,"href":"https:\/\/neyssa-shop.com\/blog\/wp-json\/wp\/v2\/pages\/5445\/revisions\/6360"}],"wp:featuredmedia":[{"embeddable":true,"href":"https:\/\/neyssa-shop.com\/blog\/wp-json\/wp\/v2\/media\/5512"}],"wp:attachment":[{"href":"https:\/\/neyssa-shop.com\/blog\/wp-json\/wp\/v2\/media?parent=5445"}],"curies":[{"name":"wp","href":"https:\/\/api.w.org\/{rel}","templated":true}]}}