{"id":5419,"date":"2022-09-17T13:24:59","date_gmt":"2022-09-17T11:24:59","guid":{"rendered":"https:\/\/neyssa-shop.com\/blog\/?page_id=5419"},"modified":"2022-09-18T11:31:13","modified_gmt":"2022-09-18T09:31:13","slug":"comment-laver-son-jilbab","status":"publish","type":"page","link":"https:\/\/neyssa-shop.com\/blog\/comment-laver-son-jilbab\/","title":{"rendered":"Comment laver son jilbab ?"},"content":{"rendered":"\n<p>Vous venez de <a href=\"https:\/\/neyssa-shop.com\/fr\/content\/18-comment-porter-le-jilbab\">porter le<strong> jilbab<\/strong><\/a> et vous ne savez pas comment l\u2019entretenir ? Vous souhaitez garder votre <a href=\"https:\/\/neyssa-shop.com\/fr\/106-jilbab-pas-cher\">jilbab femme<\/a> le plus longtemps possible en bon \u00e9tat ? Lorsque nous faisons l\u2019acquisition d\u2019un nouveau v\u00eatement que l\u2019on aime beaucoup, nous aimerions le garder le plus longtemps possible. Pour se faire, l\u2019entretien est une chose \u00e0 ne pas n\u00e9gliger. Le jilbeb est un v\u00eatement dont le tissu doit \u00eatre lav\u00e9 avec soin, car celui-ci pourra vous durer des ann\u00e9es. <\/p>\n\n\n\n<p>C\u2019est le <strong>lavage \u00e0 la main<\/strong> qui est recommand\u00e9 pour un lavage parfait ! Sans compter qu\u2019il s&rsquo;agit d\u2019un v\u00eatement que nous utilisons aussi pour effectuer notre pri\u00e8re et nous pr\u00e9senter devant notre seigneur, son apparence doit \u00eatre d\u2019autant plus soign\u00e9e.&nbsp;<\/p>\n\n\n\n<figure class=\"wp-block-image size-large\"><a href=\"https:\/\/neyssa-shop.com\/fr\/106-jilbab-pas-cher\" target=\"_blank\" rel=\"noopener\"><img fetchpriority=\"high\" decoding=\"async\" width=\"683\" height=\"1024\" src=\"https:\/\/neyssa-shop.com\/blog\/wp-content\/uploads\/2022\/09\/comment_laver_son_jilbab-683x1024.jpg\" alt=\"\" class=\"wp-image-5424\" srcset=\"https:\/\/neyssa-shop.com\/blog\/wp-content\/uploads\/2022\/09\/comment_laver_son_jilbab-683x1024.jpg 683w, https:\/\/neyssa-shop.com\/blog\/wp-content\/uploads\/2022\/09\/comment_laver_son_jilbab-200x300.jpg 200w, https:\/\/neyssa-shop.com\/blog\/wp-content\/uploads\/2022\/09\/comment_laver_son_jilbab-768x1152.jpg 768w, https:\/\/neyssa-shop.com\/blog\/wp-content\/uploads\/2022\/09\/comment_laver_son_jilbab-1024x1536.jpg 1024w, https:\/\/neyssa-shop.com\/blog\/wp-content\/uploads\/2022\/09\/comment_laver_son_jilbab-1365x2048.jpg 1365w, https:\/\/neyssa-shop.com\/blog\/wp-content\/uploads\/2022\/09\/comment_laver_son_jilbab-750x1125.jpg 750w, https:\/\/neyssa-shop.com\/blog\/wp-content\/uploads\/2022\/09\/comment_laver_son_jilbab.jpg 1600w\" sizes=\"(max-width: 683px) 100vw, 683px\" \/><\/a><\/figure>\n\n\n\n<h2 class=\"wp-block-heading\"><strong>Comment laver son jilbab ?<\/strong>&nbsp;<\/h2>\n\n\n\n<p>Dans un premier nous vous recommandons de laver votre djilab \u00e0 l\u2019eau ti\u00e8de, car les tissus de couleurs unies doivent \u00eatre lav\u00e9s \u00e0 l\u2019eau ti\u00e8de dans le but de garder leur couleur intacte. En effet, toutes autres temp\u00e9ratures peuvent engendrer la d\u00e9coloration du tissu et ainsi le faire d\u00e9gorger. C\u2019est une alternative plus s\u00fbre que le lavage en machine qui pourrait ab\u00eemer les tissus tels que celui du jilbab. N\u2019h\u00e9sitez pas \u00e0 ajouter un d\u00e9tergent doux \u00e0 cette eau froide ou du savon de Marseille qui vous permettra de laver le jilbeb sans l&rsquo;ab\u00eemer.&nbsp;&nbsp;<\/p>\n\n\n\n<p>Si votre jilbab pr\u00e9sente des t\u00e2ches tenaces, le d\u00e9tergent doux sera parfait pour vous en d\u00e9barrasser. Pour enlever la t\u00e2che, frottez soigneusement la zone avec le d\u00e9tergent qui sera plus efficace que le savon de Marseille. N\u2019h\u00e9sitez pas \u00e0 laisser le jilbab dans une bassine d\u2019eau environ 15 minutes, en agitant l\u2019eau de temps en temps dans le but que tout le tissu soit imbib\u00e9. Apr\u00e8s ces 15 minutes, rincez le jilbab et essorez l&rsquo;exc\u00e9dent d\u2019eau d\u00e9licatement ( attention \u00e0 ne pas d\u00e9former le jilbab). Chaque jilbab doit \u00eatre lav\u00e9 s\u00e9par\u00e9ment afin que la couleur ne se transf\u00e8re pas d\u2019un jilbab \u00e0 l\u2019autre.&nbsp;<\/p>\n\n\n\n<p>Si vous souhaitez quand m\u00eame utiliser la machine \u00e0 laver par manque de temps, utilisez un programme \u00e0 basse temp\u00e9rature <strong>30\u00b0 degr\u00e9s max<\/strong>, en choisissant le cycle pour v\u00eatements <strong>d\u00e9licat<\/strong>.&nbsp;<\/p>\n\n\n\n<h2 class=\"wp-block-heading\"><strong>Comment s\u00e9cher son jilbeb ?<\/strong>&nbsp;<\/h2>\n\n\n\n<p>Apr\u00e8s avoir essor\u00e9 d\u00e9licatement le jilbab nous pouvons passer au s\u00e9chage (un essorage trop violent pourrait d\u00e9former le tissu et ab\u00eemer les coutures du jilbab). Nous vous conseillons de ne pas utiliser le s\u00e8che-linge pour prot\u00e9ger la nature d\u00e9licate du jilbab qui pourrait endommager les fibres et r\u00e9tr\u00e9cir le tissu.&nbsp;&nbsp;&nbsp;<\/p>\n\n\n\n<p>Le meilleur moyen de s\u00e9cher votre jilbab est de le laisser suspendre sur un cintre \u00e0 l\u2019air libre, afin que sa forme soit conserv\u00e9e. Il est d\u00e9conseill\u00e9 de laisser le jilbab au soleil, car la couleur du tissu pourrait p\u00e2lir. Ainsi vous n\u2019aurez pas besoin de le repasser, car bien entendu il ne se chiffonne pas. Si vous souhaitez tout de m\u00eame que le tissu soit parfaitement repass\u00e9, utilisez un fer \u00e0 repasser \u00e0 vapeur qui n&rsquo;abime pas le tissu.\u00a0<\/p>\n\n\n\n<div class=\"schema-faq wp-block-yoast-faq-block\"><div class=\"schema-faq-section\" id=\"faq-question-1663493320036\"><strong class=\"schema-faq-question\">Comment laver son jilbab?<br\/><br\/>1\/ Premier lavage eau froide<br\/>2\/ Laver avec couleurs similaires<br\/>3\/ Laver \u00e0 30 degr\u00e9s maximum<br\/>4\/ Ne pas s\u00e9cher au s\u00e8che linge<br\/>5\/ Laisser s\u00e9cher sur un cintre <\/strong> <p class=\"schema-faq-answer\"><\/p> <\/div> <\/div>\n\n\n\n<p><\/p>\n\n\n\n<div class=\"wp-block-buttons is-layout-flex wp-block-buttons-is-layout-flex\">\n<div class=\"wp-block-button is-style-fill\"><a class=\"wp-block-button__link\" href=\"https:\/\/neyssa-shop.com\/fr\/106-jilbab-pas-cher\">D\u00e9couvrez toute la collection de Jilbab Neyssa<\/a><\/div>\n<\/div>\n\n\n\n<div class=\"wp-block-columns is-layout-flex wp-container-core-columns-is-layout-1 wp-block-columns-is-layout-flex\">\n<div class=\"wp-block-column is-layout-flow wp-block-column-is-layout-flow\">\n<figure class=\"wp-block-embed is-type-wp-embed is-provider-neyssa-le-blog wp-block-embed-neyssa-le-blog\"><div class=\"wp-block-embed__wrapper\">\n<blockquote class=\"wp-embedded-content\" data-secret=\"y9WHXcfd4y\"><a href=\"https:\/\/neyssa-shop.com\/blog\/jilbab-1-ou-2-pieces\/\">Jilbab 1 ou 2 pi\u00e8ces comment choisir?<\/a><\/blockquote><iframe class=\"wp-embedded-content\" sandbox=\"allow-scripts\" security=\"restricted\" style=\"position: absolute; clip: rect(1px, 1px, 1px, 1px);\" title=\"\u00ab\u00a0Jilbab 1 ou 2 pi\u00e8ces comment choisir?\u00a0\u00bb &#8212; Neyssa le blog\" src=\"https:\/\/neyssa-shop.com\/blog\/jilbab-1-ou-2-pieces\/embed\/#?secret=y9WHXcfd4y\" data-secret=\"y9WHXcfd4y\" width=\"600\" height=\"338\" frameborder=\"0\" marginwidth=\"0\" marginheight=\"0\" scrolling=\"no\"><\/iframe>\n<\/div><\/figure>\n<\/div>\n\n\n\n<div class=\"wp-block-column is-layout-flow wp-block-column-is-layout-flow\">\n<figure class=\"wp-block-embed is-type-wp-embed is-provider-neyssa-le-blog wp-block-embed-neyssa-le-blog\"><div class=\"wp-block-embed__wrapper\">\n<blockquote class=\"wp-embedded-content\" data-secret=\"Gj5A8qAQWt\"><a href=\"https:\/\/neyssa-shop.com\/blog\/quelle-est-la-difference-entre-un-khimar-et-un-jilbab\/\">Quelle est la diff\u00e9rence entre un Khimar et un Jilbab ?<\/a><\/blockquote><iframe class=\"wp-embedded-content\" sandbox=\"allow-scripts\" security=\"restricted\" style=\"position: absolute; clip: rect(1px, 1px, 1px, 1px);\" title=\"\u00ab\u00a0Quelle est la diff\u00e9rence entre un Khimar et un Jilbab ?\u00a0\u00bb &#8212; Neyssa le blog\" src=\"https:\/\/neyssa-shop.com\/blog\/quelle-est-la-difference-entre-un-khimar-et-un-jilbab\/embed\/#?secret=Gj5A8qAQWt\" data-secret=\"Gj5A8qAQWt\" width=\"600\" height=\"338\" frameborder=\"0\" marginwidth=\"0\" marginheight=\"0\" scrolling=\"no\"><\/iframe>\n<\/div><\/figure>\n<\/div>\n\n\n\n<div class=\"wp-block-column is-layout-flow wp-block-column-is-layout-flow\">\n<figure class=\"wp-block-embed is-type-wp-embed is-provider-neyssa-le-blog wp-block-embed-neyssa-le-blog\"><div class=\"wp-block-embed__wrapper\">\n<blockquote class=\"wp-embedded-content\" data-secret=\"9TngQkaIaY\"><a href=\"https:\/\/neyssa-shop.com\/blog\/le-jilbab-un-indispensable-pour-la-femme-musulmane\/\">Le Jilbab un indispensable pour la femme musulmane<\/a><\/blockquote><iframe class=\"wp-embedded-content\" sandbox=\"allow-scripts\" security=\"restricted\" style=\"position: absolute; clip: rect(1px, 1px, 1px, 1px);\" title=\"\u00ab\u00a0Le Jilbab un indispensable pour la femme musulmane\u00a0\u00bb &#8212; Neyssa le blog\" src=\"https:\/\/neyssa-shop.com\/blog\/le-jilbab-un-indispensable-pour-la-femme-musulmane\/embed\/#?secret=9TngQkaIaY\" data-secret=\"9TngQkaIaY\" width=\"600\" height=\"338\" frameborder=\"0\" marginwidth=\"0\" marginheight=\"0\" scrolling=\"no\"><\/iframe>\n<\/div><\/figure>\n<\/div>\n<\/div>\n","protected":false},"excerpt":{"rendered":"<p>Vous venez de porter le jilbab et vous ne savez pas comment l\u2019entretenir ? Vous souhaitez garder votre jilbab femme le plus longtemps possible en bon \u00e9tat ? Lorsque nous faisons l\u2019acquisition d\u2019un nouveau v\u00eatement que l\u2019on aime beaucoup, nous aimerions le garder le plus longtemps possible. Pour se faire, l\u2019entretien est une chose \u00e0&#8230;<\/p>\n<p><a class=\"more-link\" href=\"https:\/\/neyssa-shop.com\/blog\/comment-laver-son-jilbab\/\">En <em>savoir<\/em> plus<\/a><\/p>\n","protected":false},"author":1,"featured_media":0,"parent":0,"menu_order":0,"comment_status":"closed","ping_status":"closed","template":"","meta":{"_genesis_hide_title":false,"_genesis_hide_breadcrumbs":false,"_genesis_hide_singular_image":false,"_genesis_hide_footer_widgets":false,"_genesis_custom_body_class":"","_genesis_custom_post_class":"","_genesis_layout":"","footnotes":""},"class_list":{"0":"post-5419","1":"page","2":"type-page","3":"status-publish","5":"entry"},"yoast_head":"<!-- This site is optimized with the Yoast SEO plugin v26.8 - https:\/\/yoast.com\/product\/yoast-seo-wordpress\/ -->\n<title>Comment laver son jilbab ?<\/title>\n<meta name=\"description\" content=\"Comment laver son jilbab ? Neyssa vous donne sespr\u00e9cieux conseils pour prendre soin de vos jilbab afin de pr\u00e9server leur \u00e9clat.\" \/>\n<meta name=\"robots\" content=\"index, follow, max-snippet:-1, max-image-preview:large, max-video-preview:-1\" \/>\n<link rel=\"canonical\" href=\"https:\/\/neyssa-shop.com\/blog\/comment-laver-son-jilbab\/\" \/>\n<meta property=\"og:locale\" content=\"fr_FR\" \/>\n<meta property=\"og:type\" content=\"article\" \/>\n<meta property=\"og:title\" content=\"Comment laver son jilbab ?\" \/>\n<meta property=\"og:description\" content=\"Comment laver son jilbab ? Neyssa vous donne sespr\u00e9cieux conseils pour prendre soin de vos jilbab afin de pr\u00e9server leur \u00e9clat.\" \/>\n<meta property=\"og:url\" content=\"https:\/\/neyssa-shop.com\/blog\/comment-laver-son-jilbab\/\" \/>\n<meta property=\"og:site_name\" content=\"Neyssa le blog\" \/>\n<meta property=\"article:publisher\" content=\"https:\/\/www.facebook.com\/neyssashop\/\" \/>\n<meta property=\"article:modified_time\" content=\"2022-09-18T09:31:13+00:00\" \/>\n<meta property=\"og:image\" content=\"https:\/\/neyssa-shop.com\/blog\/wp-content\/uploads\/2022\/09\/comment_laver_son_jilbab-683x1024.jpg\" \/>\n<meta name=\"twitter:card\" content=\"summary_large_image\" \/>\n<meta name=\"twitter:site\" content=\"@neyssashop\" \/>\n<meta name=\"twitter:label1\" content=\"Dur\u00e9e de lecture estim\u00e9e\" \/>\n\t<meta name=\"twitter:data1\" content=\"3 minutes\" \/>\n<script type=\"application\/ld+json\" class=\"yoast-schema-graph\">{\"@context\":\"https:\/\/schema.org\",\"@graph\":[{\"@type\":[\"WebPage\",\"FAQPage\"],\"@id\":\"https:\/\/neyssa-shop.com\/blog\/comment-laver-son-jilbab\/\",\"url\":\"https:\/\/neyssa-shop.com\/blog\/comment-laver-son-jilbab\/\",\"name\":\"Comment laver son jilbab ?\",\"isPartOf\":{\"@id\":\"https:\/\/neyssa-shop.com\/blog\/#website\"},\"primaryImageOfPage\":{\"@id\":\"https:\/\/neyssa-shop.com\/blog\/comment-laver-son-jilbab\/#primaryimage\"},\"image\":{\"@id\":\"https:\/\/neyssa-shop.com\/blog\/comment-laver-son-jilbab\/#primaryimage\"},\"thumbnailUrl\":\"https:\/\/neyssa-shop.com\/blog\/wp-content\/uploads\/2022\/09\/comment_laver_son_jilbab-683x1024.jpg\",\"datePublished\":\"2022-09-17T11:24:59+00:00\",\"dateModified\":\"2022-09-18T09:31:13+00:00\",\"description\":\"Comment laver son jilbab ? Neyssa vous donne sespr\u00e9cieux conseils pour prendre soin de vos jilbab afin de pr\u00e9server leur \u00e9clat.\",\"breadcrumb\":{\"@id\":\"https:\/\/neyssa-shop.com\/blog\/comment-laver-son-jilbab\/#breadcrumb\"},\"inLanguage\":\"fr-FR\",\"potentialAction\":[{\"@type\":\"ReadAction\",\"target\":[\"https:\/\/neyssa-shop.com\/blog\/comment-laver-son-jilbab\/\"]}]},{\"@type\":\"ImageObject\",\"inLanguage\":\"fr-FR\",\"@id\":\"https:\/\/neyssa-shop.com\/blog\/comment-laver-son-jilbab\/#primaryimage\",\"url\":\"https:\/\/neyssa-shop.com\/blog\/wp-content\/uploads\/2022\/09\/comment_laver_son_jilbab.jpg\",\"contentUrl\":\"https:\/\/neyssa-shop.com\/blog\/wp-content\/uploads\/2022\/09\/comment_laver_son_jilbab.jpg\",\"width\":1600,\"height\":2400},{\"@type\":\"BreadcrumbList\",\"@id\":\"https:\/\/neyssa-shop.com\/blog\/comment-laver-son-jilbab\/#breadcrumb\",\"itemListElement\":[{\"@type\":\"ListItem\",\"position\":1,\"name\":\"Accueil\",\"item\":\"https:\/\/neyssa-shop.com\/blog\/\"},{\"@type\":\"ListItem\",\"position\":2,\"name\":\"Comment laver son jilbab ?\"}]},{\"@type\":\"WebSite\",\"@id\":\"https:\/\/neyssa-shop.com\/blog\/#website\",\"url\":\"https:\/\/neyssa-shop.com\/blog\/\",\"name\":\"Neyssa le blog\",\"description\":\"Un blog d\u00e9di\u00e9 \u00e0 la femme musulmane\",\"publisher\":{\"@id\":\"https:\/\/neyssa-shop.com\/blog\/#organization\"},\"potentialAction\":[{\"@type\":\"SearchAction\",\"target\":{\"@type\":\"EntryPoint\",\"urlTemplate\":\"https:\/\/neyssa-shop.com\/blog\/?s={search_term_string}\"},\"query-input\":{\"@type\":\"PropertyValueSpecification\",\"valueRequired\":true,\"valueName\":\"search_term_string\"}}],\"inLanguage\":\"fr-FR\"},{\"@type\":\"Organization\",\"@id\":\"https:\/\/neyssa-shop.com\/blog\/#organization\",\"name\":\"Neyssa Shop\",\"url\":\"https:\/\/neyssa-shop.com\/blog\/\",\"logo\":{\"@type\":\"ImageObject\",\"inLanguage\":\"fr-FR\",\"@id\":\"https:\/\/neyssa-shop.com\/blog\/#\/schema\/logo\/image\/\",\"url\":\"https:\/\/neyssa-shop.com\/blog\/wp-content\/uploads\/2021\/03\/neyssa-boutique-logo-1610747292.jpg\",\"contentUrl\":\"https:\/\/neyssa-shop.com\/blog\/wp-content\/uploads\/2021\/03\/neyssa-boutique-logo-1610747292.jpg\",\"width\":271,\"height\":70,\"caption\":\"Neyssa Shop\"},\"image\":{\"@id\":\"https:\/\/neyssa-shop.com\/blog\/#\/schema\/logo\/image\/\"},\"sameAs\":[\"https:\/\/www.facebook.com\/neyssashop\/\",\"https:\/\/x.com\/neyssashop\",\"https:\/\/www.instagram.com\/neyssa_shop\/\",\"https:\/\/www.pinterest.fr\/neyssa_shop\/_created\/\",\"https:\/\/www.youtube.com\/channel\/UCkQ9s8jXTLi2yVzyeugVAMg\"]}]}<\/script>\n<!-- \/ Yoast SEO plugin. -->","yoast_head_json":{"title":"Comment laver son jilbab ?","description":"Comment laver son jilbab ? Neyssa vous donne sespr\u00e9cieux conseils pour prendre soin de vos jilbab afin de pr\u00e9server leur \u00e9clat.","robots":{"index":"index","follow":"follow","max-snippet":"max-snippet:-1","max-image-preview":"max-image-preview:large","max-video-preview":"max-video-preview:-1"},"canonical":"https:\/\/neyssa-shop.com\/blog\/comment-laver-son-jilbab\/","og_locale":"fr_FR","og_type":"article","og_title":"Comment laver son jilbab ?","og_description":"Comment laver son jilbab ? Neyssa vous donne sespr\u00e9cieux conseils pour prendre soin de vos jilbab afin de pr\u00e9server leur \u00e9clat.","og_url":"https:\/\/neyssa-shop.com\/blog\/comment-laver-son-jilbab\/","og_site_name":"Neyssa le blog","article_publisher":"https:\/\/www.facebook.com\/neyssashop\/","article_modified_time":"2022-09-18T09:31:13+00:00","og_image":[{"url":"https:\/\/neyssa-shop.com\/blog\/wp-content\/uploads\/2022\/09\/comment_laver_son_jilbab-683x1024.jpg","type":"","width":"","height":""}],"twitter_card":"summary_large_image","twitter_site":"@neyssashop","twitter_misc":{"Dur\u00e9e de lecture estim\u00e9e":"3 minutes"},"schema":{"@context":"https:\/\/schema.org","@graph":[{"@type":["WebPage","FAQPage"],"@id":"https:\/\/neyssa-shop.com\/blog\/comment-laver-son-jilbab\/","url":"https:\/\/neyssa-shop.com\/blog\/comment-laver-son-jilbab\/","name":"Comment laver son jilbab ?","isPartOf":{"@id":"https:\/\/neyssa-shop.com\/blog\/#website"},"primaryImageOfPage":{"@id":"https:\/\/neyssa-shop.com\/blog\/comment-laver-son-jilbab\/#primaryimage"},"image":{"@id":"https:\/\/neyssa-shop.com\/blog\/comment-laver-son-jilbab\/#primaryimage"},"thumbnailUrl":"https:\/\/neyssa-shop.com\/blog\/wp-content\/uploads\/2022\/09\/comment_laver_son_jilbab-683x1024.jpg","datePublished":"2022-09-17T11:24:59+00:00","dateModified":"2022-09-18T09:31:13+00:00","description":"Comment laver son jilbab ? Neyssa vous donne sespr\u00e9cieux conseils pour prendre soin de vos jilbab afin de pr\u00e9server leur \u00e9clat.","breadcrumb":{"@id":"https:\/\/neyssa-shop.com\/blog\/comment-laver-son-jilbab\/#breadcrumb"},"inLanguage":"fr-FR","potentialAction":[{"@type":"ReadAction","target":["https:\/\/neyssa-shop.com\/blog\/comment-laver-son-jilbab\/"]}]},{"@type":"ImageObject","inLanguage":"fr-FR","@id":"https:\/\/neyssa-shop.com\/blog\/comment-laver-son-jilbab\/#primaryimage","url":"https:\/\/neyssa-shop.com\/blog\/wp-content\/uploads\/2022\/09\/comment_laver_son_jilbab.jpg","contentUrl":"https:\/\/neyssa-shop.com\/blog\/wp-content\/uploads\/2022\/09\/comment_laver_son_jilbab.jpg","width":1600,"height":2400},{"@type":"BreadcrumbList","@id":"https:\/\/neyssa-shop.com\/blog\/comment-laver-son-jilbab\/#breadcrumb","itemListElement":[{"@type":"ListItem","position":1,"name":"Accueil","item":"https:\/\/neyssa-shop.com\/blog\/"},{"@type":"ListItem","position":2,"name":"Comment laver son jilbab ?"}]},{"@type":"WebSite","@id":"https:\/\/neyssa-shop.com\/blog\/#website","url":"https:\/\/neyssa-shop.com\/blog\/","name":"Neyssa le blog","description":"Un blog d\u00e9di\u00e9 \u00e0 la femme musulmane","publisher":{"@id":"https:\/\/neyssa-shop.com\/blog\/#organization"},"potentialAction":[{"@type":"SearchAction","target":{"@type":"EntryPoint","urlTemplate":"https:\/\/neyssa-shop.com\/blog\/?s={search_term_string}"},"query-input":{"@type":"PropertyValueSpecification","valueRequired":true,"valueName":"search_term_string"}}],"inLanguage":"fr-FR"},{"@type":"Organization","@id":"https:\/\/neyssa-shop.com\/blog\/#organization","name":"Neyssa Shop","url":"https:\/\/neyssa-shop.com\/blog\/","logo":{"@type":"ImageObject","inLanguage":"fr-FR","@id":"https:\/\/neyssa-shop.com\/blog\/#\/schema\/logo\/image\/","url":"https:\/\/neyssa-shop.com\/blog\/wp-content\/uploads\/2021\/03\/neyssa-boutique-logo-1610747292.jpg","contentUrl":"https:\/\/neyssa-shop.com\/blog\/wp-content\/uploads\/2021\/03\/neyssa-boutique-logo-1610747292.jpg","width":271,"height":70,"caption":"Neyssa Shop"},"image":{"@id":"https:\/\/neyssa-shop.com\/blog\/#\/schema\/logo\/image\/"},"sameAs":["https:\/\/www.facebook.com\/neyssashop\/","https:\/\/x.com\/neyssashop","https:\/\/www.instagram.com\/neyssa_shop\/","https:\/\/www.pinterest.fr\/neyssa_shop\/_created\/","https:\/\/www.youtube.com\/channel\/UCkQ9s8jXTLi2yVzyeugVAMg"]}]}},"_links":{"self":[{"href":"https:\/\/neyssa-shop.com\/blog\/wp-json\/wp\/v2\/pages\/5419","targetHints":{"allow":["GET"]}}],"collection":[{"href":"https:\/\/neyssa-shop.com\/blog\/wp-json\/wp\/v2\/pages"}],"about":[{"href":"https:\/\/neyssa-shop.com\/blog\/wp-json\/wp\/v2\/types\/page"}],"author":[{"embeddable":true,"href":"https:\/\/neyssa-shop.com\/blog\/wp-json\/wp\/v2\/users\/1"}],"replies":[{"embeddable":true,"href":"https:\/\/neyssa-shop.com\/blog\/wp-json\/wp\/v2\/comments?post=5419"}],"version-history":[{"count":5,"href":"https:\/\/neyssa-shop.com\/blog\/wp-json\/wp\/v2\/pages\/5419\/revisions"}],"predecessor-version":[{"id":5430,"href":"https:\/\/neyssa-shop.com\/blog\/wp-json\/wp\/v2\/pages\/5419\/revisions\/5430"}],"wp:attachment":[{"href":"https:\/\/neyssa-shop.com\/blog\/wp-json\/wp\/v2\/media?parent=5419"}],"curies":[{"name":"wp","href":"https:\/\/api.w.org\/{rel}","templated":true}]}}