{"id":5349,"date":"2022-09-12T00:39:52","date_gmt":"2022-09-11T22:39:52","guid":{"rendered":"https:\/\/neyssa-shop.com\/blog\/?page_id=5349"},"modified":"2022-09-25T12:10:43","modified_gmt":"2022-09-25T10:10:43","slug":"comment-mettre-son-khimar","status":"publish","type":"page","link":"https:\/\/neyssa-shop.com\/blog\/comment-mettre-son-khimar\/","title":{"rendered":"Comment mettre son khimar?"},"content":{"rendered":"\n<p><\/p>\n\n\n\n<p class=\"has-medium-font-size\">Vous venez d\u2019acqu\u00e9rir un <a href=\"https:\/\/neyssa-shop.com\/fr\/220-khimar\">khimar<\/a> derni\u00e8rement, vous ne savez pas comment le porter ? Voici un tutoriel simple et efficace pour nouer votre khimar rapidement!<\/p>\n\n\n\n<div class=\"wp-block-media-text alignwide is-stacked-on-mobile\" style=\"grid-template-columns:35% auto\"><figure class=\"wp-block-media-text__media\"><video controls src=\"https:\/\/neyssa-shop.com\/blog\/wp-content\/uploads\/2022\/09\/trim.C4D81A81-2D59-4EC2-84B4-AEFB25F421FA.mov\"><\/video><\/figure><div class=\"wp-block-media-text__content\">\n<ol class=\"has-medium-font-size wp-block-list\"><li><strong>Prenez le khimar \u00e0 l&rsquo;envers par les 2 bandes \u00e0 nouer<\/strong><\/li><li><strong>D\u00e9posez le bandeau \u00e0 nouer sur le front<\/strong><\/li><li><strong>Nouez le<\/strong><\/li><li><strong>Puis rabattre le pan frontal vers l&rsquo;avant<\/strong><\/li><\/ol>\n<\/div><\/div>\n\n\n\n<div class=\"wp-block-columns is-layout-flex wp-container-core-columns-is-layout-1 wp-block-columns-is-layout-flex\">\n<div class=\"wp-block-column is-layout-flow wp-block-column-is-layout-flow\">\n<figure class=\"wp-block-embed is-type-wp-embed is-provider-neyssa-le-blog wp-block-embed-neyssa-le-blog\"><div class=\"wp-block-embed__wrapper\">\n<blockquote class=\"wp-embedded-content\" data-secret=\"7tGvNouf9h\"><a href=\"https:\/\/neyssa-shop.com\/blog\/5-astuces-pour-porter-le-khimar-avec-elegance\/\">5 Astuces pour porter le khimar avec \u00e9l\u00e9gance.<\/a><\/blockquote><iframe class=\"wp-embedded-content\" sandbox=\"allow-scripts\" security=\"restricted\" style=\"position: absolute; clip: rect(1px, 1px, 1px, 1px);\" title=\"\u00ab\u00a05 Astuces pour porter le khimar avec \u00e9l\u00e9gance.\u00a0\u00bb &#8212; Neyssa le blog\" src=\"https:\/\/neyssa-shop.com\/blog\/5-astuces-pour-porter-le-khimar-avec-elegance\/embed\/#?secret=7tGvNouf9h\" data-secret=\"7tGvNouf9h\" width=\"600\" height=\"338\" frameborder=\"0\" marginwidth=\"0\" marginheight=\"0\" scrolling=\"no\"><\/iframe>\n<\/div><\/figure>\n<\/div>\n\n\n\n<div class=\"wp-block-column is-layout-flow wp-block-column-is-layout-flow\">\n<figure class=\"wp-block-embed is-type-wp-embed is-provider-neyssa-le-blog wp-block-embed-neyssa-le-blog\"><div class=\"wp-block-embed__wrapper\">\n<blockquote class=\"wp-embedded-content\" data-secret=\"1mzPwyZdPU\"><a href=\"https:\/\/neyssa-shop.com\/blog\/quelle-est-la-difference-entre-un-khimar-et-un-jilbab\/\">Quelle est la diff\u00e9rence entre un Khimar et un Jilbab ?<\/a><\/blockquote><iframe class=\"wp-embedded-content\" sandbox=\"allow-scripts\" security=\"restricted\" style=\"position: absolute; clip: rect(1px, 1px, 1px, 1px);\" title=\"\u00ab\u00a0Quelle est la diff\u00e9rence entre un Khimar et un Jilbab ?\u00a0\u00bb &#8212; Neyssa le blog\" src=\"https:\/\/neyssa-shop.com\/blog\/quelle-est-la-difference-entre-un-khimar-et-un-jilbab\/embed\/#?secret=1mzPwyZdPU\" data-secret=\"1mzPwyZdPU\" width=\"600\" height=\"338\" frameborder=\"0\" marginwidth=\"0\" marginheight=\"0\" scrolling=\"no\"><\/iframe>\n<\/div><\/figure>\n<\/div>\n\n\n\n<div class=\"wp-block-column is-layout-flow wp-block-column-is-layout-flow\">\n<figure class=\"wp-block-embed is-type-wp-embed is-provider-neyssa-le-blog wp-block-embed-neyssa-le-blog\"><div class=\"wp-block-embed__wrapper\">\n<blockquote class=\"wp-embedded-content\" data-secret=\"wvkVFIZX0R\"><a href=\"https:\/\/neyssa-shop.com\/blog\/quest-ce-que-le-khimar\/\">Qu&rsquo;est-ce que le Khimar ?<\/a><\/blockquote><iframe class=\"wp-embedded-content\" sandbox=\"allow-scripts\" security=\"restricted\" style=\"position: absolute; clip: rect(1px, 1px, 1px, 1px);\" title=\"\u00ab\u00a0Qu&rsquo;est-ce que le Khimar ?\u00a0\u00bb &#8212; Neyssa le blog\" src=\"https:\/\/neyssa-shop.com\/blog\/quest-ce-que-le-khimar\/embed\/#?secret=wvkVFIZX0R\" data-secret=\"wvkVFIZX0R\" width=\"600\" height=\"338\" frameborder=\"0\" marginwidth=\"0\" marginheight=\"0\" scrolling=\"no\"><\/iframe>\n<\/div><\/figure>\n<\/div>\n<\/div>\n\n\n\n<p><\/p>\n","protected":false},"excerpt":{"rendered":"<p>Vous venez d\u2019acqu\u00e9rir un khimar derni\u00e8rement, vous ne savez pas comment le porter ? Voici un tutoriel simple et efficace pour nouer votre khimar rapidement! Prenez le khimar \u00e0 l&rsquo;envers par les 2 bandes \u00e0 nouer D\u00e9posez le bandeau \u00e0 nouer sur le front Nouez le Puis rabattre le pan frontal vers l&rsquo;avant<\/p>\n","protected":false},"author":1,"featured_media":5514,"parent":0,"menu_order":0,"comment_status":"closed","ping_status":"closed","template":"","meta":{"_genesis_hide_title":false,"_genesis_hide_breadcrumbs":false,"_genesis_hide_singular_image":false,"_genesis_hide_footer_widgets":false,"_genesis_custom_body_class":"","_genesis_custom_post_class":"","_genesis_layout":"","footnotes":""},"class_list":{"0":"post-5349","1":"page","2":"type-page","3":"status-publish","4":"has-post-thumbnail","6":"entry"},"yoast_head":"<!-- This site is optimized with the Yoast SEO plugin v26.8 - https:\/\/yoast.com\/product\/yoast-seo-wordpress\/ -->\n<title>Comment mettre son khimar?<\/title>\n<meta name=\"description\" content=\"Comment mettre son khimar? Neyssa cr\u00e9ateur de khimar vous donne ses pr\u00e9cieux conseils pour attacher de la meilleur des mani\u00e8re son khimar.\" \/>\n<meta name=\"robots\" content=\"index, follow, max-snippet:-1, max-image-preview:large, max-video-preview:-1\" \/>\n<link rel=\"canonical\" href=\"https:\/\/neyssa-shop.com\/blog\/comment-mettre-son-khimar\/\" \/>\n<meta property=\"og:locale\" content=\"fr_FR\" \/>\n<meta property=\"og:type\" content=\"article\" \/>\n<meta property=\"og:title\" content=\"Comment mettre son khimar?\" \/>\n<meta property=\"og:description\" content=\"Comment mettre son khimar? Neyssa cr\u00e9ateur de khimar vous donne ses pr\u00e9cieux conseils pour attacher de la meilleur des mani\u00e8re son khimar.\" \/>\n<meta property=\"og:url\" content=\"https:\/\/neyssa-shop.com\/blog\/comment-mettre-son-khimar\/\" \/>\n<meta property=\"og:site_name\" content=\"Neyssa le blog\" \/>\n<meta property=\"article:publisher\" content=\"https:\/\/www.facebook.com\/neyssashop\/\" \/>\n<meta property=\"article:modified_time\" content=\"2022-09-25T10:10:43+00:00\" \/>\n<meta property=\"og:image\" content=\"https:\/\/neyssa-shop.com\/blog\/wp-content\/uploads\/2022\/09\/64338.jpg\" \/>\n\t<meta property=\"og:image:width\" content=\"1600\" \/>\n\t<meta property=\"og:image:height\" content=\"2400\" \/>\n\t<meta property=\"og:image:type\" content=\"image\/jpeg\" \/>\n<meta name=\"twitter:card\" content=\"summary_large_image\" \/>\n<meta name=\"twitter:site\" content=\"@neyssashop\" \/>\n<script type=\"application\/ld+json\" class=\"yoast-schema-graph\">{\"@context\":\"https:\/\/schema.org\",\"@graph\":[{\"@type\":\"WebPage\",\"@id\":\"https:\/\/neyssa-shop.com\/blog\/comment-mettre-son-khimar\/\",\"url\":\"https:\/\/neyssa-shop.com\/blog\/comment-mettre-son-khimar\/\",\"name\":\"Comment mettre son khimar?\",\"isPartOf\":{\"@id\":\"https:\/\/neyssa-shop.com\/blog\/#website\"},\"primaryImageOfPage\":{\"@id\":\"https:\/\/neyssa-shop.com\/blog\/comment-mettre-son-khimar\/#primaryimage\"},\"image\":{\"@id\":\"https:\/\/neyssa-shop.com\/blog\/comment-mettre-son-khimar\/#primaryimage\"},\"thumbnailUrl\":\"https:\/\/neyssa-shop.com\/blog\/wp-content\/uploads\/2022\/09\/64338.jpg\",\"datePublished\":\"2022-09-11T22:39:52+00:00\",\"dateModified\":\"2022-09-25T10:10:43+00:00\",\"description\":\"Comment mettre son khimar? Neyssa cr\u00e9ateur de khimar vous donne ses pr\u00e9cieux conseils pour attacher de la meilleur des mani\u00e8re son khimar.\",\"breadcrumb\":{\"@id\":\"https:\/\/neyssa-shop.com\/blog\/comment-mettre-son-khimar\/#breadcrumb\"},\"inLanguage\":\"fr-FR\",\"potentialAction\":[{\"@type\":\"ReadAction\",\"target\":[\"https:\/\/neyssa-shop.com\/blog\/comment-mettre-son-khimar\/\"]}]},{\"@type\":\"ImageObject\",\"inLanguage\":\"fr-FR\",\"@id\":\"https:\/\/neyssa-shop.com\/blog\/comment-mettre-son-khimar\/#primaryimage\",\"url\":\"https:\/\/neyssa-shop.com\/blog\/wp-content\/uploads\/2022\/09\/64338.jpg\",\"contentUrl\":\"https:\/\/neyssa-shop.com\/blog\/wp-content\/uploads\/2022\/09\/64338.jpg\",\"width\":1600,\"height\":2400},{\"@type\":\"BreadcrumbList\",\"@id\":\"https:\/\/neyssa-shop.com\/blog\/comment-mettre-son-khimar\/#breadcrumb\",\"itemListElement\":[{\"@type\":\"ListItem\",\"position\":1,\"name\":\"Accueil\",\"item\":\"https:\/\/neyssa-shop.com\/blog\/\"},{\"@type\":\"ListItem\",\"position\":2,\"name\":\"Comment mettre son khimar?\"}]},{\"@type\":\"WebSite\",\"@id\":\"https:\/\/neyssa-shop.com\/blog\/#website\",\"url\":\"https:\/\/neyssa-shop.com\/blog\/\",\"name\":\"Neyssa le blog\",\"description\":\"Un blog d\u00e9di\u00e9 \u00e0 la femme musulmane\",\"publisher\":{\"@id\":\"https:\/\/neyssa-shop.com\/blog\/#organization\"},\"potentialAction\":[{\"@type\":\"SearchAction\",\"target\":{\"@type\":\"EntryPoint\",\"urlTemplate\":\"https:\/\/neyssa-shop.com\/blog\/?s={search_term_string}\"},\"query-input\":{\"@type\":\"PropertyValueSpecification\",\"valueRequired\":true,\"valueName\":\"search_term_string\"}}],\"inLanguage\":\"fr-FR\"},{\"@type\":\"Organization\",\"@id\":\"https:\/\/neyssa-shop.com\/blog\/#organization\",\"name\":\"Neyssa Shop\",\"url\":\"https:\/\/neyssa-shop.com\/blog\/\",\"logo\":{\"@type\":\"ImageObject\",\"inLanguage\":\"fr-FR\",\"@id\":\"https:\/\/neyssa-shop.com\/blog\/#\/schema\/logo\/image\/\",\"url\":\"https:\/\/neyssa-shop.com\/blog\/wp-content\/uploads\/2021\/03\/neyssa-boutique-logo-1610747292.jpg\",\"contentUrl\":\"https:\/\/neyssa-shop.com\/blog\/wp-content\/uploads\/2021\/03\/neyssa-boutique-logo-1610747292.jpg\",\"width\":271,\"height\":70,\"caption\":\"Neyssa Shop\"},\"image\":{\"@id\":\"https:\/\/neyssa-shop.com\/blog\/#\/schema\/logo\/image\/\"},\"sameAs\":[\"https:\/\/www.facebook.com\/neyssashop\/\",\"https:\/\/x.com\/neyssashop\",\"https:\/\/www.instagram.com\/neyssa_shop\/\",\"https:\/\/www.pinterest.fr\/neyssa_shop\/_created\/\",\"https:\/\/www.youtube.com\/channel\/UCkQ9s8jXTLi2yVzyeugVAMg\"]}]}<\/script>\n<!-- \/ Yoast SEO plugin. -->","yoast_head_json":{"title":"Comment mettre son khimar?","description":"Comment mettre son khimar? Neyssa cr\u00e9ateur de khimar vous donne ses pr\u00e9cieux conseils pour attacher de la meilleur des mani\u00e8re son khimar.","robots":{"index":"index","follow":"follow","max-snippet":"max-snippet:-1","max-image-preview":"max-image-preview:large","max-video-preview":"max-video-preview:-1"},"canonical":"https:\/\/neyssa-shop.com\/blog\/comment-mettre-son-khimar\/","og_locale":"fr_FR","og_type":"article","og_title":"Comment mettre son khimar?","og_description":"Comment mettre son khimar? Neyssa cr\u00e9ateur de khimar vous donne ses pr\u00e9cieux conseils pour attacher de la meilleur des mani\u00e8re son khimar.","og_url":"https:\/\/neyssa-shop.com\/blog\/comment-mettre-son-khimar\/","og_site_name":"Neyssa le blog","article_publisher":"https:\/\/www.facebook.com\/neyssashop\/","article_modified_time":"2022-09-25T10:10:43+00:00","og_image":[{"width":1600,"height":2400,"url":"https:\/\/neyssa-shop.com\/blog\/wp-content\/uploads\/2022\/09\/64338.jpg","type":"image\/jpeg"}],"twitter_card":"summary_large_image","twitter_site":"@neyssashop","schema":{"@context":"https:\/\/schema.org","@graph":[{"@type":"WebPage","@id":"https:\/\/neyssa-shop.com\/blog\/comment-mettre-son-khimar\/","url":"https:\/\/neyssa-shop.com\/blog\/comment-mettre-son-khimar\/","name":"Comment mettre son khimar?","isPartOf":{"@id":"https:\/\/neyssa-shop.com\/blog\/#website"},"primaryImageOfPage":{"@id":"https:\/\/neyssa-shop.com\/blog\/comment-mettre-son-khimar\/#primaryimage"},"image":{"@id":"https:\/\/neyssa-shop.com\/blog\/comment-mettre-son-khimar\/#primaryimage"},"thumbnailUrl":"https:\/\/neyssa-shop.com\/blog\/wp-content\/uploads\/2022\/09\/64338.jpg","datePublished":"2022-09-11T22:39:52+00:00","dateModified":"2022-09-25T10:10:43+00:00","description":"Comment mettre son khimar? Neyssa cr\u00e9ateur de khimar vous donne ses pr\u00e9cieux conseils pour attacher de la meilleur des mani\u00e8re son khimar.","breadcrumb":{"@id":"https:\/\/neyssa-shop.com\/blog\/comment-mettre-son-khimar\/#breadcrumb"},"inLanguage":"fr-FR","potentialAction":[{"@type":"ReadAction","target":["https:\/\/neyssa-shop.com\/blog\/comment-mettre-son-khimar\/"]}]},{"@type":"ImageObject","inLanguage":"fr-FR","@id":"https:\/\/neyssa-shop.com\/blog\/comment-mettre-son-khimar\/#primaryimage","url":"https:\/\/neyssa-shop.com\/blog\/wp-content\/uploads\/2022\/09\/64338.jpg","contentUrl":"https:\/\/neyssa-shop.com\/blog\/wp-content\/uploads\/2022\/09\/64338.jpg","width":1600,"height":2400},{"@type":"BreadcrumbList","@id":"https:\/\/neyssa-shop.com\/blog\/comment-mettre-son-khimar\/#breadcrumb","itemListElement":[{"@type":"ListItem","position":1,"name":"Accueil","item":"https:\/\/neyssa-shop.com\/blog\/"},{"@type":"ListItem","position":2,"name":"Comment mettre son khimar?"}]},{"@type":"WebSite","@id":"https:\/\/neyssa-shop.com\/blog\/#website","url":"https:\/\/neyssa-shop.com\/blog\/","name":"Neyssa le blog","description":"Un blog d\u00e9di\u00e9 \u00e0 la femme musulmane","publisher":{"@id":"https:\/\/neyssa-shop.com\/blog\/#organization"},"potentialAction":[{"@type":"SearchAction","target":{"@type":"EntryPoint","urlTemplate":"https:\/\/neyssa-shop.com\/blog\/?s={search_term_string}"},"query-input":{"@type":"PropertyValueSpecification","valueRequired":true,"valueName":"search_term_string"}}],"inLanguage":"fr-FR"},{"@type":"Organization","@id":"https:\/\/neyssa-shop.com\/blog\/#organization","name":"Neyssa Shop","url":"https:\/\/neyssa-shop.com\/blog\/","logo":{"@type":"ImageObject","inLanguage":"fr-FR","@id":"https:\/\/neyssa-shop.com\/blog\/#\/schema\/logo\/image\/","url":"https:\/\/neyssa-shop.com\/blog\/wp-content\/uploads\/2021\/03\/neyssa-boutique-logo-1610747292.jpg","contentUrl":"https:\/\/neyssa-shop.com\/blog\/wp-content\/uploads\/2021\/03\/neyssa-boutique-logo-1610747292.jpg","width":271,"height":70,"caption":"Neyssa Shop"},"image":{"@id":"https:\/\/neyssa-shop.com\/blog\/#\/schema\/logo\/image\/"},"sameAs":["https:\/\/www.facebook.com\/neyssashop\/","https:\/\/x.com\/neyssashop","https:\/\/www.instagram.com\/neyssa_shop\/","https:\/\/www.pinterest.fr\/neyssa_shop\/_created\/","https:\/\/www.youtube.com\/channel\/UCkQ9s8jXTLi2yVzyeugVAMg"]}]}},"_links":{"self":[{"href":"https:\/\/neyssa-shop.com\/blog\/wp-json\/wp\/v2\/pages\/5349","targetHints":{"allow":["GET"]}}],"collection":[{"href":"https:\/\/neyssa-shop.com\/blog\/wp-json\/wp\/v2\/pages"}],"about":[{"href":"https:\/\/neyssa-shop.com\/blog\/wp-json\/wp\/v2\/types\/page"}],"author":[{"embeddable":true,"href":"https:\/\/neyssa-shop.com\/blog\/wp-json\/wp\/v2\/users\/1"}],"replies":[{"embeddable":true,"href":"https:\/\/neyssa-shop.com\/blog\/wp-json\/wp\/v2\/comments?post=5349"}],"version-history":[{"count":16,"href":"https:\/\/neyssa-shop.com\/blog\/wp-json\/wp\/v2\/pages\/5349\/revisions"}],"predecessor-version":[{"id":5532,"href":"https:\/\/neyssa-shop.com\/blog\/wp-json\/wp\/v2\/pages\/5349\/revisions\/5532"}],"wp:featuredmedia":[{"embeddable":true,"href":"https:\/\/neyssa-shop.com\/blog\/wp-json\/wp\/v2\/media\/5514"}],"wp:attachment":[{"href":"https:\/\/neyssa-shop.com\/blog\/wp-json\/wp\/v2\/media?parent=5349"}],"curies":[{"name":"wp","href":"https:\/\/api.w.org\/{rel}","templated":true}]}}