{"id":5338,"date":"2022-09-06T01:24:18","date_gmt":"2022-09-05T23:24:18","guid":{"rendered":"https:\/\/neyssa-shop.com\/blog\/?page_id=5338"},"modified":"2026-01-13T09:51:11","modified_gmt":"2026-01-13T08:51:11","slug":"la-priere-de-consultation","status":"publish","type":"page","link":"https:\/\/neyssa-shop.com\/blog\/la-priere-de-consultation\/","title":{"rendered":"La pri\u00e8re de consultation"},"content":{"rendered":"\n<figure class=\"wp-block-image size-large\"><a href=\"https:\/\/neyssa-shop.com\/fr\/261-robe-de-priere\" rel=\"robe de pri\u00e8re de consultation\"><img fetchpriority=\"high\" decoding=\"async\" width=\"1024\" height=\"683\" src=\"https:\/\/neyssa-shop.com\/blog\/wp-content\/uploads\/2022\/09\/priere_de_consultation-1024x683.jpg\" alt=\"\" class=\"wp-image-5340\" srcset=\"https:\/\/neyssa-shop.com\/blog\/wp-content\/uploads\/2022\/09\/priere_de_consultation-1024x683.jpg 1024w, https:\/\/neyssa-shop.com\/blog\/wp-content\/uploads\/2022\/09\/priere_de_consultation-300x200.jpg 300w, https:\/\/neyssa-shop.com\/blog\/wp-content\/uploads\/2022\/09\/priere_de_consultation-768x512.jpg 768w, https:\/\/neyssa-shop.com\/blog\/wp-content\/uploads\/2022\/09\/priere_de_consultation-1536x1024.jpg 1536w, https:\/\/neyssa-shop.com\/blog\/wp-content\/uploads\/2022\/09\/priere_de_consultation-750x500.jpg 750w, https:\/\/neyssa-shop.com\/blog\/wp-content\/uploads\/2022\/09\/priere_de_consultation.jpg 1600w\" sizes=\"(max-width: 1024px) 100vw, 1024px\" \/><\/a><\/figure>\n\n\n\n<p> La <strong>pri\u00e8re de consultation<\/strong> ou encore la<strong> salat istikhara<\/strong> en arabe est une \u00e9tape tr\u00e8s importante quand nous avons des choses \u00e0 entreprendre au cours de la vie.  Projet de mariage, de commerce, d&rsquo;achat d&rsquo;un bien ou encore \u00e9tudes&#8230;Ce n&rsquo;est pas une <a href=\"https:\/\/neyssa-shop.com\/blog\/quelles-sont-les-prieres-obligatoires-en-islam\/\" target=\"_blank\" rel=\"noreferrer noopener\">pri\u00e8re obligatoire <\/a>mais vivement recommand\u00e9e quand on souhaite s&rsquo;engager dans un projet.<\/p>\n\n\n\n<p>Il est recommand\u00e9 \u00e0 chacun d&rsquo;entre nous avant de prendre une d\u00e9cision de s&rsquo;en remettre \u00e0 Allah. Le Messager d\u2019Allah \ufdfa a dit: \u00ab&nbsp;Il n\u2019y a rien de plus noble aupr\u00e8s d\u2019Allah que l\u2019invocation&nbsp;\u00bb. [At-Tirmidhi 3370, authentifi\u00e9 par sheikh al Albani]<\/p>\n\n\n\n<p><\/p>\n\n\n\n<p class=\"has-background has-large-font-size\" style=\"background-color:#cac5ba\">Optez pour nos <a href=\"https:\/\/neyssa-shop.com\/fr\/261-robe-de-priere\" target=\"_blank\" rel=\"noreferrer noopener\">robes de pri\u00e8re<\/a> Neyssa<\/p>\n\n\n\n<div id=\"ez-toc-container\" class=\"ez-toc-v2_0_72 counter-hierarchy ez-toc-counter ez-toc-grey ez-toc-container-direction\">\n<label for=\"ez-toc-cssicon-toggle-item-69ea4c8e7929e\" class=\"ez-toc-cssicon-toggle-label\"><span class=\"\"><span class=\"eztoc-hide\" style=\"display:none;\">Toggle<\/span><span class=\"ez-toc-icon-toggle-span\"><svg style=\"fill: #999;color:#999\" xmlns=\"http:\/\/www.w3.org\/2000\/svg\" class=\"list-377408\" width=\"20px\" height=\"20px\" viewBox=\"0 0 24 24\" fill=\"none\"><path d=\"M6 6H4v2h2V6zm14 0H8v2h12V6zM4 11h2v2H4v-2zm16 0H8v2h12v-2zM4 16h2v2H4v-2zm16 0H8v2h12v-2z\" fill=\"currentColor\"><\/path><\/svg><svg style=\"fill: #999;color:#999\" class=\"arrow-unsorted-368013\" xmlns=\"http:\/\/www.w3.org\/2000\/svg\" width=\"10px\" height=\"10px\" viewBox=\"0 0 24 24\" version=\"1.2\" baseProfile=\"tiny\"><path d=\"M18.2 9.3l-6.2-6.3-6.2 6.3c-.2.2-.3.4-.3.7s.1.5.3.7c.2.2.4.3.7.3h11c.3 0 .5-.1.7-.3.2-.2.3-.5.3-.7s-.1-.5-.3-.7zM5.8 14.7l6.2 6.3 6.2-6.3c.2-.2.3-.5.3-.7s-.1-.5-.3-.7c-.2-.2-.4-.3-.7-.3h-11c-.3 0-.5.1-.7.3-.2.2-.3.5-.3.7s.1.5.3.7z\"\/><\/svg><\/span><\/span><\/label><input type=\"checkbox\"  id=\"ez-toc-cssicon-toggle-item-69ea4c8e7929e\"  aria-label=\"Toggle\" \/><nav><ul class='ez-toc-list ez-toc-list-level-1 ' ><li class='ez-toc-page-1 ez-toc-heading-level-2'><a class=\"ez-toc-link ez-toc-heading-1\" href=\"https:\/\/neyssa-shop.com\/blog\/la-priere-de-consultation\/#Priere_de_consultation_en_Francais\" title=\"Pri\u00e8re de consultation en Fran\u00e7ais\">Pri\u00e8re de consultation en Fran\u00e7ais<\/a><\/li><li class='ez-toc-page-1 ez-toc-heading-level-2'><a class=\"ez-toc-link ez-toc-heading-2\" href=\"https:\/\/neyssa-shop.com\/blog\/la-priere-de-consultation\/#Priere_de_consultation_en_arabe\" title=\"Pri\u00e8re de consultation en arabe:\">Pri\u00e8re de consultation en arabe:<\/a><\/li><li class='ez-toc-page-1 ez-toc-heading-level-2'><a class=\"ez-toc-link ez-toc-heading-3\" href=\"https:\/\/neyssa-shop.com\/blog\/la-priere-de-consultation\/#Quand_faire_linvocation_de_la_salat_al_istikhara\" title=\"Quand faire l&rsquo;invocation de la salat al istikhara ?\">Quand faire l&rsquo;invocation de la salat al istikhara ?<\/a><\/li><li class='ez-toc-page-1 ez-toc-heading-level-2'><a class=\"ez-toc-link ez-toc-heading-4\" href=\"https:\/\/neyssa-shop.com\/blog\/la-priere-de-consultation\/#Quelle_tenue_porter_pour_la_priere_de_consultation\" title=\"Quelle tenue porter pour la pri\u00e8re de consultation?\">Quelle tenue porter pour la pri\u00e8re de consultation?<\/a><\/li><\/ul><\/nav><\/div>\n<h2 class=\"wp-block-heading has-text-color\" style=\"color:#e2ccc6\"><span class=\"ez-toc-section\" id=\"Priere_de_consultation_en_Francais\"><\/span>Pri\u00e8re de consultation en Fran\u00e7ais<span class=\"ez-toc-section-end\"><\/span><\/h2>\n\n\n\n<p><strong>Le Messager d\u2019Allah (\u0635\u0644\u0649 \u0627\u0644\u0644\u0647 \u0639\u0644\u064a\u0647 \u0648\u0633\u0644\u0645) nous enseignait la pri\u00e8re de consultation (salat al istikhara) dans toutes les d\u00e9cisions \u00e0 prendre comme il nous enseignait le Coran. Il disait (\u0635\u0644\u0649 \u0627\u0644\u0644\u0647 \u0639\u0644\u064a\u0647 \u0648\u0633\u0644\u0645) :<\/strong><\/p>\n\n\n\n<p><strong>\u00ab Lorsque l\u2019un de vous d\u00e9cide de faire quelque chose, qu\u2019il accomplisse deux unit\u00e9s de pri\u00e8re autres que les pri\u00e8res obligatoires, puis qu\u2019il dise :<\/strong><\/p>\n\n\n\n<p>\u00ab \u00d4 Allah ! Je Te consulte de par Ta connaissance et je T\u2019implore de m\u2019accorder la capacit\u00e9 par Ton pouvoir et je Te demande de m\u2019octroyer de Ton immense bienfait.<\/p>\n\n\n\n<p>Car Tu es certes Capable et je suis incapable, Tu sais tout tandis que moi je ne sais pas et c\u2019est Toi le Connaisseur de l\u2019invisible. \u00d4 Allah !<\/p>\n\n\n\n<p>Si Tu sais que ceci (on nomme alors la chose en question) est une source de bien pour moi dans ma religion, dans ma vie pr\u00e9sente, ici-bas et dans l\u2019au-del\u00e0, destine-la-moi et facilite-la-moi puis b\u00e9nis-la-moi!<\/p>\n\n\n\n<p>Mais si Tu sais que cette chose est pour moi une source de mal dans ma religion, dans ma vie pr\u00e9sente et dans ma vie future, d\u00e9tourne-la de moi et d\u00e9tourne-moi d\u2019elle et pr\u00e9destine-moi le bien o\u00f9 qu\u2019il se trouve, puis fais en sorte que je sois satisfait de cette d\u00e9cision. \u00bb<\/p>\n\n\n\n<h2 class=\"wp-block-heading has-text-color\" style=\"color:#d9c4bd\"><span class=\"ez-toc-section\" id=\"Priere_de_consultation_en_arabe\"><\/span>Pri\u00e8re de consultation en arabe:<span class=\"ez-toc-section-end\"><\/span><\/h2>\n\n\n\n<p>\u0627\u0644\u0644\u064e\u0651\u0647\u064f\u0645\u064e\u0651 \u0625\u0650\u0646\u0650\u0651\u064a \u0623\u064e\u0633\u0652\u062a\u064e\u062e\u0650\u064a\u0631\u064f\u0643\u064e \u0628\u0650\u0639\u0650\u0644\u0652\u0645\u0650\u0643\u064e\u060c \u0648\u064e \u0623\u064e\u0633\u0652\u062a\u064e\u0642\u0652\u062f\u0650\u0631\u064f\u0643\u064e \u0628\u0650\u0642\u064f\u062f\u0652\u0631\u064e\u062a\u0650\u0643\u064e\u060c \u0648\u064e \u0623\u064e\u0633\u0652\u0623\u064e\u0644\u064f\u0643\u064e \u0645\u0650\u0646\u0652 \u0641\u064e\u0636\u0652\u0644\u0650\u0643\u064e \u0627\u0644\u0639\u064e\u0638\u0650\u064a\u0645\u0650\u060c \u0641\u064e\u0625\u0650\u0646\u064e\u0651\u0643\u064e \u062a\u064e\u0642\u0652\u062f\u0650\u0631\u064f \u0648\u064e \u0644\u0627\u064e \u0623\u064e\u0642\u0652\u062f\u0650\u0631\u064f\u060c \u0648\u064e \u062a\u064e\u0639\u0652\u0644\u064e\u0645\u064f \u0648\u064e \u0644\u0627\u064e \u0623\u064e\u0639\u0652\u0644\u064e\u0645\u064f\u060c \u0648\u064e \u0623\u064e\u0646\u0652\u062a\u064e \u0639\u064e\u0644\u0627\u064e\u0651\u0645\u064f \u0627\u0644\u063a\u064f\u064a\u064f\u0648\u0628\u0650\u060c \u0627\u0644\u0644\u064e\u0651\u0647\u064f\u0645\u064e\u0651 \u0625\u0650\u0646\u0652 \u0643\u064f\u0646\u0652\u062a\u064e \u062a\u064e\u0639\u0652\u0644\u064e\u0645\u064f \u0623\u064e\u0646\u064e\u0651 \u0647\u064e\u0630\u064e\u0627 \u0627\u0644\u0623\u064e\u0645\u0652\u0631\u064e \u2013 \u062b\u064f\u0645\u064e\u0651 \u064a\u064f\u0633\u064e\u0645\u0650\u0651\u064a \u062d\u064e\u0627\u062c\u064e\u062a\u064e\u0647\u064f \u2013 \u062e\u064e\u064a\u0652\u0631\u064c \u0644\u0650\u064a \u0641\u0650\u064a \u062f\u0650\u064a\u0646\u0650\u064a \u0648\u064e \u0645\u064e\u0639\u064e\u0627\u0634\u0650\u064a \u0648\u064e \u0639\u064e\u0627\u062c\u0650\u0644\u0650 \u0623\u064e\u0645\u0652\u0631\u0650\u064a \u0648\u064e \u0622\u062c\u0650\u0644\u0650\u0647\u0650 \u060c \u0641\u064e\u0627\u0642\u0652\u062f\u064f\u0631\u0652\u0647\u064f \u0644\u0650\u064a \u0648\u064e \u064a\u064e\u0633\u0650\u0651\u0631\u0652\u0647\u064f \u0644\u0650\u064a \u062b\u064f\u0645\u064e\u0651 \u0628\u064e\u0627\u0631\u0650\u0643\u0652 \u0644\u0650\u064a \u0641\u0650\u064a\u0647\u0650\u060c \u0648\u064e \u0625\u0650\u0646\u0652 \u0643\u064f\u0646\u0652\u062a\u064e \u062a\u064e\u0639\u0652\u0644\u064e\u0645\u064f \u0623\u064e\u0646\u064e\u0651 \u0647\u064e\u0630\u064e\u0627 \u0627\u0644\u0623\u064e\u0645\u0652\u0631\u064e \u0634\u064e\u0631\u064c\u0651 \u0644\u0650\u064a \u0641\u0650\u064a \u062f\u0650\u064a\u0646\u0650\u064a \u0648\u064e \u0645\u064e\u0639\u064e\u0627\u0634\u0650\u064a \u0648\u064e \u0639\u064e\u0627\u0642\u0650\u0628\u064e\u0629\u0650 \u0623\u064e\u0645\u0652\u0631\u0650\u064a\u060c \u0641\u064e\u0627\u0635\u0652\u0631\u0650\u0641\u0652\u0647\u064f \u0639\u064e\u0646\u0650\u0651\u064a \u0648\u064e \u0627\u0635\u0652\u0631\u0650\u0641\u0652\u0646\u0650\u064a \u0639\u064e\u0646\u0652\u0647\u064f \u0648\u064e \u0627\u0642\u0652\u062f\u064f\u0631\u0652 \u0644\u0650\u064a\u064e \u0627\u0644\u062e\u064e\u064a\u0652\u0631\u064e \u062d\u064e\u064a\u0652\u062b\u064f \u0643\u064e\u0627\u0646\u064e \u062b\u064f\u0645\u064e\u0651 \u0623\u064e\u0631\u0652\u0636\u0650\u0646\u0650\u064a \u0628\u0650\u0647\u0650<\/p>\n\n\n\n<p><small><strong>Source: <\/strong>Mukhtasar Al-Bukh\u00e2r\u00ee n\u00b0 579.<\/small><\/p>\n\n\n\n<h2 class=\"wp-block-heading has-text-color\" style=\"color:#e2cdc1\"><span class=\"ez-toc-section\" id=\"Quand_faire_linvocation_de_la_salat_al_istikhara\"><\/span>Quand faire l&rsquo;invocation de la salat al istikhara ?<span class=\"ez-toc-section-end\"><\/span><\/h2>\n\n\n\n<p>Ce qui le plus r\u00e9pandu est qu\u2019il faut faire les deux unit\u00e9s de pri\u00e8re correspondant \u00e0 la pri\u00e8re de consultation, puis une fois termin\u00e9es, r\u00e9citer l\u2019invocation ci-dessus.<\/p>\n\n\n\n<p>Il est aussi vivement conseill\u00e9 de renouveler cette pri\u00e8re insha Allah.<\/p>\n\n\n\n<h2 class=\"wp-block-heading\"><span class=\"ez-toc-section\" id=\"Quelle_tenue_porter_pour_la_priere_de_consultation\"><\/span>Quelle tenue porter pour la pri\u00e8re de consultation?<span class=\"ez-toc-section-end\"><\/span><\/h2>\n\n\n\n<p>En tant que musulman, il est primordial de rev\u00eatir une tenue parfaite pour prier telle une <a href=\"https:\/\/neyssa-shop.com\/fr\/155-abaya\" target=\"_blank\" rel=\"noreferrer noopener\">abaya femme<\/a> ou une <a href=\"https:\/\/neyssa-shop.com\/fr\/235-qamis\" target=\"_blank\" rel=\"noreferrer noopener\">qamis homme<\/a> par exemple. Ces tenues de pri\u00e8re r\u00e9pondent aux normes de pudeur qu&rsquo;il est recommand\u00e9 de respecter.<\/p>\n\n\n\n<p>Vous trouverez un vaste choix de tenues sur la <a href=\"https:\/\/neyssa-shop.com\/fr\/\">boutique Neyssa.<\/a><\/p>\n\n\n\n<p><\/p>\n\n\n\n<div class=\"wp-block-columns is-layout-flex wp-container-core-columns-is-layout-1 wp-block-columns-is-layout-flex\">\n<div class=\"wp-block-column is-layout-flow wp-block-column-is-layout-flow\">\n<figure class=\"wp-block-embed is-type-wp-embed is-provider-neyssa-le-blog wp-block-embed-neyssa-le-blog\"><div class=\"wp-block-embed__wrapper\">\n<blockquote class=\"wp-embedded-content\" data-secret=\"vyDUS02zvY\"><a href=\"https:\/\/neyssa-shop.com\/blog\/invocation-a-dire-au-malade\/\">invocation malade citadelle<\/a><\/blockquote><iframe class=\"wp-embedded-content\" sandbox=\"allow-scripts\" security=\"restricted\" style=\"position: absolute; visibility: hidden;\" title=\"\u00ab\u00a0invocation malade citadelle\u00a0\u00bb &#8212; Neyssa le blog\" src=\"https:\/\/neyssa-shop.com\/blog\/invocation-a-dire-au-malade\/embed\/#?secret=PxgaUH2bLP#?secret=vyDUS02zvY\" data-secret=\"vyDUS02zvY\" width=\"600\" height=\"338\" frameborder=\"0\" marginwidth=\"0\" marginheight=\"0\" scrolling=\"no\"><\/iframe>\n<\/div><\/figure>\n<\/div>\n\n\n\n<div class=\"wp-block-column is-layout-flow wp-block-column-is-layout-flow\">\n<figure class=\"wp-block-embed is-type-wp-embed is-provider-neyssa-le-blog wp-block-embed-neyssa-le-blog\"><div class=\"wp-block-embed__wrapper\">\n<blockquote class=\"wp-embedded-content\" data-secret=\"Qn430XOhPF\"><a href=\"https:\/\/neyssa-shop.com\/blog\/invocations-douas-mariage\/\">Invocations (dou&rsquo;as) Mariage<\/a><\/blockquote><iframe class=\"wp-embedded-content\" sandbox=\"allow-scripts\" security=\"restricted\" style=\"position: absolute; visibility: hidden;\" title=\"\u00ab\u00a0Invocations (dou&rsquo;as) Mariage\u00a0\u00bb &#8212; Neyssa le blog\" src=\"https:\/\/neyssa-shop.com\/blog\/invocations-douas-mariage\/embed\/#?secret=j0svvDkt4J#?secret=Qn430XOhPF\" data-secret=\"Qn430XOhPF\" width=\"600\" height=\"338\" frameborder=\"0\" marginwidth=\"0\" marginheight=\"0\" scrolling=\"no\"><\/iframe>\n<\/div><\/figure>\n<\/div>\n\n\n\n<div class=\"wp-block-column is-layout-flow wp-block-column-is-layout-flow\">\n<figure class=\"wp-block-embed is-type-wp-embed is-provider-neyssa-le-blog wp-block-embed-neyssa-le-blog\"><div class=\"wp-block-embed__wrapper\">\n<blockquote class=\"wp-embedded-content\" data-secret=\"qrzZO3BHpR\"><a href=\"https:\/\/neyssa-shop.com\/blog\/invocation-pour-une-naissance\/\">Invocation pour une naissance<\/a><\/blockquote><iframe class=\"wp-embedded-content\" sandbox=\"allow-scripts\" security=\"restricted\" style=\"position: absolute; visibility: hidden;\" title=\"\u00ab\u00a0Invocation pour une naissance\u00a0\u00bb &#8212; Neyssa le blog\" src=\"https:\/\/neyssa-shop.com\/blog\/invocation-pour-une-naissance\/embed\/#?secret=8nSqZv5wyu#?secret=qrzZO3BHpR\" data-secret=\"qrzZO3BHpR\" width=\"600\" height=\"338\" frameborder=\"0\" marginwidth=\"0\" marginheight=\"0\" scrolling=\"no\"><\/iframe>\n<\/div><\/figure>\n<\/div>\n<\/div>\n\n\n\n<p><\/p>\n\n\n\n<p><\/p>\n\n\n\n<p><\/p>\n","protected":false},"excerpt":{"rendered":"<p>La pri\u00e8re de consultation ou encore la salat istikhara en arabe est une \u00e9tape tr\u00e8s importante quand nous avons des choses \u00e0 entreprendre au cours de la vie. Projet de mariage, de commerce, d&rsquo;achat d&rsquo;un bien ou encore \u00e9tudes&#8230;Ce n&rsquo;est pas une pri\u00e8re obligatoire mais vivement recommand\u00e9e quand on souhaite s&rsquo;engager dans un projet. Il&#8230;<\/p>\n<p><a class=\"more-link\" href=\"https:\/\/neyssa-shop.com\/blog\/la-priere-de-consultation\/\">En <em>savoir<\/em> plus<\/a><\/p>\n","protected":false},"author":1,"featured_media":5340,"parent":0,"menu_order":0,"comment_status":"closed","ping_status":"closed","template":"","meta":{"_genesis_hide_title":false,"_genesis_hide_breadcrumbs":false,"_genesis_hide_singular_image":false,"_genesis_hide_footer_widgets":false,"_genesis_custom_body_class":"","_genesis_custom_post_class":"","_genesis_layout":"","footnotes":""},"class_list":{"0":"post-5338","1":"page","2":"type-page","3":"status-publish","4":"has-post-thumbnail","6":"entry"},"yoast_head":"<!-- This site is optimized with the Yoast SEO plugin v26.8 - https:\/\/yoast.com\/product\/yoast-seo-wordpress\/ -->\n<title>La pri\u00e8re de consultation<\/title>\n<meta name=\"description\" content=\"La pri\u00e8re de consultation, l&#039;invocation n\u00e9cessaire pour prendre une d\u00e9cision, quand faut t il la faire? Et comment la faire?\" \/>\n<meta name=\"robots\" content=\"index, follow, max-snippet:-1, max-image-preview:large, max-video-preview:-1\" \/>\n<link rel=\"canonical\" href=\"https:\/\/neyssa-shop.com\/blog\/la-priere-de-consultation\/\" \/>\n<meta property=\"og:locale\" content=\"fr_FR\" \/>\n<meta property=\"og:type\" content=\"article\" \/>\n<meta property=\"og:title\" content=\"La pri\u00e8re de consultation\" \/>\n<meta property=\"og:description\" content=\"La pri\u00e8re de consultation, l&#039;invocation n\u00e9cessaire pour prendre une d\u00e9cision, quand faut t il la faire? Et comment la faire?\" \/>\n<meta property=\"og:url\" content=\"https:\/\/neyssa-shop.com\/blog\/la-priere-de-consultation\/\" \/>\n<meta property=\"og:site_name\" content=\"Neyssa le blog\" \/>\n<meta property=\"article:publisher\" content=\"https:\/\/www.facebook.com\/neyssashop\/\" \/>\n<meta property=\"article:modified_time\" content=\"2026-01-13T08:51:11+00:00\" \/>\n<meta property=\"og:image\" content=\"https:\/\/neyssa-shop.com\/blog\/wp-content\/uploads\/2022\/09\/priere_de_consultation.jpg\" \/>\n\t<meta property=\"og:image:width\" content=\"1600\" \/>\n\t<meta property=\"og:image:height\" content=\"1067\" \/>\n\t<meta property=\"og:image:type\" content=\"image\/jpeg\" \/>\n<meta name=\"twitter:card\" content=\"summary_large_image\" \/>\n<meta name=\"twitter:site\" content=\"@neyssashop\" \/>\n<meta name=\"twitter:label1\" content=\"Dur\u00e9e de lecture estim\u00e9e\" \/>\n\t<meta name=\"twitter:data1\" content=\"2 minutes\" \/>\n<script type=\"application\/ld+json\" class=\"yoast-schema-graph\">{\"@context\":\"https:\/\/schema.org\",\"@graph\":[{\"@type\":\"WebPage\",\"@id\":\"https:\/\/neyssa-shop.com\/blog\/la-priere-de-consultation\/\",\"url\":\"https:\/\/neyssa-shop.com\/blog\/la-priere-de-consultation\/\",\"name\":\"La pri\u00e8re de consultation\",\"isPartOf\":{\"@id\":\"https:\/\/neyssa-shop.com\/blog\/#website\"},\"primaryImageOfPage\":{\"@id\":\"https:\/\/neyssa-shop.com\/blog\/la-priere-de-consultation\/#primaryimage\"},\"image\":{\"@id\":\"https:\/\/neyssa-shop.com\/blog\/la-priere-de-consultation\/#primaryimage\"},\"thumbnailUrl\":\"https:\/\/neyssa-shop.com\/blog\/wp-content\/uploads\/2022\/09\/priere_de_consultation.jpg\",\"datePublished\":\"2022-09-05T23:24:18+00:00\",\"dateModified\":\"2026-01-13T08:51:11+00:00\",\"description\":\"La pri\u00e8re de consultation, l'invocation n\u00e9cessaire pour prendre une d\u00e9cision, quand faut t il la faire? Et comment la faire?\",\"breadcrumb\":{\"@id\":\"https:\/\/neyssa-shop.com\/blog\/la-priere-de-consultation\/#breadcrumb\"},\"inLanguage\":\"fr-FR\",\"potentialAction\":[{\"@type\":\"ReadAction\",\"target\":[\"https:\/\/neyssa-shop.com\/blog\/la-priere-de-consultation\/\"]}]},{\"@type\":\"ImageObject\",\"inLanguage\":\"fr-FR\",\"@id\":\"https:\/\/neyssa-shop.com\/blog\/la-priere-de-consultation\/#primaryimage\",\"url\":\"https:\/\/neyssa-shop.com\/blog\/wp-content\/uploads\/2022\/09\/priere_de_consultation.jpg\",\"contentUrl\":\"https:\/\/neyssa-shop.com\/blog\/wp-content\/uploads\/2022\/09\/priere_de_consultation.jpg\",\"width\":1600,\"height\":1067},{\"@type\":\"BreadcrumbList\",\"@id\":\"https:\/\/neyssa-shop.com\/blog\/la-priere-de-consultation\/#breadcrumb\",\"itemListElement\":[{\"@type\":\"ListItem\",\"position\":1,\"name\":\"Accueil\",\"item\":\"https:\/\/neyssa-shop.com\/blog\/\"},{\"@type\":\"ListItem\",\"position\":2,\"name\":\"La pri\u00e8re de consultation\"}]},{\"@type\":\"WebSite\",\"@id\":\"https:\/\/neyssa-shop.com\/blog\/#website\",\"url\":\"https:\/\/neyssa-shop.com\/blog\/\",\"name\":\"Neyssa le blog\",\"description\":\"Un blog d\u00e9di\u00e9 \u00e0 la femme musulmane\",\"publisher\":{\"@id\":\"https:\/\/neyssa-shop.com\/blog\/#organization\"},\"potentialAction\":[{\"@type\":\"SearchAction\",\"target\":{\"@type\":\"EntryPoint\",\"urlTemplate\":\"https:\/\/neyssa-shop.com\/blog\/?s={search_term_string}\"},\"query-input\":{\"@type\":\"PropertyValueSpecification\",\"valueRequired\":true,\"valueName\":\"search_term_string\"}}],\"inLanguage\":\"fr-FR\"},{\"@type\":\"Organization\",\"@id\":\"https:\/\/neyssa-shop.com\/blog\/#organization\",\"name\":\"Neyssa Shop\",\"url\":\"https:\/\/neyssa-shop.com\/blog\/\",\"logo\":{\"@type\":\"ImageObject\",\"inLanguage\":\"fr-FR\",\"@id\":\"https:\/\/neyssa-shop.com\/blog\/#\/schema\/logo\/image\/\",\"url\":\"https:\/\/neyssa-shop.com\/blog\/wp-content\/uploads\/2021\/03\/neyssa-boutique-logo-1610747292.jpg\",\"contentUrl\":\"https:\/\/neyssa-shop.com\/blog\/wp-content\/uploads\/2021\/03\/neyssa-boutique-logo-1610747292.jpg\",\"width\":271,\"height\":70,\"caption\":\"Neyssa Shop\"},\"image\":{\"@id\":\"https:\/\/neyssa-shop.com\/blog\/#\/schema\/logo\/image\/\"},\"sameAs\":[\"https:\/\/www.facebook.com\/neyssashop\/\",\"https:\/\/x.com\/neyssashop\",\"https:\/\/www.instagram.com\/neyssa_shop\/\",\"https:\/\/www.pinterest.fr\/neyssa_shop\/_created\/\",\"https:\/\/www.youtube.com\/channel\/UCkQ9s8jXTLi2yVzyeugVAMg\"]}]}<\/script>\n<!-- \/ Yoast SEO plugin. -->","yoast_head_json":{"title":"La pri\u00e8re de consultation","description":"La pri\u00e8re de consultation, l'invocation n\u00e9cessaire pour prendre une d\u00e9cision, quand faut t il la faire? Et comment la faire?","robots":{"index":"index","follow":"follow","max-snippet":"max-snippet:-1","max-image-preview":"max-image-preview:large","max-video-preview":"max-video-preview:-1"},"canonical":"https:\/\/neyssa-shop.com\/blog\/la-priere-de-consultation\/","og_locale":"fr_FR","og_type":"article","og_title":"La pri\u00e8re de consultation","og_description":"La pri\u00e8re de consultation, l'invocation n\u00e9cessaire pour prendre une d\u00e9cision, quand faut t il la faire? Et comment la faire?","og_url":"https:\/\/neyssa-shop.com\/blog\/la-priere-de-consultation\/","og_site_name":"Neyssa le blog","article_publisher":"https:\/\/www.facebook.com\/neyssashop\/","article_modified_time":"2026-01-13T08:51:11+00:00","og_image":[{"width":1600,"height":1067,"url":"https:\/\/neyssa-shop.com\/blog\/wp-content\/uploads\/2022\/09\/priere_de_consultation.jpg","type":"image\/jpeg"}],"twitter_card":"summary_large_image","twitter_site":"@neyssashop","twitter_misc":{"Dur\u00e9e de lecture estim\u00e9e":"2 minutes"},"schema":{"@context":"https:\/\/schema.org","@graph":[{"@type":"WebPage","@id":"https:\/\/neyssa-shop.com\/blog\/la-priere-de-consultation\/","url":"https:\/\/neyssa-shop.com\/blog\/la-priere-de-consultation\/","name":"La pri\u00e8re de consultation","isPartOf":{"@id":"https:\/\/neyssa-shop.com\/blog\/#website"},"primaryImageOfPage":{"@id":"https:\/\/neyssa-shop.com\/blog\/la-priere-de-consultation\/#primaryimage"},"image":{"@id":"https:\/\/neyssa-shop.com\/blog\/la-priere-de-consultation\/#primaryimage"},"thumbnailUrl":"https:\/\/neyssa-shop.com\/blog\/wp-content\/uploads\/2022\/09\/priere_de_consultation.jpg","datePublished":"2022-09-05T23:24:18+00:00","dateModified":"2026-01-13T08:51:11+00:00","description":"La pri\u00e8re de consultation, l'invocation n\u00e9cessaire pour prendre une d\u00e9cision, quand faut t il la faire? Et comment la faire?","breadcrumb":{"@id":"https:\/\/neyssa-shop.com\/blog\/la-priere-de-consultation\/#breadcrumb"},"inLanguage":"fr-FR","potentialAction":[{"@type":"ReadAction","target":["https:\/\/neyssa-shop.com\/blog\/la-priere-de-consultation\/"]}]},{"@type":"ImageObject","inLanguage":"fr-FR","@id":"https:\/\/neyssa-shop.com\/blog\/la-priere-de-consultation\/#primaryimage","url":"https:\/\/neyssa-shop.com\/blog\/wp-content\/uploads\/2022\/09\/priere_de_consultation.jpg","contentUrl":"https:\/\/neyssa-shop.com\/blog\/wp-content\/uploads\/2022\/09\/priere_de_consultation.jpg","width":1600,"height":1067},{"@type":"BreadcrumbList","@id":"https:\/\/neyssa-shop.com\/blog\/la-priere-de-consultation\/#breadcrumb","itemListElement":[{"@type":"ListItem","position":1,"name":"Accueil","item":"https:\/\/neyssa-shop.com\/blog\/"},{"@type":"ListItem","position":2,"name":"La pri\u00e8re de consultation"}]},{"@type":"WebSite","@id":"https:\/\/neyssa-shop.com\/blog\/#website","url":"https:\/\/neyssa-shop.com\/blog\/","name":"Neyssa le blog","description":"Un blog d\u00e9di\u00e9 \u00e0 la femme musulmane","publisher":{"@id":"https:\/\/neyssa-shop.com\/blog\/#organization"},"potentialAction":[{"@type":"SearchAction","target":{"@type":"EntryPoint","urlTemplate":"https:\/\/neyssa-shop.com\/blog\/?s={search_term_string}"},"query-input":{"@type":"PropertyValueSpecification","valueRequired":true,"valueName":"search_term_string"}}],"inLanguage":"fr-FR"},{"@type":"Organization","@id":"https:\/\/neyssa-shop.com\/blog\/#organization","name":"Neyssa Shop","url":"https:\/\/neyssa-shop.com\/blog\/","logo":{"@type":"ImageObject","inLanguage":"fr-FR","@id":"https:\/\/neyssa-shop.com\/blog\/#\/schema\/logo\/image\/","url":"https:\/\/neyssa-shop.com\/blog\/wp-content\/uploads\/2021\/03\/neyssa-boutique-logo-1610747292.jpg","contentUrl":"https:\/\/neyssa-shop.com\/blog\/wp-content\/uploads\/2021\/03\/neyssa-boutique-logo-1610747292.jpg","width":271,"height":70,"caption":"Neyssa Shop"},"image":{"@id":"https:\/\/neyssa-shop.com\/blog\/#\/schema\/logo\/image\/"},"sameAs":["https:\/\/www.facebook.com\/neyssashop\/","https:\/\/x.com\/neyssashop","https:\/\/www.instagram.com\/neyssa_shop\/","https:\/\/www.pinterest.fr\/neyssa_shop\/_created\/","https:\/\/www.youtube.com\/channel\/UCkQ9s8jXTLi2yVzyeugVAMg"]}]}},"_links":{"self":[{"href":"https:\/\/neyssa-shop.com\/blog\/wp-json\/wp\/v2\/pages\/5338","targetHints":{"allow":["GET"]}}],"collection":[{"href":"https:\/\/neyssa-shop.com\/blog\/wp-json\/wp\/v2\/pages"}],"about":[{"href":"https:\/\/neyssa-shop.com\/blog\/wp-json\/wp\/v2\/types\/page"}],"author":[{"embeddable":true,"href":"https:\/\/neyssa-shop.com\/blog\/wp-json\/wp\/v2\/users\/1"}],"replies":[{"embeddable":true,"href":"https:\/\/neyssa-shop.com\/blog\/wp-json\/wp\/v2\/comments?post=5338"}],"version-history":[{"count":13,"href":"https:\/\/neyssa-shop.com\/blog\/wp-json\/wp\/v2\/pages\/5338\/revisions"}],"predecessor-version":[{"id":7933,"href":"https:\/\/neyssa-shop.com\/blog\/wp-json\/wp\/v2\/pages\/5338\/revisions\/7933"}],"wp:featuredmedia":[{"embeddable":true,"href":"https:\/\/neyssa-shop.com\/blog\/wp-json\/wp\/v2\/media\/5340"}],"wp:attachment":[{"href":"https:\/\/neyssa-shop.com\/blog\/wp-json\/wp\/v2\/media?parent=5338"}],"curies":[{"name":"wp","href":"https:\/\/api.w.org\/{rel}","templated":true}]}}