{"id":496,"date":"2016-11-08T06:57:12","date_gmt":"2016-11-08T06:57:12","guid":{"rendered":"http:\/\/demo.17thavenuedesigns.com\/eleanor\/?page_id=10"},"modified":"2017-02-12T11:41:01","modified_gmt":"2017-02-12T10:41:01","slug":"accueil","status":"publish","type":"page","link":"https:\/\/neyssa-shop.com\/blog\/content-sidebar\/accueil\/","title":{"rendered":"Acceuil"},"content":{"rendered":"<div id=\"ez-toc-container\" class=\"ez-toc-v2_0_72 counter-hierarchy ez-toc-counter ez-toc-grey ez-toc-container-direction\">\n<label for=\"ez-toc-cssicon-toggle-item-69fe131d06424\" class=\"ez-toc-cssicon-toggle-label\"><span class=\"\"><span class=\"eztoc-hide\" style=\"display:none;\">Toggle<\/span><span class=\"ez-toc-icon-toggle-span\"><svg style=\"fill: #999;color:#999\" xmlns=\"http:\/\/www.w3.org\/2000\/svg\" class=\"list-377408\" width=\"20px\" height=\"20px\" viewBox=\"0 0 24 24\" fill=\"none\"><path d=\"M6 6H4v2h2V6zm14 0H8v2h12V6zM4 11h2v2H4v-2zm16 0H8v2h12v-2zM4 16h2v2H4v-2zm16 0H8v2h12v-2z\" fill=\"currentColor\"><\/path><\/svg><svg style=\"fill: #999;color:#999\" class=\"arrow-unsorted-368013\" xmlns=\"http:\/\/www.w3.org\/2000\/svg\" width=\"10px\" height=\"10px\" viewBox=\"0 0 24 24\" version=\"1.2\" baseProfile=\"tiny\"><path d=\"M18.2 9.3l-6.2-6.3-6.2 6.3c-.2.2-.3.4-.3.7s.1.5.3.7c.2.2.4.3.7.3h11c.3 0 .5-.1.7-.3.2-.2.3-.5.3-.7s-.1-.5-.3-.7zM5.8 14.7l6.2 6.3 6.2-6.3c.2-.2.3-.5.3-.7s-.1-.5-.3-.7c-.2-.2-.4-.3-.7-.3h-11c-.3 0-.5.1-.7.3-.2.2-.3.5-.3.7s.1.5.3.7z\"\/><\/svg><\/span><\/span><\/label><input type=\"checkbox\"  id=\"ez-toc-cssicon-toggle-item-69fe131d06424\"  aria-label=\"Toggle\" \/><nav><ul class='ez-toc-list ez-toc-list-level-1 ' ><li class='ez-toc-page-1 ez-toc-heading-level-2'><a class=\"ez-toc-link ez-toc-heading-1\" href=\"https:\/\/neyssa-shop.com\/blog\/content-sidebar\/accueil\/#Bienvenue_chez_Neyssa_Shop_le_Blog\" title=\"Bienvenue chez Neyssa Shop, le Blog !\">Bienvenue chez Neyssa Shop, le Blog !<\/a><\/li><li class='ez-toc-page-1 ez-toc-heading-level-2'><a class=\"ez-toc-link ez-toc-heading-2\" href=\"https:\/\/neyssa-shop.com\/blog\/content-sidebar\/accueil\/#la_mode_mastour_pour_se_sentir_belle_et_se_faire_plaisir_tous_les_jours\" title=\"la mode mastour, pour se sentir belle et se faire plaisir tous les jours !\">la mode mastour, pour se sentir belle et se faire plaisir tous les jours !<\/a><\/li><li class='ez-toc-page-1 ez-toc-heading-level-2'><a class=\"ez-toc-link ez-toc-heading-3\" href=\"https:\/\/neyssa-shop.com\/blog\/content-sidebar\/accueil\/#Et_aujourdhui_notre_ambition_va_plus_loin_avec_ce_blog\" title=\"Et aujourd&rsquo;hui, notre ambition va plus loin avec ce blog.\">Et aujourd&rsquo;hui, notre ambition va plus loin avec ce blog.<\/a><\/li><\/ul><\/nav><\/div>\n<h2 class=\"western\"><span class=\"ez-toc-section\" id=\"Bienvenue_chez_Neyssa_Shop_le_Blog\"><\/span><span style=\"color: #993366;\">Bienvenue chez Neyssa Shop, le Blog !<\/span><span class=\"ez-toc-section-end\"><\/span><\/h2>\n<p>Neyssa Shop, boutique en ligne de v\u00eatements \u00e9thiques pour femmes musulmanes, vous ouvre ses portes de son blog. Vous ne savez plus comment vous habillez avec modestie ? Vos go\u00fbts en mati\u00e8re de mode vous emp\u00eachent de porter le Hijab tout en ayant de la classe et du chic ?<\/p>\n<p>Cet endroit est le lieu id\u00e9al pour vous. Vous \u00eates pr\u00eates, allez entrez !<\/p>\n<p>L&rsquo;\u00e9quipe enti\u00e8re souhaite la bienvenue \u00e0 toutes les femmes musulmanes autour d&rsquo;un th\u00e8me qui nous unit :<\/p>\n<h2><span class=\"ez-toc-section\" id=\"la_mode_mastour_pour_se_sentir_belle_et_se_faire_plaisir_tous_les_jours\"><\/span><span style=\"color: #993366;\">la mode mastour, pour se sentir belle et se faire plaisir tous les jours !<\/span><span class=\"ez-toc-section-end\"><\/span><\/h2>\n<p>Une histoire de longue date, n&rsquo;est-ce pas ?<\/p>\n<p>Depuis le d\u00e9but de l&rsquo;aventure, Neyssa Shop, a mis toute son \u00e9nergie pour pr\u00e9senter \u00e0 ses fid\u00e8les s\u0153urs des tenues de grande qualit\u00e9, issues d&rsquo;ateliers de confection toujours vari\u00e9s.<\/p>\n<p>La satisfaction d&rsquo;habiller les muslimates, jeunes et moins jeunes, en accord avec notre \u00e9thique islamique et sans sacrifier l&rsquo;\u00e9l\u00e9gance, nous a conquis. A l&rsquo;heure o\u00f9 la mode pudique est en vogue, Neyssa Shop est fier de conjuguer depuis plus de quatre ans l&rsquo;amour de notre magnifique religion \u00e0 un go\u00fbt prononc\u00e9 pour les habits fashion.<\/p>\n<p>La pratique de la modestie serait un caprice ?<\/p>\n<p>Non, chez nous, offrir une large gamme de v\u00eatements amples, mastour et modernes ne peut \u00eatre une mode, une tendance. C&rsquo;est un style de vie que nous partageons avec vous chaque jour.<\/p>\n<p>Du simple bonnet pratique ou accessoire malin \u00e0 la tenue parfaite pour travailler, sortir ou se rendre quelque part lorsque l&rsquo;on est invit\u00e9e, vous trouverez votre bonheur vestimentaire chez Neyssa Shop.<\/p>\n<h2><span class=\"ez-toc-section\" id=\"Et_aujourdhui_notre_ambition_va_plus_loin_avec_ce_blog\"><\/span><span style=\"color: #993366;\">Et aujourd&rsquo;hui, notre ambition va plus loin avec ce blog.<\/span><span class=\"ez-toc-section-end\"><\/span><\/h2>\n<p>D\u00e8s sa cr\u00e9ation en 2013, notre entreprise a voulu vous aider \u00e0 adopter un look \u00e0 la hauteur de l&rsquo;amour que vous portez aux valeurs de l&rsquo;islam. Nous proposions, et le faisons toujours, d&rsquo;acheter des articles divers capables de combler tous les go\u00fbts.<\/p>\n<p>D\u00e9sormais, nous vous aidons \u00e0 composer un style \u00e0 votre image avec ce blog et ses aspirations. Vous y trouverez pendant votre lecture :<\/p>\n<ul>\n<li>de nombreuses id\u00e9es de tenue pour chaque saison<\/li>\n<li>beaucoup de conseils pour porter le hijab en toutes occasions<\/li>\n<li>des astuces beaut\u00e9, d\u00e9co<\/li>\n<li>id\u00e9es de voyage<\/li>\n<\/ul>\n<p>Qu&rsquo;allons-nous vous apporter encore ?<\/p>\n<p>Sans parler des nombreuses nouveaut\u00e9s, nous serons \u00e0 votre \u00e9coute pour apporter des r\u00e9ponses \u00e0 toutes vos questions en rapport avec la mode Mastour, le Hijab et la mode tout court&#8230;bien-s\u00fbr !<\/p>\n<p>Ce blog, nous l&rsquo;avons ouvert pour vous ! Vous savez pourquoi ?<\/p>\n<p>Que vous portiez, mes s\u0153urs, le hijab, le niqab, le jilbeb ou m\u00eame encore aucun d&rsquo;eux, il est le v\u00f4tre!<\/p>\n<p>Nous avons envie que vous vous y sentiez chez vous, et nous y avons travaill\u00e9. Notre but : le rendre digne de la confiance que vous nous avez accord\u00e9e.<\/p>\n<p>Alors comment h\u00e9siter encore ?<\/p>\n<p>Posez vos questions sur tous les sujets qui vous pr\u00e9occupent ou vous passionnent. Donnez des suggestions pour am\u00e9liorer le site et le blog. Et surtout faites vivre par vos nombreux commentaires ce lieu de vie que nous avons pens\u00e9 pour servir votre bien-\u00eatre et vos r\u00eaves.<\/p>\n<p>Nous y avons mis tout notre c\u0153ur. Et nous souhaitons vous voir y prendre la place que vous m\u00e9ritez.<\/p>\n<p>Bonne navigation parmi nous !<\/p>\n<p>Et n&rsquo;oubliez pas : visitez, commentez et partagez nos id\u00e9es. Elles sont aussi les v\u00f4tres.<\/p>\n","protected":false},"excerpt":{"rendered":"<p>Bienvenue chez Neyssa Shop, le Blog ! Neyssa Shop, boutique en ligne de v\u00eatements \u00e9thiques pour femmes musulmanes, vous ouvre ses portes de son blog. Vous ne savez plus comment vous habillez avec modestie ? Vos go\u00fbts en mati\u00e8re de mode vous emp\u00eachent de porter le Hijab tout en ayant de la classe et du&#8230;<\/p>\n<p><a class=\"more-link\" href=\"https:\/\/neyssa-shop.com\/blog\/content-sidebar\/accueil\/\">En <em>savoir<\/em> plus<\/a><\/p>\n","protected":false},"author":1,"featured_media":0,"parent":59,"menu_order":0,"comment_status":"closed","ping_status":"closed","template":"page_blog.php","meta":{"_genesis_hide_title":false,"_genesis_hide_breadcrumbs":false,"_genesis_hide_singular_image":false,"_genesis_hide_footer_widgets":false,"_genesis_custom_body_class":"","_genesis_custom_post_class":"","_genesis_layout":"full-width-content","footnotes":""},"class_list":{"0":"post-496","1":"page","2":"type-page","3":"status-publish","5":"entry"},"yoast_head":"<!-- This site is optimized with the Yoast SEO plugin v26.8 - https:\/\/yoast.com\/product\/yoast-seo-wordpress\/ -->\n<title>Bienvenue sur le blog de votre boutique en ligne Neyssa Shop, sp\u00e9cialiste de la mode Mastour.<\/title>\n<meta name=\"description\" content=\"Bienvenue sur le blog de la boutique musulmane Neyssa shop. Si vous aimez la mode musulmane, les id\u00e9es look, la abaya le hijab le jilbab la tunique mastour\" \/>\n<meta name=\"robots\" content=\"index, follow, max-snippet:-1, max-image-preview:large, max-video-preview:-1\" \/>\n<link rel=\"canonical\" href=\"https:\/\/neyssa-shop.com\/blog\/content-sidebar\/accueil\/\" \/>\n<meta property=\"og:locale\" content=\"fr_FR\" \/>\n<meta property=\"og:type\" content=\"article\" \/>\n<meta property=\"og:title\" content=\"Bienvenue sur le blog de votre boutique en ligne Neyssa Shop, sp\u00e9cialiste de la mode Mastour.\" \/>\n<meta property=\"og:description\" content=\"Bienvenue sur le blog de la boutique musulmane Neyssa shop. Si vous aimez la mode musulmane, les id\u00e9es look, la abaya le hijab le jilbab la tunique mastour\" \/>\n<meta property=\"og:url\" content=\"https:\/\/neyssa-shop.com\/blog\/content-sidebar\/accueil\/\" \/>\n<meta property=\"og:site_name\" content=\"Neyssa le blog\" \/>\n<meta property=\"article:publisher\" content=\"https:\/\/www.facebook.com\/neyssashop\/\" \/>\n<meta property=\"article:modified_time\" content=\"2017-02-12T10:41:01+00:00\" \/>\n<meta name=\"twitter:card\" content=\"summary_large_image\" \/>\n<meta name=\"twitter:site\" content=\"@neyssashop\" \/>\n<meta name=\"twitter:label1\" content=\"Dur\u00e9e de lecture estim\u00e9e\" \/>\n\t<meta name=\"twitter:data1\" content=\"3 minutes\" \/>\n<script type=\"application\/ld+json\" class=\"yoast-schema-graph\">{\"@context\":\"https:\/\/schema.org\",\"@graph\":[{\"@type\":\"WebPage\",\"@id\":\"https:\/\/neyssa-shop.com\/blog\/content-sidebar\/accueil\/\",\"url\":\"https:\/\/neyssa-shop.com\/blog\/content-sidebar\/accueil\/\",\"name\":\"Bienvenue sur le blog de votre boutique en ligne Neyssa Shop, sp\u00e9cialiste de la mode Mastour.\",\"isPartOf\":{\"@id\":\"https:\/\/neyssa-shop.com\/blog\/#website\"},\"datePublished\":\"2016-11-08T06:57:12+00:00\",\"dateModified\":\"2017-02-12T10:41:01+00:00\",\"description\":\"Bienvenue sur le blog de la boutique musulmane Neyssa shop. Si vous aimez la mode musulmane, les id\u00e9es look, la abaya le hijab le jilbab la tunique mastour\",\"breadcrumb\":{\"@id\":\"https:\/\/neyssa-shop.com\/blog\/content-sidebar\/accueil\/#breadcrumb\"},\"inLanguage\":\"fr-FR\",\"potentialAction\":[{\"@type\":\"ReadAction\",\"target\":[\"https:\/\/neyssa-shop.com\/blog\/content-sidebar\/accueil\/\"]}]},{\"@type\":\"BreadcrumbList\",\"@id\":\"https:\/\/neyssa-shop.com\/blog\/content-sidebar\/accueil\/#breadcrumb\",\"itemListElement\":[{\"@type\":\"ListItem\",\"position\":1,\"name\":\"Accueil\",\"item\":\"https:\/\/neyssa-shop.com\/blog\/\"},{\"@type\":\"ListItem\",\"position\":2,\"name\":\"Content-Sidebar Page Layout\",\"item\":\"https:\/\/neyssa-shop.com\/blog\/content-sidebar\/\"},{\"@type\":\"ListItem\",\"position\":3,\"name\":\"Acceuil\"}]},{\"@type\":\"WebSite\",\"@id\":\"https:\/\/neyssa-shop.com\/blog\/#website\",\"url\":\"https:\/\/neyssa-shop.com\/blog\/\",\"name\":\"Neyssa le blog\",\"description\":\"Un blog d\u00e9di\u00e9 \u00e0 la femme musulmane\",\"publisher\":{\"@id\":\"https:\/\/neyssa-shop.com\/blog\/#organization\"},\"potentialAction\":[{\"@type\":\"SearchAction\",\"target\":{\"@type\":\"EntryPoint\",\"urlTemplate\":\"https:\/\/neyssa-shop.com\/blog\/?s={search_term_string}\"},\"query-input\":{\"@type\":\"PropertyValueSpecification\",\"valueRequired\":true,\"valueName\":\"search_term_string\"}}],\"inLanguage\":\"fr-FR\"},{\"@type\":\"Organization\",\"@id\":\"https:\/\/neyssa-shop.com\/blog\/#organization\",\"name\":\"Neyssa Shop\",\"url\":\"https:\/\/neyssa-shop.com\/blog\/\",\"logo\":{\"@type\":\"ImageObject\",\"inLanguage\":\"fr-FR\",\"@id\":\"https:\/\/neyssa-shop.com\/blog\/#\/schema\/logo\/image\/\",\"url\":\"https:\/\/neyssa-shop.com\/blog\/wp-content\/uploads\/2021\/03\/neyssa-boutique-logo-1610747292.jpg\",\"contentUrl\":\"https:\/\/neyssa-shop.com\/blog\/wp-content\/uploads\/2021\/03\/neyssa-boutique-logo-1610747292.jpg\",\"width\":271,\"height\":70,\"caption\":\"Neyssa Shop\"},\"image\":{\"@id\":\"https:\/\/neyssa-shop.com\/blog\/#\/schema\/logo\/image\/\"},\"sameAs\":[\"https:\/\/www.facebook.com\/neyssashop\/\",\"https:\/\/x.com\/neyssashop\",\"https:\/\/www.instagram.com\/neyssa_shop\/\",\"https:\/\/www.pinterest.fr\/neyssa_shop\/_created\/\",\"https:\/\/www.youtube.com\/channel\/UCkQ9s8jXTLi2yVzyeugVAMg\"]}]}<\/script>\n<!-- \/ Yoast SEO plugin. -->","yoast_head_json":{"title":"Bienvenue sur le blog de votre boutique en ligne Neyssa Shop, sp\u00e9cialiste de la mode Mastour.","description":"Bienvenue sur le blog de la boutique musulmane Neyssa shop. Si vous aimez la mode musulmane, les id\u00e9es look, la abaya le hijab le jilbab la tunique mastour","robots":{"index":"index","follow":"follow","max-snippet":"max-snippet:-1","max-image-preview":"max-image-preview:large","max-video-preview":"max-video-preview:-1"},"canonical":"https:\/\/neyssa-shop.com\/blog\/content-sidebar\/accueil\/","og_locale":"fr_FR","og_type":"article","og_title":"Bienvenue sur le blog de votre boutique en ligne Neyssa Shop, sp\u00e9cialiste de la mode Mastour.","og_description":"Bienvenue sur le blog de la boutique musulmane Neyssa shop. Si vous aimez la mode musulmane, les id\u00e9es look, la abaya le hijab le jilbab la tunique mastour","og_url":"https:\/\/neyssa-shop.com\/blog\/content-sidebar\/accueil\/","og_site_name":"Neyssa le blog","article_publisher":"https:\/\/www.facebook.com\/neyssashop\/","article_modified_time":"2017-02-12T10:41:01+00:00","twitter_card":"summary_large_image","twitter_site":"@neyssashop","twitter_misc":{"Dur\u00e9e de lecture estim\u00e9e":"3 minutes"},"schema":{"@context":"https:\/\/schema.org","@graph":[{"@type":"WebPage","@id":"https:\/\/neyssa-shop.com\/blog\/content-sidebar\/accueil\/","url":"https:\/\/neyssa-shop.com\/blog\/content-sidebar\/accueil\/","name":"Bienvenue sur le blog de votre boutique en ligne Neyssa Shop, sp\u00e9cialiste de la mode Mastour.","isPartOf":{"@id":"https:\/\/neyssa-shop.com\/blog\/#website"},"datePublished":"2016-11-08T06:57:12+00:00","dateModified":"2017-02-12T10:41:01+00:00","description":"Bienvenue sur le blog de la boutique musulmane Neyssa shop. Si vous aimez la mode musulmane, les id\u00e9es look, la abaya le hijab le jilbab la tunique mastour","breadcrumb":{"@id":"https:\/\/neyssa-shop.com\/blog\/content-sidebar\/accueil\/#breadcrumb"},"inLanguage":"fr-FR","potentialAction":[{"@type":"ReadAction","target":["https:\/\/neyssa-shop.com\/blog\/content-sidebar\/accueil\/"]}]},{"@type":"BreadcrumbList","@id":"https:\/\/neyssa-shop.com\/blog\/content-sidebar\/accueil\/#breadcrumb","itemListElement":[{"@type":"ListItem","position":1,"name":"Accueil","item":"https:\/\/neyssa-shop.com\/blog\/"},{"@type":"ListItem","position":2,"name":"Content-Sidebar Page Layout","item":"https:\/\/neyssa-shop.com\/blog\/content-sidebar\/"},{"@type":"ListItem","position":3,"name":"Acceuil"}]},{"@type":"WebSite","@id":"https:\/\/neyssa-shop.com\/blog\/#website","url":"https:\/\/neyssa-shop.com\/blog\/","name":"Neyssa le blog","description":"Un blog d\u00e9di\u00e9 \u00e0 la femme musulmane","publisher":{"@id":"https:\/\/neyssa-shop.com\/blog\/#organization"},"potentialAction":[{"@type":"SearchAction","target":{"@type":"EntryPoint","urlTemplate":"https:\/\/neyssa-shop.com\/blog\/?s={search_term_string}"},"query-input":{"@type":"PropertyValueSpecification","valueRequired":true,"valueName":"search_term_string"}}],"inLanguage":"fr-FR"},{"@type":"Organization","@id":"https:\/\/neyssa-shop.com\/blog\/#organization","name":"Neyssa Shop","url":"https:\/\/neyssa-shop.com\/blog\/","logo":{"@type":"ImageObject","inLanguage":"fr-FR","@id":"https:\/\/neyssa-shop.com\/blog\/#\/schema\/logo\/image\/","url":"https:\/\/neyssa-shop.com\/blog\/wp-content\/uploads\/2021\/03\/neyssa-boutique-logo-1610747292.jpg","contentUrl":"https:\/\/neyssa-shop.com\/blog\/wp-content\/uploads\/2021\/03\/neyssa-boutique-logo-1610747292.jpg","width":271,"height":70,"caption":"Neyssa Shop"},"image":{"@id":"https:\/\/neyssa-shop.com\/blog\/#\/schema\/logo\/image\/"},"sameAs":["https:\/\/www.facebook.com\/neyssashop\/","https:\/\/x.com\/neyssashop","https:\/\/www.instagram.com\/neyssa_shop\/","https:\/\/www.pinterest.fr\/neyssa_shop\/_created\/","https:\/\/www.youtube.com\/channel\/UCkQ9s8jXTLi2yVzyeugVAMg"]}]}},"_links":{"self":[{"href":"https:\/\/neyssa-shop.com\/blog\/wp-json\/wp\/v2\/pages\/496","targetHints":{"allow":["GET"]}}],"collection":[{"href":"https:\/\/neyssa-shop.com\/blog\/wp-json\/wp\/v2\/pages"}],"about":[{"href":"https:\/\/neyssa-shop.com\/blog\/wp-json\/wp\/v2\/types\/page"}],"author":[{"embeddable":true,"href":"https:\/\/neyssa-shop.com\/blog\/wp-json\/wp\/v2\/users\/1"}],"replies":[{"embeddable":true,"href":"https:\/\/neyssa-shop.com\/blog\/wp-json\/wp\/v2\/comments?post=496"}],"version-history":[{"count":7,"href":"https:\/\/neyssa-shop.com\/blog\/wp-json\/wp\/v2\/pages\/496\/revisions"}],"predecessor-version":[{"id":941,"href":"https:\/\/neyssa-shop.com\/blog\/wp-json\/wp\/v2\/pages\/496\/revisions\/941"}],"up":[{"embeddable":true,"href":"https:\/\/neyssa-shop.com\/blog\/wp-json\/wp\/v2\/pages\/59"}],"wp:attachment":[{"href":"https:\/\/neyssa-shop.com\/blog\/wp-json\/wp\/v2\/media?parent=496"}],"curies":[{"name":"wp","href":"https:\/\/api.w.org\/{rel}","templated":true}]}}