{"id":4830,"date":"2022-05-13T14:36:37","date_gmt":"2022-05-13T12:36:37","guid":{"rendered":"https:\/\/neyssa-shop.com\/blog\/?page_id=4830"},"modified":"2023-12-23T12:17:25","modified_gmt":"2023-12-23T11:17:25","slug":"burkini-origine-et-histoire","status":"publish","type":"page","link":"https:\/\/neyssa-shop.com\/blog\/burkini-origine-et-histoire\/","title":{"rendered":"Burkini : origine et histoire"},"content":{"rendered":"\n<figure class=\"wp-block-image size-large is-resized is-style-rounded\"><img fetchpriority=\"high\" decoding=\"async\" src=\"https:\/\/neyssa-shop.com\/blog\/wp-content\/uploads\/2022\/06\/Burkini_neyssa-683x1024.jpg\" alt=\"\" class=\"wp-image-5021\" width=\"490\" height=\"734\" srcset=\"https:\/\/neyssa-shop.com\/blog\/wp-content\/uploads\/2022\/06\/Burkini_neyssa-683x1024.jpg 683w, https:\/\/neyssa-shop.com\/blog\/wp-content\/uploads\/2022\/06\/Burkini_neyssa-200x300.jpg 200w, https:\/\/neyssa-shop.com\/blog\/wp-content\/uploads\/2022\/06\/Burkini_neyssa-768x1152.jpg 768w, https:\/\/neyssa-shop.com\/blog\/wp-content\/uploads\/2022\/06\/Burkini_neyssa-1024x1536.jpg 1024w, https:\/\/neyssa-shop.com\/blog\/wp-content\/uploads\/2022\/06\/Burkini_neyssa-1365x2048.jpg 1365w, https:\/\/neyssa-shop.com\/blog\/wp-content\/uploads\/2022\/06\/Burkini_neyssa-750x1125.jpg 750w, https:\/\/neyssa-shop.com\/blog\/wp-content\/uploads\/2022\/06\/Burkini_neyssa.jpg 1600w\" sizes=\"(max-width: 490px) 100vw, 490px\" \/><\/figure>\n\n\n<div id=\"ez-toc-container\" class=\"ez-toc-v2_0_72 counter-hierarchy ez-toc-counter ez-toc-grey ez-toc-container-direction\">\n<label for=\"ez-toc-cssicon-toggle-item-69ea5d62c7374\" class=\"ez-toc-cssicon-toggle-label\"><span class=\"\"><span class=\"eztoc-hide\" style=\"display:none;\">Toggle<\/span><span class=\"ez-toc-icon-toggle-span\"><svg style=\"fill: #999;color:#999\" xmlns=\"http:\/\/www.w3.org\/2000\/svg\" class=\"list-377408\" width=\"20px\" height=\"20px\" viewBox=\"0 0 24 24\" fill=\"none\"><path d=\"M6 6H4v2h2V6zm14 0H8v2h12V6zM4 11h2v2H4v-2zm16 0H8v2h12v-2zM4 16h2v2H4v-2zm16 0H8v2h12v-2z\" fill=\"currentColor\"><\/path><\/svg><svg style=\"fill: #999;color:#999\" class=\"arrow-unsorted-368013\" xmlns=\"http:\/\/www.w3.org\/2000\/svg\" width=\"10px\" height=\"10px\" viewBox=\"0 0 24 24\" version=\"1.2\" baseProfile=\"tiny\"><path d=\"M18.2 9.3l-6.2-6.3-6.2 6.3c-.2.2-.3.4-.3.7s.1.5.3.7c.2.2.4.3.7.3h11c.3 0 .5-.1.7-.3.2-.2.3-.5.3-.7s-.1-.5-.3-.7zM5.8 14.7l6.2 6.3 6.2-6.3c.2-.2.3-.5.3-.7s-.1-.5-.3-.7c-.2-.2-.4-.3-.7-.3h-11c-.3 0-.5.1-.7.3-.2.2-.3.5-.3.7s.1.5.3.7z\"\/><\/svg><\/span><\/span><\/label><input type=\"checkbox\"  id=\"ez-toc-cssicon-toggle-item-69ea5d62c7374\"  aria-label=\"Toggle\" \/><nav><ul class='ez-toc-list ez-toc-list-level-1 ' ><li class='ez-toc-page-1 ez-toc-heading-level-1'><a class=\"ez-toc-link ez-toc-heading-1\" href=\"https:\/\/neyssa-shop.com\/blog\/burkini-origine-et-histoire\/#Tout_savoir_sur_lorigine_du_burkini_et_son_histoire_en_France_et_dans_le_monde\" title=\"Tout savoir sur l&rsquo;origine du burkini et son histoire en France et dans le monde\">Tout savoir sur l&rsquo;origine du burkini et son histoire en France et dans le monde<\/a><ul class='ez-toc-list-level-2' ><li class='ez-toc-heading-level-2'><a class=\"ez-toc-link ez-toc-heading-2\" href=\"https:\/\/neyssa-shop.com\/blog\/burkini-origine-et-histoire\/#Creation_du_premier_maillot_de_bain_pour_femmes_musulmanes\" title=\"Cr\u00e9ation du premier maillot de bain pour femmes musulmanes\">Cr\u00e9ation du premier maillot de bain pour femmes musulmanes<\/a><ul class='ez-toc-list-level-3' ><li class='ez-toc-heading-level-3'><a class=\"ez-toc-link ez-toc-heading-3\" href=\"https:\/\/neyssa-shop.com\/blog\/burkini-origine-et-histoire\/#A_la_genese_dun_maillot_de_bain_original_concu_pour_la_femme_musulmane\" title=\"\u00c0 la gen\u00e8se d&rsquo;un maillot de bain original con\u00e7u pour la femme musulmane\">\u00c0 la gen\u00e8se d&rsquo;un maillot de bain original con\u00e7u pour la femme musulmane<\/a><\/li><li class='ez-toc-page-1 ez-toc-heading-level-3'><a class=\"ez-toc-link ez-toc-heading-4\" href=\"https:\/\/neyssa-shop.com\/blog\/burkini-origine-et-histoire\/#Du_hijood_au_maillot_de_bain_burkini\" title=\"Du hijood au maillot de bain burkini\">Du hijood au maillot de bain burkini<\/a><\/li><li class='ez-toc-page-1 ez-toc-heading-level-3'><a class=\"ez-toc-link ez-toc-heading-5\" href=\"https:\/\/neyssa-shop.com\/blog\/burkini-origine-et-histoire\/#Le_burkini_et_le_marche_du_maillot_de_bain_islamique_pour_femme_musulmane\" title=\"Le burkini et le march\u00e9 du maillot de bain islamique pour femme musulmane\">Le burkini et le march\u00e9 du maillot de bain islamique pour femme musulmane<\/a><\/li><\/ul><\/li><li class='ez-toc-page-1 ez-toc-heading-level-2'><a class=\"ez-toc-link ez-toc-heading-6\" href=\"https:\/\/neyssa-shop.com\/blog\/burkini-origine-et-histoire\/#Burkini_et_accueil_de_la_societe_entre_polemique_et_adhesion_du_public\" title=\"Burkini et accueil de la soci\u00e9t\u00e9 : entre pol\u00e9mique et adh\u00e9sion du public\">Burkini et accueil de la soci\u00e9t\u00e9 : entre pol\u00e9mique et adh\u00e9sion du public<\/a><ul class='ez-toc-list-level-3' ><li class='ez-toc-heading-level-3'><a class=\"ez-toc-link ez-toc-heading-7\" href=\"https:\/\/neyssa-shop.com\/blog\/burkini-origine-et-histoire\/#Interdiction_du_burkini_dans_certains_lieux_en_France_et_dans_le_monde\" title=\"Interdiction du burkini dans certains lieux en France et dans le monde\">Interdiction du burkini dans certains lieux en France et dans le monde<\/a><\/li><li class='ez-toc-page-1 ez-toc-heading-level-3'><a class=\"ez-toc-link ez-toc-heading-8\" href=\"https:\/\/neyssa-shop.com\/blog\/burkini-origine-et-histoire\/#Un_public_musulman_conquis_par_ce_maillot_pour_femme\" title=\"Un public musulman conquis par ce maillot pour femme\">Un public musulman conquis par ce maillot pour femme<\/a><\/li><\/ul><\/li><\/ul><\/li><\/ul><\/nav><\/div>\n<h1><span class=\"ez-toc-section\" id=\"Tout_savoir_sur_lorigine_du_burkini_et_son_histoire_en_France_et_dans_le_monde\"><\/span>Tout savoir sur l&rsquo;origine du burkini et son histoire en France et dans le monde<span class=\"ez-toc-section-end\"><\/span><\/h1>\n<p>Le maillot de bain <a href=\"https:\/\/neyssa-shop.com\/blog\/burkini\/\">burkini<\/a> occupe les plages et les piscines de nombreux pays dans le monde. Avant d&rsquo;\u00eatre aussi r\u00e9pandu, ce v\u00eatement islamique a d\u00fb se faire un nom et une place dans la mode et au sein de la soci\u00e9t\u00e9. Remontons le temps jusqu&rsquo;\u00e0 l&rsquo;<strong>origine du burkini<\/strong> et explorons les p\u00e9rip\u00e9ties que ce v\u00eatement a pu rencontrer lors de sa commercialisation.<\/p>\n<p>\u00a0<\/p>\n<h2><span class=\"ez-toc-section\" id=\"Creation_du_premier_maillot_de_bain_pour_femmes_musulmanes\"><\/span>Cr\u00e9ation du premier maillot de bain pour femmes musulmanes<span class=\"ez-toc-section-end\"><\/span><\/h2>\n<p>Au c\u0153ur de la pol\u00e9mique au moment de sa sortie, le <strong>burkini est maintenant pr\u00e9sent sur bon nombre de plages<\/strong> ou de piscines. De nombreuses femmes le portent dans le monde avec fiert\u00e9. Sport nautique, baignade en mer ou \u00e0 la piscine, farniente \u00e0 la plage : ce v\u00eatement islamique leur donne l&rsquo;opportunit\u00e9 de profiter de tout. Une chose est s\u00fbre : la pr\u00e9sence du burkini dans les ann\u00e9es \u00e0 venir. Il occupe m\u00eame dor\u00e9navant les podiums, acqu\u00e9rant ainsi ses lettres de noblesse dans le microcosme de la mode.<\/p>\n<p>\u00a0<\/p>\n<h3><span class=\"ez-toc-section\" id=\"A_la_genese_dun_maillot_de_bain_original_concu_pour_la_femme_musulmane\"><\/span>\u00c0 la gen\u00e8se d&rsquo;un maillot de bain original con\u00e7u pour la femme musulmane<span class=\"ez-toc-section-end\"><\/span><\/h3>\n<p>C&rsquo;est en 2004, <strong>\u00e0 Sydney en Australie<\/strong>, que le maillot de bain burkini voit le jour. On le doit \u00e0 une cr\u00e9atrice australienne d&rsquo;origine libanaise : Aheda Zanetti. La cr\u00e9atrice a une r\u00e9v\u00e9lation en voyant sa ni\u00e8ce jouer \u00e0 un jeu de balle. La petite fille peinait \u00e0 pratiquer son sport tout en \u00e9tant \u00e0 l&rsquo;aise avec son voile. Aheda Zanetti fait rapidement un constat simple. Il n&rsquo;existe <strong>aucun v\u00eatement adapt\u00e9 \u00e0 la pratique du sport <\/strong>pour la femme musulmane. Un cr\u00e9neau est clairement \u00e0 prendre sur le march\u00e9 des v\u00eatements islamiques. Aheda Zanetti d\u00e9cide alors de s&rsquo;en emparer.<\/p>\n<h3><span class=\"ez-toc-section\" id=\"Du_hijood_au_maillot_de_bain_burkini\"><\/span>Du hijood au maillot de bain burkini<span class=\"ez-toc-section-end\"><\/span><\/h3>\n<p>La cr\u00e9atrice imagine tout d&rsquo;abord le hijood. Il s&rsquo;agit d&rsquo;un voile hijab \u00e0 l&rsquo;allure de capuche. Il permet \u00e0 la femme musulmane de <strong>faire du sport sans crainte de perdre son voile<\/strong>. Aheda Zanetti vit en Australie, un pays dans lequel les activit\u00e9s aquatiques sont une pratique courante. L&rsquo;id\u00e9e de d\u00e9cliner le hijood en un v\u00eatement adapt\u00e9 \u00e0 la nage et aux sports nautiques appara\u00eet tr\u00e8s vite. C&rsquo;est ainsi que na\u00eet le burkini, contraction de burqa et de bikini.<\/p>\n<h3><span class=\"ez-toc-section\" id=\"Le_burkini_et_le_marche_du_maillot_de_bain_islamique_pour_femme_musulmane\"><\/span>Le burkini et le march\u00e9 du maillot de bain islamique pour femme musulmane<span class=\"ez-toc-section-end\"><\/span><\/h3>\n<p>La cr\u00e9atrice australienne monte alors sa propre soci\u00e9t\u00e9, qu&rsquo;elle baptise Ahiida. C&rsquo;est <strong>en 2004 qu&rsquo;elle d\u00e9pose le brevet<\/strong> de son v\u00eatement innovant. Le burkini est alors pr\u00eat \u00e0 \u00eatre commercialis\u00e9. Deux ann\u00e9es plus tard, Aheda Zanetti d\u00e9pose \u00e9galement les noms de burkini et burqini. Le maillot de bain burkini est <strong>pr\u00eat \u00e0 conqu\u00e9rir le monde<\/strong> entier. Il est maintenant distribu\u00e9 par de grandes marques de v\u00eatements. Certaines grandes enseignes, de mat\u00e9riel de sport notamment, ont commercialis\u00e9 leur propre version du burkini.<\/p>\n<h2><span class=\"ez-toc-section\" id=\"Burkini_et_accueil_de_la_societe_entre_polemique_et_adhesion_du_public\"><\/span>Burkini et accueil de la soci\u00e9t\u00e9 : entre pol\u00e9mique et adh\u00e9sion du public<span class=\"ez-toc-section-end\"><\/span><\/h2>\n<p>Lors de son apparition sur le march\u00e9, le burkini a \u00e9t\u00e9 accueilli de mani\u00e8re tr\u00e8s diff\u00e9rente. Certains pays l&rsquo;ont int\u00e9gr\u00e9 rapidement et naturellement dans leurs m\u0153urs. Cependant, cela a \u00e9t\u00e9 plus compliqu\u00e9 pour d&rsquo;autres parties du monde. Les <strong>d\u00e9tracteurs du burkini<\/strong> affirment que cette tenue entrave la libert\u00e9 de la femme et nuit au concept de la\u00efcit\u00e9. Une autre partie de la population attendait l&rsquo;arriv\u00e9e du burkini avec impatience. Il correspond pour eux \u00e0 une <strong>libert\u00e9 pour la femme<\/strong> de pratiquer le sport et la baignade sans contrainte.<\/p>\n<h3><span class=\"ez-toc-section\" id=\"Interdiction_du_burkini_dans_certains_lieux_en_France_et_dans_le_monde\"><\/span>Interdiction du burkini dans certains lieux en France et dans le monde<span class=\"ez-toc-section-end\"><\/span><\/h3>\n<p>En France, le maillot de bain burkini a \u00e9t\u00e9 au centre d&rsquo;une grande pol\u00e9mique. Le <strong>port du burkini<\/strong> a \u00e9t\u00e9 interdit par plus d&rsquo;un maire, notamment \u00e0 Cannes, \u00e0 Nice ou en Corse. Ces deux villes ont act\u00e9 une interdiction du port du burkini sur leurs plages. Le conseil municipal de Grenoble a pris la d\u00e9cision d&rsquo;interdire le burkini dans les piscines. Le burkini a re\u00e7u un <strong>accueil moins contrast\u00e9 dans les autres pays du monde<\/strong>. En Australie, au Royaume-Uni ou aux \u00c9tats-Unis, le port du burkini est mieux tol\u00e9r\u00e9 par l&rsquo;\u00c9tat, les institutions et l&rsquo;opinion publique.<\/p>\n<h3><span class=\"ez-toc-section\" id=\"Un_public_musulman_conquis_par_ce_maillot_pour_femme\"><\/span>Un public musulman conquis par ce maillot pour femme<span class=\"ez-toc-section-end\"><\/span><\/h3>\n<p>Les femmes musulmanes attendaient avec impatience ce maillot de bain qui respecte la loi musulmane. Le burkini pla\u00eet aux musulmanes, car il <strong>pr\u00e9serve le corps de la femme<\/strong>. Seuls son visage, ses mains et ses pieds sont apparents. Les ventes de burkinis ont connu un grand essor, que ce soit dans les pays arabes et musulmans ou sur le reste de la plan\u00e8te. Il pla\u00eet aux femmes de confession musulmane, mais aussi aux femmes qui souhaitent couvrir leur corps dans un souci de pudeur ou pour se prot\u00e9ger du soleil.<\/p>\n<p>D\u00e9couvrez aussi nos autres articles sur le burkini :<\/p>\n<p>\u00a0<\/p>\n<ul>\n<li><a href=\"https:\/\/neyssa-shop.com\/blog\/quest-ce-quun-burkini\/\">Qu&rsquo;est-ce qu&rsquo;un burkini ? <\/a><\/li>\n<li><a href=\"https:\/\/neyssa-shop.com\/blog\/pourquoi-porter-le-burkini\/\">Pourquoi porter le burkini ?<\/a><\/li>\n<li><a href=\"https:\/\/neyssa-shop.com\/blog\/comment-porter-le-burkini\/\">Comment porter le burkini ?<\/a><\/li>\n<li><a href=\"https:\/\/neyssa-shop.com\/blog\/prix-dun-burkini-pour-femme-musulmane\/\">Quel est le prix d&rsquo;un burkini<\/a> ?<\/li>\n<li><a href=\"https:\/\/neyssa-shop.com\/blog\/comment-choisir-son-burkini\/\">Choisir son burkini<\/a><\/li>\n<li><a href=\"https:\/\/neyssa-shop.com\/de\/174-burkini\">Burkini<\/a><\/li>\n<\/ul>\n\n\n\n\n<figure class=\"wp-block-gallery columns-1 is-cropped wp-block-gallery-1 is-layout-flex wp-block-gallery-is-layout-flex\"><ul class=\"blocks-gallery-grid\"><li class=\"blocks-gallery-item\"><figure><img decoding=\"async\" width=\"683\" height=\"1024\" src=\"https:\/\/neyssa-shop.com\/blog\/wp-content\/uploads\/2022\/05\/DSC_0009-Copier-1-683x1024.jpg\" alt=\"\" data-id=\"4836\" data-full-url=\"https:\/\/neyssa-shop.com\/blog\/wp-content\/uploads\/2022\/05\/DSC_0009-Copier-1.jpg\" data-link=\"https:\/\/neyssa-shop.com\/blog\/burkini-origine-et-histoire\/dsc_0009-copier-1\/\" class=\"wp-image-4836\" srcset=\"https:\/\/neyssa-shop.com\/blog\/wp-content\/uploads\/2022\/05\/DSC_0009-Copier-1-683x1024.jpg 683w, https:\/\/neyssa-shop.com\/blog\/wp-content\/uploads\/2022\/05\/DSC_0009-Copier-1-200x300.jpg 200w, https:\/\/neyssa-shop.com\/blog\/wp-content\/uploads\/2022\/05\/DSC_0009-Copier-1-768x1152.jpg 768w, https:\/\/neyssa-shop.com\/blog\/wp-content\/uploads\/2022\/05\/DSC_0009-Copier-1-1024x1536.jpg 1024w, https:\/\/neyssa-shop.com\/blog\/wp-content\/uploads\/2022\/05\/DSC_0009-Copier-1-1365x2048.jpg 1365w, https:\/\/neyssa-shop.com\/blog\/wp-content\/uploads\/2022\/05\/DSC_0009-Copier-1-750x1125.jpg 750w, https:\/\/neyssa-shop.com\/blog\/wp-content\/uploads\/2022\/05\/DSC_0009-Copier-1.jpg 1600w\" sizes=\"(max-width: 683px) 100vw, 683px\" \/><\/figure><\/li><\/ul><\/figure>\n\n\n\n<figure class=\"wp-block-gallery columns-0 is-cropped wp-block-gallery-2 is-layout-flex wp-block-gallery-is-layout-flex\"><ul class=\"blocks-gallery-grid\"><\/ul><\/figure>\n","protected":false},"excerpt":{"rendered":"<p>Tout savoir sur l&rsquo;origine du burkini et son histoire en France et dans le monde Le maillot de bain burkini occupe les plages et les piscines de nombreux pays dans le monde. Avant d&rsquo;\u00eatre aussi r\u00e9pandu, ce v\u00eatement islamique a d\u00fb se faire un nom et une place dans la mode et au sein de&#8230;<\/p>\n<p><a class=\"more-link\" href=\"https:\/\/neyssa-shop.com\/blog\/burkini-origine-et-histoire\/\">En <em>savoir<\/em> plus<\/a><\/p>\n","protected":false},"author":1,"featured_media":0,"parent":0,"menu_order":0,"comment_status":"closed","ping_status":"closed","template":"","meta":{"_genesis_hide_title":false,"_genesis_hide_breadcrumbs":false,"_genesis_hide_singular_image":false,"_genesis_hide_footer_widgets":false,"_genesis_custom_body_class":"","_genesis_custom_post_class":"","_genesis_layout":"","footnotes":""},"class_list":{"0":"post-4830","1":"page","2":"type-page","3":"status-publish","5":"entry"},"yoast_head":"<!-- This site is optimized with the Yoast SEO plugin v26.8 - https:\/\/yoast.com\/product\/yoast-seo-wordpress\/ -->\n<title>Burkini : origine et histoire<\/title>\n<meta name=\"description\" content=\"Partez \u00e0 la d\u00e9couverte de l&#039;origine du burkini. Comment est-il n\u00e9 ? Quel accueil lui a \u00e9t\u00e9 r\u00e9serv\u00e9 ? Vous saurez tout gr\u00e2ce \u00e0 cet article.\" \/>\n<meta name=\"robots\" content=\"index, follow, max-snippet:-1, max-image-preview:large, max-video-preview:-1\" \/>\n<link rel=\"canonical\" href=\"https:\/\/neyssa-shop.com\/blog\/burkini-origine-et-histoire\/\" \/>\n<meta property=\"og:locale\" content=\"fr_FR\" \/>\n<meta property=\"og:type\" content=\"article\" \/>\n<meta property=\"og:title\" content=\"Burkini : origine et histoire\" \/>\n<meta property=\"og:description\" content=\"Partez \u00e0 la d\u00e9couverte de l&#039;origine du burkini. Comment est-il n\u00e9 ? Quel accueil lui a \u00e9t\u00e9 r\u00e9serv\u00e9 ? Vous saurez tout gr\u00e2ce \u00e0 cet article.\" \/>\n<meta property=\"og:url\" content=\"https:\/\/neyssa-shop.com\/blog\/burkini-origine-et-histoire\/\" \/>\n<meta property=\"og:site_name\" content=\"Neyssa le blog\" \/>\n<meta property=\"article:publisher\" content=\"https:\/\/www.facebook.com\/neyssashop\/\" \/>\n<meta property=\"article:modified_time\" content=\"2023-12-23T11:17:25+00:00\" \/>\n<meta property=\"og:image\" content=\"https:\/\/neyssa-shop.com\/blog\/wp-content\/uploads\/2022\/06\/Burkini_neyssa-683x1024.jpg\" \/>\n<meta name=\"twitter:card\" content=\"summary_large_image\" \/>\n<meta name=\"twitter:site\" content=\"@neyssashop\" \/>\n<meta name=\"twitter:label1\" content=\"Dur\u00e9e de lecture estim\u00e9e\" \/>\n\t<meta name=\"twitter:data1\" content=\"5 minutes\" \/>\n<script type=\"application\/ld+json\" class=\"yoast-schema-graph\">{\"@context\":\"https:\/\/schema.org\",\"@graph\":[{\"@type\":\"WebPage\",\"@id\":\"https:\/\/neyssa-shop.com\/blog\/burkini-origine-et-histoire\/\",\"url\":\"https:\/\/neyssa-shop.com\/blog\/burkini-origine-et-histoire\/\",\"name\":\"Burkini : origine et histoire\",\"isPartOf\":{\"@id\":\"https:\/\/neyssa-shop.com\/blog\/#website\"},\"primaryImageOfPage\":{\"@id\":\"https:\/\/neyssa-shop.com\/blog\/burkini-origine-et-histoire\/#primaryimage\"},\"image\":{\"@id\":\"https:\/\/neyssa-shop.com\/blog\/burkini-origine-et-histoire\/#primaryimage\"},\"thumbnailUrl\":\"https:\/\/neyssa-shop.com\/blog\/wp-content\/uploads\/2022\/06\/Burkini_neyssa-683x1024.jpg\",\"datePublished\":\"2022-05-13T12:36:37+00:00\",\"dateModified\":\"2023-12-23T11:17:25+00:00\",\"description\":\"Partez \u00e0 la d\u00e9couverte de l'origine du burkini. Comment est-il n\u00e9 ? Quel accueil lui a \u00e9t\u00e9 r\u00e9serv\u00e9 ? Vous saurez tout gr\u00e2ce \u00e0 cet article.\",\"breadcrumb\":{\"@id\":\"https:\/\/neyssa-shop.com\/blog\/burkini-origine-et-histoire\/#breadcrumb\"},\"inLanguage\":\"fr-FR\",\"potentialAction\":[{\"@type\":\"ReadAction\",\"target\":[\"https:\/\/neyssa-shop.com\/blog\/burkini-origine-et-histoire\/\"]}]},{\"@type\":\"ImageObject\",\"inLanguage\":\"fr-FR\",\"@id\":\"https:\/\/neyssa-shop.com\/blog\/burkini-origine-et-histoire\/#primaryimage\",\"url\":\"https:\/\/neyssa-shop.com\/blog\/wp-content\/uploads\/2022\/06\/Burkini_neyssa.jpg\",\"contentUrl\":\"https:\/\/neyssa-shop.com\/blog\/wp-content\/uploads\/2022\/06\/Burkini_neyssa.jpg\",\"width\":1600,\"height\":2400},{\"@type\":\"BreadcrumbList\",\"@id\":\"https:\/\/neyssa-shop.com\/blog\/burkini-origine-et-histoire\/#breadcrumb\",\"itemListElement\":[{\"@type\":\"ListItem\",\"position\":1,\"name\":\"Accueil\",\"item\":\"https:\/\/neyssa-shop.com\/blog\/\"},{\"@type\":\"ListItem\",\"position\":2,\"name\":\"Burkini : origine et histoire\"}]},{\"@type\":\"WebSite\",\"@id\":\"https:\/\/neyssa-shop.com\/blog\/#website\",\"url\":\"https:\/\/neyssa-shop.com\/blog\/\",\"name\":\"Neyssa le blog\",\"description\":\"Un blog d\u00e9di\u00e9 \u00e0 la femme musulmane\",\"publisher\":{\"@id\":\"https:\/\/neyssa-shop.com\/blog\/#organization\"},\"potentialAction\":[{\"@type\":\"SearchAction\",\"target\":{\"@type\":\"EntryPoint\",\"urlTemplate\":\"https:\/\/neyssa-shop.com\/blog\/?s={search_term_string}\"},\"query-input\":{\"@type\":\"PropertyValueSpecification\",\"valueRequired\":true,\"valueName\":\"search_term_string\"}}],\"inLanguage\":\"fr-FR\"},{\"@type\":\"Organization\",\"@id\":\"https:\/\/neyssa-shop.com\/blog\/#organization\",\"name\":\"Neyssa Shop\",\"url\":\"https:\/\/neyssa-shop.com\/blog\/\",\"logo\":{\"@type\":\"ImageObject\",\"inLanguage\":\"fr-FR\",\"@id\":\"https:\/\/neyssa-shop.com\/blog\/#\/schema\/logo\/image\/\",\"url\":\"https:\/\/neyssa-shop.com\/blog\/wp-content\/uploads\/2021\/03\/neyssa-boutique-logo-1610747292.jpg\",\"contentUrl\":\"https:\/\/neyssa-shop.com\/blog\/wp-content\/uploads\/2021\/03\/neyssa-boutique-logo-1610747292.jpg\",\"width\":271,\"height\":70,\"caption\":\"Neyssa Shop\"},\"image\":{\"@id\":\"https:\/\/neyssa-shop.com\/blog\/#\/schema\/logo\/image\/\"},\"sameAs\":[\"https:\/\/www.facebook.com\/neyssashop\/\",\"https:\/\/x.com\/neyssashop\",\"https:\/\/www.instagram.com\/neyssa_shop\/\",\"https:\/\/www.pinterest.fr\/neyssa_shop\/_created\/\",\"https:\/\/www.youtube.com\/channel\/UCkQ9s8jXTLi2yVzyeugVAMg\"]}]}<\/script>\n<!-- \/ Yoast SEO plugin. -->","yoast_head_json":{"title":"Burkini : origine et histoire","description":"Partez \u00e0 la d\u00e9couverte de l'origine du burkini. Comment est-il n\u00e9 ? Quel accueil lui a \u00e9t\u00e9 r\u00e9serv\u00e9 ? Vous saurez tout gr\u00e2ce \u00e0 cet article.","robots":{"index":"index","follow":"follow","max-snippet":"max-snippet:-1","max-image-preview":"max-image-preview:large","max-video-preview":"max-video-preview:-1"},"canonical":"https:\/\/neyssa-shop.com\/blog\/burkini-origine-et-histoire\/","og_locale":"fr_FR","og_type":"article","og_title":"Burkini : origine et histoire","og_description":"Partez \u00e0 la d\u00e9couverte de l'origine du burkini. Comment est-il n\u00e9 ? Quel accueil lui a \u00e9t\u00e9 r\u00e9serv\u00e9 ? Vous saurez tout gr\u00e2ce \u00e0 cet article.","og_url":"https:\/\/neyssa-shop.com\/blog\/burkini-origine-et-histoire\/","og_site_name":"Neyssa le blog","article_publisher":"https:\/\/www.facebook.com\/neyssashop\/","article_modified_time":"2023-12-23T11:17:25+00:00","og_image":[{"url":"https:\/\/neyssa-shop.com\/blog\/wp-content\/uploads\/2022\/06\/Burkini_neyssa-683x1024.jpg","type":"","width":"","height":""}],"twitter_card":"summary_large_image","twitter_site":"@neyssashop","twitter_misc":{"Dur\u00e9e de lecture estim\u00e9e":"5 minutes"},"schema":{"@context":"https:\/\/schema.org","@graph":[{"@type":"WebPage","@id":"https:\/\/neyssa-shop.com\/blog\/burkini-origine-et-histoire\/","url":"https:\/\/neyssa-shop.com\/blog\/burkini-origine-et-histoire\/","name":"Burkini : origine et histoire","isPartOf":{"@id":"https:\/\/neyssa-shop.com\/blog\/#website"},"primaryImageOfPage":{"@id":"https:\/\/neyssa-shop.com\/blog\/burkini-origine-et-histoire\/#primaryimage"},"image":{"@id":"https:\/\/neyssa-shop.com\/blog\/burkini-origine-et-histoire\/#primaryimage"},"thumbnailUrl":"https:\/\/neyssa-shop.com\/blog\/wp-content\/uploads\/2022\/06\/Burkini_neyssa-683x1024.jpg","datePublished":"2022-05-13T12:36:37+00:00","dateModified":"2023-12-23T11:17:25+00:00","description":"Partez \u00e0 la d\u00e9couverte de l'origine du burkini. Comment est-il n\u00e9 ? Quel accueil lui a \u00e9t\u00e9 r\u00e9serv\u00e9 ? Vous saurez tout gr\u00e2ce \u00e0 cet article.","breadcrumb":{"@id":"https:\/\/neyssa-shop.com\/blog\/burkini-origine-et-histoire\/#breadcrumb"},"inLanguage":"fr-FR","potentialAction":[{"@type":"ReadAction","target":["https:\/\/neyssa-shop.com\/blog\/burkini-origine-et-histoire\/"]}]},{"@type":"ImageObject","inLanguage":"fr-FR","@id":"https:\/\/neyssa-shop.com\/blog\/burkini-origine-et-histoire\/#primaryimage","url":"https:\/\/neyssa-shop.com\/blog\/wp-content\/uploads\/2022\/06\/Burkini_neyssa.jpg","contentUrl":"https:\/\/neyssa-shop.com\/blog\/wp-content\/uploads\/2022\/06\/Burkini_neyssa.jpg","width":1600,"height":2400},{"@type":"BreadcrumbList","@id":"https:\/\/neyssa-shop.com\/blog\/burkini-origine-et-histoire\/#breadcrumb","itemListElement":[{"@type":"ListItem","position":1,"name":"Accueil","item":"https:\/\/neyssa-shop.com\/blog\/"},{"@type":"ListItem","position":2,"name":"Burkini : origine et histoire"}]},{"@type":"WebSite","@id":"https:\/\/neyssa-shop.com\/blog\/#website","url":"https:\/\/neyssa-shop.com\/blog\/","name":"Neyssa le blog","description":"Un blog d\u00e9di\u00e9 \u00e0 la femme musulmane","publisher":{"@id":"https:\/\/neyssa-shop.com\/blog\/#organization"},"potentialAction":[{"@type":"SearchAction","target":{"@type":"EntryPoint","urlTemplate":"https:\/\/neyssa-shop.com\/blog\/?s={search_term_string}"},"query-input":{"@type":"PropertyValueSpecification","valueRequired":true,"valueName":"search_term_string"}}],"inLanguage":"fr-FR"},{"@type":"Organization","@id":"https:\/\/neyssa-shop.com\/blog\/#organization","name":"Neyssa Shop","url":"https:\/\/neyssa-shop.com\/blog\/","logo":{"@type":"ImageObject","inLanguage":"fr-FR","@id":"https:\/\/neyssa-shop.com\/blog\/#\/schema\/logo\/image\/","url":"https:\/\/neyssa-shop.com\/blog\/wp-content\/uploads\/2021\/03\/neyssa-boutique-logo-1610747292.jpg","contentUrl":"https:\/\/neyssa-shop.com\/blog\/wp-content\/uploads\/2021\/03\/neyssa-boutique-logo-1610747292.jpg","width":271,"height":70,"caption":"Neyssa Shop"},"image":{"@id":"https:\/\/neyssa-shop.com\/blog\/#\/schema\/logo\/image\/"},"sameAs":["https:\/\/www.facebook.com\/neyssashop\/","https:\/\/x.com\/neyssashop","https:\/\/www.instagram.com\/neyssa_shop\/","https:\/\/www.pinterest.fr\/neyssa_shop\/_created\/","https:\/\/www.youtube.com\/channel\/UCkQ9s8jXTLi2yVzyeugVAMg"]}]}},"_links":{"self":[{"href":"https:\/\/neyssa-shop.com\/blog\/wp-json\/wp\/v2\/pages\/4830","targetHints":{"allow":["GET"]}}],"collection":[{"href":"https:\/\/neyssa-shop.com\/blog\/wp-json\/wp\/v2\/pages"}],"about":[{"href":"https:\/\/neyssa-shop.com\/blog\/wp-json\/wp\/v2\/types\/page"}],"author":[{"embeddable":true,"href":"https:\/\/neyssa-shop.com\/blog\/wp-json\/wp\/v2\/users\/1"}],"replies":[{"embeddable":true,"href":"https:\/\/neyssa-shop.com\/blog\/wp-json\/wp\/v2\/comments?post=4830"}],"version-history":[{"count":8,"href":"https:\/\/neyssa-shop.com\/blog\/wp-json\/wp\/v2\/pages\/4830\/revisions"}],"predecessor-version":[{"id":6875,"href":"https:\/\/neyssa-shop.com\/blog\/wp-json\/wp\/v2\/pages\/4830\/revisions\/6875"}],"wp:attachment":[{"href":"https:\/\/neyssa-shop.com\/blog\/wp-json\/wp\/v2\/media?parent=4830"}],"curies":[{"name":"wp","href":"https:\/\/api.w.org\/{rel}","templated":true}]}}