{"id":4829,"date":"2022-05-13T10:06:23","date_gmt":"2022-05-13T08:06:23","guid":{"rendered":"https:\/\/neyssa-shop.com\/blog\/?page_id=4829"},"modified":"2024-09-26T20:00:50","modified_gmt":"2024-09-26T18:00:50","slug":"pourquoi-porter-le-burkini","status":"publish","type":"page","link":"https:\/\/neyssa-shop.com\/blog\/pourquoi-porter-le-burkini\/","title":{"rendered":"Pourquoi porter le burkini ?"},"content":{"rendered":"<div id=\"ez-toc-container\" class=\"ez-toc-v2_0_72 counter-hierarchy ez-toc-counter ez-toc-grey ez-toc-container-direction\">\n<label for=\"ez-toc-cssicon-toggle-item-69d09842b35d2\" class=\"ez-toc-cssicon-toggle-label\"><span class=\"\"><span class=\"eztoc-hide\" style=\"display:none;\">Toggle<\/span><span class=\"ez-toc-icon-toggle-span\"><svg style=\"fill: #999;color:#999\" xmlns=\"http:\/\/www.w3.org\/2000\/svg\" class=\"list-377408\" width=\"20px\" height=\"20px\" viewBox=\"0 0 24 24\" fill=\"none\"><path d=\"M6 6H4v2h2V6zm14 0H8v2h12V6zM4 11h2v2H4v-2zm16 0H8v2h12v-2zM4 16h2v2H4v-2zm16 0H8v2h12v-2z\" fill=\"currentColor\"><\/path><\/svg><svg style=\"fill: #999;color:#999\" class=\"arrow-unsorted-368013\" xmlns=\"http:\/\/www.w3.org\/2000\/svg\" width=\"10px\" height=\"10px\" viewBox=\"0 0 24 24\" version=\"1.2\" baseProfile=\"tiny\"><path d=\"M18.2 9.3l-6.2-6.3-6.2 6.3c-.2.2-.3.4-.3.7s.1.5.3.7c.2.2.4.3.7.3h11c.3 0 .5-.1.7-.3.2-.2.3-.5.3-.7s-.1-.5-.3-.7zM5.8 14.7l6.2 6.3 6.2-6.3c.2-.2.3-.5.3-.7s-.1-.5-.3-.7c-.2-.2-.4-.3-.7-.3h-11c-.3 0-.5.1-.7.3-.2.2-.3.5-.3.7s.1.5.3.7z\"\/><\/svg><\/span><\/span><\/label><input type=\"checkbox\"  id=\"ez-toc-cssicon-toggle-item-69d09842b35d2\"  aria-label=\"Toggle\" \/><nav><ul class='ez-toc-list ez-toc-list-level-1 ' ><li class='ez-toc-page-1 ez-toc-heading-level-1'><a class=\"ez-toc-link ez-toc-heading-1\" href=\"https:\/\/neyssa-shop.com\/blog\/pourquoi-porter-le-burkini\/#A_la_plage_ou_a_la_piscine_pourquoi_porter_le_burkini\" title=\"\u00c0 la plage ou \u00e0 la piscine : pourquoi porter le burkini ?\">\u00c0 la plage ou \u00e0 la piscine : pourquoi porter le burkini ?<\/a><ul class='ez-toc-list-level-2' ><li class='ez-toc-heading-level-2'><a class=\"ez-toc-link ez-toc-heading-2\" href=\"https:\/\/neyssa-shop.com\/blog\/pourquoi-porter-le-burkini\/#Le_burkini_le_maillot_de_bain_adapte_a_la_femme_musulmane\" title=\"Le burkini : le maillot de bain adapt\u00e9 \u00e0 la femme musulmane\">Le burkini : le maillot de bain adapt\u00e9 \u00e0 la femme musulmane<\/a><\/li><li class='ez-toc-page-1 ez-toc-heading-level-2'><a class=\"ez-toc-link ez-toc-heading-3\" href=\"https:\/\/neyssa-shop.com\/blog\/pourquoi-porter-le-burkini\/#Le_burkini_un_maillot_adapte_pour_la_plage\" title=\"Le burkini : un maillot adapt\u00e9 pour la plage\">Le burkini : un maillot adapt\u00e9 pour la plage<\/a><ul class='ez-toc-list-level-3' ><li class='ez-toc-heading-level-3'><a class=\"ez-toc-link ez-toc-heading-4\" href=\"https:\/\/neyssa-shop.com\/blog\/pourquoi-porter-le-burkini\/#Le_port_du_burkini_offre_une_liberte_de_mouvement\" title=\"Le port du burkini offre une libert\u00e9 de mouvement\">Le port du burkini offre une libert\u00e9 de mouvement<\/a><\/li><li class='ez-toc-page-1 ez-toc-heading-level-3'><a class=\"ez-toc-link ez-toc-heading-5\" href=\"https:\/\/neyssa-shop.com\/blog\/pourquoi-porter-le-burkini\/#Le_burkini_un_maillot_de_bain_couvrant\" title=\"Le burkini, un maillot de bain couvrant\">Le burkini, un maillot de bain couvrant<\/a><\/li><\/ul><\/li><li class='ez-toc-page-1 ez-toc-heading-level-2'><a class=\"ez-toc-link ez-toc-heading-6\" href=\"https:\/\/neyssa-shop.com\/blog\/pourquoi-porter-le-burkini\/#Le_port_du_burkini_a_la_piscine\" title=\"Le port du burkini \u00e0 la piscine\">Le port du burkini \u00e0 la piscine<\/a><\/li><li class='ez-toc-page-1 ez-toc-heading-level-2'><a class=\"ez-toc-link ez-toc-heading-7\" href=\"https:\/\/neyssa-shop.com\/blog\/pourquoi-porter-le-burkini\/#Le_burkini_un_maillot_elegant_pour_femme\" title=\"Le burkini : un maillot \u00e9l\u00e9gant pour femme\">Le burkini : un maillot \u00e9l\u00e9gant pour femme<\/a><\/li><li class='ez-toc-page-1 ez-toc-heading-level-2'><a class=\"ez-toc-link ez-toc-heading-8\" href=\"https:\/\/neyssa-shop.com\/blog\/pourquoi-porter-le-burkini\/#Le_burkini_un_maillot_de_bain_aux_differents_styles\" title=\"Le burkini : un maillot de bain aux diff\u00e9rents styles\">Le burkini : un maillot de bain aux diff\u00e9rents styles<\/a><\/li><\/ul><\/li><\/ul><\/nav><\/div>\n<h1><span class=\"ez-toc-section\" id=\"A_la_plage_ou_a_la_piscine_pourquoi_porter_le_burkini\"><\/span>\u00c0 la plage ou \u00e0 la piscine : pourquoi porter le burkini ?<span class=\"ez-toc-section-end\"><\/span><\/h1>\n<p>Le <a href=\"https:\/\/neyssa-shop.com\/blog\/burkini\/\">burkini<\/a> est un ensemble de bain destin\u00e9 \u00e0 la femme musulmane d\u00e9sirant profiter des activit\u00e9s nautiques. Les <strong>raisons qui motivent les femmes musulmanes \u00e0 porter un burkini<\/strong> sont nombreuses. Il permet d&rsquo;avoir une tenue adapt\u00e9e pour des activit\u00e9s nautiques, d&rsquo;avoir un maillot de bain \u00e0 la fois hygi\u00e9nique et couvrant et \u00e9galement d&rsquo;avoir une tenue \u00e9l\u00e9gante.<\/p>\n<p><a href=\"https:\/\/neyssa-shop.com\/fr\/174-burkini\"><img fetchpriority=\"high\" decoding=\"async\" class=\"alignnone wp-image-5025 size-large\" src=\"https:\/\/neyssa-shop.com\/blog\/wp-content\/uploads\/2022\/06\/65242-683x1024.jpg\" alt=\"\" width=\"683\" height=\"1024\" srcset=\"https:\/\/neyssa-shop.com\/blog\/wp-content\/uploads\/2022\/06\/65242-683x1024.jpg 683w, https:\/\/neyssa-shop.com\/blog\/wp-content\/uploads\/2022\/06\/65242-200x300.jpg 200w, https:\/\/neyssa-shop.com\/blog\/wp-content\/uploads\/2022\/06\/65242-768x1152.jpg 768w, https:\/\/neyssa-shop.com\/blog\/wp-content\/uploads\/2022\/06\/65242-1024x1536.jpg 1024w, https:\/\/neyssa-shop.com\/blog\/wp-content\/uploads\/2022\/06\/65242-1365x2048.jpg 1365w, https:\/\/neyssa-shop.com\/blog\/wp-content\/uploads\/2022\/06\/65242-750x1125.jpg 750w, https:\/\/neyssa-shop.com\/blog\/wp-content\/uploads\/2022\/06\/65242.jpg 1600w\" sizes=\"(max-width: 683px) 100vw, 683px\" \/><\/a><\/p>\n<h2><span class=\"ez-toc-section\" id=\"Le_burkini_le_maillot_de_bain_adapte_a_la_femme_musulmane\"><\/span>Le burkini : le maillot de bain adapt\u00e9 \u00e0 la femme musulmane<span class=\"ez-toc-section-end\"><\/span><\/h2>\n<p>Porter le burkini pour les femmes musulmanes leur permet de se v\u00eatir d&rsquo;une tenue adapt\u00e9e. Une tenue r\u00e9pondant \u00e0 la fois au <strong>code vestimentaire islamique<\/strong>, mais \u00e9galement au milieu aquatique. Le port du burkini r\u00e9pond aux besoins de la femme musulmane en offrant une couvrance optimale. Ce maillot de bain sp\u00e9cialement <strong>con\u00e7u pour une utilisation dans l&rsquo;eau<\/strong> r\u00e9pond \u00e9galement aux exigences li\u00e9es \u00e0 l&rsquo;hygi\u00e8ne rencontr\u00e9es dans les piscines ou sur certaines plages. Le burkini permet d&rsquo;allier le respect des r\u00e8gles impos\u00e9es par l&rsquo;islam en termes de pudeur et le plaisir \u00e0 travers la pratique d&rsquo;activit\u00e9s nautiques.<\/p>\n<h2><span class=\"ez-toc-section\" id=\"Le_burkini_un_maillot_adapte_pour_la_plage\"><\/span>Le burkini : un maillot adapt\u00e9 pour la plage<span class=\"ez-toc-section-end\"><\/span><\/h2>\n<p>Porter un burkini sur les plages est tr\u00e8s appr\u00e9ci\u00e9 des femmes musulmanes. Ce maillot de bain couvrant permet aux femmes portant le voile islamique de se v\u00eatir d&rsquo;un <strong>v\u00eatement en conformit\u00e9 avec la pudeur que pr\u00f4ne l&rsquo;islam. <\/strong><\/p>\n<h3><span class=\"ez-toc-section\" id=\"Le_port_du_burkini_offre_une_liberte_de_mouvement\"><\/span>Le port du burkini offre une libert\u00e9 de mouvement<span class=\"ez-toc-section-end\"><\/span><\/h3>\n<p>Pour la nage ou les activit\u00e9s nautiques, il est essentiel de porter un v\u00eatement confortable. Le burkini est un v\u00eatement parfaitement adapt\u00e9 aux activit\u00e9s nautiques. Ceci en partie car il offre une <strong>bonne libert\u00e9 de mouvement. <\/strong>Ce maillot permet aux femmes de pratiquer des activit\u00e9s dans l&rsquo;eau avec une tenue parfaitement adapt\u00e9e.<\/p>\n<h3><span class=\"ez-toc-section\" id=\"Le_burkini_un_maillot_de_bain_couvrant\"><\/span>Le burkini, un maillot de bain couvrant<span class=\"ez-toc-section-end\"><\/span><\/h3>\n<p>Les diff\u00e9rentes activit\u00e9s aquatiques peuvent parfois secouer. Le burkini est un v\u00eatement sp\u00e9cialement <strong>con\u00e7u pour couvrir enti\u00e8rement le corps<\/strong> sans risquer d&rsquo;en d\u00e9voiler une partie lors d&rsquo;une quelconque activit\u00e9. Ce v\u00eatement est id\u00e9al, autant pour une balade sur la plage que pour une activit\u00e9 dans l&rsquo;eau.<\/p>\n<h2><span class=\"ez-toc-section\" id=\"Le_port_du_burkini_a_la_piscine\"><\/span>Le port du burkini \u00e0 la piscine<span class=\"ez-toc-section-end\"><\/span><\/h2>\n<p>Le burkini est un <strong>maillot de bain qui respecte les r\u00e8gles d&rsquo;hygi\u00e8ne<\/strong> exig\u00e9es dans les piscines. Ainsi, il est tout \u00e0 fait possible de porter un burkini \u00e0 la piscine. Le burkini est un maillot sp\u00e9cialement con\u00e7u pour \u00eatre au contact de l&rsquo;eau, qu&rsquo;elle soit chlor\u00e9e ou sal\u00e9e. Il permet alors aux femmes musulmanes de porter un v\u00eatement adapt\u00e9 et de pouvoir exercer toutes les activit\u00e9s nautiques disponibles \u00e0 la piscine.<\/p>\n<p><a href=\"https:\/\/neyssa-shop.com\/fr\/174-burkini\"><img decoding=\"async\" class=\"alignnone wp-image-5054 size-large\" src=\"https:\/\/neyssa-shop.com\/blog\/wp-content\/uploads\/2022\/06\/Burkini_neyssa-1-683x1024.jpg\" alt=\"\" width=\"683\" height=\"1024\" srcset=\"https:\/\/neyssa-shop.com\/blog\/wp-content\/uploads\/2022\/06\/Burkini_neyssa-1-683x1024.jpg 683w, https:\/\/neyssa-shop.com\/blog\/wp-content\/uploads\/2022\/06\/Burkini_neyssa-1-200x300.jpg 200w, https:\/\/neyssa-shop.com\/blog\/wp-content\/uploads\/2022\/06\/Burkini_neyssa-1-768x1152.jpg 768w, https:\/\/neyssa-shop.com\/blog\/wp-content\/uploads\/2022\/06\/Burkini_neyssa-1-1024x1536.jpg 1024w, https:\/\/neyssa-shop.com\/blog\/wp-content\/uploads\/2022\/06\/Burkini_neyssa-1-1365x2048.jpg 1365w, https:\/\/neyssa-shop.com\/blog\/wp-content\/uploads\/2022\/06\/Burkini_neyssa-1-750x1125.jpg 750w, https:\/\/neyssa-shop.com\/blog\/wp-content\/uploads\/2022\/06\/Burkini_neyssa-1.jpg 1600w\" sizes=\"(max-width: 683px) 100vw, 683px\" \/><\/a><\/p>\n<h2><span class=\"ez-toc-section\" id=\"Le_burkini_un_maillot_elegant_pour_femme\"><\/span>Le burkini : un maillot \u00e9l\u00e9gant pour femme<span class=\"ez-toc-section-end\"><\/span><\/h2>\n<p>En plus de la praticit\u00e9 qu&rsquo;offre le burkini, il n&rsquo;en demeure pas moins \u00e9l\u00e9gant. Ce maillot se d\u00e9cline en diff\u00e9rents mod\u00e8les. Cela permet de <strong>satisfaire les go\u00fbts et les styles<\/strong> de chacune des femmes. Gr\u00e2ce au burkini, il n&rsquo;est plus question d&rsquo;improviser une tenue plus ou moins adapt\u00e9e pour aller dans l&rsquo;eau. Les femmes disposent \u00e0 pr\u00e9sent d&rsquo;une <strong>tenue sp\u00e9cifique et adapt\u00e9e<\/strong> pour pouvoir profiter des activit\u00e9s nautiques et aquatiques au m\u00eame titre que tout le monde.<\/p>\n<h2><span class=\"ez-toc-section\" id=\"Le_burkini_un_maillot_de_bain_aux_differents_styles\"><\/span>Le burkini : un maillot de bain aux diff\u00e9rents styles<span class=\"ez-toc-section-end\"><\/span><\/h2>\n<p>L&rsquo;avantage du burkini est qu&rsquo;il existe en une multitude de mod\u00e8les. Toutes les femmes d\u00e9sireuses de se v\u00eatir en accord avec les pr\u00e9ceptes de la religion musulmane peuvent trouver un mod\u00e8le adapt\u00e9. Il existe des <strong>burkinis pour toutes les morphologies<\/strong> afin de r\u00e9pondre \u00e0 toutes les demandes. Aussi, diff\u00e9rents styles et diff\u00e9rentes coupes sont disponibles. Les femmes peuvent choisir de porter un maillot de bain couvrant et ajust\u00e9 qui r\u00e9pond enti\u00e8rement \u00e0 leurs attentes.<\/p>\n<p>Si vous souhaitez en savoir davantage sur le burkini, ces pages peuvent \u00e9galement vous int\u00e9resser :<\/p>\n<ul>\n<li><a href=\"https:\/\/neyssa-shop.com\/blog\/quest-ce-quun-burkini\/\">Qu&rsquo;est-ce qu&rsquo;un burkini femme ?<\/a><\/li>\n<li><a href=\"https:\/\/neyssa-shop.com\/blog\/burkini-origine\/\">Quelle est l&rsquo;origine du burkini ?<\/a><\/li>\n<li><a href=\"https:\/\/neyssa-shop.com\/blog\/comment-porter-le-burkini\/\">Comment porter le burkini ?<\/a><\/li>\n<li><a href=\"https:\/\/neyssa-shop.com\/blog\/prix-dun-burkini-pour-femme-musulmane\/\">Prix d&rsquo;un burkini<\/a><\/li>\n<li><a href=\"https:\/\/neyssa-shop.com\/blog\/comment-choisir-son-burkini\/\">Choisir son burkini<\/a><\/li>\n<\/ul>\n","protected":false},"excerpt":{"rendered":"<p>\u00c0 la plage ou \u00e0 la piscine : pourquoi porter le burkini ? Le burkini est un ensemble de bain destin\u00e9 \u00e0 la femme musulmane d\u00e9sirant profiter des activit\u00e9s nautiques. Les raisons qui motivent les femmes musulmanes \u00e0 porter un burkini sont nombreuses. Il permet d&rsquo;avoir une tenue adapt\u00e9e pour des activit\u00e9s nautiques, d&rsquo;avoir un&#8230;<\/p>\n<p><a class=\"more-link\" href=\"https:\/\/neyssa-shop.com\/blog\/pourquoi-porter-le-burkini\/\">En <em>savoir<\/em> plus<\/a><\/p>\n","protected":false},"author":1,"featured_media":0,"parent":0,"menu_order":0,"comment_status":"closed","ping_status":"closed","template":"","meta":{"_genesis_hide_title":false,"_genesis_hide_breadcrumbs":false,"_genesis_hide_singular_image":false,"_genesis_hide_footer_widgets":false,"_genesis_custom_body_class":"","_genesis_custom_post_class":"","_genesis_layout":"","footnotes":""},"class_list":{"0":"post-4829","1":"page","2":"type-page","3":"status-publish","5":"entry"},"yoast_head":"<!-- This site is optimized with the Yoast SEO plugin v26.8 - https:\/\/yoast.com\/product\/yoast-seo-wordpress\/ -->\n<title>Pourquoi porter le burkini ?<\/title>\n<meta name=\"description\" content=\"Le burkini est un ensemble de bain destin\u00e9 \u00e0 la femme musulmane. Mais alors, pourquoi porter le burkini ?\" \/>\n<meta name=\"robots\" content=\"index, follow, max-snippet:-1, max-image-preview:large, max-video-preview:-1\" \/>\n<link rel=\"canonical\" href=\"https:\/\/neyssa-shop.com\/blog\/pourquoi-porter-le-burkini\/\" \/>\n<meta property=\"og:locale\" content=\"fr_FR\" \/>\n<meta property=\"og:type\" content=\"article\" \/>\n<meta property=\"og:title\" content=\"Pourquoi porter le burkini ?\" \/>\n<meta property=\"og:description\" content=\"Le burkini est un ensemble de bain destin\u00e9 \u00e0 la femme musulmane. Mais alors, pourquoi porter le burkini ?\" \/>\n<meta property=\"og:url\" content=\"https:\/\/neyssa-shop.com\/blog\/pourquoi-porter-le-burkini\/\" \/>\n<meta property=\"og:site_name\" content=\"Neyssa le blog\" \/>\n<meta property=\"article:publisher\" content=\"https:\/\/www.facebook.com\/neyssashop\/\" \/>\n<meta property=\"article:modified_time\" content=\"2024-09-26T18:00:50+00:00\" \/>\n<meta property=\"og:image\" content=\"https:\/\/neyssa-shop.com\/blog\/wp-content\/uploads\/2022\/06\/65242-683x1024.jpg\" \/>\n<meta name=\"twitter:card\" content=\"summary_large_image\" \/>\n<meta name=\"twitter:site\" content=\"@neyssashop\" \/>\n<meta name=\"twitter:label1\" content=\"Dur\u00e9e de lecture estim\u00e9e\" \/>\n\t<meta name=\"twitter:data1\" content=\"4 minutes\" \/>\n<script type=\"application\/ld+json\" class=\"yoast-schema-graph\">{\"@context\":\"https:\/\/schema.org\",\"@graph\":[{\"@type\":\"WebPage\",\"@id\":\"https:\/\/neyssa-shop.com\/blog\/pourquoi-porter-le-burkini\/\",\"url\":\"https:\/\/neyssa-shop.com\/blog\/pourquoi-porter-le-burkini\/\",\"name\":\"Pourquoi porter le burkini ?\",\"isPartOf\":{\"@id\":\"https:\/\/neyssa-shop.com\/blog\/#website\"},\"primaryImageOfPage\":{\"@id\":\"https:\/\/neyssa-shop.com\/blog\/pourquoi-porter-le-burkini\/#primaryimage\"},\"image\":{\"@id\":\"https:\/\/neyssa-shop.com\/blog\/pourquoi-porter-le-burkini\/#primaryimage\"},\"thumbnailUrl\":\"https:\/\/neyssa-shop.com\/blog\/wp-content\/uploads\/2022\/06\/65242-683x1024.jpg\",\"datePublished\":\"2022-05-13T08:06:23+00:00\",\"dateModified\":\"2024-09-26T18:00:50+00:00\",\"description\":\"Le burkini est un ensemble de bain destin\u00e9 \u00e0 la femme musulmane. Mais alors, pourquoi porter le burkini ?\",\"breadcrumb\":{\"@id\":\"https:\/\/neyssa-shop.com\/blog\/pourquoi-porter-le-burkini\/#breadcrumb\"},\"inLanguage\":\"fr-FR\",\"potentialAction\":[{\"@type\":\"ReadAction\",\"target\":[\"https:\/\/neyssa-shop.com\/blog\/pourquoi-porter-le-burkini\/\"]}]},{\"@type\":\"ImageObject\",\"inLanguage\":\"fr-FR\",\"@id\":\"https:\/\/neyssa-shop.com\/blog\/pourquoi-porter-le-burkini\/#primaryimage\",\"url\":\"https:\/\/neyssa-shop.com\/blog\/wp-content\/uploads\/2022\/06\/65242.jpg\",\"contentUrl\":\"https:\/\/neyssa-shop.com\/blog\/wp-content\/uploads\/2022\/06\/65242.jpg\",\"width\":1600,\"height\":2400},{\"@type\":\"BreadcrumbList\",\"@id\":\"https:\/\/neyssa-shop.com\/blog\/pourquoi-porter-le-burkini\/#breadcrumb\",\"itemListElement\":[{\"@type\":\"ListItem\",\"position\":1,\"name\":\"Accueil\",\"item\":\"https:\/\/neyssa-shop.com\/blog\/\"},{\"@type\":\"ListItem\",\"position\":2,\"name\":\"Pourquoi porter le burkini ?\"}]},{\"@type\":\"WebSite\",\"@id\":\"https:\/\/neyssa-shop.com\/blog\/#website\",\"url\":\"https:\/\/neyssa-shop.com\/blog\/\",\"name\":\"Neyssa le blog\",\"description\":\"Un blog d\u00e9di\u00e9 \u00e0 la femme musulmane\",\"publisher\":{\"@id\":\"https:\/\/neyssa-shop.com\/blog\/#organization\"},\"potentialAction\":[{\"@type\":\"SearchAction\",\"target\":{\"@type\":\"EntryPoint\",\"urlTemplate\":\"https:\/\/neyssa-shop.com\/blog\/?s={search_term_string}\"},\"query-input\":{\"@type\":\"PropertyValueSpecification\",\"valueRequired\":true,\"valueName\":\"search_term_string\"}}],\"inLanguage\":\"fr-FR\"},{\"@type\":\"Organization\",\"@id\":\"https:\/\/neyssa-shop.com\/blog\/#organization\",\"name\":\"Neyssa Shop\",\"url\":\"https:\/\/neyssa-shop.com\/blog\/\",\"logo\":{\"@type\":\"ImageObject\",\"inLanguage\":\"fr-FR\",\"@id\":\"https:\/\/neyssa-shop.com\/blog\/#\/schema\/logo\/image\/\",\"url\":\"https:\/\/neyssa-shop.com\/blog\/wp-content\/uploads\/2021\/03\/neyssa-boutique-logo-1610747292.jpg\",\"contentUrl\":\"https:\/\/neyssa-shop.com\/blog\/wp-content\/uploads\/2021\/03\/neyssa-boutique-logo-1610747292.jpg\",\"width\":271,\"height\":70,\"caption\":\"Neyssa Shop\"},\"image\":{\"@id\":\"https:\/\/neyssa-shop.com\/blog\/#\/schema\/logo\/image\/\"},\"sameAs\":[\"https:\/\/www.facebook.com\/neyssashop\/\",\"https:\/\/x.com\/neyssashop\",\"https:\/\/www.instagram.com\/neyssa_shop\/\",\"https:\/\/www.pinterest.fr\/neyssa_shop\/_created\/\",\"https:\/\/www.youtube.com\/channel\/UCkQ9s8jXTLi2yVzyeugVAMg\"]}]}<\/script>\n<!-- \/ Yoast SEO plugin. -->","yoast_head_json":{"title":"Pourquoi porter le burkini ?","description":"Le burkini est un ensemble de bain destin\u00e9 \u00e0 la femme musulmane. Mais alors, pourquoi porter le burkini ?","robots":{"index":"index","follow":"follow","max-snippet":"max-snippet:-1","max-image-preview":"max-image-preview:large","max-video-preview":"max-video-preview:-1"},"canonical":"https:\/\/neyssa-shop.com\/blog\/pourquoi-porter-le-burkini\/","og_locale":"fr_FR","og_type":"article","og_title":"Pourquoi porter le burkini ?","og_description":"Le burkini est un ensemble de bain destin\u00e9 \u00e0 la femme musulmane. Mais alors, pourquoi porter le burkini ?","og_url":"https:\/\/neyssa-shop.com\/blog\/pourquoi-porter-le-burkini\/","og_site_name":"Neyssa le blog","article_publisher":"https:\/\/www.facebook.com\/neyssashop\/","article_modified_time":"2024-09-26T18:00:50+00:00","og_image":[{"url":"https:\/\/neyssa-shop.com\/blog\/wp-content\/uploads\/2022\/06\/65242-683x1024.jpg","type":"","width":"","height":""}],"twitter_card":"summary_large_image","twitter_site":"@neyssashop","twitter_misc":{"Dur\u00e9e de lecture estim\u00e9e":"4 minutes"},"schema":{"@context":"https:\/\/schema.org","@graph":[{"@type":"WebPage","@id":"https:\/\/neyssa-shop.com\/blog\/pourquoi-porter-le-burkini\/","url":"https:\/\/neyssa-shop.com\/blog\/pourquoi-porter-le-burkini\/","name":"Pourquoi porter le burkini ?","isPartOf":{"@id":"https:\/\/neyssa-shop.com\/blog\/#website"},"primaryImageOfPage":{"@id":"https:\/\/neyssa-shop.com\/blog\/pourquoi-porter-le-burkini\/#primaryimage"},"image":{"@id":"https:\/\/neyssa-shop.com\/blog\/pourquoi-porter-le-burkini\/#primaryimage"},"thumbnailUrl":"https:\/\/neyssa-shop.com\/blog\/wp-content\/uploads\/2022\/06\/65242-683x1024.jpg","datePublished":"2022-05-13T08:06:23+00:00","dateModified":"2024-09-26T18:00:50+00:00","description":"Le burkini est un ensemble de bain destin\u00e9 \u00e0 la femme musulmane. Mais alors, pourquoi porter le burkini ?","breadcrumb":{"@id":"https:\/\/neyssa-shop.com\/blog\/pourquoi-porter-le-burkini\/#breadcrumb"},"inLanguage":"fr-FR","potentialAction":[{"@type":"ReadAction","target":["https:\/\/neyssa-shop.com\/blog\/pourquoi-porter-le-burkini\/"]}]},{"@type":"ImageObject","inLanguage":"fr-FR","@id":"https:\/\/neyssa-shop.com\/blog\/pourquoi-porter-le-burkini\/#primaryimage","url":"https:\/\/neyssa-shop.com\/blog\/wp-content\/uploads\/2022\/06\/65242.jpg","contentUrl":"https:\/\/neyssa-shop.com\/blog\/wp-content\/uploads\/2022\/06\/65242.jpg","width":1600,"height":2400},{"@type":"BreadcrumbList","@id":"https:\/\/neyssa-shop.com\/blog\/pourquoi-porter-le-burkini\/#breadcrumb","itemListElement":[{"@type":"ListItem","position":1,"name":"Accueil","item":"https:\/\/neyssa-shop.com\/blog\/"},{"@type":"ListItem","position":2,"name":"Pourquoi porter le burkini ?"}]},{"@type":"WebSite","@id":"https:\/\/neyssa-shop.com\/blog\/#website","url":"https:\/\/neyssa-shop.com\/blog\/","name":"Neyssa le blog","description":"Un blog d\u00e9di\u00e9 \u00e0 la femme musulmane","publisher":{"@id":"https:\/\/neyssa-shop.com\/blog\/#organization"},"potentialAction":[{"@type":"SearchAction","target":{"@type":"EntryPoint","urlTemplate":"https:\/\/neyssa-shop.com\/blog\/?s={search_term_string}"},"query-input":{"@type":"PropertyValueSpecification","valueRequired":true,"valueName":"search_term_string"}}],"inLanguage":"fr-FR"},{"@type":"Organization","@id":"https:\/\/neyssa-shop.com\/blog\/#organization","name":"Neyssa Shop","url":"https:\/\/neyssa-shop.com\/blog\/","logo":{"@type":"ImageObject","inLanguage":"fr-FR","@id":"https:\/\/neyssa-shop.com\/blog\/#\/schema\/logo\/image\/","url":"https:\/\/neyssa-shop.com\/blog\/wp-content\/uploads\/2021\/03\/neyssa-boutique-logo-1610747292.jpg","contentUrl":"https:\/\/neyssa-shop.com\/blog\/wp-content\/uploads\/2021\/03\/neyssa-boutique-logo-1610747292.jpg","width":271,"height":70,"caption":"Neyssa Shop"},"image":{"@id":"https:\/\/neyssa-shop.com\/blog\/#\/schema\/logo\/image\/"},"sameAs":["https:\/\/www.facebook.com\/neyssashop\/","https:\/\/x.com\/neyssashop","https:\/\/www.instagram.com\/neyssa_shop\/","https:\/\/www.pinterest.fr\/neyssa_shop\/_created\/","https:\/\/www.youtube.com\/channel\/UCkQ9s8jXTLi2yVzyeugVAMg"]}]}},"_links":{"self":[{"href":"https:\/\/neyssa-shop.com\/blog\/wp-json\/wp\/v2\/pages\/4829","targetHints":{"allow":["GET"]}}],"collection":[{"href":"https:\/\/neyssa-shop.com\/blog\/wp-json\/wp\/v2\/pages"}],"about":[{"href":"https:\/\/neyssa-shop.com\/blog\/wp-json\/wp\/v2\/types\/page"}],"author":[{"embeddable":true,"href":"https:\/\/neyssa-shop.com\/blog\/wp-json\/wp\/v2\/users\/1"}],"replies":[{"embeddable":true,"href":"https:\/\/neyssa-shop.com\/blog\/wp-json\/wp\/v2\/comments?post=4829"}],"version-history":[{"count":5,"href":"https:\/\/neyssa-shop.com\/blog\/wp-json\/wp\/v2\/pages\/4829\/revisions"}],"predecessor-version":[{"id":7568,"href":"https:\/\/neyssa-shop.com\/blog\/wp-json\/wp\/v2\/pages\/4829\/revisions\/7568"}],"wp:attachment":[{"href":"https:\/\/neyssa-shop.com\/blog\/wp-json\/wp\/v2\/media?parent=4829"}],"curies":[{"name":"wp","href":"https:\/\/api.w.org\/{rel}","templated":true}]}}