{"id":4828,"date":"2022-05-13T10:06:23","date_gmt":"2022-05-13T08:06:23","guid":{"rendered":"https:\/\/neyssa-shop.com\/blog\/?page_id=4828"},"modified":"2022-06-13T19:48:26","modified_gmt":"2022-06-13T17:48:26","slug":"comment-porter-le-burkini","status":"publish","type":"page","link":"https:\/\/neyssa-shop.com\/blog\/comment-porter-le-burkini\/","title":{"rendered":"Comment porter le burkini ?"},"content":{"rendered":"<div id=\"ez-toc-container\" class=\"ez-toc-v2_0_72 counter-hierarchy ez-toc-counter ez-toc-grey ez-toc-container-direction\">\n<label for=\"ez-toc-cssicon-toggle-item-69ea5d62cc378\" class=\"ez-toc-cssicon-toggle-label\"><span class=\"\"><span class=\"eztoc-hide\" style=\"display:none;\">Toggle<\/span><span class=\"ez-toc-icon-toggle-span\"><svg style=\"fill: #999;color:#999\" xmlns=\"http:\/\/www.w3.org\/2000\/svg\" class=\"list-377408\" width=\"20px\" height=\"20px\" viewBox=\"0 0 24 24\" fill=\"none\"><path d=\"M6 6H4v2h2V6zm14 0H8v2h12V6zM4 11h2v2H4v-2zm16 0H8v2h12v-2zM4 16h2v2H4v-2zm16 0H8v2h12v-2z\" fill=\"currentColor\"><\/path><\/svg><svg style=\"fill: #999;color:#999\" class=\"arrow-unsorted-368013\" xmlns=\"http:\/\/www.w3.org\/2000\/svg\" width=\"10px\" height=\"10px\" viewBox=\"0 0 24 24\" version=\"1.2\" baseProfile=\"tiny\"><path d=\"M18.2 9.3l-6.2-6.3-6.2 6.3c-.2.2-.3.4-.3.7s.1.5.3.7c.2.2.4.3.7.3h11c.3 0 .5-.1.7-.3.2-.2.3-.5.3-.7s-.1-.5-.3-.7zM5.8 14.7l6.2 6.3 6.2-6.3c.2-.2.3-.5.3-.7s-.1-.5-.3-.7c-.2-.2-.4-.3-.7-.3h-11c-.3 0-.5.1-.7.3-.2.2-.3.5-.3.7s.1.5.3.7z\"\/><\/svg><\/span><\/span><\/label><input type=\"checkbox\"  id=\"ez-toc-cssicon-toggle-item-69ea5d62cc378\"  aria-label=\"Toggle\" \/><nav><ul class='ez-toc-list ez-toc-list-level-1 ' ><li class='ez-toc-page-1 ez-toc-heading-level-1'><a class=\"ez-toc-link ez-toc-heading-1\" href=\"https:\/\/neyssa-shop.com\/blog\/comment-porter-le-burkini\/#Astuces_et_conseils_pour_porter_le_burkini\" title=\"Astuces et conseils pour porter le burkini\">Astuces et conseils pour porter le burkini<\/a><ul class='ez-toc-list-level-2' ><li class='ez-toc-heading-level-2'><a class=\"ez-toc-link ez-toc-heading-2\" href=\"https:\/\/neyssa-shop.com\/blog\/comment-porter-le-burkini\/#Les_differentes_facons_de_porter_le_burkini\" title=\"Les diff\u00e9rentes fa\u00e7ons de porter le burkini\">Les diff\u00e9rentes fa\u00e7ons de porter le burkini<\/a><ul class='ez-toc-list-level-3' ><li class='ez-toc-heading-level-3'><a class=\"ez-toc-link ez-toc-heading-3\" href=\"https:\/\/neyssa-shop.com\/blog\/comment-porter-le-burkini\/#Le_maillot_burkini_pres_du_corps_pour_vos_activites_sportives\" title=\"Le maillot burkini pr\u00e8s du corps pour vos activit\u00e9s sportives\">Le maillot burkini pr\u00e8s du corps pour vos activit\u00e9s sportives<\/a><\/li><li class='ez-toc-page-1 ez-toc-heading-level-3'><a class=\"ez-toc-link ez-toc-heading-4\" href=\"https:\/\/neyssa-shop.com\/blog\/comment-porter-le-burkini\/#Le_maillot_burkini_ample_pour_le_farniente_a_la_plage\" title=\"Le maillot burkini ample pour le farniente \u00e0 la plage\">Le maillot burkini ample pour le farniente \u00e0 la plage<\/a><\/li><\/ul><\/li><li class='ez-toc-page-1 ez-toc-heading-level-2'><a class=\"ez-toc-link ez-toc-heading-5\" href=\"https:\/\/neyssa-shop.com\/blog\/comment-porter-le-burkini\/#Accessoirisez_votre_maillot_de_bain_burkini\" title=\"Accessoirisez votre maillot de bain burkini\">Accessoirisez votre maillot de bain burkini<\/a><ul class='ez-toc-list-level-3' ><li class='ez-toc-heading-level-3'><a class=\"ez-toc-link ez-toc-heading-6\" href=\"https:\/\/neyssa-shop.com\/blog\/comment-porter-le-burkini\/#Styliser_votre_tenue_de_plage_islamique\" title=\"Styliser votre tenue de plage islamique\">Styliser votre tenue de plage islamique<\/a><\/li><li class='ez-toc-page-1 ez-toc-heading-level-3'><a class=\"ez-toc-link ez-toc-heading-7\" href=\"https:\/\/neyssa-shop.com\/blog\/comment-porter-le-burkini\/#Un_kimono_de_plage_pour_agrementer_votre_maillot_de_bain_burkini\" title=\"Un kimono de plage pour agr\u00e9menter votre maillot de bain burkini\">Un kimono de plage pour agr\u00e9menter votre maillot de bain burkini<\/a><\/li><\/ul><\/li><\/ul><\/li><\/ul><\/nav><\/div>\n<h1><span class=\"ez-toc-section\" id=\"Astuces_et_conseils_pour_porter_le_burkini\"><\/span>Astuces et conseils pour porter le burkini<span class=\"ez-toc-section-end\"><\/span><\/h1>\n<p>Dans les boutiques de v\u00eatements islamiques, les collections de burkinis s&rsquo;\u00e9toffent d&rsquo;ann\u00e9e en ann\u00e9e. Les couleurs, mati\u00e8res et le style de ce maillot de bain islamique se renouvellent sans cesse. Les femmes musulmanes s&rsquo;approprient le <a href=\"https:\/\/neyssa-shop.com\/blog\/burkini\/\">burkini<\/a> et se permettent de le personnaliser selon leurs go\u00fbts personnels. D\u00e9couvrez dans cet article <strong>comment porter le burkini<\/strong>. Avec nos conseils, vous ferez preuve d&rsquo;originalit\u00e9 et ferez sensation \u00e0 la plage avec votre burkini.<\/p>\n<p><a href=\"https:\/\/neyssa-shop.com\/fr\/174-burkini\"><img fetchpriority=\"high\" decoding=\"async\" class=\"alignnone wp-image-5044\" src=\"https:\/\/neyssa-shop.com\/blog\/wp-content\/uploads\/2022\/06\/burkini-neyssa_long-Copie.jpg\" alt=\"\" width=\"446\" height=\"669\" srcset=\"https:\/\/neyssa-shop.com\/blog\/wp-content\/uploads\/2022\/06\/burkini-neyssa_long-Copie.jpg 1600w, https:\/\/neyssa-shop.com\/blog\/wp-content\/uploads\/2022\/06\/burkini-neyssa_long-Copie-200x300.jpg 200w, https:\/\/neyssa-shop.com\/blog\/wp-content\/uploads\/2022\/06\/burkini-neyssa_long-Copie-683x1024.jpg 683w, https:\/\/neyssa-shop.com\/blog\/wp-content\/uploads\/2022\/06\/burkini-neyssa_long-Copie-768x1152.jpg 768w, https:\/\/neyssa-shop.com\/blog\/wp-content\/uploads\/2022\/06\/burkini-neyssa_long-Copie-1024x1536.jpg 1024w, https:\/\/neyssa-shop.com\/blog\/wp-content\/uploads\/2022\/06\/burkini-neyssa_long-Copie-1365x2048.jpg 1365w, https:\/\/neyssa-shop.com\/blog\/wp-content\/uploads\/2022\/06\/burkini-neyssa_long-Copie-750x1125.jpg 750w\" sizes=\"(max-width: 446px) 100vw, 446px\" \/><\/a><\/p>\n<h2><span class=\"ez-toc-section\" id=\"Les_differentes_facons_de_porter_le_burkini\"><\/span>Les diff\u00e9rentes fa\u00e7ons de porter le burkini<span class=\"ez-toc-section-end\"><\/span><\/h2>\n<p>Le burkini est un maillot de bain islamique. Ce v\u00eatement est compos\u00e9 de deux pi\u00e8ces : une tunique \u00e0 manches longues et un pantalon. Il existe de <strong>nombreux styles de burkinis diff\u00e9rents<\/strong>. Le burkini deux pi\u00e8ces est la version la plus classique. Certains mod\u00e8les sont constitu\u00e9s de trois, voire de quatre pi\u00e8ces. Ces burkinis poss\u00e8dent une jupe amovible, que la femme musulmane peut porter \u00e0 la mani\u00e8re d&rsquo;un par\u00e9o.<\/p>\n<h3><span class=\"ez-toc-section\" id=\"Le_maillot_burkini_pres_du_corps_pour_vos_activites_sportives\"><\/span>Le maillot burkini pr\u00e8s du corps pour vos activit\u00e9s sportives<span class=\"ez-toc-section-end\"><\/span><\/h3>\n<p>Pour pratiquer vos activit\u00e9s sportives pr\u00e9f\u00e9r\u00e9es, adoptez le <strong>port du burkini pr\u00e8s du corps<\/strong>. Les manches de la tunique sont bien resserr\u00e9es au niveau des poignets. Si vous avez d\u00e9j\u00e0 essay\u00e9 de nager avec des manches larges, vous savez que cela peut \u00eatre p\u00e9nalisant. Avec des manches pr\u00e8s du corps, vous pouvez pratiquer votre sport en toute qui\u00e9tude. Il en va de m\u00eame pour le pantalon du burkini. Avec un pantalon bien attach\u00e9 au niveau des chevilles, vous pouvez <strong>vous d\u00e9placer ais\u00e9ment<\/strong> et courir. La version du pantalon de burkini \u00e0 taille \u00e9lastiqu\u00e9e est tr\u00e8s confortable. Facile \u00e0 enfiler, il vous laisse libre de vos mouvements dans le respect de votre religion.<\/p>\n<h3><span class=\"ez-toc-section\" id=\"Le_maillot_burkini_ample_pour_le_farniente_a_la_plage\"><\/span>Le maillot burkini ample pour le farniente \u00e0 la plage<span class=\"ez-toc-section-end\"><\/span><\/h3>\n<p>Le maillot de bain burkini existe \u00e9galement <strong>en version ample<\/strong>. Vous n&rsquo;aurez aucune crainte de d\u00e9voiler les formes de votre corps avec un burkini de ce style. Le plus connu des burkinis larges est le mod\u00e8le papillon. Ce burkini poss\u00e8de des manches chauve-souris bien larges. La tunique est longue et couvrante. Avec son pantalon \u00e0 la coupe droite, ce burkini a des allures d&rsquo;ensemble. Il est m\u00eame possible de le rev\u00eatir <strong>pour se promener en ville apr\u00e8s une journ\u00e9e \u00e0 la mer<\/strong>.<\/p>\n<h2><span class=\"ez-toc-section\" id=\"Accessoirisez_votre_maillot_de_bain_burkini\"><\/span>Accessoirisez votre maillot de bain burkini<span class=\"ez-toc-section-end\"><\/span><\/h2>\n<p>Vous pouvez accompagner votre burkini de multiples mani\u00e8res. <strong>\u00c0 vous de vous approprier ce v\u00eatement pour la plage<\/strong> ou la piscine selon vos propres go\u00fbts et vos envies. Si vous voulez que votre burkini soit encore plus \u00e9l\u00e9gant, jouez la carte des accessoires. Mettez des couleurs et de la fantaisie dans votre tenue de plage.<\/p>\n<h3><span class=\"ez-toc-section\" id=\"Styliser_votre_tenue_de_plage_islamique\"><\/span>Styliser votre tenue de plage islamique<span class=\"ez-toc-section-end\"><\/span><\/h3>\n<p>Pourquoi ne pas ajouter un joli chapeau \u00e0 porter sur le hijab de votre burkini ? Cela vous donnera l&rsquo;occasion de vous prot\u00e9ger des rayons du soleil. Chapeau de paille, capeline, chapeau cloche ou simple casquette, <strong>donnez de l&rsquo;allure \u00e0 votre tenue<\/strong>. Vous pouvez aussi choisir un turban assorti \u00e0 votre burkini. Dans tous les cas, faites le choix d&rsquo;un turban dans un tissu adapt\u00e9 \u00e0 l&rsquo;eau. Faites \u00e9galement en sorte que votre turban tienne bien sur votre t\u00eate. Ainsi, vous ne risquerez pas de le perdre durant la baignade.<\/p>\n<p><a href=\"https:\/\/neyssa-shop.com\/fr\/174-burkini\"><img decoding=\"async\" class=\"alignnone wp-image-5053\" src=\"https:\/\/neyssa-shop.com\/blog\/wp-content\/uploads\/2022\/06\/66315-200x300.jpg\" alt=\"\" width=\"246\" height=\"369\" srcset=\"https:\/\/neyssa-shop.com\/blog\/wp-content\/uploads\/2022\/06\/66315-200x300.jpg 200w, https:\/\/neyssa-shop.com\/blog\/wp-content\/uploads\/2022\/06\/66315-683x1024.jpg 683w, https:\/\/neyssa-shop.com\/blog\/wp-content\/uploads\/2022\/06\/66315-768x1152.jpg 768w, https:\/\/neyssa-shop.com\/blog\/wp-content\/uploads\/2022\/06\/66315-1024x1536.jpg 1024w, https:\/\/neyssa-shop.com\/blog\/wp-content\/uploads\/2022\/06\/66315-1365x2048.jpg 1365w, https:\/\/neyssa-shop.com\/blog\/wp-content\/uploads\/2022\/06\/66315-750x1125.jpg 750w, https:\/\/neyssa-shop.com\/blog\/wp-content\/uploads\/2022\/06\/66315.jpg 1600w\" sizes=\"(max-width: 246px) 100vw, 246px\" \/><\/a><\/p>\n<h3><span class=\"ez-toc-section\" id=\"Un_kimono_de_plage_pour_agrementer_votre_maillot_de_bain_burkini\"><\/span>Un kimono de plage pour agr\u00e9menter votre maillot de bain burkini<span class=\"ez-toc-section-end\"><\/span><\/h3>\n<p>Le <strong>kimono pour maillot de bain burkini<\/strong> vous accompagne lorsque la soir\u00e9e \u00e0 la plage devient plus fra\u00eeche. Le kimono sert aussi \u00e0 apporter encore plus de pudeur \u00e0 votre tenue. Recouvrez votre maillot de bain d&rsquo;un joli kimono en voile ou en satin. Si votre burkini est de couleur uni, adoptez un kimono fleuri. Au contraire, si votre burkini comporte d\u00e9j\u00e0 des motifs, associez-le \u00e0 un kimono uni.<\/p>\n<p>D&rsquo;autres articles sur le burkini sont disponibles, allez les d\u00e9couvrir :<\/p>\n<ul>\n<li><a href=\"https:\/\/neyssa-shop.com\/blog\/quest-ce-quun-burkini\/\">Qu&rsquo;est-ce qu&rsquo;un burkini ?<\/a><\/li>\n<li><a href=\"https:\/\/neyssa-shop.com\/blog\/burkini-origine\/\">Origine du burkini<\/a><\/li>\n<li><a href=\"https:\/\/neyssa-shop.com\/blog\/pourquoi-porter-le-burkini\/\">Pourquoi porter le burkini ?<\/a><\/li>\n<li><a href=\"https:\/\/neyssa-shop.com\/blog\/prix-dun-burkini-pour-femme-musulmane\/\">Prix d&rsquo;un burkini<\/a><\/li>\n<li><a href=\"https:\/\/neyssa-shop.com\/blog\/comment-choisir-son-burkini\/\">Choisir son burkini<\/a><\/li>\n<\/ul>\n","protected":false},"excerpt":{"rendered":"<p>Astuces et conseils pour porter le burkini Dans les boutiques de v\u00eatements islamiques, les collections de burkinis s&rsquo;\u00e9toffent d&rsquo;ann\u00e9e en ann\u00e9e. Les couleurs, mati\u00e8res et le style de ce maillot de bain islamique se renouvellent sans cesse. Les femmes musulmanes s&rsquo;approprient le burkini et se permettent de le personnaliser selon leurs go\u00fbts personnels. D\u00e9couvrez dans&#8230;<\/p>\n<p><a class=\"more-link\" href=\"https:\/\/neyssa-shop.com\/blog\/comment-porter-le-burkini\/\">En <em>savoir<\/em> plus<\/a><\/p>\n","protected":false},"author":1,"featured_media":0,"parent":0,"menu_order":0,"comment_status":"closed","ping_status":"closed","template":"","meta":{"_genesis_hide_title":false,"_genesis_hide_breadcrumbs":false,"_genesis_hide_singular_image":false,"_genesis_hide_footer_widgets":false,"_genesis_custom_body_class":"","_genesis_custom_post_class":"","_genesis_layout":"","footnotes":""},"class_list":{"0":"post-4828","1":"page","2":"type-page","3":"status-publish","5":"entry"},"yoast_head":"<!-- This site is optimized with the Yoast SEO plugin v26.8 - https:\/\/yoast.com\/product\/yoast-seo-wordpress\/ -->\n<title>Comment porter le burkini ?<\/title>\n<meta name=\"description\" content=\"Comment porter le burkini ? D\u00e9couvrez nos astuces pour vous approprier ce maillot de bain couvrant pour femmes musulmanes ou tr\u00e8s pudiques.\" \/>\n<meta name=\"robots\" content=\"index, follow, max-snippet:-1, max-image-preview:large, max-video-preview:-1\" \/>\n<link rel=\"canonical\" href=\"https:\/\/neyssa-shop.com\/blog\/comment-porter-le-burkini\/\" \/>\n<meta property=\"og:locale\" content=\"fr_FR\" \/>\n<meta property=\"og:type\" content=\"article\" \/>\n<meta property=\"og:title\" content=\"Comment porter le burkini ?\" \/>\n<meta property=\"og:description\" content=\"Comment porter le burkini ? D\u00e9couvrez nos astuces pour vous approprier ce maillot de bain couvrant pour femmes musulmanes ou tr\u00e8s pudiques.\" \/>\n<meta property=\"og:url\" content=\"https:\/\/neyssa-shop.com\/blog\/comment-porter-le-burkini\/\" \/>\n<meta property=\"og:site_name\" content=\"Neyssa le blog\" \/>\n<meta property=\"article:publisher\" content=\"https:\/\/www.facebook.com\/neyssashop\/\" \/>\n<meta property=\"article:modified_time\" content=\"2022-06-13T17:48:26+00:00\" \/>\n<meta property=\"og:image\" content=\"https:\/\/neyssa-shop.com\/blog\/wp-content\/uploads\/2022\/06\/burkini-neyssa_long-Copie.jpg\" \/>\n<meta name=\"twitter:card\" content=\"summary_large_image\" \/>\n<meta name=\"twitter:site\" content=\"@neyssashop\" \/>\n<meta name=\"twitter:label1\" content=\"Dur\u00e9e de lecture estim\u00e9e\" \/>\n\t<meta name=\"twitter:data1\" content=\"4 minutes\" \/>\n<script type=\"application\/ld+json\" class=\"yoast-schema-graph\">{\"@context\":\"https:\/\/schema.org\",\"@graph\":[{\"@type\":\"WebPage\",\"@id\":\"https:\/\/neyssa-shop.com\/blog\/comment-porter-le-burkini\/\",\"url\":\"https:\/\/neyssa-shop.com\/blog\/comment-porter-le-burkini\/\",\"name\":\"Comment porter le burkini ?\",\"isPartOf\":{\"@id\":\"https:\/\/neyssa-shop.com\/blog\/#website\"},\"primaryImageOfPage\":{\"@id\":\"https:\/\/neyssa-shop.com\/blog\/comment-porter-le-burkini\/#primaryimage\"},\"image\":{\"@id\":\"https:\/\/neyssa-shop.com\/blog\/comment-porter-le-burkini\/#primaryimage\"},\"thumbnailUrl\":\"https:\/\/neyssa-shop.com\/blog\/wp-content\/uploads\/2022\/06\/burkini-neyssa_long-Copie.jpg\",\"datePublished\":\"2022-05-13T08:06:23+00:00\",\"dateModified\":\"2022-06-13T17:48:26+00:00\",\"description\":\"Comment porter le burkini ? D\u00e9couvrez nos astuces pour vous approprier ce maillot de bain couvrant pour femmes musulmanes ou tr\u00e8s pudiques.\",\"breadcrumb\":{\"@id\":\"https:\/\/neyssa-shop.com\/blog\/comment-porter-le-burkini\/#breadcrumb\"},\"inLanguage\":\"fr-FR\",\"potentialAction\":[{\"@type\":\"ReadAction\",\"target\":[\"https:\/\/neyssa-shop.com\/blog\/comment-porter-le-burkini\/\"]}]},{\"@type\":\"ImageObject\",\"inLanguage\":\"fr-FR\",\"@id\":\"https:\/\/neyssa-shop.com\/blog\/comment-porter-le-burkini\/#primaryimage\",\"url\":\"https:\/\/neyssa-shop.com\/blog\/wp-content\/uploads\/2022\/06\/burkini-neyssa_long-Copie.jpg\",\"contentUrl\":\"https:\/\/neyssa-shop.com\/blog\/wp-content\/uploads\/2022\/06\/burkini-neyssa_long-Copie.jpg\",\"width\":1600,\"height\":2400},{\"@type\":\"BreadcrumbList\",\"@id\":\"https:\/\/neyssa-shop.com\/blog\/comment-porter-le-burkini\/#breadcrumb\",\"itemListElement\":[{\"@type\":\"ListItem\",\"position\":1,\"name\":\"Accueil\",\"item\":\"https:\/\/neyssa-shop.com\/blog\/\"},{\"@type\":\"ListItem\",\"position\":2,\"name\":\"Comment porter le burkini ?\"}]},{\"@type\":\"WebSite\",\"@id\":\"https:\/\/neyssa-shop.com\/blog\/#website\",\"url\":\"https:\/\/neyssa-shop.com\/blog\/\",\"name\":\"Neyssa le blog\",\"description\":\"Un blog d\u00e9di\u00e9 \u00e0 la femme musulmane\",\"publisher\":{\"@id\":\"https:\/\/neyssa-shop.com\/blog\/#organization\"},\"potentialAction\":[{\"@type\":\"SearchAction\",\"target\":{\"@type\":\"EntryPoint\",\"urlTemplate\":\"https:\/\/neyssa-shop.com\/blog\/?s={search_term_string}\"},\"query-input\":{\"@type\":\"PropertyValueSpecification\",\"valueRequired\":true,\"valueName\":\"search_term_string\"}}],\"inLanguage\":\"fr-FR\"},{\"@type\":\"Organization\",\"@id\":\"https:\/\/neyssa-shop.com\/blog\/#organization\",\"name\":\"Neyssa Shop\",\"url\":\"https:\/\/neyssa-shop.com\/blog\/\",\"logo\":{\"@type\":\"ImageObject\",\"inLanguage\":\"fr-FR\",\"@id\":\"https:\/\/neyssa-shop.com\/blog\/#\/schema\/logo\/image\/\",\"url\":\"https:\/\/neyssa-shop.com\/blog\/wp-content\/uploads\/2021\/03\/neyssa-boutique-logo-1610747292.jpg\",\"contentUrl\":\"https:\/\/neyssa-shop.com\/blog\/wp-content\/uploads\/2021\/03\/neyssa-boutique-logo-1610747292.jpg\",\"width\":271,\"height\":70,\"caption\":\"Neyssa Shop\"},\"image\":{\"@id\":\"https:\/\/neyssa-shop.com\/blog\/#\/schema\/logo\/image\/\"},\"sameAs\":[\"https:\/\/www.facebook.com\/neyssashop\/\",\"https:\/\/x.com\/neyssashop\",\"https:\/\/www.instagram.com\/neyssa_shop\/\",\"https:\/\/www.pinterest.fr\/neyssa_shop\/_created\/\",\"https:\/\/www.youtube.com\/channel\/UCkQ9s8jXTLi2yVzyeugVAMg\"]}]}<\/script>\n<!-- \/ Yoast SEO plugin. -->","yoast_head_json":{"title":"Comment porter le burkini ?","description":"Comment porter le burkini ? D\u00e9couvrez nos astuces pour vous approprier ce maillot de bain couvrant pour femmes musulmanes ou tr\u00e8s pudiques.","robots":{"index":"index","follow":"follow","max-snippet":"max-snippet:-1","max-image-preview":"max-image-preview:large","max-video-preview":"max-video-preview:-1"},"canonical":"https:\/\/neyssa-shop.com\/blog\/comment-porter-le-burkini\/","og_locale":"fr_FR","og_type":"article","og_title":"Comment porter le burkini ?","og_description":"Comment porter le burkini ? D\u00e9couvrez nos astuces pour vous approprier ce maillot de bain couvrant pour femmes musulmanes ou tr\u00e8s pudiques.","og_url":"https:\/\/neyssa-shop.com\/blog\/comment-porter-le-burkini\/","og_site_name":"Neyssa le blog","article_publisher":"https:\/\/www.facebook.com\/neyssashop\/","article_modified_time":"2022-06-13T17:48:26+00:00","og_image":[{"url":"https:\/\/neyssa-shop.com\/blog\/wp-content\/uploads\/2022\/06\/burkini-neyssa_long-Copie.jpg","type":"","width":"","height":""}],"twitter_card":"summary_large_image","twitter_site":"@neyssashop","twitter_misc":{"Dur\u00e9e de lecture estim\u00e9e":"4 minutes"},"schema":{"@context":"https:\/\/schema.org","@graph":[{"@type":"WebPage","@id":"https:\/\/neyssa-shop.com\/blog\/comment-porter-le-burkini\/","url":"https:\/\/neyssa-shop.com\/blog\/comment-porter-le-burkini\/","name":"Comment porter le burkini ?","isPartOf":{"@id":"https:\/\/neyssa-shop.com\/blog\/#website"},"primaryImageOfPage":{"@id":"https:\/\/neyssa-shop.com\/blog\/comment-porter-le-burkini\/#primaryimage"},"image":{"@id":"https:\/\/neyssa-shop.com\/blog\/comment-porter-le-burkini\/#primaryimage"},"thumbnailUrl":"https:\/\/neyssa-shop.com\/blog\/wp-content\/uploads\/2022\/06\/burkini-neyssa_long-Copie.jpg","datePublished":"2022-05-13T08:06:23+00:00","dateModified":"2022-06-13T17:48:26+00:00","description":"Comment porter le burkini ? D\u00e9couvrez nos astuces pour vous approprier ce maillot de bain couvrant pour femmes musulmanes ou tr\u00e8s pudiques.","breadcrumb":{"@id":"https:\/\/neyssa-shop.com\/blog\/comment-porter-le-burkini\/#breadcrumb"},"inLanguage":"fr-FR","potentialAction":[{"@type":"ReadAction","target":["https:\/\/neyssa-shop.com\/blog\/comment-porter-le-burkini\/"]}]},{"@type":"ImageObject","inLanguage":"fr-FR","@id":"https:\/\/neyssa-shop.com\/blog\/comment-porter-le-burkini\/#primaryimage","url":"https:\/\/neyssa-shop.com\/blog\/wp-content\/uploads\/2022\/06\/burkini-neyssa_long-Copie.jpg","contentUrl":"https:\/\/neyssa-shop.com\/blog\/wp-content\/uploads\/2022\/06\/burkini-neyssa_long-Copie.jpg","width":1600,"height":2400},{"@type":"BreadcrumbList","@id":"https:\/\/neyssa-shop.com\/blog\/comment-porter-le-burkini\/#breadcrumb","itemListElement":[{"@type":"ListItem","position":1,"name":"Accueil","item":"https:\/\/neyssa-shop.com\/blog\/"},{"@type":"ListItem","position":2,"name":"Comment porter le burkini ?"}]},{"@type":"WebSite","@id":"https:\/\/neyssa-shop.com\/blog\/#website","url":"https:\/\/neyssa-shop.com\/blog\/","name":"Neyssa le blog","description":"Un blog d\u00e9di\u00e9 \u00e0 la femme musulmane","publisher":{"@id":"https:\/\/neyssa-shop.com\/blog\/#organization"},"potentialAction":[{"@type":"SearchAction","target":{"@type":"EntryPoint","urlTemplate":"https:\/\/neyssa-shop.com\/blog\/?s={search_term_string}"},"query-input":{"@type":"PropertyValueSpecification","valueRequired":true,"valueName":"search_term_string"}}],"inLanguage":"fr-FR"},{"@type":"Organization","@id":"https:\/\/neyssa-shop.com\/blog\/#organization","name":"Neyssa Shop","url":"https:\/\/neyssa-shop.com\/blog\/","logo":{"@type":"ImageObject","inLanguage":"fr-FR","@id":"https:\/\/neyssa-shop.com\/blog\/#\/schema\/logo\/image\/","url":"https:\/\/neyssa-shop.com\/blog\/wp-content\/uploads\/2021\/03\/neyssa-boutique-logo-1610747292.jpg","contentUrl":"https:\/\/neyssa-shop.com\/blog\/wp-content\/uploads\/2021\/03\/neyssa-boutique-logo-1610747292.jpg","width":271,"height":70,"caption":"Neyssa Shop"},"image":{"@id":"https:\/\/neyssa-shop.com\/blog\/#\/schema\/logo\/image\/"},"sameAs":["https:\/\/www.facebook.com\/neyssashop\/","https:\/\/x.com\/neyssashop","https:\/\/www.instagram.com\/neyssa_shop\/","https:\/\/www.pinterest.fr\/neyssa_shop\/_created\/","https:\/\/www.youtube.com\/channel\/UCkQ9s8jXTLi2yVzyeugVAMg"]}]}},"_links":{"self":[{"href":"https:\/\/neyssa-shop.com\/blog\/wp-json\/wp\/v2\/pages\/4828","targetHints":{"allow":["GET"]}}],"collection":[{"href":"https:\/\/neyssa-shop.com\/blog\/wp-json\/wp\/v2\/pages"}],"about":[{"href":"https:\/\/neyssa-shop.com\/blog\/wp-json\/wp\/v2\/types\/page"}],"author":[{"embeddable":true,"href":"https:\/\/neyssa-shop.com\/blog\/wp-json\/wp\/v2\/users\/1"}],"replies":[{"embeddable":true,"href":"https:\/\/neyssa-shop.com\/blog\/wp-json\/wp\/v2\/comments?post=4828"}],"version-history":[{"count":4,"href":"https:\/\/neyssa-shop.com\/blog\/wp-json\/wp\/v2\/pages\/4828\/revisions"}],"predecessor-version":[{"id":5060,"href":"https:\/\/neyssa-shop.com\/blog\/wp-json\/wp\/v2\/pages\/4828\/revisions\/5060"}],"wp:attachment":[{"href":"https:\/\/neyssa-shop.com\/blog\/wp-json\/wp\/v2\/media?parent=4828"}],"curies":[{"name":"wp","href":"https:\/\/api.w.org\/{rel}","templated":true}]}}