{"id":4827,"date":"2022-05-13T10:06:23","date_gmt":"2022-05-13T08:06:23","guid":{"rendered":"https:\/\/neyssa-shop.com\/blog\/?page_id=4827"},"modified":"2022-06-13T22:15:14","modified_gmt":"2022-06-13T20:15:14","slug":"prix-dun-burkini-pour-femme-musulmane","status":"publish","type":"page","link":"https:\/\/neyssa-shop.com\/blog\/prix-dun-burkini-pour-femme-musulmane\/","title":{"rendered":"Prix d&rsquo;un burkini pour femme musulmane"},"content":{"rendered":"<div id=\"ez-toc-container\" class=\"ez-toc-v2_0_72 counter-hierarchy ez-toc-counter ez-toc-grey ez-toc-container-direction\">\n<label for=\"ez-toc-cssicon-toggle-item-69d09842212e4\" class=\"ez-toc-cssicon-toggle-label\"><span class=\"\"><span class=\"eztoc-hide\" style=\"display:none;\">Toggle<\/span><span class=\"ez-toc-icon-toggle-span\"><svg style=\"fill: #999;color:#999\" xmlns=\"http:\/\/www.w3.org\/2000\/svg\" class=\"list-377408\" width=\"20px\" height=\"20px\" viewBox=\"0 0 24 24\" fill=\"none\"><path d=\"M6 6H4v2h2V6zm14 0H8v2h12V6zM4 11h2v2H4v-2zm16 0H8v2h12v-2zM4 16h2v2H4v-2zm16 0H8v2h12v-2z\" fill=\"currentColor\"><\/path><\/svg><svg style=\"fill: #999;color:#999\" class=\"arrow-unsorted-368013\" xmlns=\"http:\/\/www.w3.org\/2000\/svg\" width=\"10px\" height=\"10px\" viewBox=\"0 0 24 24\" version=\"1.2\" baseProfile=\"tiny\"><path d=\"M18.2 9.3l-6.2-6.3-6.2 6.3c-.2.2-.3.4-.3.7s.1.5.3.7c.2.2.4.3.7.3h11c.3 0 .5-.1.7-.3.2-.2.3-.5.3-.7s-.1-.5-.3-.7zM5.8 14.7l6.2 6.3 6.2-6.3c.2-.2.3-.5.3-.7s-.1-.5-.3-.7c-.2-.2-.4-.3-.7-.3h-11c-.3 0-.5.1-.7.3-.2.2-.3.5-.3.7s.1.5.3.7z\"\/><\/svg><\/span><\/span><\/label><input type=\"checkbox\"  id=\"ez-toc-cssicon-toggle-item-69d09842212e4\"  aria-label=\"Toggle\" \/><nav><ul class='ez-toc-list ez-toc-list-level-1 ' ><li class='ez-toc-page-1 ez-toc-heading-level-1'><a class=\"ez-toc-link ez-toc-heading-1\" href=\"https:\/\/neyssa-shop.com\/blog\/prix-dun-burkini-pour-femme-musulmane\/#Maillot_de_bain_femme_quel_est_le_prix_dun_burkini\" title=\"Maillot de bain femme : quel est le prix d&rsquo;un burkini ?\">Maillot de bain femme : quel est le prix d&rsquo;un burkini ?<\/a><ul class='ez-toc-list-level-2' ><li class='ez-toc-heading-level-2'><a class=\"ez-toc-link ez-toc-heading-2\" href=\"https:\/\/neyssa-shop.com\/blog\/prix-dun-burkini-pour-femme-musulmane\/#Quel_est_le_prix_moyen_dun_maillot_de_bain_islamique\" title=\"Quel est le prix moyen d&rsquo;un maillot de bain islamique ?\">Quel est le prix moyen d&rsquo;un maillot de bain islamique ?<\/a><\/li><li class='ez-toc-page-1 ez-toc-heading-level-2'><a class=\"ez-toc-link ez-toc-heading-3\" href=\"https:\/\/neyssa-shop.com\/blog\/prix-dun-burkini-pour-femme-musulmane\/#Les_elements_qui_determinent_le_prix_dun_maillot_de_bain_burkini\" title=\"Les \u00e9l\u00e9ments qui d\u00e9terminent le prix d&rsquo;un maillot de bain burkini\">Les \u00e9l\u00e9ments qui d\u00e9terminent le prix d&rsquo;un maillot de bain burkini<\/a><ul class='ez-toc-list-level-3' ><li class='ez-toc-heading-level-3'><a class=\"ez-toc-link ez-toc-heading-4\" href=\"https:\/\/neyssa-shop.com\/blog\/prix-dun-burkini-pour-femme-musulmane\/#Le_nombre_de_pieces_qui_composent_un_maillot_de_bain_burkini\" title=\"Le nombre de pi\u00e8ces qui composent un maillot de bain burkini\">Le nombre de pi\u00e8ces qui composent un maillot de bain burkini<\/a><\/li><li class='ez-toc-page-1 ez-toc-heading-level-3'><a class=\"ez-toc-link ez-toc-heading-5\" href=\"https:\/\/neyssa-shop.com\/blog\/prix-dun-burkini-pour-femme-musulmane\/#Le_choix_du_tissu_du_burkini\" title=\"Le choix du tissu du burkini\">Le choix du tissu du burkini<\/a><\/li><li class='ez-toc-page-1 ez-toc-heading-level-3'><a class=\"ez-toc-link ez-toc-heading-6\" href=\"https:\/\/neyssa-shop.com\/blog\/prix-dun-burkini-pour-femme-musulmane\/#Les_couleurs_du_maillot_de_bain_burkini\" title=\"Les couleurs du maillot de bain burkini\">Les couleurs du maillot de bain burkini<\/a><\/li><li class='ez-toc-page-1 ez-toc-heading-level-3'><a class=\"ez-toc-link ez-toc-heading-7\" href=\"https:\/\/neyssa-shop.com\/blog\/prix-dun-burkini-pour-femme-musulmane\/#La_taille_et_la_coupe_du_maillot_de_bain_burkini\" title=\"La taille et la coupe du maillot de bain burkini\">La taille et la coupe du maillot de bain burkini<\/a><\/li><li class='ez-toc-page-1 ez-toc-heading-level-3'><a class=\"ez-toc-link ez-toc-heading-8\" href=\"https:\/\/neyssa-shop.com\/blog\/prix-dun-burkini-pour-femme-musulmane\/#La_marque_du_maillot_de_bain_islamique\" title=\"La marque du maillot de bain islamique\">La marque du maillot de bain islamique<\/a><\/li><\/ul><\/li><li class='ez-toc-page-1 ez-toc-heading-level-2'><a class=\"ez-toc-link ez-toc-heading-9\" href=\"https:\/\/neyssa-shop.com\/blog\/prix-dun-burkini-pour-femme-musulmane\/#Le_prix_de_la_livraison_dun_maillot_de_bain\" title=\"Le prix de la livraison d&rsquo;un maillot de bain\">Le prix de la livraison d&rsquo;un maillot de bain<\/a><\/li><li class='ez-toc-page-1 ez-toc-heading-level-2'><a class=\"ez-toc-link ez-toc-heading-10\" href=\"https:\/\/neyssa-shop.com\/blog\/prix-dun-burkini-pour-femme-musulmane\/#Ne_pas_negliger_laspect_tendance_du_maillot_de_bain_burkini\" title=\"Ne pas n\u00e9gliger l&rsquo;aspect tendance du maillot de bain burkini\">Ne pas n\u00e9gliger l&rsquo;aspect tendance du maillot de bain burkini<\/a><\/li><li class='ez-toc-page-1 ez-toc-heading-level-2'><a class=\"ez-toc-link ez-toc-heading-11\" href=\"https:\/\/neyssa-shop.com\/blog\/prix-dun-burkini-pour-femme-musulmane\/#Les_autres_options_de_maillot_de_bain\" title=\"Les autres options de maillot de bain\">Les autres options de maillot de bain<\/a><\/li><\/ul><\/li><\/ul><\/nav><\/div>\n<h1><span class=\"ez-toc-section\" id=\"Maillot_de_bain_femme_quel_est_le_prix_dun_burkini\"><\/span>Maillot de bain femme : quel est le prix d&rsquo;un burkini ?<span class=\"ez-toc-section-end\"><\/span><\/h1>\n<p>Le choix d&rsquo;un <a href=\"https:\/\/neyssa-shop.com\/blog\/burkini\/\">burkini<\/a> s&rsquo;effectue en fonction de diff\u00e9rents facteurs. Le <strong>prix d&rsquo;un burkini<\/strong> est l&rsquo;un des \u00e9l\u00e9ments essentiels qui poussent la femme \u00e0 l&rsquo;achat. Ce prix d\u00e9pend de divers crit\u00e8res, comme les tissus, les couleurs, le nombre de pi\u00e8ces qui le composent, etc. En fonction de ces diff\u00e9rents \u00e9l\u00e9ments, le prix des burkinis permet de r\u00e9pondre \u00e0 tous les budgets.<\/p>\n<h2><span class=\"ez-toc-section\" id=\"Quel_est_le_prix_moyen_dun_maillot_de_bain_islamique\"><\/span>Quel est le prix moyen d&rsquo;un maillot de bain islamique ?<span class=\"ez-toc-section-end\"><\/span><\/h2>\n<p>Le prix d&rsquo;un burkini d\u00e9pend de nombreux \u00e9l\u00e9ments. Selon les sites et les marques, le prix des burkinis est tr\u00e8s vari\u00e9. On compte une fourchette de prix entre 40 et 120 euros environ. Le prix moyen d&rsquo;un maillot de bain burkini <strong>se situe aux alentours de 80 euros <\/strong>de mani\u00e8re g\u00e9n\u00e9rale. Cette diff\u00e9rence de prix est li\u00e9e \u00e0 plusieurs raisons. Le tissu, la mati\u00e8re, les couleurs, la taille, le co\u00fbt de livraison, etc. sont autant d&rsquo;\u00e9l\u00e9ments \u00e0 prendre en compte pour calculer le co\u00fbt d&rsquo;un burkini pour femme.<\/p>\n<p><a href=\"https:\/\/neyssa-shop.com\/fr\/174-burkini\"><img fetchpriority=\"high\" decoding=\"async\" class=\"alignnone wp-image-5023 size-full\" src=\"https:\/\/neyssa-shop.com\/blog\/wp-content\/uploads\/2022\/06\/49801.jpg\" alt=\"\" width=\"667\" height=\"1000\" srcset=\"https:\/\/neyssa-shop.com\/blog\/wp-content\/uploads\/2022\/06\/49801.jpg 667w, https:\/\/neyssa-shop.com\/blog\/wp-content\/uploads\/2022\/06\/49801-200x300.jpg 200w\" sizes=\"(max-width: 667px) 100vw, 667px\" \/><\/a><\/p>\n<h2><span class=\"ez-toc-section\" id=\"Les_elements_qui_determinent_le_prix_dun_maillot_de_bain_burkini\"><\/span>Les \u00e9l\u00e9ments qui d\u00e9terminent le prix d&rsquo;un maillot de bain burkini<span class=\"ez-toc-section-end\"><\/span><\/h2>\n<p>En fonction du choix du burkini, le prix varie. Certains burkinis se composent de deux pi\u00e8ces, d&rsquo;autres de trois pi\u00e8ces, changeant directement son co\u00fbt. La <strong>mati\u00e8re est un crit\u00e8re fondamental<\/strong> dans la d\u00e9termination du prix. Les diff\u00e9rentes options qui composent le maillot de bain islamique sont ainsi d\u00e9terminantes pour son prix final.<\/p>\n<h3><span class=\"ez-toc-section\" id=\"Le_nombre_de_pieces_qui_composent_un_maillot_de_bain_burkini\"><\/span>Le nombre de pi\u00e8ces qui composent un maillot de bain burkini<span class=\"ez-toc-section-end\"><\/span><\/h3>\n<p>Selon les mod\u00e8les de burkinis, le nombre de v\u00eatements qui les composent est diff\u00e9rent. Il existe des burkinis form\u00e9s de deux pi\u00e8ces : une tunique et un pantalon ou un legging. D&rsquo;autres maillots poss\u00e8dent trois pi\u00e8ces et forment une <strong>tenue de bain compl\u00e8te<\/strong> pour la femme musulmane. Ce maillot de bain islamique se pr\u00e9sente sous la forme d&rsquo;une tunique, d&rsquo;un pantalon ou d&rsquo;un legging et d&rsquo;un bonnet ou d&rsquo;un hijab assorti. Ces divers mod\u00e8les pr\u00e9sentent des <strong>prix diff\u00e9rents en fonction du nombre de pi\u00e8ces<\/strong> qui les composent.<\/p>\n<h3><span class=\"ez-toc-section\" id=\"Le_choix_du_tissu_du_burkini\"><\/span>Le choix du tissu du burkini<span class=\"ez-toc-section-end\"><\/span><\/h3>\n<p>Un autre facteur d\u00e9terminant du prix d&rsquo;un burkini est son tissu. La <strong>mati\u00e8re est un \u00e9l\u00e9ment essentiel<\/strong> pour un v\u00eatement de bain. Certains maillots de bain sont con\u00e7us en polyester et font partie des burkinis les moins chers. Les burkinis compos\u00e9s d&rsquo;\u00e9lasthanne et de polyamide sont les tenues de bain les plus appropri\u00e9es pour la plage ou la piscine. Cette mati\u00e8re est la mati\u00e8re sp\u00e9cifique de tous les maillots de bain. Les prix de ces burkinis sont donc plus \u00e9lev\u00e9s. Ces derniers pr\u00e9sentent des <strong>propri\u00e9t\u00e9s indispensables<\/strong> pour un maillot de bain :<\/p>\n<ul>\n<li>s\u00e9chage rapide ;<\/li>\n<li>confort ;<\/li>\n<li>r\u00e9sistant au chlore.<\/li>\n<\/ul>\n<p>Pour les femmes musulmanes souhaitant un <strong>maillot de bain islamique de qualit\u00e9<\/strong>, le choix du tissu demeure le facteur le plus important.<\/p>\n<h3><span class=\"ez-toc-section\" id=\"Les_couleurs_du_maillot_de_bain_burkini\"><\/span>Les couleurs du maillot de bain burkini<span class=\"ez-toc-section-end\"><\/span><\/h3>\n<p>Les couleurs qui composent le burkini sont \u00e9galement un facteur d\u00e9terminant. Un <strong>burkini uni noir ou fonc\u00e9<\/strong> ne sera pas au m\u00eame prix qu&rsquo;un burkini de multiples couleurs. Cela s&rsquo;explique par le co\u00fbt de la teinture.<\/p>\n<h3><span class=\"ez-toc-section\" id=\"La_taille_et_la_coupe_du_maillot_de_bain_burkini\"><\/span>La taille et la coupe du maillot de bain burkini<span class=\"ez-toc-section-end\"><\/span><\/h3>\n<p>Pour les femmes d\u00e9sirant un maillot de bain tr\u00e8s couvrant, le <strong>prix du burkini sera plus \u00e9lev\u00e9<\/strong>,car il n\u00e9cessite une quantit\u00e9 de tissu cons\u00e9quente. Les burkinis de coupe ample exigent davantage de tissu et entra\u00eenent parfois une hausse du prix.<\/p>\n<h3><span class=\"ez-toc-section\" id=\"La_marque_du_maillot_de_bain_islamique\"><\/span>La marque du maillot de bain islamique<span class=\"ez-toc-section-end\"><\/span><\/h3>\n<p>Certaines boutiques proposent des prix \u00e9lev\u00e9s et ce en raison de la notori\u00e9t\u00e9 de la marque. Il est ainsi possible de trouver des maillots de bain allant jusqu&rsquo;\u00e0 200 euros en fonction de la boutique. Ces <strong>prix sont relatifs \u00e0 l&rsquo;image de marque<\/strong> davantage qu&rsquo;au maillot de bain en lui-m\u00eame.<\/p>\n<p><a href=\"https:\/\/neyssa-shop.com\/fr\/174-burkini\"><img decoding=\"async\" class=\"alignnone wp-image-4836 size-large\" src=\"https:\/\/neyssa-shop.com\/blog\/wp-content\/uploads\/2022\/05\/DSC_0009-Copier-1-683x1024.jpg\" alt=\"\" width=\"683\" height=\"1024\" srcset=\"https:\/\/neyssa-shop.com\/blog\/wp-content\/uploads\/2022\/05\/DSC_0009-Copier-1-683x1024.jpg 683w, https:\/\/neyssa-shop.com\/blog\/wp-content\/uploads\/2022\/05\/DSC_0009-Copier-1-200x300.jpg 200w, https:\/\/neyssa-shop.com\/blog\/wp-content\/uploads\/2022\/05\/DSC_0009-Copier-1-768x1152.jpg 768w, https:\/\/neyssa-shop.com\/blog\/wp-content\/uploads\/2022\/05\/DSC_0009-Copier-1-1024x1536.jpg 1024w, https:\/\/neyssa-shop.com\/blog\/wp-content\/uploads\/2022\/05\/DSC_0009-Copier-1-1365x2048.jpg 1365w, https:\/\/neyssa-shop.com\/blog\/wp-content\/uploads\/2022\/05\/DSC_0009-Copier-1-750x1125.jpg 750w, https:\/\/neyssa-shop.com\/blog\/wp-content\/uploads\/2022\/05\/DSC_0009-Copier-1.jpg 1600w\" sizes=\"(max-width: 683px) 100vw, 683px\" \/><\/a><\/p>\n<h2><span class=\"ez-toc-section\" id=\"Le_prix_de_la_livraison_dun_maillot_de_bain\"><\/span>Le prix de la livraison d&rsquo;un maillot de bain<span class=\"ez-toc-section-end\"><\/span><\/h2>\n<p>Les maillots de bain islamiques sont livr\u00e9s partout dans le monde. Certains sites proposent la <strong>livraison gratuite<\/strong> en fonction du prix du panier d&rsquo;achat. La livraison demeure g\u00e9n\u00e9ralement payante et entra\u00eene un co\u00fbt global plus \u00e9lev\u00e9.<\/p>\n<h2><span class=\"ez-toc-section\" id=\"Ne_pas_negliger_laspect_tendance_du_maillot_de_bain_burkini\"><\/span>Ne pas n\u00e9gliger l&rsquo;aspect tendance du maillot de bain burkini<span class=\"ez-toc-section-end\"><\/span><\/h2>\n<p>Les burkinis pour femme sont des produits tendances. Chaque boutique musulmane se doit de proposer une rubrique \u00ab\u00a0burkini\u00a0\u00bb afin de r\u00e9pondre \u00e0 la demande des femmes musulmanes. La <strong>demande de burkinis est forte<\/strong>, ce qui peut entra\u00eener une hausse des prix sur ces v\u00eatements de bain de plus en plus r\u00e9pandus.<\/p>\n<h2><span class=\"ez-toc-section\" id=\"Les_autres_options_de_maillot_de_bain\"><\/span>Les autres options de maillot de bain<span class=\"ez-toc-section-end\"><\/span><\/h2>\n<p>Pour certaines femmes, le prix d&rsquo;un burkini demeure trop cher. Faire le choix d&rsquo;un maillot de bain en accord avec la religion musulmane est difficile. Dans ce cas, il est possible de trouver une alternative. La femme musulmane peut <strong>envisager de porter une tenue de sport<\/strong>. Les tenues de sport sont con\u00e7ues pour \u00eatre anti-transpirantes et pour s\u00e9cher rapidement. Cette tenue peut se composer d&rsquo;un legging et d&rsquo;un tee-shirt de sport accompagn\u00e9s d&rsquo;une <strong>tunique couvrante<\/strong>. Cette tenue de bain alternative ne peut \u00eatre envisag\u00e9e que sur la plage. Les v\u00eatements de bain pour la piscine n\u00e9cessitent de r\u00e9pondre \u00e0 certaines r\u00e8gles d&rsquo;hygi\u00e8ne.<\/p>\n<p>Pour en savoir plus sur le burkini avant tout achat, consultez les pages suivantes :<\/p>\n<ul>\n<li><a href=\"https:\/\/neyssa-shop.com\/blog\/quest-ce-quun-burkini\/\">Qu\u2019est-ce qu&rsquo;un burkini ?<\/a><\/li>\n<li><a href=\"https:\/\/neyssa-shop.com\/blog\/burkini-origine\/\">L&rsquo;origine du burkini<\/a><\/li>\n<li><a href=\"https:\/\/neyssa-shop.com\/blog\/pourquoi-porter-le-burkini\/\">Pourquoi porter le burkini ?<\/a><\/li>\n<li><a href=\"https:\/\/neyssa-shop.com\/blog\/comment-porter-le-burkini\/\">Comment porter le burkini ?<\/a><\/li>\n<li><a href=\"https:\/\/neyssa-shop.com\/blog\/comment-choisir-son-burkini\/\">Choisir son burkini<\/a><\/li>\n<\/ul>\n","protected":false},"excerpt":{"rendered":"<p>Maillot de bain femme : quel est le prix d&rsquo;un burkini ? Le choix d&rsquo;un burkini s&rsquo;effectue en fonction de diff\u00e9rents facteurs. Le prix d&rsquo;un burkini est l&rsquo;un des \u00e9l\u00e9ments essentiels qui poussent la femme \u00e0 l&rsquo;achat. Ce prix d\u00e9pend de divers crit\u00e8res, comme les tissus, les couleurs, le nombre de pi\u00e8ces qui le composent,&#8230;<\/p>\n<p><a class=\"more-link\" href=\"https:\/\/neyssa-shop.com\/blog\/prix-dun-burkini-pour-femme-musulmane\/\">En <em>savoir<\/em> plus<\/a><\/p>\n","protected":false},"author":1,"featured_media":0,"parent":0,"menu_order":0,"comment_status":"closed","ping_status":"closed","template":"","meta":{"_genesis_hide_title":false,"_genesis_hide_breadcrumbs":false,"_genesis_hide_singular_image":false,"_genesis_hide_footer_widgets":false,"_genesis_custom_body_class":"","_genesis_custom_post_class":"","_genesis_layout":"","footnotes":""},"class_list":{"0":"post-4827","1":"page","2":"type-page","3":"status-publish","5":"entry"},"yoast_head":"<!-- This site is optimized with the Yoast SEO plugin v26.8 - https:\/\/yoast.com\/product\/yoast-seo-wordpress\/ -->\n<title>Prix d&#039;un burkini pour femme musulmane<\/title>\n<meta name=\"description\" content=\"Le prix d&#039;un burkini d\u00e9pend de nombreux facteurs. D\u00e9couvrez en quoi les mati\u00e8res, les couleurs, les coupes, etc. permettent de d\u00e9terminer son prix.\" \/>\n<meta name=\"robots\" content=\"index, follow, max-snippet:-1, max-image-preview:large, max-video-preview:-1\" \/>\n<link rel=\"canonical\" href=\"https:\/\/neyssa-shop.com\/blog\/prix-dun-burkini-pour-femme-musulmane\/\" \/>\n<meta property=\"og:locale\" content=\"fr_FR\" \/>\n<meta property=\"og:type\" content=\"article\" \/>\n<meta property=\"og:title\" content=\"Prix d&#039;un burkini pour femme musulmane\" \/>\n<meta property=\"og:description\" content=\"Le prix d&#039;un burkini d\u00e9pend de nombreux facteurs. D\u00e9couvrez en quoi les mati\u00e8res, les couleurs, les coupes, etc. permettent de d\u00e9terminer son prix.\" \/>\n<meta property=\"og:url\" content=\"https:\/\/neyssa-shop.com\/blog\/prix-dun-burkini-pour-femme-musulmane\/\" \/>\n<meta property=\"og:site_name\" content=\"Neyssa le blog\" \/>\n<meta property=\"article:publisher\" content=\"https:\/\/www.facebook.com\/neyssashop\/\" \/>\n<meta property=\"article:modified_time\" content=\"2022-06-13T20:15:14+00:00\" \/>\n<meta property=\"og:image\" content=\"https:\/\/neyssa-shop.com\/blog\/wp-content\/uploads\/2022\/06\/49801.jpg\" \/>\n<meta name=\"twitter:card\" content=\"summary_large_image\" \/>\n<meta name=\"twitter:site\" content=\"@neyssashop\" \/>\n<meta name=\"twitter:label1\" content=\"Dur\u00e9e de lecture estim\u00e9e\" \/>\n\t<meta name=\"twitter:data1\" content=\"5 minutes\" \/>\n<script type=\"application\/ld+json\" class=\"yoast-schema-graph\">{\"@context\":\"https:\/\/schema.org\",\"@graph\":[{\"@type\":\"WebPage\",\"@id\":\"https:\/\/neyssa-shop.com\/blog\/prix-dun-burkini-pour-femme-musulmane\/\",\"url\":\"https:\/\/neyssa-shop.com\/blog\/prix-dun-burkini-pour-femme-musulmane\/\",\"name\":\"Prix d'un burkini pour femme musulmane\",\"isPartOf\":{\"@id\":\"https:\/\/neyssa-shop.com\/blog\/#website\"},\"primaryImageOfPage\":{\"@id\":\"https:\/\/neyssa-shop.com\/blog\/prix-dun-burkini-pour-femme-musulmane\/#primaryimage\"},\"image\":{\"@id\":\"https:\/\/neyssa-shop.com\/blog\/prix-dun-burkini-pour-femme-musulmane\/#primaryimage\"},\"thumbnailUrl\":\"https:\/\/neyssa-shop.com\/blog\/wp-content\/uploads\/2022\/06\/49801.jpg\",\"datePublished\":\"2022-05-13T08:06:23+00:00\",\"dateModified\":\"2022-06-13T20:15:14+00:00\",\"description\":\"Le prix d'un burkini d\u00e9pend de nombreux facteurs. D\u00e9couvrez en quoi les mati\u00e8res, les couleurs, les coupes, etc. permettent de d\u00e9terminer son prix.\",\"breadcrumb\":{\"@id\":\"https:\/\/neyssa-shop.com\/blog\/prix-dun-burkini-pour-femme-musulmane\/#breadcrumb\"},\"inLanguage\":\"fr-FR\",\"potentialAction\":[{\"@type\":\"ReadAction\",\"target\":[\"https:\/\/neyssa-shop.com\/blog\/prix-dun-burkini-pour-femme-musulmane\/\"]}]},{\"@type\":\"ImageObject\",\"inLanguage\":\"fr-FR\",\"@id\":\"https:\/\/neyssa-shop.com\/blog\/prix-dun-burkini-pour-femme-musulmane\/#primaryimage\",\"url\":\"https:\/\/neyssa-shop.com\/blog\/wp-content\/uploads\/2022\/06\/49801.jpg\",\"contentUrl\":\"https:\/\/neyssa-shop.com\/blog\/wp-content\/uploads\/2022\/06\/49801.jpg\",\"width\":667,\"height\":1000},{\"@type\":\"BreadcrumbList\",\"@id\":\"https:\/\/neyssa-shop.com\/blog\/prix-dun-burkini-pour-femme-musulmane\/#breadcrumb\",\"itemListElement\":[{\"@type\":\"ListItem\",\"position\":1,\"name\":\"Accueil\",\"item\":\"https:\/\/neyssa-shop.com\/blog\/\"},{\"@type\":\"ListItem\",\"position\":2,\"name\":\"Prix d&rsquo;un burkini pour femme musulmane\"}]},{\"@type\":\"WebSite\",\"@id\":\"https:\/\/neyssa-shop.com\/blog\/#website\",\"url\":\"https:\/\/neyssa-shop.com\/blog\/\",\"name\":\"Neyssa le blog\",\"description\":\"Un blog d\u00e9di\u00e9 \u00e0 la femme musulmane\",\"publisher\":{\"@id\":\"https:\/\/neyssa-shop.com\/blog\/#organization\"},\"potentialAction\":[{\"@type\":\"SearchAction\",\"target\":{\"@type\":\"EntryPoint\",\"urlTemplate\":\"https:\/\/neyssa-shop.com\/blog\/?s={search_term_string}\"},\"query-input\":{\"@type\":\"PropertyValueSpecification\",\"valueRequired\":true,\"valueName\":\"search_term_string\"}}],\"inLanguage\":\"fr-FR\"},{\"@type\":\"Organization\",\"@id\":\"https:\/\/neyssa-shop.com\/blog\/#organization\",\"name\":\"Neyssa Shop\",\"url\":\"https:\/\/neyssa-shop.com\/blog\/\",\"logo\":{\"@type\":\"ImageObject\",\"inLanguage\":\"fr-FR\",\"@id\":\"https:\/\/neyssa-shop.com\/blog\/#\/schema\/logo\/image\/\",\"url\":\"https:\/\/neyssa-shop.com\/blog\/wp-content\/uploads\/2021\/03\/neyssa-boutique-logo-1610747292.jpg\",\"contentUrl\":\"https:\/\/neyssa-shop.com\/blog\/wp-content\/uploads\/2021\/03\/neyssa-boutique-logo-1610747292.jpg\",\"width\":271,\"height\":70,\"caption\":\"Neyssa Shop\"},\"image\":{\"@id\":\"https:\/\/neyssa-shop.com\/blog\/#\/schema\/logo\/image\/\"},\"sameAs\":[\"https:\/\/www.facebook.com\/neyssashop\/\",\"https:\/\/x.com\/neyssashop\",\"https:\/\/www.instagram.com\/neyssa_shop\/\",\"https:\/\/www.pinterest.fr\/neyssa_shop\/_created\/\",\"https:\/\/www.youtube.com\/channel\/UCkQ9s8jXTLi2yVzyeugVAMg\"]}]}<\/script>\n<!-- \/ Yoast SEO plugin. -->","yoast_head_json":{"title":"Prix d'un burkini pour femme musulmane","description":"Le prix d'un burkini d\u00e9pend de nombreux facteurs. D\u00e9couvrez en quoi les mati\u00e8res, les couleurs, les coupes, etc. permettent de d\u00e9terminer son prix.","robots":{"index":"index","follow":"follow","max-snippet":"max-snippet:-1","max-image-preview":"max-image-preview:large","max-video-preview":"max-video-preview:-1"},"canonical":"https:\/\/neyssa-shop.com\/blog\/prix-dun-burkini-pour-femme-musulmane\/","og_locale":"fr_FR","og_type":"article","og_title":"Prix d'un burkini pour femme musulmane","og_description":"Le prix d'un burkini d\u00e9pend de nombreux facteurs. D\u00e9couvrez en quoi les mati\u00e8res, les couleurs, les coupes, etc. permettent de d\u00e9terminer son prix.","og_url":"https:\/\/neyssa-shop.com\/blog\/prix-dun-burkini-pour-femme-musulmane\/","og_site_name":"Neyssa le blog","article_publisher":"https:\/\/www.facebook.com\/neyssashop\/","article_modified_time":"2022-06-13T20:15:14+00:00","og_image":[{"url":"https:\/\/neyssa-shop.com\/blog\/wp-content\/uploads\/2022\/06\/49801.jpg","type":"","width":"","height":""}],"twitter_card":"summary_large_image","twitter_site":"@neyssashop","twitter_misc":{"Dur\u00e9e de lecture estim\u00e9e":"5 minutes"},"schema":{"@context":"https:\/\/schema.org","@graph":[{"@type":"WebPage","@id":"https:\/\/neyssa-shop.com\/blog\/prix-dun-burkini-pour-femme-musulmane\/","url":"https:\/\/neyssa-shop.com\/blog\/prix-dun-burkini-pour-femme-musulmane\/","name":"Prix d'un burkini pour femme musulmane","isPartOf":{"@id":"https:\/\/neyssa-shop.com\/blog\/#website"},"primaryImageOfPage":{"@id":"https:\/\/neyssa-shop.com\/blog\/prix-dun-burkini-pour-femme-musulmane\/#primaryimage"},"image":{"@id":"https:\/\/neyssa-shop.com\/blog\/prix-dun-burkini-pour-femme-musulmane\/#primaryimage"},"thumbnailUrl":"https:\/\/neyssa-shop.com\/blog\/wp-content\/uploads\/2022\/06\/49801.jpg","datePublished":"2022-05-13T08:06:23+00:00","dateModified":"2022-06-13T20:15:14+00:00","description":"Le prix d'un burkini d\u00e9pend de nombreux facteurs. D\u00e9couvrez en quoi les mati\u00e8res, les couleurs, les coupes, etc. permettent de d\u00e9terminer son prix.","breadcrumb":{"@id":"https:\/\/neyssa-shop.com\/blog\/prix-dun-burkini-pour-femme-musulmane\/#breadcrumb"},"inLanguage":"fr-FR","potentialAction":[{"@type":"ReadAction","target":["https:\/\/neyssa-shop.com\/blog\/prix-dun-burkini-pour-femme-musulmane\/"]}]},{"@type":"ImageObject","inLanguage":"fr-FR","@id":"https:\/\/neyssa-shop.com\/blog\/prix-dun-burkini-pour-femme-musulmane\/#primaryimage","url":"https:\/\/neyssa-shop.com\/blog\/wp-content\/uploads\/2022\/06\/49801.jpg","contentUrl":"https:\/\/neyssa-shop.com\/blog\/wp-content\/uploads\/2022\/06\/49801.jpg","width":667,"height":1000},{"@type":"BreadcrumbList","@id":"https:\/\/neyssa-shop.com\/blog\/prix-dun-burkini-pour-femme-musulmane\/#breadcrumb","itemListElement":[{"@type":"ListItem","position":1,"name":"Accueil","item":"https:\/\/neyssa-shop.com\/blog\/"},{"@type":"ListItem","position":2,"name":"Prix d&rsquo;un burkini pour femme musulmane"}]},{"@type":"WebSite","@id":"https:\/\/neyssa-shop.com\/blog\/#website","url":"https:\/\/neyssa-shop.com\/blog\/","name":"Neyssa le blog","description":"Un blog d\u00e9di\u00e9 \u00e0 la femme musulmane","publisher":{"@id":"https:\/\/neyssa-shop.com\/blog\/#organization"},"potentialAction":[{"@type":"SearchAction","target":{"@type":"EntryPoint","urlTemplate":"https:\/\/neyssa-shop.com\/blog\/?s={search_term_string}"},"query-input":{"@type":"PropertyValueSpecification","valueRequired":true,"valueName":"search_term_string"}}],"inLanguage":"fr-FR"},{"@type":"Organization","@id":"https:\/\/neyssa-shop.com\/blog\/#organization","name":"Neyssa Shop","url":"https:\/\/neyssa-shop.com\/blog\/","logo":{"@type":"ImageObject","inLanguage":"fr-FR","@id":"https:\/\/neyssa-shop.com\/blog\/#\/schema\/logo\/image\/","url":"https:\/\/neyssa-shop.com\/blog\/wp-content\/uploads\/2021\/03\/neyssa-boutique-logo-1610747292.jpg","contentUrl":"https:\/\/neyssa-shop.com\/blog\/wp-content\/uploads\/2021\/03\/neyssa-boutique-logo-1610747292.jpg","width":271,"height":70,"caption":"Neyssa Shop"},"image":{"@id":"https:\/\/neyssa-shop.com\/blog\/#\/schema\/logo\/image\/"},"sameAs":["https:\/\/www.facebook.com\/neyssashop\/","https:\/\/x.com\/neyssashop","https:\/\/www.instagram.com\/neyssa_shop\/","https:\/\/www.pinterest.fr\/neyssa_shop\/_created\/","https:\/\/www.youtube.com\/channel\/UCkQ9s8jXTLi2yVzyeugVAMg"]}]}},"_links":{"self":[{"href":"https:\/\/neyssa-shop.com\/blog\/wp-json\/wp\/v2\/pages\/4827","targetHints":{"allow":["GET"]}}],"collection":[{"href":"https:\/\/neyssa-shop.com\/blog\/wp-json\/wp\/v2\/pages"}],"about":[{"href":"https:\/\/neyssa-shop.com\/blog\/wp-json\/wp\/v2\/types\/page"}],"author":[{"embeddable":true,"href":"https:\/\/neyssa-shop.com\/blog\/wp-json\/wp\/v2\/users\/1"}],"replies":[{"embeddable":true,"href":"https:\/\/neyssa-shop.com\/blog\/wp-json\/wp\/v2\/comments?post=4827"}],"version-history":[{"count":8,"href":"https:\/\/neyssa-shop.com\/blog\/wp-json\/wp\/v2\/pages\/4827\/revisions"}],"predecessor-version":[{"id":5092,"href":"https:\/\/neyssa-shop.com\/blog\/wp-json\/wp\/v2\/pages\/4827\/revisions\/5092"}],"wp:attachment":[{"href":"https:\/\/neyssa-shop.com\/blog\/wp-json\/wp\/v2\/media?parent=4827"}],"curies":[{"name":"wp","href":"https:\/\/api.w.org\/{rel}","templated":true}]}}