{"id":4825,"date":"2022-05-13T10:06:22","date_gmt":"2022-05-13T08:06:22","guid":{"rendered":"https:\/\/neyssa-shop.com\/blog\/?page_id=4825"},"modified":"2022-06-13T21:43:25","modified_gmt":"2022-06-13T19:43:25","slug":"les-formes-de-burkini","status":"publish","type":"page","link":"https:\/\/neyssa-shop.com\/blog\/les-formes-de-burkini\/","title":{"rendered":"Les formes de burkini"},"content":{"rendered":"<div id=\"ez-toc-container\" class=\"ez-toc-v2_0_72 counter-hierarchy ez-toc-counter ez-toc-grey ez-toc-container-direction\">\n<label for=\"ez-toc-cssicon-toggle-item-69d098424feff\" class=\"ez-toc-cssicon-toggle-label\"><span class=\"\"><span class=\"eztoc-hide\" style=\"display:none;\">Toggle<\/span><span class=\"ez-toc-icon-toggle-span\"><svg style=\"fill: #999;color:#999\" xmlns=\"http:\/\/www.w3.org\/2000\/svg\" class=\"list-377408\" width=\"20px\" height=\"20px\" viewBox=\"0 0 24 24\" fill=\"none\"><path d=\"M6 6H4v2h2V6zm14 0H8v2h12V6zM4 11h2v2H4v-2zm16 0H8v2h12v-2zM4 16h2v2H4v-2zm16 0H8v2h12v-2z\" fill=\"currentColor\"><\/path><\/svg><svg style=\"fill: #999;color:#999\" class=\"arrow-unsorted-368013\" xmlns=\"http:\/\/www.w3.org\/2000\/svg\" width=\"10px\" height=\"10px\" viewBox=\"0 0 24 24\" version=\"1.2\" baseProfile=\"tiny\"><path d=\"M18.2 9.3l-6.2-6.3-6.2 6.3c-.2.2-.3.4-.3.7s.1.5.3.7c.2.2.4.3.7.3h11c.3 0 .5-.1.7-.3.2-.2.3-.5.3-.7s-.1-.5-.3-.7zM5.8 14.7l6.2 6.3 6.2-6.3c.2-.2.3-.5.3-.7s-.1-.5-.3-.7c-.2-.2-.4-.3-.7-.3h-11c-.3 0-.5.1-.7.3-.2.2-.3.5-.3.7s.1.5.3.7z\"\/><\/svg><\/span><\/span><\/label><input type=\"checkbox\"  id=\"ez-toc-cssicon-toggle-item-69d098424feff\"  aria-label=\"Toggle\" \/><nav><ul class='ez-toc-list ez-toc-list-level-1 ' ><li class='ez-toc-page-1 ez-toc-heading-level-1'><a class=\"ez-toc-link ez-toc-heading-1\" href=\"https:\/\/neyssa-shop.com\/blog\/les-formes-de-burkini\/#Quelles_sont_les_differentes_formes_de_burkini_pour_femme\" title=\"Quelles sont les diff\u00e9rentes formes de burkini pour femme ?\">Quelles sont les diff\u00e9rentes formes de burkini pour femme ?<\/a><ul class='ez-toc-list-level-2' ><li class='ez-toc-heading-level-2'><a class=\"ez-toc-link ez-toc-heading-2\" href=\"https:\/\/neyssa-shop.com\/blog\/les-formes-de-burkini\/#Des_formes_de_burkini_pour_toutes_les_femmes\" title=\"Des formes de burkini pour toutes les femmes\">Des formes de burkini pour toutes les femmes<\/a><\/li><li class='ez-toc-page-1 ez-toc-heading-level-2'><a class=\"ez-toc-link ez-toc-heading-3\" href=\"https:\/\/neyssa-shop.com\/blog\/les-formes-de-burkini\/#Le_burkini_de_bain_grande_taille\" title=\"Le burkini de bain grande taille\">Le burkini de bain grande taille<\/a><ul class='ez-toc-list-level-3' ><li class='ez-toc-heading-level-3'><a class=\"ez-toc-link ez-toc-heading-4\" href=\"https:\/\/neyssa-shop.com\/blog\/les-formes-de-burkini\/#Le_maillot_de_bain_burkini_coupe_papillon\" title=\"Le maillot de bain burkini coupe papillon\">Le maillot de bain burkini coupe papillon<\/a><\/li><li class='ez-toc-page-1 ez-toc-heading-level-3'><a class=\"ez-toc-link ez-toc-heading-5\" href=\"https:\/\/neyssa-shop.com\/blog\/les-formes-de-burkini\/#Le_burkini_de_bain_de_taille_large\" title=\"Le burkini de bain de taille large\">Le burkini de bain de taille large<\/a><\/li><\/ul><\/li><li class='ez-toc-page-1 ez-toc-heading-level-2'><a class=\"ez-toc-link ez-toc-heading-6\" href=\"https:\/\/neyssa-shop.com\/blog\/les-formes-de-burkini\/#Le_burkini_de_bain_long_pour_femme\" title=\"Le burkini de bain long pour femme\">Le burkini de bain long pour femme<\/a><ul class='ez-toc-list-level-3' ><li class='ez-toc-heading-level-3'><a class=\"ez-toc-link ez-toc-heading-7\" href=\"https:\/\/neyssa-shop.com\/blog\/les-formes-de-burkini\/#Le_burkini_long_et_droit_pour_les_femmes_de_grande_taille\" title=\"Le burkini long et droit pour les femmes de grande taille\">Le burkini long et droit pour les femmes de grande taille<\/a><\/li><li class='ez-toc-page-1 ez-toc-heading-level-3'><a class=\"ez-toc-link ez-toc-heading-8\" href=\"https:\/\/neyssa-shop.com\/blog\/les-formes-de-burkini\/#Le_maillot_de_bain_burkini_ceinture\" title=\"Le maillot de bain burkini ceintur\u00e9\">Le maillot de bain burkini ceintur\u00e9<\/a><\/li><li class='ez-toc-page-1 ez-toc-heading-level-3'><a class=\"ez-toc-link ez-toc-heading-9\" href=\"https:\/\/neyssa-shop.com\/blog\/les-formes-de-burkini\/#Le_maillot_de_bain_burkini_mi-long\" title=\"Le maillot de bain burkini mi-long\">Le maillot de bain burkini mi-long<\/a><\/li><\/ul><\/li><li class='ez-toc-page-1 ez-toc-heading-level-2'><a class=\"ez-toc-link ez-toc-heading-10\" href=\"https:\/\/neyssa-shop.com\/blog\/les-formes-de-burkini\/#Des_maillots_de_bain_parfaits_pour_la_baignade\" title=\"Des maillots de bain parfaits pour la baignade\">Des maillots de bain parfaits pour la baignade<\/a><\/li><\/ul><\/li><\/ul><\/nav><\/div>\n<h1><span class=\"ez-toc-section\" id=\"Quelles_sont_les_differentes_formes_de_burkini_pour_femme\"><\/span>Quelles sont les diff\u00e9rentes formes de burkini pour femme ?<span class=\"ez-toc-section-end\"><\/span><\/h1>\n<p>Pour <a href=\"https:\/\/neyssa-shop.com\/blog\/comment-choisir-son-burkini\/\">choisir son burkini<\/a>, la coupe, la mati\u00e8re et la forme sont des crit\u00e8res indispensables. Chaque femme peut porter un burkini en fonction de sa morphologie. Toutes les <strong>formes de burkini<\/strong> sont adapt\u00e9es pour r\u00e9pondre \u00e0 chacun des besoins de la femme musulmane.<\/p>\n<h2><span class=\"ez-toc-section\" id=\"Des_formes_de_burkini_pour_toutes_les_femmes\"><\/span>Des formes de burkini pour toutes les femmes<span class=\"ez-toc-section-end\"><\/span><\/h2>\n<p>Toutes les femmes musulmanes pr\u00e9sentes des morphologies diff\u00e9rentes. C&rsquo;est pourquoi il est indispensable de proposer diff\u00e9rentes formes de burkini. Cela permet \u00e0 chacune des femmes de trouver le v\u00eatement de bain adapt\u00e9. En fonction de sa taille et de ses go\u00fbts, la femme musulmane peut <strong>trouver sa tenue de bain id\u00e9ale<\/strong>. Pour la piscine ou pour la plage, le burkini demeure le v\u00eatement incontournable pour toutes les femmes musulmanes.<\/p>\n<h2><span class=\"ez-toc-section\" id=\"Le_burkini_de_bain_grande_taille\"><\/span>Le burkini de bain grande taille<span class=\"ez-toc-section-end\"><\/span><\/h2>\n<p>Le <strong>burkini grande taille<\/strong> est une tenue de bain qui offre un maximum de couvrance. Ce mod\u00e8le de burkini se d\u00e9cline en plusieurs formes. Il permet aux femmes musulmanes de porter un v\u00eatement couvrant avec un hijab assorti.<\/p>\n<h3><span class=\"ez-toc-section\" id=\"Le_maillot_de_bain_burkini_coupe_papillon\"><\/span>Le maillot de bain burkini coupe papillon<span class=\"ez-toc-section-end\"><\/span><\/h3>\n<p>Coupe tendance et \u00e9l\u00e9gante, le <strong>burkini coupe papillon<\/strong> est un incontournable. V\u00eatement adapt\u00e9 \u00e0 toutes les morphologies, toutes les femmes peuvent envisager de porter cette tenue de bain. Ses manches papillon offrent une grande libert\u00e9 de mouvement et une couvrance optimale. Ce burkini se compose d&rsquo;une tunique aux manches papillon, d&rsquo;un pantalon et d&rsquo;un hijab assortis.<\/p>\n<p><a href=\"https:\/\/neyssa-shop.com\/fr\/174-burkini\"><img fetchpriority=\"high\" decoding=\"async\" class=\"alignnone wp-image-5023 size-full\" src=\"https:\/\/neyssa-shop.com\/blog\/wp-content\/uploads\/2022\/06\/49801.jpg\" alt=\"\" width=\"667\" height=\"1000\" srcset=\"https:\/\/neyssa-shop.com\/blog\/wp-content\/uploads\/2022\/06\/49801.jpg 667w, https:\/\/neyssa-shop.com\/blog\/wp-content\/uploads\/2022\/06\/49801-200x300.jpg 200w\" sizes=\"(max-width: 667px) 100vw, 667px\" \/><\/a><\/p>\n<h3><span class=\"ez-toc-section\" id=\"Le_burkini_de_bain_de_taille_large\"><\/span>Le burkini de bain de taille large<span class=\"ez-toc-section-end\"><\/span><\/h3>\n<p>Plus simple que le burkini coupe papillon, le <strong>burkini large<\/strong> est un maillot de bain \u00e0 la coupe confortable. Non cintr\u00e9, il permet une couvrance totale sans d\u00e9voiler les formes du corps. Ce burkini est un v\u00eatement adapt\u00e9 \u00e0 toutes les morphologies.<\/p>\n<h2><span class=\"ez-toc-section\" id=\"Le_burkini_de_bain_long_pour_femme\"><\/span>Le burkini de bain long pour femme<span class=\"ez-toc-section-end\"><\/span><\/h2>\n<p>Le burkini long est un incontournable. Pour les femmes pr\u00e9f\u00e9rant un v\u00eatement plus ajust\u00e9, il est le burkini id\u00e9al. <strong>Pour les femmes de grande taille<\/strong>, opter pour un burkini long est un tr\u00e8s bon choix. D&rsquo;autres formes de burkini existent, comme le burkini mi-long. Un maillot de bain qui demeure une bonne alternative pour les femmes plus petites.<\/p>\n<h3><span class=\"ez-toc-section\" id=\"Le_burkini_long_et_droit_pour_les_femmes_de_grande_taille\"><\/span>Le burkini long et droit pour les femmes de grande taille<span class=\"ez-toc-section-end\"><\/span><\/h3>\n<p>Le <strong>burkini long et droit<\/strong> est un burkini id\u00e9al pour les femmes de grande taille. Sa coupe ajust\u00e9e lui conf\u00e8re un confort optimal et facilite consid\u00e9rablement les mouvements dans l&rsquo;eau. Le burkini long se compose de trois pi\u00e8ces : une tunique longue, un pantalon et un hijab assorti.<\/p>\n<p><a href=\"https:\/\/neyssa-shop.com\/fr\/174-burkini\"><img decoding=\"async\" class=\"alignnone wp-image-5046 size-full\" src=\"https:\/\/neyssa-shop.com\/blog\/wp-content\/uploads\/2022\/06\/burkini-long-Copie.jpg\" alt=\"\" width=\"666\" height=\"955\" srcset=\"https:\/\/neyssa-shop.com\/blog\/wp-content\/uploads\/2022\/06\/burkini-long-Copie.jpg 666w, https:\/\/neyssa-shop.com\/blog\/wp-content\/uploads\/2022\/06\/burkini-long-Copie-209x300.jpg 209w\" sizes=\"(max-width: 666px) 100vw, 666px\" \/><\/a><\/p>\n<h3><span class=\"ez-toc-section\" id=\"Le_maillot_de_bain_burkini_ceinture\"><\/span>Le maillot de bain burkini ceintur\u00e9<span class=\"ez-toc-section-end\"><\/span><\/h3>\n<p>Pour les femmes d\u00e9sirant marquer la taille, le burkini ceintur\u00e9 est id\u00e9al. Il permet de <strong>marquer la taille<\/strong> et ainsi de rendre cette tenue de bain davantage \u00e9l\u00e9gante. Tout en conservant un maximum de couvrance, cette tenue de bain offre \u00e9l\u00e9gance et confort. Ce burkini se compose d&rsquo;une <strong>tunique avec ceinture<\/strong> int\u00e9gr\u00e9e, un pantalon et un hijab assorti. Il s&rsquo;adapte \u00e0 toutes les morphologies.<\/p>\n<h3><span class=\"ez-toc-section\" id=\"Le_maillot_de_bain_burkini_mi-long\"><\/span>Le maillot de bain burkini mi-long<span class=\"ez-toc-section-end\"><\/span><\/h3>\n<p>Plus adapt\u00e9 aux <strong>femmes musulmanes de taille moyenne<\/strong>, le burkini mi-long est parfait. Le burkini mi-long pr\u00e9sente une coupe droite \u00e9vitant de mouler les formes du corps. Cette coupe mastour s&rsquo;adapte \u00e0 toutes les morphologies. Le burkini mi-long se compose de trois pi\u00e8ces comprenant une tunique, un pantalon et un hijab assorti.<\/p>\n<h2><span class=\"ez-toc-section\" id=\"Des_maillots_de_bain_parfaits_pour_la_baignade\"><\/span>Des maillots de bain parfaits pour la baignade<span class=\"ez-toc-section-end\"><\/span><\/h2>\n<p>Chacune des formes de burkini permet de profiter de l&rsquo;eau avec un <strong>maillot de bain adapt\u00e9<\/strong>. Les diff\u00e9rentes coupes sont sp\u00e9cialement con\u00e7ues pour faciliter les mouvements lors d&rsquo;activit\u00e9s nautiques. Mi-longues, longues ou larges, toutes les formes de burkini sont adapt\u00e9es pour assurer un agr\u00e9able moment de baignade.<\/p>\n<p>Pour choisir au mieux votre burkini, ces pages peuvent \u00e9galement vous int\u00e9resser :<\/p>\n<ul>\n<li><a href=\"https:\/\/neyssa-shop.com\/blog\/les-couleurs-de-burkini\/\">Couleurs de burkini<\/a><\/li>\n<li><a href=\"https:\/\/neyssa-shop.com\/blog\/burkini-original\/\">Burkini original<\/a><\/li>\n<\/ul>\n","protected":false},"excerpt":{"rendered":"<p>Quelles sont les diff\u00e9rentes formes de burkini pour femme ? Pour choisir son burkini, la coupe, la mati\u00e8re et la forme sont des crit\u00e8res indispensables. Chaque femme peut porter un burkini en fonction de sa morphologie. Toutes les formes de burkini sont adapt\u00e9es pour r\u00e9pondre \u00e0 chacun des besoins de la femme musulmane. Des formes&#8230;<\/p>\n<p><a class=\"more-link\" href=\"https:\/\/neyssa-shop.com\/blog\/les-formes-de-burkini\/\">En <em>savoir<\/em> plus<\/a><\/p>\n","protected":false},"author":1,"featured_media":0,"parent":0,"menu_order":0,"comment_status":"closed","ping_status":"closed","template":"","meta":{"_genesis_hide_title":false,"_genesis_hide_breadcrumbs":false,"_genesis_hide_singular_image":false,"_genesis_hide_footer_widgets":false,"_genesis_custom_body_class":"","_genesis_custom_post_class":"","_genesis_layout":"","footnotes":""},"class_list":{"0":"post-4825","1":"page","2":"type-page","3":"status-publish","5":"entry"},"yoast_head":"<!-- This site is optimized with the Yoast SEO plugin v26.8 - https:\/\/yoast.com\/product\/yoast-seo-wordpress\/ -->\n<title>Les formes de burkini<\/title>\n<meta name=\"description\" content=\"Le burkini est un maillot de bain id\u00e9al pour la femme musulmane. Les diff\u00e9rentes formes de burkini permettent de trouver le burkini adapt\u00e9 \u00e0 chacune.\" \/>\n<meta name=\"robots\" content=\"index, follow, max-snippet:-1, max-image-preview:large, max-video-preview:-1\" \/>\n<link rel=\"canonical\" href=\"https:\/\/neyssa-shop.com\/blog\/les-formes-de-burkini\/\" \/>\n<meta property=\"og:locale\" content=\"fr_FR\" \/>\n<meta property=\"og:type\" content=\"article\" \/>\n<meta property=\"og:title\" content=\"Les formes de burkini\" \/>\n<meta property=\"og:description\" content=\"Le burkini est un maillot de bain id\u00e9al pour la femme musulmane. Les diff\u00e9rentes formes de burkini permettent de trouver le burkini adapt\u00e9 \u00e0 chacune.\" \/>\n<meta property=\"og:url\" content=\"https:\/\/neyssa-shop.com\/blog\/les-formes-de-burkini\/\" \/>\n<meta property=\"og:site_name\" content=\"Neyssa le blog\" \/>\n<meta property=\"article:publisher\" content=\"https:\/\/www.facebook.com\/neyssashop\/\" \/>\n<meta property=\"article:modified_time\" content=\"2022-06-13T19:43:25+00:00\" \/>\n<meta property=\"og:image\" content=\"https:\/\/neyssa-shop.com\/blog\/wp-content\/uploads\/2022\/06\/49801.jpg\" \/>\n<meta name=\"twitter:card\" content=\"summary_large_image\" \/>\n<meta name=\"twitter:site\" content=\"@neyssashop\" \/>\n<meta name=\"twitter:label1\" content=\"Dur\u00e9e de lecture estim\u00e9e\" \/>\n\t<meta name=\"twitter:data1\" content=\"4 minutes\" \/>\n<script type=\"application\/ld+json\" class=\"yoast-schema-graph\">{\"@context\":\"https:\/\/schema.org\",\"@graph\":[{\"@type\":\"WebPage\",\"@id\":\"https:\/\/neyssa-shop.com\/blog\/les-formes-de-burkini\/\",\"url\":\"https:\/\/neyssa-shop.com\/blog\/les-formes-de-burkini\/\",\"name\":\"Les formes de burkini\",\"isPartOf\":{\"@id\":\"https:\/\/neyssa-shop.com\/blog\/#website\"},\"primaryImageOfPage\":{\"@id\":\"https:\/\/neyssa-shop.com\/blog\/les-formes-de-burkini\/#primaryimage\"},\"image\":{\"@id\":\"https:\/\/neyssa-shop.com\/blog\/les-formes-de-burkini\/#primaryimage\"},\"thumbnailUrl\":\"https:\/\/neyssa-shop.com\/blog\/wp-content\/uploads\/2022\/06\/49801.jpg\",\"datePublished\":\"2022-05-13T08:06:22+00:00\",\"dateModified\":\"2022-06-13T19:43:25+00:00\",\"description\":\"Le burkini est un maillot de bain id\u00e9al pour la femme musulmane. Les diff\u00e9rentes formes de burkini permettent de trouver le burkini adapt\u00e9 \u00e0 chacune.\",\"breadcrumb\":{\"@id\":\"https:\/\/neyssa-shop.com\/blog\/les-formes-de-burkini\/#breadcrumb\"},\"inLanguage\":\"fr-FR\",\"potentialAction\":[{\"@type\":\"ReadAction\",\"target\":[\"https:\/\/neyssa-shop.com\/blog\/les-formes-de-burkini\/\"]}]},{\"@type\":\"ImageObject\",\"inLanguage\":\"fr-FR\",\"@id\":\"https:\/\/neyssa-shop.com\/blog\/les-formes-de-burkini\/#primaryimage\",\"url\":\"https:\/\/neyssa-shop.com\/blog\/wp-content\/uploads\/2022\/06\/49801.jpg\",\"contentUrl\":\"https:\/\/neyssa-shop.com\/blog\/wp-content\/uploads\/2022\/06\/49801.jpg\",\"width\":667,\"height\":1000},{\"@type\":\"BreadcrumbList\",\"@id\":\"https:\/\/neyssa-shop.com\/blog\/les-formes-de-burkini\/#breadcrumb\",\"itemListElement\":[{\"@type\":\"ListItem\",\"position\":1,\"name\":\"Accueil\",\"item\":\"https:\/\/neyssa-shop.com\/blog\/\"},{\"@type\":\"ListItem\",\"position\":2,\"name\":\"Les formes de burkini\"}]},{\"@type\":\"WebSite\",\"@id\":\"https:\/\/neyssa-shop.com\/blog\/#website\",\"url\":\"https:\/\/neyssa-shop.com\/blog\/\",\"name\":\"Neyssa le blog\",\"description\":\"Un blog d\u00e9di\u00e9 \u00e0 la femme musulmane\",\"publisher\":{\"@id\":\"https:\/\/neyssa-shop.com\/blog\/#organization\"},\"potentialAction\":[{\"@type\":\"SearchAction\",\"target\":{\"@type\":\"EntryPoint\",\"urlTemplate\":\"https:\/\/neyssa-shop.com\/blog\/?s={search_term_string}\"},\"query-input\":{\"@type\":\"PropertyValueSpecification\",\"valueRequired\":true,\"valueName\":\"search_term_string\"}}],\"inLanguage\":\"fr-FR\"},{\"@type\":\"Organization\",\"@id\":\"https:\/\/neyssa-shop.com\/blog\/#organization\",\"name\":\"Neyssa Shop\",\"url\":\"https:\/\/neyssa-shop.com\/blog\/\",\"logo\":{\"@type\":\"ImageObject\",\"inLanguage\":\"fr-FR\",\"@id\":\"https:\/\/neyssa-shop.com\/blog\/#\/schema\/logo\/image\/\",\"url\":\"https:\/\/neyssa-shop.com\/blog\/wp-content\/uploads\/2021\/03\/neyssa-boutique-logo-1610747292.jpg\",\"contentUrl\":\"https:\/\/neyssa-shop.com\/blog\/wp-content\/uploads\/2021\/03\/neyssa-boutique-logo-1610747292.jpg\",\"width\":271,\"height\":70,\"caption\":\"Neyssa Shop\"},\"image\":{\"@id\":\"https:\/\/neyssa-shop.com\/blog\/#\/schema\/logo\/image\/\"},\"sameAs\":[\"https:\/\/www.facebook.com\/neyssashop\/\",\"https:\/\/x.com\/neyssashop\",\"https:\/\/www.instagram.com\/neyssa_shop\/\",\"https:\/\/www.pinterest.fr\/neyssa_shop\/_created\/\",\"https:\/\/www.youtube.com\/channel\/UCkQ9s8jXTLi2yVzyeugVAMg\"]}]}<\/script>\n<!-- \/ Yoast SEO plugin. -->","yoast_head_json":{"title":"Les formes de burkini","description":"Le burkini est un maillot de bain id\u00e9al pour la femme musulmane. Les diff\u00e9rentes formes de burkini permettent de trouver le burkini adapt\u00e9 \u00e0 chacune.","robots":{"index":"index","follow":"follow","max-snippet":"max-snippet:-1","max-image-preview":"max-image-preview:large","max-video-preview":"max-video-preview:-1"},"canonical":"https:\/\/neyssa-shop.com\/blog\/les-formes-de-burkini\/","og_locale":"fr_FR","og_type":"article","og_title":"Les formes de burkini","og_description":"Le burkini est un maillot de bain id\u00e9al pour la femme musulmane. Les diff\u00e9rentes formes de burkini permettent de trouver le burkini adapt\u00e9 \u00e0 chacune.","og_url":"https:\/\/neyssa-shop.com\/blog\/les-formes-de-burkini\/","og_site_name":"Neyssa le blog","article_publisher":"https:\/\/www.facebook.com\/neyssashop\/","article_modified_time":"2022-06-13T19:43:25+00:00","og_image":[{"url":"https:\/\/neyssa-shop.com\/blog\/wp-content\/uploads\/2022\/06\/49801.jpg","type":"","width":"","height":""}],"twitter_card":"summary_large_image","twitter_site":"@neyssashop","twitter_misc":{"Dur\u00e9e de lecture estim\u00e9e":"4 minutes"},"schema":{"@context":"https:\/\/schema.org","@graph":[{"@type":"WebPage","@id":"https:\/\/neyssa-shop.com\/blog\/les-formes-de-burkini\/","url":"https:\/\/neyssa-shop.com\/blog\/les-formes-de-burkini\/","name":"Les formes de burkini","isPartOf":{"@id":"https:\/\/neyssa-shop.com\/blog\/#website"},"primaryImageOfPage":{"@id":"https:\/\/neyssa-shop.com\/blog\/les-formes-de-burkini\/#primaryimage"},"image":{"@id":"https:\/\/neyssa-shop.com\/blog\/les-formes-de-burkini\/#primaryimage"},"thumbnailUrl":"https:\/\/neyssa-shop.com\/blog\/wp-content\/uploads\/2022\/06\/49801.jpg","datePublished":"2022-05-13T08:06:22+00:00","dateModified":"2022-06-13T19:43:25+00:00","description":"Le burkini est un maillot de bain id\u00e9al pour la femme musulmane. Les diff\u00e9rentes formes de burkini permettent de trouver le burkini adapt\u00e9 \u00e0 chacune.","breadcrumb":{"@id":"https:\/\/neyssa-shop.com\/blog\/les-formes-de-burkini\/#breadcrumb"},"inLanguage":"fr-FR","potentialAction":[{"@type":"ReadAction","target":["https:\/\/neyssa-shop.com\/blog\/les-formes-de-burkini\/"]}]},{"@type":"ImageObject","inLanguage":"fr-FR","@id":"https:\/\/neyssa-shop.com\/blog\/les-formes-de-burkini\/#primaryimage","url":"https:\/\/neyssa-shop.com\/blog\/wp-content\/uploads\/2022\/06\/49801.jpg","contentUrl":"https:\/\/neyssa-shop.com\/blog\/wp-content\/uploads\/2022\/06\/49801.jpg","width":667,"height":1000},{"@type":"BreadcrumbList","@id":"https:\/\/neyssa-shop.com\/blog\/les-formes-de-burkini\/#breadcrumb","itemListElement":[{"@type":"ListItem","position":1,"name":"Accueil","item":"https:\/\/neyssa-shop.com\/blog\/"},{"@type":"ListItem","position":2,"name":"Les formes de burkini"}]},{"@type":"WebSite","@id":"https:\/\/neyssa-shop.com\/blog\/#website","url":"https:\/\/neyssa-shop.com\/blog\/","name":"Neyssa le blog","description":"Un blog d\u00e9di\u00e9 \u00e0 la femme musulmane","publisher":{"@id":"https:\/\/neyssa-shop.com\/blog\/#organization"},"potentialAction":[{"@type":"SearchAction","target":{"@type":"EntryPoint","urlTemplate":"https:\/\/neyssa-shop.com\/blog\/?s={search_term_string}"},"query-input":{"@type":"PropertyValueSpecification","valueRequired":true,"valueName":"search_term_string"}}],"inLanguage":"fr-FR"},{"@type":"Organization","@id":"https:\/\/neyssa-shop.com\/blog\/#organization","name":"Neyssa Shop","url":"https:\/\/neyssa-shop.com\/blog\/","logo":{"@type":"ImageObject","inLanguage":"fr-FR","@id":"https:\/\/neyssa-shop.com\/blog\/#\/schema\/logo\/image\/","url":"https:\/\/neyssa-shop.com\/blog\/wp-content\/uploads\/2021\/03\/neyssa-boutique-logo-1610747292.jpg","contentUrl":"https:\/\/neyssa-shop.com\/blog\/wp-content\/uploads\/2021\/03\/neyssa-boutique-logo-1610747292.jpg","width":271,"height":70,"caption":"Neyssa Shop"},"image":{"@id":"https:\/\/neyssa-shop.com\/blog\/#\/schema\/logo\/image\/"},"sameAs":["https:\/\/www.facebook.com\/neyssashop\/","https:\/\/x.com\/neyssashop","https:\/\/www.instagram.com\/neyssa_shop\/","https:\/\/www.pinterest.fr\/neyssa_shop\/_created\/","https:\/\/www.youtube.com\/channel\/UCkQ9s8jXTLi2yVzyeugVAMg"]}]}},"_links":{"self":[{"href":"https:\/\/neyssa-shop.com\/blog\/wp-json\/wp\/v2\/pages\/4825","targetHints":{"allow":["GET"]}}],"collection":[{"href":"https:\/\/neyssa-shop.com\/blog\/wp-json\/wp\/v2\/pages"}],"about":[{"href":"https:\/\/neyssa-shop.com\/blog\/wp-json\/wp\/v2\/types\/page"}],"author":[{"embeddable":true,"href":"https:\/\/neyssa-shop.com\/blog\/wp-json\/wp\/v2\/users\/1"}],"replies":[{"embeddable":true,"href":"https:\/\/neyssa-shop.com\/blog\/wp-json\/wp\/v2\/comments?post=4825"}],"version-history":[{"count":4,"href":"https:\/\/neyssa-shop.com\/blog\/wp-json\/wp\/v2\/pages\/4825\/revisions"}],"predecessor-version":[{"id":5073,"href":"https:\/\/neyssa-shop.com\/blog\/wp-json\/wp\/v2\/pages\/4825\/revisions\/5073"}],"wp:attachment":[{"href":"https:\/\/neyssa-shop.com\/blog\/wp-json\/wp\/v2\/media?parent=4825"}],"curies":[{"name":"wp","href":"https:\/\/api.w.org\/{rel}","templated":true}]}}