{"id":4824,"date":"2022-05-13T10:06:22","date_gmt":"2022-05-13T08:06:22","guid":{"rendered":"https:\/\/neyssa-shop.com\/blog\/?page_id=4824"},"modified":"2022-06-13T20:20:13","modified_gmt":"2022-06-13T18:20:13","slug":"les-couleurs-de-burkini","status":"publish","type":"page","link":"https:\/\/neyssa-shop.com\/blog\/les-couleurs-de-burkini\/","title":{"rendered":"Les couleurs de burkini"},"content":{"rendered":"<div id=\"ez-toc-container\" class=\"ez-toc-v2_0_72 counter-hierarchy ez-toc-counter ez-toc-grey ez-toc-container-direction\">\n<label for=\"ez-toc-cssicon-toggle-item-69d098424170b\" class=\"ez-toc-cssicon-toggle-label\"><span class=\"\"><span class=\"eztoc-hide\" style=\"display:none;\">Toggle<\/span><span class=\"ez-toc-icon-toggle-span\"><svg style=\"fill: #999;color:#999\" xmlns=\"http:\/\/www.w3.org\/2000\/svg\" class=\"list-377408\" width=\"20px\" height=\"20px\" viewBox=\"0 0 24 24\" fill=\"none\"><path d=\"M6 6H4v2h2V6zm14 0H8v2h12V6zM4 11h2v2H4v-2zm16 0H8v2h12v-2zM4 16h2v2H4v-2zm16 0H8v2h12v-2z\" fill=\"currentColor\"><\/path><\/svg><svg style=\"fill: #999;color:#999\" class=\"arrow-unsorted-368013\" xmlns=\"http:\/\/www.w3.org\/2000\/svg\" width=\"10px\" height=\"10px\" viewBox=\"0 0 24 24\" version=\"1.2\" baseProfile=\"tiny\"><path d=\"M18.2 9.3l-6.2-6.3-6.2 6.3c-.2.2-.3.4-.3.7s.1.5.3.7c.2.2.4.3.7.3h11c.3 0 .5-.1.7-.3.2-.2.3-.5.3-.7s-.1-.5-.3-.7zM5.8 14.7l6.2 6.3 6.2-6.3c.2-.2.3-.5.3-.7s-.1-.5-.3-.7c-.2-.2-.4-.3-.7-.3h-11c-.3 0-.5.1-.7.3-.2.2-.3.5-.3.7s.1.5.3.7z\"\/><\/svg><\/span><\/span><\/label><input type=\"checkbox\"  id=\"ez-toc-cssicon-toggle-item-69d098424170b\"  aria-label=\"Toggle\" \/><nav><ul class='ez-toc-list ez-toc-list-level-1 ' ><li class='ez-toc-page-1 ez-toc-heading-level-1'><a class=\"ez-toc-link ez-toc-heading-1\" href=\"https:\/\/neyssa-shop.com\/blog\/les-couleurs-de-burkini\/#Quelles_sont_les_differentes_couleurs_de_burkini\" title=\"Quelles sont les diff\u00e9rentes couleurs de burkini ?\">Quelles sont les diff\u00e9rentes couleurs de burkini ?<\/a><ul class='ez-toc-list-level-2' ><li class='ez-toc-heading-level-2'><a class=\"ez-toc-link ez-toc-heading-2\" href=\"https:\/\/neyssa-shop.com\/blog\/les-couleurs-de-burkini\/#Differentes_couleurs_de_burkini_pour_toutes_les_femmes\" title=\"Diff\u00e9rentes couleurs de burkini pour toutes les femmes\">Diff\u00e9rentes couleurs de burkini pour toutes les femmes<\/a><\/li><li class='ez-toc-page-1 ez-toc-heading-level-2'><a class=\"ez-toc-link ez-toc-heading-3\" href=\"https:\/\/neyssa-shop.com\/blog\/les-couleurs-de-burkini\/#Les_burkinis_femmes_de_couleur_sombre\" title=\"Les burkinis femmes de couleur sombre\">Les burkinis femmes de couleur sombre<\/a><ul class='ez-toc-list-level-3' ><li class='ez-toc-heading-level-3'><a class=\"ez-toc-link ez-toc-heading-4\" href=\"https:\/\/neyssa-shop.com\/blog\/les-couleurs-de-burkini\/#Le_burkini_noir_la_couleur_intemporelle\" title=\"Le burkini noir : la couleur intemporelle\">Le burkini noir : la couleur intemporelle<\/a><\/li><li class='ez-toc-page-1 ez-toc-heading-level-3'><a class=\"ez-toc-link ez-toc-heading-5\" href=\"https:\/\/neyssa-shop.com\/blog\/les-couleurs-de-burkini\/#Le_maillot_de_bain_burkini_bleu_nuit\" title=\"Le maillot de bain burkini bleu nuit\">Le maillot de bain burkini bleu nuit<\/a><\/li><li class='ez-toc-page-1 ez-toc-heading-level-3'><a class=\"ez-toc-link ez-toc-heading-6\" href=\"https:\/\/neyssa-shop.com\/blog\/les-couleurs-de-burkini\/#Les_maillots_de_bain_de_couleur_grise\" title=\"Les maillots de bain de couleur grise\">Les maillots de bain de couleur grise<\/a><\/li><\/ul><\/li><li class='ez-toc-page-1 ez-toc-heading-level-2'><a class=\"ez-toc-link ez-toc-heading-7\" href=\"https:\/\/neyssa-shop.com\/blog\/les-couleurs-de-burkini\/#Le_burkini_islamique_aux_couleurs_vives\" title=\"Le burkini islamique aux couleurs vives\">Le burkini islamique aux couleurs vives<\/a><ul class='ez-toc-list-level-3' ><li class='ez-toc-heading-level-3'><a class=\"ez-toc-link ez-toc-heading-8\" href=\"https:\/\/neyssa-shop.com\/blog\/les-couleurs-de-burkini\/#Le_maillot_de_bain_burkini_aux_couleurs_chaudes\" title=\"Le maillot de bain burkini aux couleurs chaudes\">Le maillot de bain burkini aux couleurs chaudes<\/a><\/li><li class='ez-toc-page-1 ez-toc-heading-level-3'><a class=\"ez-toc-link ez-toc-heading-9\" href=\"https:\/\/neyssa-shop.com\/blog\/les-couleurs-de-burkini\/#Le_burkini_de_bain_de_couleur_bleu_et_vert_de_gris\" title=\"Le burkini de bain de couleur bleu et vert de gris\">Le burkini de bain de couleur bleu et vert de gris<\/a><\/li><\/ul><\/li><li class='ez-toc-page-1 ez-toc-heading-level-2'><a class=\"ez-toc-link ez-toc-heading-10\" href=\"https:\/\/neyssa-shop.com\/blog\/les-couleurs-de-burkini\/#Le_burkini_maillot_de_bain_fleuri\" title=\"Le burkini maillot de bain fleuri\">Le burkini maillot de bain fleuri<\/a><\/li><\/ul><\/li><\/ul><\/nav><\/div>\n<h1><span class=\"ez-toc-section\" id=\"Quelles_sont_les_differentes_couleurs_de_burkini\"><\/span>Quelles sont les diff\u00e9rentes couleurs de burkini ?<span class=\"ez-toc-section-end\"><\/span><\/h1>\n<p>Pour bien <a href=\"https:\/\/neyssa-shop.com\/blog\/comment-porter-le-burkini\/\" data-wplink-edit=\"true\">choisir son burkini<\/a>, diff\u00e9rents crit\u00e8res entrent en compte. Parmi ceux-ci, les <strong>couleurs de burkini <\/strong>sont des \u00e9l\u00e9ments permettant de faire son choix. Les burkinis se d\u00e9clinent en diff\u00e9rentes couleurs afin de satisfaire les go\u00fbts de chacune des femmes musulmanes.<\/p>\n<p><a href=\"https:\/\/neyssa-shop.com\/fr\/174-burkini\"><img fetchpriority=\"high\" decoding=\"async\" class=\"alignnone wp-image-5050 size-large\" src=\"https:\/\/neyssa-shop.com\/blog\/wp-content\/uploads\/2022\/06\/burkini_grande_taille_neyssa-Copie-683x1024.jpg\" alt=\"\" width=\"683\" height=\"1024\" srcset=\"https:\/\/neyssa-shop.com\/blog\/wp-content\/uploads\/2022\/06\/burkini_grande_taille_neyssa-Copie-683x1024.jpg 683w, https:\/\/neyssa-shop.com\/blog\/wp-content\/uploads\/2022\/06\/burkini_grande_taille_neyssa-Copie-200x300.jpg 200w, https:\/\/neyssa-shop.com\/blog\/wp-content\/uploads\/2022\/06\/burkini_grande_taille_neyssa-Copie-768x1152.jpg 768w, https:\/\/neyssa-shop.com\/blog\/wp-content\/uploads\/2022\/06\/burkini_grande_taille_neyssa-Copie-1024x1536.jpg 1024w, https:\/\/neyssa-shop.com\/blog\/wp-content\/uploads\/2022\/06\/burkini_grande_taille_neyssa-Copie-1365x2048.jpg 1365w, https:\/\/neyssa-shop.com\/blog\/wp-content\/uploads\/2022\/06\/burkini_grande_taille_neyssa-Copie-750x1125.jpg 750w, https:\/\/neyssa-shop.com\/blog\/wp-content\/uploads\/2022\/06\/burkini_grande_taille_neyssa-Copie.jpg 1600w\" sizes=\"(max-width: 683px) 100vw, 683px\" \/><\/a><\/p>\n<h2><span class=\"ez-toc-section\" id=\"Differentes_couleurs_de_burkini_pour_toutes_les_femmes\"><\/span>Diff\u00e9rentes couleurs de burkini pour toutes les femmes<span class=\"ez-toc-section-end\"><\/span><\/h2>\n<p>Afin de satisfaire chaque femme dans son choix de burkini, les cr\u00e9ateurs proposent un large choix de couleurs. Ce v\u00eatement de plage est la tenue id\u00e9ale pour la femme musulmane. \u00c0 la fois pratique et \u00e9l\u00e9gant, <strong>le burkini se d\u00e9cline en diverses couleurs<\/strong>, permettant aux femmes de choisir celles qui la mettront le plus en valeur.<\/p>\n<h2><span class=\"ez-toc-section\" id=\"Les_burkinis_femmes_de_couleur_sombre\"><\/span>Les burkinis femmes de couleur sombre<span class=\"ez-toc-section-end\"><\/span><\/h2>\n<p>Les burkinis de couleur sombre conf\u00e8rent \u00e0 la tenue un <strong>rendu \u00e0 la fois \u00e9l\u00e9gant et discret<\/strong>. Un large choix de burkini sombre est disponible, offrant la possibilit\u00e9 de trouver le burkini le plus adapt\u00e9 en fonction de ses go\u00fbts.<\/p>\n<h3><span class=\"ez-toc-section\" id=\"Le_burkini_noir_la_couleur_intemporelle\"><\/span>Le burkini noir : la couleur intemporelle<span class=\"ez-toc-section-end\"><\/span><\/h3>\n<p>Parmi les burkinis de couleur sombre, le burkini noir demeure le v\u00eatement de bain le plus intemporel. La majorit\u00e9 des mod\u00e8les de burkini se d\u00e9cline en couleur noire. Chacun de ces maillots de bain se compose g\u00e9n\u00e9ralement de trois pi\u00e8ces : une tunique, un legging ou un pantalon et un hijab assorti. Le burkini noir est <strong>un ind\u00e9modable et un incontournable <\/strong>de la garde-robe de la femme musulmane.<\/p>\n<h3><span class=\"ez-toc-section\" id=\"Le_maillot_de_bain_burkini_bleu_nuit\"><\/span>Le maillot de bain burkini bleu nuit<span class=\"ez-toc-section-end\"><\/span><\/h3>\n<p>Proche du burkini de couleur noire, <strong>le burkini bleu nuit offre un rendu chic et \u00e9l\u00e9gant<\/strong> \u00e0 la tenue de bain. Les trois pi\u00e8ces composant ce burkini sont de la m\u00eame couleur, permettant une tenue monochrome tr\u00e8s \u00e9l\u00e9gante.<\/p>\n<h3><span class=\"ez-toc-section\" id=\"Les_maillots_de_bain_de_couleur_grise\"><\/span>Les maillots de bain de couleur grise<span class=\"ez-toc-section-end\"><\/span><\/h3>\n<p>Le gris demeure une couleur ind\u00e9modable. Variante du noir,<strong> le burkini de couleur grise s&rsquo;associe facilement <\/strong>avec le reste de vos v\u00eatements. Le gris se marie avec un grand nombre de couleurs. Ce maillot de bain peut \u00eatre compl\u00e9t\u00e9 par un kimono ou des v\u00eatements de toutes les couleurs, offrant un rendu harmonieux.<\/p>\n<h2><span class=\"ez-toc-section\" id=\"Le_burkini_islamique_aux_couleurs_vives\"><\/span>Le burkini islamique aux couleurs vives<span class=\"ez-toc-section-end\"><\/span><\/h2>\n<p>Pour une tenue de plage, un burkini de couleur vive est id\u00e9al. Ces couleurs estivales sont <strong>parfaites pour un v\u00eatement de bain<\/strong>. Les burkinis de couleurs varient entre couleurs chaudes et couleurs froides pour satisfaire tous les go\u00fbts.<\/p>\n<h3><span class=\"ez-toc-section\" id=\"Le_maillot_de_bain_burkini_aux_couleurs_chaudes\"><\/span>Le maillot de bain burkini aux couleurs chaudes<span class=\"ez-toc-section-end\"><\/span><\/h3>\n<p>Les gammes de burkinis aux couleurs chaudes proposent des maillots de bain bordeaux et prune. Des couleurs vives et gaies \u00e0 l&rsquo;image de l&rsquo;\u00e9t\u00e9 composent cet ensemble de bain \u00e0 trois pi\u00e8ces. Ces couleurs estivales sont id\u00e9ales pour une tenue de bain. Les burkinis de couleurs vives s&rsquo;associent parfaitement avec un kimono assorti ou d\u00e9pareill\u00e9 pour <strong>un look chic et tendance<\/strong>.<\/p>\n<p><a href=\"httphttps:\/\/neyssa-shop.com\/fr\/174-burkini\"><img decoding=\"async\" class=\"alignnone wp-image-4834 size-large\" src=\"https:\/\/neyssa-shop.com\/blog\/wp-content\/uploads\/2022\/05\/DSC_0009-Copier-683x1024.jpg\" alt=\"\" width=\"683\" height=\"1024\" srcset=\"https:\/\/neyssa-shop.com\/blog\/wp-content\/uploads\/2022\/05\/DSC_0009-Copier-683x1024.jpg 683w, https:\/\/neyssa-shop.com\/blog\/wp-content\/uploads\/2022\/05\/DSC_0009-Copier-200x300.jpg 200w, https:\/\/neyssa-shop.com\/blog\/wp-content\/uploads\/2022\/05\/DSC_0009-Copier-768x1152.jpg 768w, https:\/\/neyssa-shop.com\/blog\/wp-content\/uploads\/2022\/05\/DSC_0009-Copier-1024x1536.jpg 1024w, https:\/\/neyssa-shop.com\/blog\/wp-content\/uploads\/2022\/05\/DSC_0009-Copier-1365x2048.jpg 1365w, https:\/\/neyssa-shop.com\/blog\/wp-content\/uploads\/2022\/05\/DSC_0009-Copier-750x1125.jpg 750w, https:\/\/neyssa-shop.com\/blog\/wp-content\/uploads\/2022\/05\/DSC_0009-Copier.jpg 1600w\" sizes=\"(max-width: 683px) 100vw, 683px\" \/><\/a><\/p>\n<h3><span class=\"ez-toc-section\" id=\"Le_burkini_de_bain_de_couleur_bleu_et_vert_de_gris\"><\/span>Le burkini de bain de couleur bleu et vert de gris<span class=\"ez-toc-section-end\"><\/span><\/h3>\n<p>Pour un burkini d&rsquo;<strong>une couleur plus douce<\/strong>, les burkinis bleu et vert de gris sont id\u00e9aux. Ils s&rsquo;imposent comme des burkinis color\u00e9s parfaits pour la saison estivale. Ces burkinis compos\u00e9s de trois pi\u00e8ces disposent d&rsquo;une tunique, d&rsquo;un pantalon ou d&rsquo;un legging et d&rsquo;un hijab assorti.<\/p>\n<h2><span class=\"ez-toc-section\" id=\"Le_burkini_maillot_de_bain_fleuri\"><\/span>Le burkini maillot de bain fleuri<span class=\"ez-toc-section-end\"><\/span><\/h2>\n<p>Pour varier des burkinis unis, le maillot de bain \u00e0 motifs fleuris se d\u00e9marque \u00e9galement. Ses motifs de couleurs rehaussent la tenue et <strong>apportent une touche de f\u00e9minit\u00e9<\/strong>.De couleur bleue, lilas ou rouge, ces motifs floraux compl\u00e8tent la tenue de mani\u00e8re sophistiqu\u00e9e. Pour un style tendance complet, compl\u00e9ter sa tenue avec un par\u00e9o ou un kimono de m\u00eames couleurs est un choix bienvenu.<\/p>\n<p>Vous ne savez pas quel type de burkini choisir ? Ces pages peuvent \u00e9galement vous int\u00e9resser :<\/p>\n<ul>\n<li><a href=\"https:\/\/neyssa-shop.com\/blog\/les-formes-de-burkini\/\">Les formes de burkini<\/a><\/li>\n<li><a href=\"https:\/\/neyssa-shop.com\/blog\/burkini-original\/\">Trouver un burkini original<\/a><\/li>\n<\/ul>\n","protected":false},"excerpt":{"rendered":"<p>Quelles sont les diff\u00e9rentes couleurs de burkini ? Pour bien choisir son burkini, diff\u00e9rents crit\u00e8res entrent en compte. Parmi ceux-ci, les couleurs de burkini sont des \u00e9l\u00e9ments permettant de faire son choix. Les burkinis se d\u00e9clinent en diff\u00e9rentes couleurs afin de satisfaire les go\u00fbts de chacune des femmes musulmanes. Diff\u00e9rentes couleurs de burkini pour toutes&#8230;<\/p>\n<p><a class=\"more-link\" href=\"https:\/\/neyssa-shop.com\/blog\/les-couleurs-de-burkini\/\">En <em>savoir<\/em> plus<\/a><\/p>\n","protected":false},"author":1,"featured_media":0,"parent":0,"menu_order":0,"comment_status":"closed","ping_status":"closed","template":"","meta":{"_genesis_hide_title":false,"_genesis_hide_breadcrumbs":false,"_genesis_hide_singular_image":false,"_genesis_hide_footer_widgets":false,"_genesis_custom_body_class":"","_genesis_custom_post_class":"","_genesis_layout":"","footnotes":""},"class_list":{"0":"post-4824","1":"page","2":"type-page","3":"status-publish","5":"entry"},"yoast_head":"<!-- This site is optimized with the Yoast SEO plugin v26.8 - https:\/\/yoast.com\/product\/yoast-seo-wordpress\/ -->\n<title>Les couleurs de burkini<\/title>\n<meta name=\"description\" content=\"D\u00e9couvrez notre choix de couleurs de burkini. Un choix vaste qui permet \u00e0 toutes les femmes de trouver le meilleur burkini pour ses futures vacances.\" \/>\n<meta name=\"robots\" content=\"index, follow, max-snippet:-1, max-image-preview:large, max-video-preview:-1\" \/>\n<link rel=\"canonical\" href=\"https:\/\/neyssa-shop.com\/blog\/les-couleurs-de-burkini\/\" \/>\n<meta property=\"og:locale\" content=\"fr_FR\" \/>\n<meta property=\"og:type\" content=\"article\" \/>\n<meta property=\"og:title\" content=\"Les couleurs de burkini\" \/>\n<meta property=\"og:description\" content=\"D\u00e9couvrez notre choix de couleurs de burkini. Un choix vaste qui permet \u00e0 toutes les femmes de trouver le meilleur burkini pour ses futures vacances.\" \/>\n<meta property=\"og:url\" content=\"https:\/\/neyssa-shop.com\/blog\/les-couleurs-de-burkini\/\" \/>\n<meta property=\"og:site_name\" content=\"Neyssa le blog\" \/>\n<meta property=\"article:publisher\" content=\"https:\/\/www.facebook.com\/neyssashop\/\" \/>\n<meta property=\"article:modified_time\" content=\"2022-06-13T18:20:13+00:00\" \/>\n<meta property=\"og:image\" content=\"https:\/\/neyssa-shop.com\/blog\/wp-content\/uploads\/2022\/06\/burkini_grande_taille_neyssa-Copie-683x1024.jpg\" \/>\n<meta name=\"twitter:card\" content=\"summary_large_image\" \/>\n<meta name=\"twitter:site\" content=\"@neyssashop\" \/>\n<meta name=\"twitter:label1\" content=\"Dur\u00e9e de lecture estim\u00e9e\" \/>\n\t<meta name=\"twitter:data1\" content=\"4 minutes\" \/>\n<script type=\"application\/ld+json\" class=\"yoast-schema-graph\">{\"@context\":\"https:\/\/schema.org\",\"@graph\":[{\"@type\":\"WebPage\",\"@id\":\"https:\/\/neyssa-shop.com\/blog\/les-couleurs-de-burkini\/\",\"url\":\"https:\/\/neyssa-shop.com\/blog\/les-couleurs-de-burkini\/\",\"name\":\"Les couleurs de burkini\",\"isPartOf\":{\"@id\":\"https:\/\/neyssa-shop.com\/blog\/#website\"},\"primaryImageOfPage\":{\"@id\":\"https:\/\/neyssa-shop.com\/blog\/les-couleurs-de-burkini\/#primaryimage\"},\"image\":{\"@id\":\"https:\/\/neyssa-shop.com\/blog\/les-couleurs-de-burkini\/#primaryimage\"},\"thumbnailUrl\":\"https:\/\/neyssa-shop.com\/blog\/wp-content\/uploads\/2022\/06\/burkini_grande_taille_neyssa-Copie-683x1024.jpg\",\"datePublished\":\"2022-05-13T08:06:22+00:00\",\"dateModified\":\"2022-06-13T18:20:13+00:00\",\"description\":\"D\u00e9couvrez notre choix de couleurs de burkini. Un choix vaste qui permet \u00e0 toutes les femmes de trouver le meilleur burkini pour ses futures vacances.\",\"breadcrumb\":{\"@id\":\"https:\/\/neyssa-shop.com\/blog\/les-couleurs-de-burkini\/#breadcrumb\"},\"inLanguage\":\"fr-FR\",\"potentialAction\":[{\"@type\":\"ReadAction\",\"target\":[\"https:\/\/neyssa-shop.com\/blog\/les-couleurs-de-burkini\/\"]}]},{\"@type\":\"ImageObject\",\"inLanguage\":\"fr-FR\",\"@id\":\"https:\/\/neyssa-shop.com\/blog\/les-couleurs-de-burkini\/#primaryimage\",\"url\":\"https:\/\/neyssa-shop.com\/blog\/wp-content\/uploads\/2022\/06\/burkini_grande_taille_neyssa-Copie.jpg\",\"contentUrl\":\"https:\/\/neyssa-shop.com\/blog\/wp-content\/uploads\/2022\/06\/burkini_grande_taille_neyssa-Copie.jpg\",\"width\":1600,\"height\":2400},{\"@type\":\"BreadcrumbList\",\"@id\":\"https:\/\/neyssa-shop.com\/blog\/les-couleurs-de-burkini\/#breadcrumb\",\"itemListElement\":[{\"@type\":\"ListItem\",\"position\":1,\"name\":\"Accueil\",\"item\":\"https:\/\/neyssa-shop.com\/blog\/\"},{\"@type\":\"ListItem\",\"position\":2,\"name\":\"Les couleurs de burkini\"}]},{\"@type\":\"WebSite\",\"@id\":\"https:\/\/neyssa-shop.com\/blog\/#website\",\"url\":\"https:\/\/neyssa-shop.com\/blog\/\",\"name\":\"Neyssa le blog\",\"description\":\"Un blog d\u00e9di\u00e9 \u00e0 la femme musulmane\",\"publisher\":{\"@id\":\"https:\/\/neyssa-shop.com\/blog\/#organization\"},\"potentialAction\":[{\"@type\":\"SearchAction\",\"target\":{\"@type\":\"EntryPoint\",\"urlTemplate\":\"https:\/\/neyssa-shop.com\/blog\/?s={search_term_string}\"},\"query-input\":{\"@type\":\"PropertyValueSpecification\",\"valueRequired\":true,\"valueName\":\"search_term_string\"}}],\"inLanguage\":\"fr-FR\"},{\"@type\":\"Organization\",\"@id\":\"https:\/\/neyssa-shop.com\/blog\/#organization\",\"name\":\"Neyssa Shop\",\"url\":\"https:\/\/neyssa-shop.com\/blog\/\",\"logo\":{\"@type\":\"ImageObject\",\"inLanguage\":\"fr-FR\",\"@id\":\"https:\/\/neyssa-shop.com\/blog\/#\/schema\/logo\/image\/\",\"url\":\"https:\/\/neyssa-shop.com\/blog\/wp-content\/uploads\/2021\/03\/neyssa-boutique-logo-1610747292.jpg\",\"contentUrl\":\"https:\/\/neyssa-shop.com\/blog\/wp-content\/uploads\/2021\/03\/neyssa-boutique-logo-1610747292.jpg\",\"width\":271,\"height\":70,\"caption\":\"Neyssa Shop\"},\"image\":{\"@id\":\"https:\/\/neyssa-shop.com\/blog\/#\/schema\/logo\/image\/\"},\"sameAs\":[\"https:\/\/www.facebook.com\/neyssashop\/\",\"https:\/\/x.com\/neyssashop\",\"https:\/\/www.instagram.com\/neyssa_shop\/\",\"https:\/\/www.pinterest.fr\/neyssa_shop\/_created\/\",\"https:\/\/www.youtube.com\/channel\/UCkQ9s8jXTLi2yVzyeugVAMg\"]}]}<\/script>\n<!-- \/ Yoast SEO plugin. -->","yoast_head_json":{"title":"Les couleurs de burkini","description":"D\u00e9couvrez notre choix de couleurs de burkini. Un choix vaste qui permet \u00e0 toutes les femmes de trouver le meilleur burkini pour ses futures vacances.","robots":{"index":"index","follow":"follow","max-snippet":"max-snippet:-1","max-image-preview":"max-image-preview:large","max-video-preview":"max-video-preview:-1"},"canonical":"https:\/\/neyssa-shop.com\/blog\/les-couleurs-de-burkini\/","og_locale":"fr_FR","og_type":"article","og_title":"Les couleurs de burkini","og_description":"D\u00e9couvrez notre choix de couleurs de burkini. Un choix vaste qui permet \u00e0 toutes les femmes de trouver le meilleur burkini pour ses futures vacances.","og_url":"https:\/\/neyssa-shop.com\/blog\/les-couleurs-de-burkini\/","og_site_name":"Neyssa le blog","article_publisher":"https:\/\/www.facebook.com\/neyssashop\/","article_modified_time":"2022-06-13T18:20:13+00:00","og_image":[{"url":"https:\/\/neyssa-shop.com\/blog\/wp-content\/uploads\/2022\/06\/burkini_grande_taille_neyssa-Copie-683x1024.jpg","type":"","width":"","height":""}],"twitter_card":"summary_large_image","twitter_site":"@neyssashop","twitter_misc":{"Dur\u00e9e de lecture estim\u00e9e":"4 minutes"},"schema":{"@context":"https:\/\/schema.org","@graph":[{"@type":"WebPage","@id":"https:\/\/neyssa-shop.com\/blog\/les-couleurs-de-burkini\/","url":"https:\/\/neyssa-shop.com\/blog\/les-couleurs-de-burkini\/","name":"Les couleurs de burkini","isPartOf":{"@id":"https:\/\/neyssa-shop.com\/blog\/#website"},"primaryImageOfPage":{"@id":"https:\/\/neyssa-shop.com\/blog\/les-couleurs-de-burkini\/#primaryimage"},"image":{"@id":"https:\/\/neyssa-shop.com\/blog\/les-couleurs-de-burkini\/#primaryimage"},"thumbnailUrl":"https:\/\/neyssa-shop.com\/blog\/wp-content\/uploads\/2022\/06\/burkini_grande_taille_neyssa-Copie-683x1024.jpg","datePublished":"2022-05-13T08:06:22+00:00","dateModified":"2022-06-13T18:20:13+00:00","description":"D\u00e9couvrez notre choix de couleurs de burkini. Un choix vaste qui permet \u00e0 toutes les femmes de trouver le meilleur burkini pour ses futures vacances.","breadcrumb":{"@id":"https:\/\/neyssa-shop.com\/blog\/les-couleurs-de-burkini\/#breadcrumb"},"inLanguage":"fr-FR","potentialAction":[{"@type":"ReadAction","target":["https:\/\/neyssa-shop.com\/blog\/les-couleurs-de-burkini\/"]}]},{"@type":"ImageObject","inLanguage":"fr-FR","@id":"https:\/\/neyssa-shop.com\/blog\/les-couleurs-de-burkini\/#primaryimage","url":"https:\/\/neyssa-shop.com\/blog\/wp-content\/uploads\/2022\/06\/burkini_grande_taille_neyssa-Copie.jpg","contentUrl":"https:\/\/neyssa-shop.com\/blog\/wp-content\/uploads\/2022\/06\/burkini_grande_taille_neyssa-Copie.jpg","width":1600,"height":2400},{"@type":"BreadcrumbList","@id":"https:\/\/neyssa-shop.com\/blog\/les-couleurs-de-burkini\/#breadcrumb","itemListElement":[{"@type":"ListItem","position":1,"name":"Accueil","item":"https:\/\/neyssa-shop.com\/blog\/"},{"@type":"ListItem","position":2,"name":"Les couleurs de burkini"}]},{"@type":"WebSite","@id":"https:\/\/neyssa-shop.com\/blog\/#website","url":"https:\/\/neyssa-shop.com\/blog\/","name":"Neyssa le blog","description":"Un blog d\u00e9di\u00e9 \u00e0 la femme musulmane","publisher":{"@id":"https:\/\/neyssa-shop.com\/blog\/#organization"},"potentialAction":[{"@type":"SearchAction","target":{"@type":"EntryPoint","urlTemplate":"https:\/\/neyssa-shop.com\/blog\/?s={search_term_string}"},"query-input":{"@type":"PropertyValueSpecification","valueRequired":true,"valueName":"search_term_string"}}],"inLanguage":"fr-FR"},{"@type":"Organization","@id":"https:\/\/neyssa-shop.com\/blog\/#organization","name":"Neyssa Shop","url":"https:\/\/neyssa-shop.com\/blog\/","logo":{"@type":"ImageObject","inLanguage":"fr-FR","@id":"https:\/\/neyssa-shop.com\/blog\/#\/schema\/logo\/image\/","url":"https:\/\/neyssa-shop.com\/blog\/wp-content\/uploads\/2021\/03\/neyssa-boutique-logo-1610747292.jpg","contentUrl":"https:\/\/neyssa-shop.com\/blog\/wp-content\/uploads\/2021\/03\/neyssa-boutique-logo-1610747292.jpg","width":271,"height":70,"caption":"Neyssa Shop"},"image":{"@id":"https:\/\/neyssa-shop.com\/blog\/#\/schema\/logo\/image\/"},"sameAs":["https:\/\/www.facebook.com\/neyssashop\/","https:\/\/x.com\/neyssashop","https:\/\/www.instagram.com\/neyssa_shop\/","https:\/\/www.pinterest.fr\/neyssa_shop\/_created\/","https:\/\/www.youtube.com\/channel\/UCkQ9s8jXTLi2yVzyeugVAMg"]}]}},"_links":{"self":[{"href":"https:\/\/neyssa-shop.com\/blog\/wp-json\/wp\/v2\/pages\/4824","targetHints":{"allow":["GET"]}}],"collection":[{"href":"https:\/\/neyssa-shop.com\/blog\/wp-json\/wp\/v2\/pages"}],"about":[{"href":"https:\/\/neyssa-shop.com\/blog\/wp-json\/wp\/v2\/types\/page"}],"author":[{"embeddable":true,"href":"https:\/\/neyssa-shop.com\/blog\/wp-json\/wp\/v2\/users\/1"}],"replies":[{"embeddable":true,"href":"https:\/\/neyssa-shop.com\/blog\/wp-json\/wp\/v2\/comments?post=4824"}],"version-history":[{"count":4,"href":"https:\/\/neyssa-shop.com\/blog\/wp-json\/wp\/v2\/pages\/4824\/revisions"}],"predecessor-version":[{"id":5067,"href":"https:\/\/neyssa-shop.com\/blog\/wp-json\/wp\/v2\/pages\/4824\/revisions\/5067"}],"wp:attachment":[{"href":"https:\/\/neyssa-shop.com\/blog\/wp-json\/wp\/v2\/media?parent=4824"}],"curies":[{"name":"wp","href":"https:\/\/api.w.org\/{rel}","templated":true}]}}