{"id":4823,"date":"2022-05-13T10:06:22","date_gmt":"2022-05-13T08:06:22","guid":{"rendered":"https:\/\/neyssa-shop.com\/blog\/?page_id=4823"},"modified":"2023-12-23T12:19:27","modified_gmt":"2023-12-23T11:19:27","slug":"burkini-original-optez-pour-un-maillot-de-bain-special","status":"publish","type":"page","link":"https:\/\/neyssa-shop.com\/blog\/burkini-original-optez-pour-un-maillot-de-bain-special\/","title":{"rendered":"Burkini original : optez pour un maillot de bain sp\u00e9cial"},"content":{"rendered":"\n<figure class=\"wp-block-image size-large\"><a href=\"https:\/\/neyssa-shop.com\/fr\/burkini-long\/3790-burkini-noir-maldives.html\"><img fetchpriority=\"high\" decoding=\"async\" width=\"683\" height=\"1024\" src=\"https:\/\/neyssa-shop.com\/blog\/wp-content\/uploads\/2022\/06\/65242-683x1024.jpg\" alt=\"\" class=\"wp-image-5025\" srcset=\"https:\/\/neyssa-shop.com\/blog\/wp-content\/uploads\/2022\/06\/65242-683x1024.jpg 683w, https:\/\/neyssa-shop.com\/blog\/wp-content\/uploads\/2022\/06\/65242-200x300.jpg 200w, https:\/\/neyssa-shop.com\/blog\/wp-content\/uploads\/2022\/06\/65242-768x1152.jpg 768w, https:\/\/neyssa-shop.com\/blog\/wp-content\/uploads\/2022\/06\/65242-1024x1536.jpg 1024w, https:\/\/neyssa-shop.com\/blog\/wp-content\/uploads\/2022\/06\/65242-1365x2048.jpg 1365w, https:\/\/neyssa-shop.com\/blog\/wp-content\/uploads\/2022\/06\/65242-750x1125.jpg 750w, https:\/\/neyssa-shop.com\/blog\/wp-content\/uploads\/2022\/06\/65242.jpg 1600w\" sizes=\"(max-width: 683px) 100vw, 683px\" \/><\/a><\/figure>\n\n\n<div id=\"ez-toc-container\" class=\"ez-toc-v2_0_72 counter-hierarchy ez-toc-counter ez-toc-grey ez-toc-container-direction\">\n<label for=\"ez-toc-cssicon-toggle-item-69ea5d68b274c\" class=\"ez-toc-cssicon-toggle-label\"><span class=\"\"><span class=\"eztoc-hide\" style=\"display:none;\">Toggle<\/span><span class=\"ez-toc-icon-toggle-span\"><svg style=\"fill: #999;color:#999\" xmlns=\"http:\/\/www.w3.org\/2000\/svg\" class=\"list-377408\" width=\"20px\" height=\"20px\" viewBox=\"0 0 24 24\" fill=\"none\"><path d=\"M6 6H4v2h2V6zm14 0H8v2h12V6zM4 11h2v2H4v-2zm16 0H8v2h12v-2zM4 16h2v2H4v-2zm16 0H8v2h12v-2z\" fill=\"currentColor\"><\/path><\/svg><svg style=\"fill: #999;color:#999\" class=\"arrow-unsorted-368013\" xmlns=\"http:\/\/www.w3.org\/2000\/svg\" width=\"10px\" height=\"10px\" viewBox=\"0 0 24 24\" version=\"1.2\" baseProfile=\"tiny\"><path d=\"M18.2 9.3l-6.2-6.3-6.2 6.3c-.2.2-.3.4-.3.7s.1.5.3.7c.2.2.4.3.7.3h11c.3 0 .5-.1.7-.3.2-.2.3-.5.3-.7s-.1-.5-.3-.7zM5.8 14.7l6.2 6.3 6.2-6.3c.2-.2.3-.5.3-.7s-.1-.5-.3-.7c-.2-.2-.4-.3-.7-.3h-11c-.3 0-.5.1-.7.3-.2.2-.3.5-.3.7s.1.5.3.7z\"\/><\/svg><\/span><\/span><\/label><input type=\"checkbox\"  id=\"ez-toc-cssicon-toggle-item-69ea5d68b274c\"  aria-label=\"Toggle\" \/><nav><ul class='ez-toc-list ez-toc-list-level-1 ' ><li class='ez-toc-page-1 ez-toc-heading-level-1'><a class=\"ez-toc-link ez-toc-heading-1\" href=\"https:\/\/neyssa-shop.com\/blog\/burkini-original-optez-pour-un-maillot-de-bain-special\/#Mode_femme_trouver_un_burkini_original\" title=\"Mode femme : trouver un burkini original\">Mode femme : trouver un burkini original<\/a><ul class='ez-toc-list-level-2' ><li class='ez-toc-heading-level-2'><a class=\"ez-toc-link ez-toc-heading-2\" href=\"https:\/\/neyssa-shop.com\/blog\/burkini-original-optez-pour-un-maillot-de-bain-special\/#Le_burkini_un_maillot_de_bain_a_la_mode\" title=\"Le burkini : un maillot de bain \u00e0 la mode\">Le burkini : un maillot de bain \u00e0 la mode<\/a><\/li><li class='ez-toc-page-1 ez-toc-heading-level-2'><a class=\"ez-toc-link ez-toc-heading-3\" href=\"https:\/\/neyssa-shop.com\/blog\/burkini-original-optez-pour-un-maillot-de-bain-special\/#Le_maillot_de_bain_burkini_pour_chaque_style\" title=\"Le maillot de bain burkini pour chaque style\">Le maillot de bain burkini pour chaque style<\/a><\/li><li class='ez-toc-page-1 ez-toc-heading-level-2'><a class=\"ez-toc-link ez-toc-heading-4\" href=\"https:\/\/neyssa-shop.com\/blog\/burkini-original-optez-pour-un-maillot-de-bain-special\/#Un_large_choix_de_burkinis_pour_femme\" title=\"Un large choix de burkinis pour femme\">Un large choix de burkinis pour femme<\/a><ul class='ez-toc-list-level-3' ><li class='ez-toc-heading-level-3'><a class=\"ez-toc-link ez-toc-heading-5\" href=\"https:\/\/neyssa-shop.com\/blog\/burkini-original-optez-pour-un-maillot-de-bain-special\/#Des_maillots_de_bain_hauts_en_couleur\" title=\"Des maillots de bain hauts en couleur\">Des maillots de bain hauts en couleur<\/a><\/li><li class='ez-toc-page-1 ez-toc-heading-level-3'><a class=\"ez-toc-link ez-toc-heading-6\" href=\"https:\/\/neyssa-shop.com\/blog\/burkini-original-optez-pour-un-maillot-de-bain-special\/#Le_maillot_de_bain_burkini_a_motif\" title=\"Le maillot de bain burkini \u00e0 motif\">Le maillot de bain burkini \u00e0 motif<\/a><\/li><li class='ez-toc-page-1 ez-toc-heading-level-3'><a class=\"ez-toc-link ez-toc-heading-7\" href=\"https:\/\/neyssa-shop.com\/blog\/burkini-original-optez-pour-un-maillot-de-bain-special\/#Des_maillots_de_bain_pour_toute_taille\" title=\"Des maillots de bain pour toute taille\">Des maillots de bain pour toute taille<\/a><\/li><\/ul><\/li><li class='ez-toc-page-1 ez-toc-heading-level-2'><a class=\"ez-toc-link ez-toc-heading-8\" href=\"https:\/\/neyssa-shop.com\/blog\/burkini-original-optez-pour-un-maillot-de-bain-special\/#Completer_ou_depareiller_le_burkini_pour_une_tenue_de_bain_encore_plus_originale\" title=\"Compl\u00e9ter ou d\u00e9pareiller le burkini pour une tenue de bain encore plus originale\">Compl\u00e9ter ou d\u00e9pareiller le burkini pour une tenue de bain encore plus originale<\/a><\/li><\/ul><\/li><\/ul><\/nav><\/div>\n<h1><span class=\"ez-toc-section\" id=\"Mode_femme_trouver_un_burkini_original\"><\/span>Mode femme : trouver un burkini original<span class=\"ez-toc-section-end\"><\/span><\/h1>\n<p>\u00c0 l&rsquo;approche des vacances vient le moment de <a href=\"https:\/\/neyssa-shop.com\/blog\/comment-choisir-son-burkini\/\">choisir son burkini<\/a>. Opter pour un <strong>burkini original<\/strong> est un choix id\u00e9al pour toutes les femmes souhaitant allier confort, originalit\u00e9 et pudeur. Une large gamme de burkinis existe, pour des mod\u00e8les originaux adapt\u00e9s \u00e0 toutes les femmes.<\/p>\n<h2><span class=\"ez-toc-section\" id=\"Le_burkini_un_maillot_de_bain_a_la_mode\"><\/span>Le burkini : un maillot de bain \u00e0 la mode<span class=\"ez-toc-section-end\"><\/span><\/h2>\n<p>Le burkini est sans conteste la tenue indispensable pour toutes les femmes musulmanes. Ce maillot de bain compos\u00e9 de trois pi\u00e8ces offre la possibilit\u00e9 \u00e0 chaque femme de profiter de la plage et de la piscine. Ce v\u00eatement de bain enti\u00e8rement adapt\u00e9 \u00e0 une utilisation dans l&rsquo;eau se compose d&rsquo;une tunique, d&rsquo;un pantalon ou d&rsquo;un legging et d&rsquo;un hijab assorti. Pour rendre ce maillot attrayant pour les femmes, <strong>les mod\u00e8les de burkinis sont tendances et originaux<\/strong>. Cela permet \u00e0 la femme musulmane de pouvoir porter une tenue tendance tout en respectant sa pudeur.<\/p>\n<p>\u00a0<\/p>\n<h2><span class=\"ez-toc-section\" id=\"Le_maillot_de_bain_burkini_pour_chaque_style\"><\/span>Le maillot de bain burkini pour chaque style<span class=\"ez-toc-section-end\"><\/span><\/h2>\n<p>Chaque femme est diff\u00e9rente, c&rsquo;est pourquoi il existe diff\u00e9rents mod\u00e8les de burkinis. Des couleurs, des coupes et des tailles diff\u00e9rentes sont propos\u00e9es afin de r\u00e9pondre \u00e0 toutes les envies. Les cr\u00e9ateurs proposent des mod\u00e8les classiques et originaux alliant <strong>couleurs et coupes travaill\u00e9es.<\/strong> Ces diff\u00e9rents styles sont sp\u00e9cialement con\u00e7us pour satisfaire chaque femme musulmane.<\/p>\n<h2><span class=\"ez-toc-section\" id=\"Un_large_choix_de_burkinis_pour_femme\"><\/span>Un large choix de burkinis pour femme<span class=\"ez-toc-section-end\"><\/span><\/h2>\n<p>Parmi le large choix de burkinis en France, vous pouvez trouver des burkinis originaux et tendances. Ces burkinis offrent une tenue qui sort de l&rsquo;ordinaire et permet d&rsquo;avoir du style autant sur la plage qu&rsquo;\u00e0 la piscine. Diff\u00e9rentes options permettent d&rsquo;offrir une pointe d&rsquo;originalit\u00e9 \u00e0 ce v\u00eatement de bain. Gr\u00e2ce \u00e0 <strong>des mod\u00e8les chics et originaux<\/strong>, les femmes musulmanes sont aussi tendance en habit de ville qu&rsquo;en portant un burkini.<\/p>\n<h3><span class=\"ez-toc-section\" id=\"Des_maillots_de_bain_hauts_en_couleur\"><\/span>Des maillots de bain hauts en couleur<span class=\"ez-toc-section-end\"><\/span><\/h3>\n<p>Pour une touche d&rsquo;originalit\u00e9, opter pour un <strong>burkini de couleur vive<\/strong> est un tr\u00e8s bon choix. Sortez des sentiers battus et rangez le noir ou le gris au placard pour un burkini prune. Le bordeaux est \u00e9galement parfait pour plus d&rsquo;originalit\u00e9. Plus douces, mais tout aussi originales, des couleurs comme le bleu ou le vert-de-gris permettent de changer des couleurs sombres.<\/p>\n<h3><span class=\"ez-toc-section\" id=\"Le_maillot_de_bain_burkini_a_motif\"><\/span>Le maillot de bain burkini \u00e0 motif<span class=\"ez-toc-section-end\"><\/span><\/h3>\n<p>D\u00e9laisser le burkini uni en optant pour un <strong>burkini orn\u00e9 de motifs <\/strong>permet \u00e9galement d&rsquo;obtenir une touche d&rsquo;originalit\u00e9. Les burkinis \u00e0 motifs floraux apportent \u00e0 la fois une pointe de f\u00e9minit\u00e9 et cette touche d&rsquo;originalit\u00e9.<\/p>\n<h3><span class=\"ez-toc-section\" id=\"Des_maillots_de_bain_pour_toute_taille\"><\/span>Des maillots de bain pour toute taille<span class=\"ez-toc-section-end\"><\/span><\/h3>\n<p>Les burkinis permettent \u00e0 chaque femme de trouver le v\u00eatement qui lui convient. Parmi les diff\u00e9rentes tailles, on trouve :<\/p>\n<ul>\n<li>le burkini coupe droite ;<\/li>\n<li>le burkini manches papillon ;<\/li>\n<li>le burkini long ;<\/li>\n<li>le burkini large ;<\/li>\n<li>le burkini mi-long ;<\/li>\n<li>le burkini ceintur\u00e9.<\/li>\n<\/ul>\n<p>Pour les femmes en qu\u00eate d&rsquo;originalit\u00e9,<strong> les burkinis manche papillon et les burkinis ceintur\u00e9s<\/strong> sont un tr\u00e8s bon choix. La forme ample du burkini manches papillon conf\u00e8re un style original et \u00e9l\u00e9gant aux femmes qui le portent. Ce maillot se pr\u00e9sente sous la forme d&rsquo;une tunique large et voluptueuse. Le burkini ceintur\u00e9 permet quant \u00e0 lui de marquer la taille. Il se rapproche d&rsquo;une tenue de ville avec sa ceinture assortie et son ensemble tunique et pantalon monochrome.<\/p>\n<h2><span class=\"ez-toc-section\" id=\"Completer_ou_depareiller_le_burkini_pour_une_tenue_de_bain_encore_plus_originale\"><\/span>Compl\u00e9ter ou d\u00e9pareiller le burkini pour une tenue de bain encore plus originale<span class=\"ez-toc-section-end\"><\/span><\/h2>\n<p>Le burkini est une tenue de bain id\u00e9ale pour la femme musulmane. Les coupes et les couleurs travaill\u00e9es font de ce v\u00eatement un maillot de bain original et styl\u00e9. Pour encore plus d&rsquo;originalit\u00e9, il est possible de<strong> compl\u00e9ter sa tenue <\/strong>avec un kimono de couleur, un par\u00e9o, ou encore un chapeau de plage. Les trois pi\u00e8ces des burkinis peuvent \u00e9galement \u00eatre <strong>d\u00e9pareill\u00e9es pour un look plus original<\/strong>.<\/p>\n<p>Pour faire votre choix parmi des burkinis originaux, consultez les pages suivantes :<\/p>\n<ul>\n<li><a href=\"https:\/\/neyssa-shop.com\/blog\/les-formes-de-burkini\/\">Les formes de burkini<\/a><\/li>\n<li><a href=\"https:\/\/neyssa-shop.com\/blog\/les-couleurs-de-burkini\/\">Les couleurs de burkini<\/a><\/li>\n<li><a href=\"_wp_link_placeholder\" data-wplink-edit=\"true\">Les burkinis<\/a><\/li>\n<\/ul>\n\n\n\n\n<figure class=\"wp-block-image size-full\"><a href=\"https:\/\/neyssa-shop.com\/fr\/239-burkini-grande-taille\"><img decoding=\"async\" width=\"667\" height=\"1000\" src=\"https:\/\/neyssa-shop.com\/blog\/wp-content\/uploads\/2022\/06\/49801.jpg\" alt=\"\" class=\"wp-image-5023\" srcset=\"https:\/\/neyssa-shop.com\/blog\/wp-content\/uploads\/2022\/06\/49801.jpg 667w, https:\/\/neyssa-shop.com\/blog\/wp-content\/uploads\/2022\/06\/49801-200x300.jpg 200w\" sizes=\"(max-width: 667px) 100vw, 667px\" \/><\/a><\/figure>\n","protected":false},"excerpt":{"rendered":"<p>Mode femme : trouver un burkini original \u00c0 l&rsquo;approche des vacances vient le moment de choisir son burkini. Opter pour un burkini original est un choix id\u00e9al pour toutes les femmes souhaitant allier confort, originalit\u00e9 et pudeur. Une large gamme de burkinis existe, pour des mod\u00e8les originaux adapt\u00e9s \u00e0 toutes les femmes. Le burkini :&#8230;<\/p>\n<p><a class=\"more-link\" href=\"https:\/\/neyssa-shop.com\/blog\/burkini-original-optez-pour-un-maillot-de-bain-special\/\">En <em>savoir<\/em> plus<\/a><\/p>\n","protected":false},"author":1,"featured_media":0,"parent":0,"menu_order":0,"comment_status":"closed","ping_status":"closed","template":"","meta":{"_genesis_hide_title":false,"_genesis_hide_breadcrumbs":false,"_genesis_hide_singular_image":false,"_genesis_hide_footer_widgets":false,"_genesis_custom_body_class":"","_genesis_custom_post_class":"","_genesis_layout":"","footnotes":""},"class_list":{"0":"post-4823","1":"page","2":"type-page","3":"status-publish","5":"entry"},"yoast_head":"<!-- This site is optimized with the Yoast SEO plugin v26.8 - https:\/\/yoast.com\/product\/yoast-seo-wordpress\/ -->\n<title>Burkini original : optez pour un maillot de bain sp\u00e9cial<\/title>\n<meta name=\"description\" content=\"La saison estivale approche. D\u00e9couvrez votre futur burkini original parmi un large choix de maillots de bain chics et modestes.\" \/>\n<meta name=\"robots\" content=\"index, follow, max-snippet:-1, max-image-preview:large, max-video-preview:-1\" \/>\n<link rel=\"canonical\" href=\"https:\/\/neyssa-shop.com\/blog\/burkini-original-optez-pour-un-maillot-de-bain-special\/\" \/>\n<meta property=\"og:locale\" content=\"fr_FR\" \/>\n<meta property=\"og:type\" content=\"article\" \/>\n<meta property=\"og:title\" content=\"Burkini original : optez pour un maillot de bain sp\u00e9cial\" \/>\n<meta property=\"og:description\" content=\"La saison estivale approche. D\u00e9couvrez votre futur burkini original parmi un large choix de maillots de bain chics et modestes.\" \/>\n<meta property=\"og:url\" content=\"https:\/\/neyssa-shop.com\/blog\/burkini-original-optez-pour-un-maillot-de-bain-special\/\" \/>\n<meta property=\"og:site_name\" content=\"Neyssa le blog\" \/>\n<meta property=\"article:publisher\" content=\"https:\/\/www.facebook.com\/neyssashop\/\" \/>\n<meta property=\"article:modified_time\" content=\"2023-12-23T11:19:27+00:00\" \/>\n<meta property=\"og:image\" content=\"https:\/\/neyssa-shop.com\/blog\/wp-content\/uploads\/2022\/06\/65242-683x1024.jpg\" \/>\n<meta name=\"twitter:card\" content=\"summary_large_image\" \/>\n<meta name=\"twitter:site\" content=\"@neyssashop\" \/>\n<meta name=\"twitter:label1\" content=\"Dur\u00e9e de lecture estim\u00e9e\" \/>\n\t<meta name=\"twitter:data1\" content=\"4 minutes\" \/>\n<script type=\"application\/ld+json\" class=\"yoast-schema-graph\">{\"@context\":\"https:\/\/schema.org\",\"@graph\":[{\"@type\":\"WebPage\",\"@id\":\"https:\/\/neyssa-shop.com\/blog\/burkini-original-optez-pour-un-maillot-de-bain-special\/\",\"url\":\"https:\/\/neyssa-shop.com\/blog\/burkini-original-optez-pour-un-maillot-de-bain-special\/\",\"name\":\"Burkini original : optez pour un maillot de bain sp\u00e9cial\",\"isPartOf\":{\"@id\":\"https:\/\/neyssa-shop.com\/blog\/#website\"},\"primaryImageOfPage\":{\"@id\":\"https:\/\/neyssa-shop.com\/blog\/burkini-original-optez-pour-un-maillot-de-bain-special\/#primaryimage\"},\"image\":{\"@id\":\"https:\/\/neyssa-shop.com\/blog\/burkini-original-optez-pour-un-maillot-de-bain-special\/#primaryimage\"},\"thumbnailUrl\":\"https:\/\/neyssa-shop.com\/blog\/wp-content\/uploads\/2022\/06\/65242-683x1024.jpg\",\"datePublished\":\"2022-05-13T08:06:22+00:00\",\"dateModified\":\"2023-12-23T11:19:27+00:00\",\"description\":\"La saison estivale approche. D\u00e9couvrez votre futur burkini original parmi un large choix de maillots de bain chics et modestes.\",\"breadcrumb\":{\"@id\":\"https:\/\/neyssa-shop.com\/blog\/burkini-original-optez-pour-un-maillot-de-bain-special\/#breadcrumb\"},\"inLanguage\":\"fr-FR\",\"potentialAction\":[{\"@type\":\"ReadAction\",\"target\":[\"https:\/\/neyssa-shop.com\/blog\/burkini-original-optez-pour-un-maillot-de-bain-special\/\"]}]},{\"@type\":\"ImageObject\",\"inLanguage\":\"fr-FR\",\"@id\":\"https:\/\/neyssa-shop.com\/blog\/burkini-original-optez-pour-un-maillot-de-bain-special\/#primaryimage\",\"url\":\"https:\/\/neyssa-shop.com\/blog\/wp-content\/uploads\/2022\/06\/65242.jpg\",\"contentUrl\":\"https:\/\/neyssa-shop.com\/blog\/wp-content\/uploads\/2022\/06\/65242.jpg\",\"width\":1600,\"height\":2400},{\"@type\":\"BreadcrumbList\",\"@id\":\"https:\/\/neyssa-shop.com\/blog\/burkini-original-optez-pour-un-maillot-de-bain-special\/#breadcrumb\",\"itemListElement\":[{\"@type\":\"ListItem\",\"position\":1,\"name\":\"Accueil\",\"item\":\"https:\/\/neyssa-shop.com\/blog\/\"},{\"@type\":\"ListItem\",\"position\":2,\"name\":\"Burkini original : optez pour un maillot de bain sp\u00e9cial\"}]},{\"@type\":\"WebSite\",\"@id\":\"https:\/\/neyssa-shop.com\/blog\/#website\",\"url\":\"https:\/\/neyssa-shop.com\/blog\/\",\"name\":\"Neyssa le blog\",\"description\":\"Un blog d\u00e9di\u00e9 \u00e0 la femme musulmane\",\"publisher\":{\"@id\":\"https:\/\/neyssa-shop.com\/blog\/#organization\"},\"potentialAction\":[{\"@type\":\"SearchAction\",\"target\":{\"@type\":\"EntryPoint\",\"urlTemplate\":\"https:\/\/neyssa-shop.com\/blog\/?s={search_term_string}\"},\"query-input\":{\"@type\":\"PropertyValueSpecification\",\"valueRequired\":true,\"valueName\":\"search_term_string\"}}],\"inLanguage\":\"fr-FR\"},{\"@type\":\"Organization\",\"@id\":\"https:\/\/neyssa-shop.com\/blog\/#organization\",\"name\":\"Neyssa Shop\",\"url\":\"https:\/\/neyssa-shop.com\/blog\/\",\"logo\":{\"@type\":\"ImageObject\",\"inLanguage\":\"fr-FR\",\"@id\":\"https:\/\/neyssa-shop.com\/blog\/#\/schema\/logo\/image\/\",\"url\":\"https:\/\/neyssa-shop.com\/blog\/wp-content\/uploads\/2021\/03\/neyssa-boutique-logo-1610747292.jpg\",\"contentUrl\":\"https:\/\/neyssa-shop.com\/blog\/wp-content\/uploads\/2021\/03\/neyssa-boutique-logo-1610747292.jpg\",\"width\":271,\"height\":70,\"caption\":\"Neyssa Shop\"},\"image\":{\"@id\":\"https:\/\/neyssa-shop.com\/blog\/#\/schema\/logo\/image\/\"},\"sameAs\":[\"https:\/\/www.facebook.com\/neyssashop\/\",\"https:\/\/x.com\/neyssashop\",\"https:\/\/www.instagram.com\/neyssa_shop\/\",\"https:\/\/www.pinterest.fr\/neyssa_shop\/_created\/\",\"https:\/\/www.youtube.com\/channel\/UCkQ9s8jXTLi2yVzyeugVAMg\"]}]}<\/script>\n<!-- \/ Yoast SEO plugin. -->","yoast_head_json":{"title":"Burkini original : optez pour un maillot de bain sp\u00e9cial","description":"La saison estivale approche. D\u00e9couvrez votre futur burkini original parmi un large choix de maillots de bain chics et modestes.","robots":{"index":"index","follow":"follow","max-snippet":"max-snippet:-1","max-image-preview":"max-image-preview:large","max-video-preview":"max-video-preview:-1"},"canonical":"https:\/\/neyssa-shop.com\/blog\/burkini-original-optez-pour-un-maillot-de-bain-special\/","og_locale":"fr_FR","og_type":"article","og_title":"Burkini original : optez pour un maillot de bain sp\u00e9cial","og_description":"La saison estivale approche. D\u00e9couvrez votre futur burkini original parmi un large choix de maillots de bain chics et modestes.","og_url":"https:\/\/neyssa-shop.com\/blog\/burkini-original-optez-pour-un-maillot-de-bain-special\/","og_site_name":"Neyssa le blog","article_publisher":"https:\/\/www.facebook.com\/neyssashop\/","article_modified_time":"2023-12-23T11:19:27+00:00","og_image":[{"url":"https:\/\/neyssa-shop.com\/blog\/wp-content\/uploads\/2022\/06\/65242-683x1024.jpg","type":"","width":"","height":""}],"twitter_card":"summary_large_image","twitter_site":"@neyssashop","twitter_misc":{"Dur\u00e9e de lecture estim\u00e9e":"4 minutes"},"schema":{"@context":"https:\/\/schema.org","@graph":[{"@type":"WebPage","@id":"https:\/\/neyssa-shop.com\/blog\/burkini-original-optez-pour-un-maillot-de-bain-special\/","url":"https:\/\/neyssa-shop.com\/blog\/burkini-original-optez-pour-un-maillot-de-bain-special\/","name":"Burkini original : optez pour un maillot de bain sp\u00e9cial","isPartOf":{"@id":"https:\/\/neyssa-shop.com\/blog\/#website"},"primaryImageOfPage":{"@id":"https:\/\/neyssa-shop.com\/blog\/burkini-original-optez-pour-un-maillot-de-bain-special\/#primaryimage"},"image":{"@id":"https:\/\/neyssa-shop.com\/blog\/burkini-original-optez-pour-un-maillot-de-bain-special\/#primaryimage"},"thumbnailUrl":"https:\/\/neyssa-shop.com\/blog\/wp-content\/uploads\/2022\/06\/65242-683x1024.jpg","datePublished":"2022-05-13T08:06:22+00:00","dateModified":"2023-12-23T11:19:27+00:00","description":"La saison estivale approche. D\u00e9couvrez votre futur burkini original parmi un large choix de maillots de bain chics et modestes.","breadcrumb":{"@id":"https:\/\/neyssa-shop.com\/blog\/burkini-original-optez-pour-un-maillot-de-bain-special\/#breadcrumb"},"inLanguage":"fr-FR","potentialAction":[{"@type":"ReadAction","target":["https:\/\/neyssa-shop.com\/blog\/burkini-original-optez-pour-un-maillot-de-bain-special\/"]}]},{"@type":"ImageObject","inLanguage":"fr-FR","@id":"https:\/\/neyssa-shop.com\/blog\/burkini-original-optez-pour-un-maillot-de-bain-special\/#primaryimage","url":"https:\/\/neyssa-shop.com\/blog\/wp-content\/uploads\/2022\/06\/65242.jpg","contentUrl":"https:\/\/neyssa-shop.com\/blog\/wp-content\/uploads\/2022\/06\/65242.jpg","width":1600,"height":2400},{"@type":"BreadcrumbList","@id":"https:\/\/neyssa-shop.com\/blog\/burkini-original-optez-pour-un-maillot-de-bain-special\/#breadcrumb","itemListElement":[{"@type":"ListItem","position":1,"name":"Accueil","item":"https:\/\/neyssa-shop.com\/blog\/"},{"@type":"ListItem","position":2,"name":"Burkini original : optez pour un maillot de bain sp\u00e9cial"}]},{"@type":"WebSite","@id":"https:\/\/neyssa-shop.com\/blog\/#website","url":"https:\/\/neyssa-shop.com\/blog\/","name":"Neyssa le blog","description":"Un blog d\u00e9di\u00e9 \u00e0 la femme musulmane","publisher":{"@id":"https:\/\/neyssa-shop.com\/blog\/#organization"},"potentialAction":[{"@type":"SearchAction","target":{"@type":"EntryPoint","urlTemplate":"https:\/\/neyssa-shop.com\/blog\/?s={search_term_string}"},"query-input":{"@type":"PropertyValueSpecification","valueRequired":true,"valueName":"search_term_string"}}],"inLanguage":"fr-FR"},{"@type":"Organization","@id":"https:\/\/neyssa-shop.com\/blog\/#organization","name":"Neyssa Shop","url":"https:\/\/neyssa-shop.com\/blog\/","logo":{"@type":"ImageObject","inLanguage":"fr-FR","@id":"https:\/\/neyssa-shop.com\/blog\/#\/schema\/logo\/image\/","url":"https:\/\/neyssa-shop.com\/blog\/wp-content\/uploads\/2021\/03\/neyssa-boutique-logo-1610747292.jpg","contentUrl":"https:\/\/neyssa-shop.com\/blog\/wp-content\/uploads\/2021\/03\/neyssa-boutique-logo-1610747292.jpg","width":271,"height":70,"caption":"Neyssa Shop"},"image":{"@id":"https:\/\/neyssa-shop.com\/blog\/#\/schema\/logo\/image\/"},"sameAs":["https:\/\/www.facebook.com\/neyssashop\/","https:\/\/x.com\/neyssashop","https:\/\/www.instagram.com\/neyssa_shop\/","https:\/\/www.pinterest.fr\/neyssa_shop\/_created\/","https:\/\/www.youtube.com\/channel\/UCkQ9s8jXTLi2yVzyeugVAMg"]}]}},"_links":{"self":[{"href":"https:\/\/neyssa-shop.com\/blog\/wp-json\/wp\/v2\/pages\/4823","targetHints":{"allow":["GET"]}}],"collection":[{"href":"https:\/\/neyssa-shop.com\/blog\/wp-json\/wp\/v2\/pages"}],"about":[{"href":"https:\/\/neyssa-shop.com\/blog\/wp-json\/wp\/v2\/types\/page"}],"author":[{"embeddable":true,"href":"https:\/\/neyssa-shop.com\/blog\/wp-json\/wp\/v2\/users\/1"}],"replies":[{"embeddable":true,"href":"https:\/\/neyssa-shop.com\/blog\/wp-json\/wp\/v2\/comments?post=4823"}],"version-history":[{"count":5,"href":"https:\/\/neyssa-shop.com\/blog\/wp-json\/wp\/v2\/pages\/4823\/revisions"}],"predecessor-version":[{"id":6876,"href":"https:\/\/neyssa-shop.com\/blog\/wp-json\/wp\/v2\/pages\/4823\/revisions\/6876"}],"wp:attachment":[{"href":"https:\/\/neyssa-shop.com\/blog\/wp-json\/wp\/v2\/media?parent=4823"}],"curies":[{"name":"wp","href":"https:\/\/api.w.org\/{rel}","templated":true}]}}