{"id":4350,"date":"2022-01-13T09:38:52","date_gmt":"2022-01-13T08:38:52","guid":{"rendered":"https:\/\/neyssa-shop.com\/blog\/?page_id=4350"},"modified":"2023-07-05T02:33:28","modified_gmt":"2023-07-05T00:33:28","slug":"une-abaya-pour-chaque-fete","status":"publish","type":"page","link":"https:\/\/neyssa-shop.com\/blog\/une-abaya-pour-chaque-fete\/","title":{"rendered":"Une abaya pour chaque f\u00eate"},"content":{"rendered":"<div id=\"ez-toc-container\" class=\"ez-toc-v2_0_72 counter-hierarchy ez-toc-counter ez-toc-grey ez-toc-container-direction\">\n<label for=\"ez-toc-cssicon-toggle-item-69d8ebee25c8c\" class=\"ez-toc-cssicon-toggle-label\"><span class=\"\"><span class=\"eztoc-hide\" style=\"display:none;\">Toggle<\/span><span class=\"ez-toc-icon-toggle-span\"><svg style=\"fill: #999;color:#999\" xmlns=\"http:\/\/www.w3.org\/2000\/svg\" class=\"list-377408\" width=\"20px\" height=\"20px\" viewBox=\"0 0 24 24\" fill=\"none\"><path d=\"M6 6H4v2h2V6zm14 0H8v2h12V6zM4 11h2v2H4v-2zm16 0H8v2h12v-2zM4 16h2v2H4v-2zm16 0H8v2h12v-2z\" fill=\"currentColor\"><\/path><\/svg><svg style=\"fill: #999;color:#999\" class=\"arrow-unsorted-368013\" xmlns=\"http:\/\/www.w3.org\/2000\/svg\" width=\"10px\" height=\"10px\" viewBox=\"0 0 24 24\" version=\"1.2\" baseProfile=\"tiny\"><path d=\"M18.2 9.3l-6.2-6.3-6.2 6.3c-.2.2-.3.4-.3.7s.1.5.3.7c.2.2.4.3.7.3h11c.3 0 .5-.1.7-.3.2-.2.3-.5.3-.7s-.1-.5-.3-.7zM5.8 14.7l6.2 6.3 6.2-6.3c.2-.2.3-.5.3-.7s-.1-.5-.3-.7c-.2-.2-.4-.3-.7-.3h-11c-.3 0-.5.1-.7.3-.2.2-.3.5-.3.7s.1.5.3.7z\"\/><\/svg><\/span><\/span><\/label><input type=\"checkbox\"  id=\"ez-toc-cssicon-toggle-item-69d8ebee25c8c\"  aria-label=\"Toggle\" \/><nav><ul class='ez-toc-list ez-toc-list-level-1 ' ><li class='ez-toc-page-1 ez-toc-heading-level-1'><a class=\"ez-toc-link ez-toc-heading-1\" href=\"https:\/\/neyssa-shop.com\/blog\/une-abaya-pour-chaque-fete\/#A_chaque_evenement_sa_tenue_une_abaya_pour_chaque_fete\" title=\"\u00c0 chaque \u00e9v\u00e8nement sa tenue : une abaya pour chaque f\u00eate\">\u00c0 chaque \u00e9v\u00e8nement sa tenue : une abaya pour chaque f\u00eate<\/a><ul class='ez-toc-list-level-2' ><li class='ez-toc-heading-level-2'><a class=\"ez-toc-link ez-toc-heading-2\" href=\"https:\/\/neyssa-shop.com\/blog\/une-abaya-pour-chaque-fete\/#Labaya_un_vetement_elegant_pour_la_femme_musulmane\" title=\"L&rsquo;abaya, un v\u00eatement \u00e9l\u00e9gant pour la femme musulmane\">L&rsquo;abaya, un v\u00eatement \u00e9l\u00e9gant pour la femme musulmane<\/a><\/li><li class='ez-toc-page-1 ez-toc-heading-level-2'><a class=\"ez-toc-link ez-toc-heading-3\" href=\"https:\/\/neyssa-shop.com\/blog\/une-abaya-pour-chaque-fete\/#Une_robe_mode_pour_un_style_chic\" title=\"Une robe mode pour un style chic\">Une robe mode pour un style chic<\/a><\/li><li class='ez-toc-page-1 ez-toc-heading-level-2'><a class=\"ez-toc-link ez-toc-heading-4\" href=\"https:\/\/neyssa-shop.com\/blog\/une-abaya-pour-chaque-fete\/#Une_abaya_chic_pour_une_fete_islamique\" title=\"Une abaya chic pour une f\u00eate islamique\">Une abaya chic pour une f\u00eate islamique<\/a><ul class='ez-toc-list-level-3' ><li class='ez-toc-heading-level-3'><a class=\"ez-toc-link ez-toc-heading-5\" href=\"https:\/\/neyssa-shop.com\/blog\/une-abaya-pour-chaque-fete\/#Une_abaya_pour_lAid-el-fitr\" title=\"Une abaya pour l&rsquo;A\u00efd-el-fitr\">Une abaya pour l&rsquo;A\u00efd-el-fitr<\/a><\/li><li class='ez-toc-page-1 ez-toc-heading-level-3'><a class=\"ez-toc-link ez-toc-heading-6\" href=\"https:\/\/neyssa-shop.com\/blog\/une-abaya-pour-chaque-fete\/#Une_abaya_et_des_accessoires_pour_lAid-El-Kebir\" title=\"Une abaya et des accessoires pour l&rsquo;A\u00efd-El-K\u00e9bir\">Une abaya et des accessoires pour l&rsquo;A\u00efd-El-K\u00e9bir<\/a><\/li><\/ul><\/li><li class='ez-toc-page-1 ez-toc-heading-level-2'><a class=\"ez-toc-link ez-toc-heading-7\" href=\"https:\/\/neyssa-shop.com\/blog\/une-abaya-pour-chaque-fete\/#Une_abaya_chic_pour_mariee\" title=\"Une abaya chic pour mari\u00e9e\">Une abaya chic pour mari\u00e9e<\/a><ul class='ez-toc-list-level-3' ><li class='ez-toc-heading-level-3'><a class=\"ez-toc-link ez-toc-heading-8\" href=\"https:\/\/neyssa-shop.com\/blog\/une-abaya-pour-chaque-fete\/#Labaya_manches_papillon_pour_un_style_saoudien_chic\" title=\"L&rsquo;abaya manches papillon pour un style saoudien chic\">L&rsquo;abaya manches papillon pour un style saoudien chic<\/a><\/li><li class='ez-toc-page-1 ez-toc-heading-level-3'><a class=\"ez-toc-link ez-toc-heading-9\" href=\"https:\/\/neyssa-shop.com\/blog\/une-abaya-pour-chaque-fete\/#Une_autre_robe_pour_la_mariee_le_caftan\" title=\"Une autre robe pour la mari\u00e9e : le caftan\">Une autre robe pour la mari\u00e9e : le caftan<\/a><\/li><\/ul><\/li><li class='ez-toc-page-1 ez-toc-heading-level-2'><a class=\"ez-toc-link ez-toc-heading-10\" href=\"https:\/\/neyssa-shop.com\/blog\/une-abaya-pour-chaque-fete\/#Labaya_une_tenue_ideale_pour_invitee\" title=\"L&rsquo;abaya, une tenue id\u00e9ale pour invit\u00e9e\">L&rsquo;abaya, une tenue id\u00e9ale pour invit\u00e9e<\/a><\/li><\/ul><\/li><\/ul><\/nav><\/div>\n<h1><span class=\"ez-toc-section\" id=\"A_chaque_evenement_sa_tenue_une_abaya_pour_chaque_fete\"><\/span>\u00c0 chaque \u00e9v\u00e8nement sa tenue : une abaya pour chaque f\u00eate<span class=\"ez-toc-section-end\"><\/span><\/h1>\n<p>Pour une soir\u00e9e sp\u00e9ciale, une journ\u00e9e festive comme l&rsquo;a\u00efd ou pour un \u00e9v\u00e8nement particulier, la femme musulmane peut choisir <strong>une abaya pour chaque f\u00eate<\/strong>. Il n&rsquo;est pas toujours facile de savoir<a href=\"https:\/\/neyssa-shop.com\/blog\/abaya-femme-comment-choisir\"> comment choisir <\/a>son abaya. Pour une f\u00eate, il existe diff\u00e9rents mod\u00e8les d&rsquo;abayas qui conviennent \u00e0 chaque femme musulmane.<\/p>\n<h2><span class=\"ez-toc-section\" id=\"Labaya_un_vetement_elegant_pour_la_femme_musulmane\"><\/span>L&rsquo;abaya, un v\u00eatement \u00e9l\u00e9gant pour la femme musulmane<span class=\"ez-toc-section-end\"><\/span><\/h2>\n<p><strong>L&rsquo;abaya est la robe id\u00e9ale pour la femme musulmane<\/strong>. Cette robe est aujourd&rsquo;hui une tenue qui se porte quotidiennement dans certains pays. \u00c0 Duba\u00ef, les femmes portent cette robe tous les jours, assortie d&rsquo;un hijab. Souvent, le noir est la couleur la plus r\u00e9pandue pour cette robe dans les pays du Moyen-Orient. Le tissu varie selon l&rsquo;abaya. <strong>Pour une f\u00eate, un tissu de qualit\u00e9 comme la soie ou une mati\u00e8re nidha est pr\u00e9f\u00e9rable pour un rendu chic<\/strong>. C&rsquo;est une robe se portant directement par dessus la lingerie ou par dessus les v\u00eatements, selon l&rsquo;occasion pour laquelle elle est port\u00e9e. En termes de taille, l&rsquo;abaya peut \u00eatre port\u00e9e par toutes les femmes.<\/p>\n<h2><span class=\"ez-toc-section\" id=\"Une_robe_mode_pour_un_style_chic\"><\/span>Une robe mode pour un style chic<span class=\"ez-toc-section-end\"><\/span><\/h2>\n<p>L&rsquo;abaya est une robe traditionnelle qui est devenue une robe moderne voire chic, parfaitement adapt\u00e9e pour une f\u00eate. Pour certaines occasions, l&rsquo;abaya est la robe chic id\u00e9ale. L&rsquo;abaya fait partie des v\u00eatements pouvant se porter seuls ou accompagn\u00e9s d&rsquo;accessoires. Seule, <strong>l&rsquo;abaya chic est souvent orn\u00e9e de strass, de bijoux ou de broderies<\/strong>. L&rsquo;abaya peut contenir des fioritures sur l&rsquo;ensemble du v\u00eatement ou uniquement sur les manches ou le col. Les femmes peuvent envisager de <strong>porter une abaya pour chaque f\u00eate pour un look chic et pudique assur\u00e9.<\/strong><\/p>\n<h2><span class=\"ez-toc-section\" id=\"Une_abaya_chic_pour_une_fete_islamique\"><\/span>Une abaya chic pour une f\u00eate islamique<span class=\"ez-toc-section-end\"><\/span><\/h2>\n<p>Le jour des f\u00eates de l&rsquo;A\u00efd-El-Fitr et l&rsquo;A\u00efd-El-K\u00e9bir,<strong> l&rsquo;homme musulman et la femme musulmane portent de magnifiques v\u00eatements. <\/strong>Un \u00e9v\u00e8nement parfait pour commander une robe tr\u00e8s chic, une abaya au tissu de qualit\u00e9 ou un caftan pour l&rsquo;occasion. Pour une livraison \u00e0 temps, il est n\u00e9cessaire d&rsquo;anticiper son achat. Les f\u00eates sont l&rsquo;\u00e9v\u00e8nement r\u00eav\u00e9 pour les femmes d&rsquo;acqu\u00e9rir une nouvelle tenue. Les prix baissent parfois pour l&rsquo;occasion leur permettant d&rsquo;avoir une abaya de qualit\u00e9 \u00e0 un prix raisonnable.<\/p>\n<h3><span class=\"ez-toc-section\" id=\"Une_abaya_pour_lAid-el-fitr\"><\/span>Une abaya pour l&rsquo;A\u00efd-el-fitr<span class=\"ez-toc-section-end\"><\/span><\/h3>\n<p>La f\u00eate musulmane de l&rsquo;A\u00efd-el-fitr est une f\u00eate qui a lieu \u00e0 l&rsquo;issue du mois de ramadan. Pour l&rsquo;occasion, la femme musulmane porte sa plus belle tenue. <strong>Il peut s&rsquo;agir d&rsquo;une abaya, d&rsquo;une robe chic, d&rsquo;un caftan ou m\u00eame d&rsquo;une tenue plus simple<\/strong> comme un jean ou un pantalon et une chemise port\u00e9s sous un kimono pour le c\u00f4t\u00e9 chic. L&rsquo;abaya port\u00e9e pour l&rsquo;A\u00efd-el-fitr peut \u00eatre <strong>ample pour un style d\u00e9contract\u00e9 tout en restant \u00e9l\u00e9gant. <\/strong>On peut ajouter une ceinture \u00e0 l&rsquo;abaya pour marquer la taille. Orn\u00e9e de strass ou de bijoux, l&rsquo;abaya se suffit \u00e0 elle-m\u00eame. En termes de couleur, <strong>chaque couleur est possible<\/strong>. On peut choisir une couleur vive ou une couleur plus classique comme le noir, le rose poudr\u00e9, le beige ou encore l&rsquo;\u00e9cru. Le hijab vient compl\u00e9ter la tenue et peut \u00eatre de la m\u00eame couleur que la robe ou d&rsquo;une couleur diff\u00e9rente.<\/p>\n<h3><span class=\"ez-toc-section\" id=\"Une_abaya_et_des_accessoires_pour_lAid-El-Kebir\"><\/span>Une abaya et des accessoires pour l&rsquo;A\u00efd-El-K\u00e9bir<span class=\"ez-toc-section-end\"><\/span><\/h3>\n<p>L&rsquo;A\u00efd-el-K\u00e9bir est une f\u00eate musulmane qui a lieu chaque ann\u00e9e. Pour cette f\u00eate islamique, hommes et femmes portent leurs plus beaux v\u00eatements. La femme musulmane range ses v\u00eatements classiques et ses robes de tous les jours et profite de cette journ\u00e9e de f\u00eate pour porter sa plus belle robe. <strong>L&rsquo;abaya est la robe id\u00e9ale pour l&rsquo;occasion<\/strong>. L&rsquo;abaya est une robe \u00e0 maxi longueur mais s&rsquo;adapte \u00e0 toutes les femmes. Pour un jour de f\u00eate comme l&rsquo;aid el Kebir, l&rsquo;ajout d&rsquo;accessoires rend la tenue plus chic.<strong> La robe ou l&rsquo;abaya peut \u00eatre d\u00e9cor\u00e9e de broderies, de dorures ou de strass. <\/strong>Pour une robe moins charg\u00e9e tout en \u00e9tant \u00e9l\u00e9gante, une abaya dot\u00e9e de bijoux aux extr\u00e9mit\u00e9s des manches et sur le col est parfaite. Selon les morphologies, <strong>plusieurs coupes peuvent \u00eatre choisies<\/strong> : ample, droite, ajust\u00e9e, abaya kimono ou encore l&rsquo;abaya manches papillon.<\/p>\n<h2><span class=\"ez-toc-section\" id=\"Une_abaya_chic_pour_mariee\"><\/span>Une abaya chic pour mari\u00e9e<span class=\"ez-toc-section-end\"><\/span><\/h2>\n<p>Pour la femme musulmane qui se marie, le port d&rsquo;une abaya est tout \u00e0 fait envisageable. La mari\u00e9e porte g\u00e9n\u00e9ralement plusieurs robes pour l&rsquo;occasion.<strong> L&rsquo;abaya pour mari\u00e9e n&rsquo;a pas de code couleur particulier.<\/strong> Elle peut \u00eatre de couleur sobre comme rose clair, \u00e9cru, beige, ou \u00e0 l&rsquo;inverse tr\u00e8s color\u00e9e. Que la femme musulmane fasse une taille XS ou XXL, elle trouve syst\u00e9matiquement une robe ayant une coupe et une longueur adapt\u00e9es \u00e0 sa morphologie. Pour un mariage, il faut choisir une abaya ayant des \u00e9l\u00e9ments de d\u00e9corations comme <strong>de la dentelle, des bijoux, des sequins ou des strass <\/strong>sur la tenue compl\u00e8te, le col ou sur les manches. L&rsquo;essentiel \u00e9tant d&rsquo;avoir une abaya chic qui saura se d\u00e9marquer.<\/p>\n<h3><span class=\"ez-toc-section\" id=\"Labaya_manches_papillon_pour_un_style_saoudien_chic\"><\/span>L&rsquo;abaya manches papillon pour un style saoudien chic<span class=\"ez-toc-section-end\"><\/span><\/h3>\n<p>Pour la mari\u00e9e, l&rsquo;abaya ample aux manches papillon est parfaite. Cette robe pour femme musulmane est \u00e9l\u00e9gante, vaporeuse et permet aux femmes de porter une tenue chic et pudique. <strong>Pour une mari\u00e9e, les abayas choisies sont soit tr\u00e8s color\u00e9s et dot\u00e9es de beaucoup de fioritures ou \u00e0 l&rsquo;inverse de couleur plus discr\u00e8te en jouant sur l&rsquo;ajout d&rsquo;accessoires<\/strong>, rendant la tenue tr\u00e8s raffin\u00e9e. L&rsquo;abaya saoudienne aux manches papillon peut \u00eatre la robe pr\u00e9vue pour \u00e0 la fin de la soir\u00e9e.<\/p>\n<h3><span class=\"ez-toc-section\" id=\"Une_autre_robe_pour_la_mariee_le_caftan\"><\/span>Une autre robe pour la mari\u00e9e : le caftan<span class=\"ez-toc-section-end\"><\/span><\/h3>\n<p>Une autre alternative \u00e0 l&rsquo;abaya est le caftan. Cette robe marocaine pour femme est une tenue plus charg\u00e9e que l&rsquo;abaya. <strong>De nombreux bijoux, dorures ou strass ornent cette robe chic et traditionnelle. <\/strong>Col, manches, buste, ceinture, bas de robe, tout est d\u00e9cor\u00e9. Des accessoires, un hijab et un voile viennent compl\u00e9ter la tenue.<\/p>\n<h2><span class=\"ez-toc-section\" id=\"Labaya_une_tenue_ideale_pour_invitee\"><\/span>L&rsquo;abaya, une tenue id\u00e9ale pour invit\u00e9e<span class=\"ez-toc-section-end\"><\/span><\/h2>\n<p>Pour une f\u00eate, la femme musulmane peut choisir la tenue et les accessoires de son choix. Abaya, robe maxi, robe \u00e0 strass, caftan, jilbab, abaya kimono, ou m\u00eame des v\u00eatements plus classiques accompagn\u00e9s d&rsquo;accessoires. L&rsquo;abaya est une tenue parfaite pour une invit\u00e9e.<strong> Son style chic fait de cette tenue une tenue \u00e0 la fois pudique et sophistiqu\u00e9e<\/strong>. Pour un mariage, on \u00e9vite une robe ou une abaya de couleur blanche et on opte plut\u00f4t pour du beige si l&rsquo;on souhaite une couleur claire. Hormis cette couleur, <strong>toutes les couleurs sont permises<\/strong>. En termes de tissu, l&rsquo;abaya satin\u00e9e est parfaite pour l&rsquo;occasion, assortie \u00e0 un hijab ton sur ton pour un look coordonn\u00e9.<\/p>\n<p>Ces pages peuvent \u00e9galement vous int\u00e9resser :<\/p>\n<ul>\n<li><a href=\"https:\/\/neyssa-shop.com\/blog\/les-differents-types-d-abaya\">Les diff\u00e9rents types d&rsquo;abaya<\/a><\/li>\n<li><a href=\"https:\/\/neyssa-shop.com\/blog\/quel-tissu-choisir-pour-sa-abaya\">Quel tissu choisir pour sa abaya ?<\/a><\/li>\n<li><a href=\"https:\/\/neyssa-shop.com\/blog\/quelle-couleur-pour-ma-abaya\">Quelle couleur pour ma abaya ?<\/a><\/li>\n<\/ul>\n","protected":false},"excerpt":{"rendered":"<p>\u00c0 chaque \u00e9v\u00e8nement sa tenue : une abaya pour chaque f\u00eate Pour une soir\u00e9e sp\u00e9ciale, une journ\u00e9e festive comme l&rsquo;a\u00efd ou pour un \u00e9v\u00e8nement particulier, la femme musulmane peut choisir une abaya pour chaque f\u00eate. Il n&rsquo;est pas toujours facile de savoir comment choisir son abaya. Pour une f\u00eate, il existe diff\u00e9rents mod\u00e8les d&rsquo;abayas qui&#8230;<\/p>\n<p><a class=\"more-link\" href=\"https:\/\/neyssa-shop.com\/blog\/une-abaya-pour-chaque-fete\/\">En <em>savoir<\/em> plus<\/a><\/p>\n","protected":false},"author":11,"featured_media":0,"parent":0,"menu_order":0,"comment_status":"open","ping_status":"closed","template":"","meta":{"_genesis_hide_title":false,"_genesis_hide_breadcrumbs":false,"_genesis_hide_singular_image":false,"_genesis_hide_footer_widgets":false,"_genesis_custom_body_class":"","_genesis_custom_post_class":"","_genesis_layout":"","footnotes":""},"class_list":{"0":"post-4350","1":"page","2":"type-page","3":"status-publish","5":"entry"},"yoast_head":"<!-- This site is optimized with the Yoast SEO plugin v26.8 - https:\/\/yoast.com\/product\/yoast-seo-wordpress\/ -->\n<title>Une abaya pour chaque f\u00eate<\/title>\n<meta name=\"description\" content=\"Chaque f\u00eate est l&#039;occasion de porter une tenue sp\u00e9ciale. C&#039;est pour cela qu&#039;il existe une abaya pour chaque f\u00eate.\" \/>\n<meta name=\"robots\" content=\"index, follow, max-snippet:-1, max-image-preview:large, max-video-preview:-1\" \/>\n<link rel=\"canonical\" href=\"https:\/\/neyssa-shop.com\/blog\/une-abaya-pour-chaque-fete\/\" \/>\n<meta property=\"og:locale\" content=\"fr_FR\" \/>\n<meta property=\"og:type\" content=\"article\" \/>\n<meta property=\"og:title\" content=\"Une abaya pour chaque f\u00eate\" \/>\n<meta property=\"og:description\" content=\"Chaque f\u00eate est l&#039;occasion de porter une tenue sp\u00e9ciale. C&#039;est pour cela qu&#039;il existe une abaya pour chaque f\u00eate.\" \/>\n<meta property=\"og:url\" content=\"https:\/\/neyssa-shop.com\/blog\/une-abaya-pour-chaque-fete\/\" \/>\n<meta property=\"og:site_name\" content=\"Neyssa le blog\" \/>\n<meta property=\"article:publisher\" content=\"https:\/\/www.facebook.com\/neyssashop\/\" \/>\n<meta property=\"article:modified_time\" content=\"2023-07-05T00:33:28+00:00\" \/>\n<meta name=\"twitter:card\" content=\"summary_large_image\" \/>\n<meta name=\"twitter:site\" content=\"@neyssashop\" \/>\n<meta name=\"twitter:label1\" content=\"Dur\u00e9e de lecture estim\u00e9e\" \/>\n\t<meta name=\"twitter:data1\" content=\"6 minutes\" \/>\n<script type=\"application\/ld+json\" class=\"yoast-schema-graph\">{\"@context\":\"https:\/\/schema.org\",\"@graph\":[{\"@type\":\"WebPage\",\"@id\":\"https:\/\/neyssa-shop.com\/blog\/une-abaya-pour-chaque-fete\/\",\"url\":\"https:\/\/neyssa-shop.com\/blog\/une-abaya-pour-chaque-fete\/\",\"name\":\"Une abaya pour chaque f\u00eate\",\"isPartOf\":{\"@id\":\"https:\/\/neyssa-shop.com\/blog\/#website\"},\"datePublished\":\"2022-01-13T08:38:52+00:00\",\"dateModified\":\"2023-07-05T00:33:28+00:00\",\"description\":\"Chaque f\u00eate est l'occasion de porter une tenue sp\u00e9ciale. C'est pour cela qu'il existe une abaya pour chaque f\u00eate.\",\"breadcrumb\":{\"@id\":\"https:\/\/neyssa-shop.com\/blog\/une-abaya-pour-chaque-fete\/#breadcrumb\"},\"inLanguage\":\"fr-FR\",\"potentialAction\":[{\"@type\":\"ReadAction\",\"target\":[\"https:\/\/neyssa-shop.com\/blog\/une-abaya-pour-chaque-fete\/\"]}]},{\"@type\":\"BreadcrumbList\",\"@id\":\"https:\/\/neyssa-shop.com\/blog\/une-abaya-pour-chaque-fete\/#breadcrumb\",\"itemListElement\":[{\"@type\":\"ListItem\",\"position\":1,\"name\":\"Accueil\",\"item\":\"https:\/\/neyssa-shop.com\/blog\/\"},{\"@type\":\"ListItem\",\"position\":2,\"name\":\"Une abaya pour chaque f\u00eate\"}]},{\"@type\":\"WebSite\",\"@id\":\"https:\/\/neyssa-shop.com\/blog\/#website\",\"url\":\"https:\/\/neyssa-shop.com\/blog\/\",\"name\":\"Neyssa le blog\",\"description\":\"Un blog d\u00e9di\u00e9 \u00e0 la femme musulmane\",\"publisher\":{\"@id\":\"https:\/\/neyssa-shop.com\/blog\/#organization\"},\"potentialAction\":[{\"@type\":\"SearchAction\",\"target\":{\"@type\":\"EntryPoint\",\"urlTemplate\":\"https:\/\/neyssa-shop.com\/blog\/?s={search_term_string}\"},\"query-input\":{\"@type\":\"PropertyValueSpecification\",\"valueRequired\":true,\"valueName\":\"search_term_string\"}}],\"inLanguage\":\"fr-FR\"},{\"@type\":\"Organization\",\"@id\":\"https:\/\/neyssa-shop.com\/blog\/#organization\",\"name\":\"Neyssa Shop\",\"url\":\"https:\/\/neyssa-shop.com\/blog\/\",\"logo\":{\"@type\":\"ImageObject\",\"inLanguage\":\"fr-FR\",\"@id\":\"https:\/\/neyssa-shop.com\/blog\/#\/schema\/logo\/image\/\",\"url\":\"https:\/\/neyssa-shop.com\/blog\/wp-content\/uploads\/2021\/03\/neyssa-boutique-logo-1610747292.jpg\",\"contentUrl\":\"https:\/\/neyssa-shop.com\/blog\/wp-content\/uploads\/2021\/03\/neyssa-boutique-logo-1610747292.jpg\",\"width\":271,\"height\":70,\"caption\":\"Neyssa Shop\"},\"image\":{\"@id\":\"https:\/\/neyssa-shop.com\/blog\/#\/schema\/logo\/image\/\"},\"sameAs\":[\"https:\/\/www.facebook.com\/neyssashop\/\",\"https:\/\/x.com\/neyssashop\",\"https:\/\/www.instagram.com\/neyssa_shop\/\",\"https:\/\/www.pinterest.fr\/neyssa_shop\/_created\/\",\"https:\/\/www.youtube.com\/channel\/UCkQ9s8jXTLi2yVzyeugVAMg\"]}]}<\/script>\n<!-- \/ Yoast SEO plugin. -->","yoast_head_json":{"title":"Une abaya pour chaque f\u00eate","description":"Chaque f\u00eate est l'occasion de porter une tenue sp\u00e9ciale. C'est pour cela qu'il existe une abaya pour chaque f\u00eate.","robots":{"index":"index","follow":"follow","max-snippet":"max-snippet:-1","max-image-preview":"max-image-preview:large","max-video-preview":"max-video-preview:-1"},"canonical":"https:\/\/neyssa-shop.com\/blog\/une-abaya-pour-chaque-fete\/","og_locale":"fr_FR","og_type":"article","og_title":"Une abaya pour chaque f\u00eate","og_description":"Chaque f\u00eate est l'occasion de porter une tenue sp\u00e9ciale. C'est pour cela qu'il existe une abaya pour chaque f\u00eate.","og_url":"https:\/\/neyssa-shop.com\/blog\/une-abaya-pour-chaque-fete\/","og_site_name":"Neyssa le blog","article_publisher":"https:\/\/www.facebook.com\/neyssashop\/","article_modified_time":"2023-07-05T00:33:28+00:00","twitter_card":"summary_large_image","twitter_site":"@neyssashop","twitter_misc":{"Dur\u00e9e de lecture estim\u00e9e":"6 minutes"},"schema":{"@context":"https:\/\/schema.org","@graph":[{"@type":"WebPage","@id":"https:\/\/neyssa-shop.com\/blog\/une-abaya-pour-chaque-fete\/","url":"https:\/\/neyssa-shop.com\/blog\/une-abaya-pour-chaque-fete\/","name":"Une abaya pour chaque f\u00eate","isPartOf":{"@id":"https:\/\/neyssa-shop.com\/blog\/#website"},"datePublished":"2022-01-13T08:38:52+00:00","dateModified":"2023-07-05T00:33:28+00:00","description":"Chaque f\u00eate est l'occasion de porter une tenue sp\u00e9ciale. C'est pour cela qu'il existe une abaya pour chaque f\u00eate.","breadcrumb":{"@id":"https:\/\/neyssa-shop.com\/blog\/une-abaya-pour-chaque-fete\/#breadcrumb"},"inLanguage":"fr-FR","potentialAction":[{"@type":"ReadAction","target":["https:\/\/neyssa-shop.com\/blog\/une-abaya-pour-chaque-fete\/"]}]},{"@type":"BreadcrumbList","@id":"https:\/\/neyssa-shop.com\/blog\/une-abaya-pour-chaque-fete\/#breadcrumb","itemListElement":[{"@type":"ListItem","position":1,"name":"Accueil","item":"https:\/\/neyssa-shop.com\/blog\/"},{"@type":"ListItem","position":2,"name":"Une abaya pour chaque f\u00eate"}]},{"@type":"WebSite","@id":"https:\/\/neyssa-shop.com\/blog\/#website","url":"https:\/\/neyssa-shop.com\/blog\/","name":"Neyssa le blog","description":"Un blog d\u00e9di\u00e9 \u00e0 la femme musulmane","publisher":{"@id":"https:\/\/neyssa-shop.com\/blog\/#organization"},"potentialAction":[{"@type":"SearchAction","target":{"@type":"EntryPoint","urlTemplate":"https:\/\/neyssa-shop.com\/blog\/?s={search_term_string}"},"query-input":{"@type":"PropertyValueSpecification","valueRequired":true,"valueName":"search_term_string"}}],"inLanguage":"fr-FR"},{"@type":"Organization","@id":"https:\/\/neyssa-shop.com\/blog\/#organization","name":"Neyssa Shop","url":"https:\/\/neyssa-shop.com\/blog\/","logo":{"@type":"ImageObject","inLanguage":"fr-FR","@id":"https:\/\/neyssa-shop.com\/blog\/#\/schema\/logo\/image\/","url":"https:\/\/neyssa-shop.com\/blog\/wp-content\/uploads\/2021\/03\/neyssa-boutique-logo-1610747292.jpg","contentUrl":"https:\/\/neyssa-shop.com\/blog\/wp-content\/uploads\/2021\/03\/neyssa-boutique-logo-1610747292.jpg","width":271,"height":70,"caption":"Neyssa Shop"},"image":{"@id":"https:\/\/neyssa-shop.com\/blog\/#\/schema\/logo\/image\/"},"sameAs":["https:\/\/www.facebook.com\/neyssashop\/","https:\/\/x.com\/neyssashop","https:\/\/www.instagram.com\/neyssa_shop\/","https:\/\/www.pinterest.fr\/neyssa_shop\/_created\/","https:\/\/www.youtube.com\/channel\/UCkQ9s8jXTLi2yVzyeugVAMg"]}]}},"_links":{"self":[{"href":"https:\/\/neyssa-shop.com\/blog\/wp-json\/wp\/v2\/pages\/4350","targetHints":{"allow":["GET"]}}],"collection":[{"href":"https:\/\/neyssa-shop.com\/blog\/wp-json\/wp\/v2\/pages"}],"about":[{"href":"https:\/\/neyssa-shop.com\/blog\/wp-json\/wp\/v2\/types\/page"}],"author":[{"embeddable":true,"href":"https:\/\/neyssa-shop.com\/blog\/wp-json\/wp\/v2\/users\/11"}],"replies":[{"embeddable":true,"href":"https:\/\/neyssa-shop.com\/blog\/wp-json\/wp\/v2\/comments?post=4350"}],"version-history":[{"count":2,"href":"https:\/\/neyssa-shop.com\/blog\/wp-json\/wp\/v2\/pages\/4350\/revisions"}],"predecessor-version":[{"id":4396,"href":"https:\/\/neyssa-shop.com\/blog\/wp-json\/wp\/v2\/pages\/4350\/revisions\/4396"}],"wp:attachment":[{"href":"https:\/\/neyssa-shop.com\/blog\/wp-json\/wp\/v2\/media?parent=4350"}],"curies":[{"name":"wp","href":"https:\/\/api.w.org\/{rel}","templated":true}]}}