{"id":4346,"date":"2022-01-13T09:38:52","date_gmt":"2022-01-13T08:38:52","guid":{"rendered":"https:\/\/neyssa-shop.com\/blog\/?page_id=4346"},"modified":"2022-05-31T14:11:35","modified_gmt":"2022-05-31T12:11:35","slug":"quel-hijab-porter-avec-une-abaya","status":"publish","type":"page","link":"https:\/\/neyssa-shop.com\/blog\/quel-hijab-porter-avec-une-abaya\/","title":{"rendered":"Quel hijab porter avec une abaya ?"},"content":{"rendered":"\n<div id=\"ez-toc-container\" class=\"ez-toc-v2_0_72 counter-hierarchy ez-toc-counter ez-toc-grey ez-toc-container-direction\">\n<label for=\"ez-toc-cssicon-toggle-item-69d7f3fe5412e\" class=\"ez-toc-cssicon-toggle-label\"><span class=\"\"><span class=\"eztoc-hide\" style=\"display:none;\">Toggle<\/span><span class=\"ez-toc-icon-toggle-span\"><svg style=\"fill: #999;color:#999\" xmlns=\"http:\/\/www.w3.org\/2000\/svg\" class=\"list-377408\" width=\"20px\" height=\"20px\" viewBox=\"0 0 24 24\" fill=\"none\"><path d=\"M6 6H4v2h2V6zm14 0H8v2h12V6zM4 11h2v2H4v-2zm16 0H8v2h12v-2zM4 16h2v2H4v-2zm16 0H8v2h12v-2z\" fill=\"currentColor\"><\/path><\/svg><svg style=\"fill: #999;color:#999\" class=\"arrow-unsorted-368013\" xmlns=\"http:\/\/www.w3.org\/2000\/svg\" width=\"10px\" height=\"10px\" viewBox=\"0 0 24 24\" version=\"1.2\" baseProfile=\"tiny\"><path d=\"M18.2 9.3l-6.2-6.3-6.2 6.3c-.2.2-.3.4-.3.7s.1.5.3.7c.2.2.4.3.7.3h11c.3 0 .5-.1.7-.3.2-.2.3-.5.3-.7s-.1-.5-.3-.7zM5.8 14.7l6.2 6.3 6.2-6.3c.2-.2.3-.5.3-.7s-.1-.5-.3-.7c-.2-.2-.4-.3-.7-.3h-11c-.3 0-.5.1-.7.3-.2.2-.3.5-.3.7s.1.5.3.7z\"\/><\/svg><\/span><\/span><\/label><input type=\"checkbox\"  id=\"ez-toc-cssicon-toggle-item-69d7f3fe5412e\"  aria-label=\"Toggle\" \/><nav><ul class='ez-toc-list ez-toc-list-level-1 ' ><li class='ez-toc-page-1 ez-toc-heading-level-1'><a class=\"ez-toc-link ez-toc-heading-1\" href=\"https:\/\/neyssa-shop.com\/blog\/quel-hijab-porter-avec-une-abaya\/#Voile_Quel_hijab_porter_avec_une_abaya\" title=\"Voile : Quel hijab porter avec une abaya ?\">Voile : Quel hijab porter avec une abaya ?<\/a><ul class='ez-toc-list-level-2' ><li class='ez-toc-heading-level-2'><a class=\"ez-toc-link ez-toc-heading-2\" href=\"https:\/\/neyssa-shop.com\/blog\/quel-hijab-porter-avec-une-abaya\/#Labaya_une_tenue_moderne\" title=\"L&rsquo;abaya, une tenue moderne\">L&rsquo;abaya, une tenue moderne<\/a><\/li><li class='ez-toc-page-1 ez-toc-heading-level-2'><a class=\"ez-toc-link ez-toc-heading-3\" href=\"https:\/\/neyssa-shop.com\/blog\/quel-hijab-porter-avec-une-abaya\/#Un_grand_choix_de_matieres_pour_un_voile_de_qualite\" title=\"Un grand choix de mati\u00e8res pour un voile de qualit\u00e9\">Un grand choix de mati\u00e8res pour un voile de qualit\u00e9<\/a><\/li><li class='ez-toc-page-1 ez-toc-heading-level-2'><a class=\"ez-toc-link ez-toc-heading-4\" href=\"https:\/\/neyssa-shop.com\/blog\/quel-hijab-porter-avec-une-abaya\/#Les_differents_hijabs_a_porter_avec_une_abaya\" title=\"Les diff\u00e9rents hijabs \u00e0 porter avec une abaya\">Les diff\u00e9rents hijabs \u00e0 porter avec une abaya<\/a><ul class='ez-toc-list-level-3' ><li class='ez-toc-heading-level-3'><a class=\"ez-toc-link ez-toc-heading-5\" href=\"https:\/\/neyssa-shop.com\/blog\/quel-hijab-porter-avec-une-abaya\/#Pour_un_style_chic_le_voile_en_soie_de_Medine\" title=\"Pour un style chic : le voile en soie de M\u00e9dine\">Pour un style chic : le voile en soie de M\u00e9dine<\/a><\/li><li class='ez-toc-page-1 ez-toc-heading-level-3'><a class=\"ez-toc-link ez-toc-heading-6\" href=\"https:\/\/neyssa-shop.com\/blog\/quel-hijab-porter-avec-une-abaya\/#Labaya_avec_un_voile_pratique_et_a_la_mode_le_hijab_a_enfiler\" title=\"L&rsquo;abaya avec un voile pratique et \u00e0 la mode : le hijab \u00e0 enfiler\">L&rsquo;abaya avec un voile pratique et \u00e0 la mode : le hijab \u00e0 enfiler<\/a><\/li><li class='ez-toc-page-1 ez-toc-heading-level-3'><a class=\"ez-toc-link ez-toc-heading-7\" href=\"https:\/\/neyssa-shop.com\/blog\/quel-hijab-porter-avec-une-abaya\/#Le_khimar_Un_voile_a_nouer_proche_du_jilbab\" title=\"Le khimar : Un voile \u00e0 nouer, proche du jilbab\">Le khimar : Un voile \u00e0 nouer, proche du jilbab<\/a><\/li><\/ul><\/li><\/ul><\/li><\/ul><\/nav><\/div>\n<h1 class=\"wp-block-heading\"><span class=\"ez-toc-section\" id=\"Voile_Quel_hijab_porter_avec_une_abaya\"><\/span>Voile : Quel hijab porter avec une abaya ?<span class=\"ez-toc-section-end\"><\/span><\/h1>\n\n\n\n<p>Pour s&rsquo;habiller de mani\u00e8re \u00e9l\u00e9gante et pudique, l&rsquo;abaya est la robe id\u00e9ale pour la femme musulmane. Plusieurs \u00e9l\u00e9ments entrent en compte pour savoir c<a href=\"https:\/\/neyssa-shop.com\/blog\/comment-porter-une-abaya\">omment porter une abaya<\/a>. Parmi eux, le choix du voile. Alors, <strong>quel hijab porter avec une abaya ?<\/strong><\/p>\n\n\n\n<figure class=\"wp-block-image size-large\"><img fetchpriority=\"high\" decoding=\"async\" width=\"1024\" height=\"367\" src=\"https:\/\/neyssa-shop.com\/blog\/wp-content\/uploads\/2022\/05\/banniere2-1024x367.jpg\" alt=\"\" class=\"wp-image-4921\" srcset=\"https:\/\/neyssa-shop.com\/blog\/wp-content\/uploads\/2022\/05\/banniere2-1024x367.jpg 1024w, https:\/\/neyssa-shop.com\/blog\/wp-content\/uploads\/2022\/05\/banniere2-300x108.jpg 300w, https:\/\/neyssa-shop.com\/blog\/wp-content\/uploads\/2022\/05\/banniere2-768x276.jpg 768w, https:\/\/neyssa-shop.com\/blog\/wp-content\/uploads\/2022\/05\/banniere2-1536x551.jpg 1536w, https:\/\/neyssa-shop.com\/blog\/wp-content\/uploads\/2022\/05\/banniere2-750x269.jpg 750w, https:\/\/neyssa-shop.com\/blog\/wp-content\/uploads\/2022\/05\/banniere2.jpg 1920w\" sizes=\"(max-width: 1024px) 100vw, 1024px\" \/><\/figure>\n\n\n\n<h2 class=\"wp-block-heading\"><span class=\"ez-toc-section\" id=\"Labaya_une_tenue_moderne\"><\/span>L&rsquo;abaya, une tenue moderne<span class=\"ez-toc-section-end\"><\/span><\/h2>\n\n\n\n<p>L&rsquo;abaya est une robe qui se veut simple, \u00e9l\u00e9gante et pudique. Elle est port\u00e9e par de nombreuses femmes musulmanes. Dans des villes comme Duba\u00ef, c&rsquo;est <strong>une tenue que la majorit\u00e9 des femmes portent au quotidien. <\/strong>Longtemps rest\u00e9e une tenue traditionnelle, elle r\u00e9pond aujourd&rsquo;hui aux codes de la mode tout en conservant une robe r\u00e9pondant aux crit\u00e8res de pudeur. Elle s&rsquo;associe le plus souvent avec un hijab.<\/p>\n\n\n\n<h2 class=\"wp-block-heading\"><span class=\"ez-toc-section\" id=\"Un_grand_choix_de_matieres_pour_un_voile_de_qualite\"><\/span>Un grand choix de mati\u00e8res pour un voile de qualit\u00e9<span class=\"ez-toc-section-end\"><\/span><\/h2>\n\n\n\n<p>Pour conserver une certaine \u00e9l\u00e9gance \u00e0 travers sa tenue, le port d&rsquo;un hijab offrant un tissu de qualit\u00e9 est essentiel.<strong> Il existe un large choix de mati\u00e8res.<\/strong> Soie de m\u00e9dine, mousseline de coton, cr\u00eape, modal, etc. sont autant de mati\u00e8res que l&rsquo;on retrouve dans les hijabs. Le choix de la couleur d\u00e9pend des us et coutumes, des go\u00fbts et des circonstances. Concernant leur coupe, il en existe plusieurs \u00e9galement.<\/p>\n\n\n\n<div class=\"wp-block-media-text alignwide is-stacked-on-mobile\"><figure class=\"wp-block-media-text__media\"><img decoding=\"async\" width=\"667\" height=\"1000\" src=\"https:\/\/neyssa-shop.com\/blog\/wp-content\/uploads\/2022\/05\/soie-de-medine.jpg\" alt=\"\" class=\"wp-image-4923 size-full\" srcset=\"https:\/\/neyssa-shop.com\/blog\/wp-content\/uploads\/2022\/05\/soie-de-medine.jpg 667w, https:\/\/neyssa-shop.com\/blog\/wp-content\/uploads\/2022\/05\/soie-de-medine-200x300.jpg 200w\" sizes=\"(max-width: 667px) 100vw, 667px\" \/><\/figure><div class=\"wp-block-media-text__content\">\n<h2 class=\"wp-block-heading\"><span class=\"ez-toc-section\" id=\"Les_differents_hijabs_a_porter_avec_une_abaya\"><\/span>Les diff\u00e9rents hijabs \u00e0 porter avec une abaya<span class=\"ez-toc-section-end\"><\/span><\/h2>\n\n\n\n<p>Selon l&rsquo;effet souhait\u00e9, diff\u00e9rents mod\u00e8les de hijab existent. <strong>Le voile rectangle, le voile carr\u00e9, le hijab \u00e0 enfiler ou encore le khimar. <\/strong>Selon le rythme de vie, les circonstances et les go\u00fbts de chaque femme, il existe un style de hijab adapt\u00e9.<\/p>\n\n\n\n<h3 class=\"wp-block-heading\"><span class=\"ez-toc-section\" id=\"Pour_un_style_chic_le_voile_en_soie_de_Medine\"><\/span>Pour un style chic : le voile en soie de M\u00e9dine<span class=\"ez-toc-section-end\"><\/span><\/h3>\n\n\n\n<p>Parmi les diff\u00e9rentes mati\u00e8res de hijab, l&rsquo;une des plus connues est la soie de m\u00e9dine. Une mati\u00e8re de qualit\u00e9, offrant un rendu chic et \u00e9l\u00e9gant \u00e0 la tenue. Malgr\u00e9 cela, <strong>c&rsquo;est un hijab qui peut se porter tous les jours. <\/strong>Souvent sous forme de voile rectangle ou carr\u00e9, il permet d&rsquo;\u00eatre ajust\u00e9 \u00e0 la mani\u00e8re de chaque femme. Certaines le posent simplement sur la t\u00eate, d&rsquo;autres font de multiples tours avant de le fixer avec une \u00e9pingle, d&rsquo;autres encore l&rsquo;attachent simplement au niveau du coup. Ainsi peuvent se porter les hijabs en une pi\u00e8ce, qu&rsquo;ils soient de forme rectangulaire ou carr\u00e9.<\/p>\n<\/div><\/div>\n\n\n\n<hr class=\"wp-block-separator has-text-color has-background has-white-background-color has-white-color\"\/>\n\n\n\n<h3 class=\"wp-block-heading\"><span class=\"ez-toc-section\" id=\"Labaya_avec_un_voile_pratique_et_a_la_mode_le_hijab_a_enfiler\"><\/span>L&rsquo;abaya avec un voile pratique et \u00e0 la mode : le hijab \u00e0 enfiler<span class=\"ez-toc-section-end\"><\/span><\/h3>\n\n\n\n<p>Le hijab \u00e0 enfiler est un voile moderne. Con\u00e7u pour r\u00e9pondre \u00e0 un besoin des femmes : la praticit\u00e9 et la rapidit\u00e9. Ces hijabs sont <strong>parfaits pour les femmes ayant un rythme de vie effr\u00e9n\u00e9<\/strong>, n\u00e9cessitant une tenue pratique et rapide \u00e0 enfiler. Il se d\u00e9cline sous toutes les couleurs et sous de nombreuses mati\u00e8res.<\/p>\n\n\n\n<h3 class=\"wp-block-heading\"><span class=\"ez-toc-section\" id=\"Le_khimar_Un_voile_a_nouer_proche_du_jilbab\"><\/span>Le khimar : Un voile \u00e0 nouer, proche du jilbab<span class=\"ez-toc-section-end\"><\/span><\/h3>\n\n\n\n<p>Autre voile pratique \u00e0 enfiler et non moins \u00e9l\u00e9gant : le khimar. Un voile qui s&rsquo;apparente \u00e0 un autre v\u00eatement : le jilbab. Port\u00e9 avec une abaya, le khimar offre un rendu \u00e0 la fois tr\u00e8s pudique et \u00e9l\u00e9gant. <strong>Il se d\u00e9cline sous diff\u00e9rentes couleurs et diff\u00e9rentes mati\u00e8res<\/strong>. Le khimar existe sous diff\u00e9rentes formes. Il peut \u00eatre compos\u00e9 d&rsquo;une seule couche de tissu ou plusieurs ou \u00eatre orn\u00e9 de volants. Ce voile peut \u00eatre dot\u00e9 d&rsquo;un niqab, couvrant le visage pour encore plus de pudeur.<\/p>\n\n\n\n<p>Ces pages peuvent \u00e9galement vous int\u00e9resser :<br><\/p>\n\n\n\n<div class=\"wp-block-columns is-layout-flex wp-container-core-columns-is-layout-1 wp-block-columns-is-layout-flex\">\n<div class=\"wp-block-column is-layout-flow wp-block-column-is-layout-flow\" style=\"flex-basis:66.66%\">\n<figure class=\"wp-block-embed is-type-wp-embed is-provider-neyssa-le-blog wp-block-embed-neyssa-le-blog\"><div class=\"wp-block-embed__wrapper\">\n<blockquote class=\"wp-embedded-content\" data-secret=\"scSh7o2n1Z\"><a href=\"https:\/\/neyssa-shop.com\/blog\/quelles-chaussures-porter-avec-la-abaya\/\">Quelles chaussures porter avec la abaya ?<\/a><\/blockquote><iframe class=\"wp-embedded-content\" sandbox=\"allow-scripts\" security=\"restricted\" style=\"position: absolute; clip: rect(1px, 1px, 1px, 1px);\" title=\"\u00ab\u00a0Quelles chaussures porter avec la abaya ?\u00a0\u00bb &#8212; Neyssa le blog\" src=\"https:\/\/neyssa-shop.com\/blog\/quelles-chaussures-porter-avec-la-abaya\/embed\/#?secret=scSh7o2n1Z\" data-secret=\"scSh7o2n1Z\" width=\"600\" height=\"338\" frameborder=\"0\" marginwidth=\"0\" marginheight=\"0\" scrolling=\"no\"><\/iframe>\n<\/div><\/figure>\n<\/div>\n\n\n\n<div class=\"wp-block-column is-layout-flow wp-block-column-is-layout-flow\" style=\"flex-basis:33.33%\">\n<figure class=\"wp-block-embed is-type-wp-embed is-provider-neyssa-le-blog wp-block-embed-neyssa-le-blog\"><div class=\"wp-block-embed__wrapper\">\n<blockquote class=\"wp-embedded-content\" data-secret=\"s63RfqvaXh\"><a href=\"https:\/\/neyssa-shop.com\/blog\/que-porter-sous-la-abaya\/\">Que porter sous la abaya ?<\/a><\/blockquote><iframe class=\"wp-embedded-content\" sandbox=\"allow-scripts\" security=\"restricted\" style=\"position: absolute; clip: rect(1px, 1px, 1px, 1px);\" title=\"\u00ab\u00a0Que porter sous la abaya ?\u00a0\u00bb &#8212; Neyssa le blog\" src=\"https:\/\/neyssa-shop.com\/blog\/que-porter-sous-la-abaya\/embed\/#?secret=s63RfqvaXh\" data-secret=\"s63RfqvaXh\" width=\"600\" height=\"338\" frameborder=\"0\" marginwidth=\"0\" marginheight=\"0\" scrolling=\"no\"><\/iframe>\n<\/div><\/figure>\n<\/div>\n<\/div>\n","protected":false},"excerpt":{"rendered":"<p>Voile : Quel hijab porter avec une abaya ? Pour s&rsquo;habiller de mani\u00e8re \u00e9l\u00e9gante et pudique, l&rsquo;abaya est la robe id\u00e9ale pour la femme musulmane. Plusieurs \u00e9l\u00e9ments entrent en compte pour savoir comment porter une abaya. Parmi eux, le choix du voile. Alors, quel hijab porter avec une abaya ? L&rsquo;abaya, une tenue moderne L&rsquo;abaya&#8230;<\/p>\n<p><a class=\"more-link\" href=\"https:\/\/neyssa-shop.com\/blog\/quel-hijab-porter-avec-une-abaya\/\">En <em>savoir<\/em> plus<\/a><\/p>\n","protected":false},"author":11,"featured_media":4921,"parent":0,"menu_order":0,"comment_status":"open","ping_status":"closed","template":"","meta":{"_genesis_hide_title":false,"_genesis_hide_breadcrumbs":false,"_genesis_hide_singular_image":false,"_genesis_hide_footer_widgets":false,"_genesis_custom_body_class":"","_genesis_custom_post_class":"","_genesis_layout":"","footnotes":""},"class_list":{"0":"post-4346","1":"page","2":"type-page","3":"status-publish","4":"has-post-thumbnail","6":"entry"},"yoast_head":"<!-- This site is optimized with the Yoast SEO plugin v26.8 - https:\/\/yoast.com\/product\/yoast-seo-wordpress\/ -->\n<title>Quel hijab porter avec une abaya ?<\/title>\n<meta name=\"description\" content=\"L&#039;abaya est une robe traditionnelle port\u00e9e g\u00e9n\u00e9ralement par les femmes musulmanes. Dans ce cas, quel hijab porter avec une abaya ?\" \/>\n<meta name=\"robots\" content=\"index, follow, max-snippet:-1, max-image-preview:large, max-video-preview:-1\" \/>\n<link rel=\"canonical\" href=\"https:\/\/neyssa-shop.com\/blog\/quel-hijab-porter-avec-une-abaya\/\" \/>\n<meta property=\"og:locale\" content=\"fr_FR\" \/>\n<meta property=\"og:type\" content=\"article\" \/>\n<meta property=\"og:title\" content=\"Quel hijab porter avec une abaya ?\" \/>\n<meta property=\"og:description\" content=\"L&#039;abaya est une robe traditionnelle port\u00e9e g\u00e9n\u00e9ralement par les femmes musulmanes. Dans ce cas, quel hijab porter avec une abaya ?\" \/>\n<meta property=\"og:url\" content=\"https:\/\/neyssa-shop.com\/blog\/quel-hijab-porter-avec-une-abaya\/\" \/>\n<meta property=\"og:site_name\" content=\"Neyssa le blog\" \/>\n<meta property=\"article:publisher\" content=\"https:\/\/www.facebook.com\/neyssashop\/\" \/>\n<meta property=\"article:modified_time\" content=\"2022-05-31T12:11:35+00:00\" \/>\n<meta property=\"og:image\" content=\"https:\/\/neyssa-shop.com\/blog\/wp-content\/uploads\/2022\/05\/banniere2.jpg\" \/>\n\t<meta property=\"og:image:width\" content=\"1920\" \/>\n\t<meta property=\"og:image:height\" content=\"689\" \/>\n\t<meta property=\"og:image:type\" content=\"image\/jpeg\" \/>\n<meta name=\"twitter:card\" content=\"summary_large_image\" \/>\n<meta name=\"twitter:site\" content=\"@neyssashop\" \/>\n<meta name=\"twitter:label1\" content=\"Dur\u00e9e de lecture estim\u00e9e\" \/>\n\t<meta name=\"twitter:data1\" content=\"4 minutes\" \/>\n<script type=\"application\/ld+json\" class=\"yoast-schema-graph\">{\"@context\":\"https:\/\/schema.org\",\"@graph\":[{\"@type\":\"WebPage\",\"@id\":\"https:\/\/neyssa-shop.com\/blog\/quel-hijab-porter-avec-une-abaya\/\",\"url\":\"https:\/\/neyssa-shop.com\/blog\/quel-hijab-porter-avec-une-abaya\/\",\"name\":\"Quel hijab porter avec une abaya ?\",\"isPartOf\":{\"@id\":\"https:\/\/neyssa-shop.com\/blog\/#website\"},\"primaryImageOfPage\":{\"@id\":\"https:\/\/neyssa-shop.com\/blog\/quel-hijab-porter-avec-une-abaya\/#primaryimage\"},\"image\":{\"@id\":\"https:\/\/neyssa-shop.com\/blog\/quel-hijab-porter-avec-une-abaya\/#primaryimage\"},\"thumbnailUrl\":\"https:\/\/neyssa-shop.com\/blog\/wp-content\/uploads\/2022\/05\/banniere2.jpg\",\"datePublished\":\"2022-01-13T08:38:52+00:00\",\"dateModified\":\"2022-05-31T12:11:35+00:00\",\"description\":\"L'abaya est une robe traditionnelle port\u00e9e g\u00e9n\u00e9ralement par les femmes musulmanes. Dans ce cas, quel hijab porter avec une abaya ?\",\"breadcrumb\":{\"@id\":\"https:\/\/neyssa-shop.com\/blog\/quel-hijab-porter-avec-une-abaya\/#breadcrumb\"},\"inLanguage\":\"fr-FR\",\"potentialAction\":[{\"@type\":\"ReadAction\",\"target\":[\"https:\/\/neyssa-shop.com\/blog\/quel-hijab-porter-avec-une-abaya\/\"]}]},{\"@type\":\"ImageObject\",\"inLanguage\":\"fr-FR\",\"@id\":\"https:\/\/neyssa-shop.com\/blog\/quel-hijab-porter-avec-une-abaya\/#primaryimage\",\"url\":\"https:\/\/neyssa-shop.com\/blog\/wp-content\/uploads\/2022\/05\/banniere2.jpg\",\"contentUrl\":\"https:\/\/neyssa-shop.com\/blog\/wp-content\/uploads\/2022\/05\/banniere2.jpg\",\"width\":1920,\"height\":689},{\"@type\":\"BreadcrumbList\",\"@id\":\"https:\/\/neyssa-shop.com\/blog\/quel-hijab-porter-avec-une-abaya\/#breadcrumb\",\"itemListElement\":[{\"@type\":\"ListItem\",\"position\":1,\"name\":\"Accueil\",\"item\":\"https:\/\/neyssa-shop.com\/blog\/\"},{\"@type\":\"ListItem\",\"position\":2,\"name\":\"Quel hijab porter avec une abaya ?\"}]},{\"@type\":\"WebSite\",\"@id\":\"https:\/\/neyssa-shop.com\/blog\/#website\",\"url\":\"https:\/\/neyssa-shop.com\/blog\/\",\"name\":\"Neyssa le blog\",\"description\":\"Un blog d\u00e9di\u00e9 \u00e0 la femme musulmane\",\"publisher\":{\"@id\":\"https:\/\/neyssa-shop.com\/blog\/#organization\"},\"potentialAction\":[{\"@type\":\"SearchAction\",\"target\":{\"@type\":\"EntryPoint\",\"urlTemplate\":\"https:\/\/neyssa-shop.com\/blog\/?s={search_term_string}\"},\"query-input\":{\"@type\":\"PropertyValueSpecification\",\"valueRequired\":true,\"valueName\":\"search_term_string\"}}],\"inLanguage\":\"fr-FR\"},{\"@type\":\"Organization\",\"@id\":\"https:\/\/neyssa-shop.com\/blog\/#organization\",\"name\":\"Neyssa Shop\",\"url\":\"https:\/\/neyssa-shop.com\/blog\/\",\"logo\":{\"@type\":\"ImageObject\",\"inLanguage\":\"fr-FR\",\"@id\":\"https:\/\/neyssa-shop.com\/blog\/#\/schema\/logo\/image\/\",\"url\":\"https:\/\/neyssa-shop.com\/blog\/wp-content\/uploads\/2021\/03\/neyssa-boutique-logo-1610747292.jpg\",\"contentUrl\":\"https:\/\/neyssa-shop.com\/blog\/wp-content\/uploads\/2021\/03\/neyssa-boutique-logo-1610747292.jpg\",\"width\":271,\"height\":70,\"caption\":\"Neyssa Shop\"},\"image\":{\"@id\":\"https:\/\/neyssa-shop.com\/blog\/#\/schema\/logo\/image\/\"},\"sameAs\":[\"https:\/\/www.facebook.com\/neyssashop\/\",\"https:\/\/x.com\/neyssashop\",\"https:\/\/www.instagram.com\/neyssa_shop\/\",\"https:\/\/www.pinterest.fr\/neyssa_shop\/_created\/\",\"https:\/\/www.youtube.com\/channel\/UCkQ9s8jXTLi2yVzyeugVAMg\"]}]}<\/script>\n<!-- \/ Yoast SEO plugin. -->","yoast_head_json":{"title":"Quel hijab porter avec une abaya ?","description":"L'abaya est une robe traditionnelle port\u00e9e g\u00e9n\u00e9ralement par les femmes musulmanes. Dans ce cas, quel hijab porter avec une abaya ?","robots":{"index":"index","follow":"follow","max-snippet":"max-snippet:-1","max-image-preview":"max-image-preview:large","max-video-preview":"max-video-preview:-1"},"canonical":"https:\/\/neyssa-shop.com\/blog\/quel-hijab-porter-avec-une-abaya\/","og_locale":"fr_FR","og_type":"article","og_title":"Quel hijab porter avec une abaya ?","og_description":"L'abaya est une robe traditionnelle port\u00e9e g\u00e9n\u00e9ralement par les femmes musulmanes. Dans ce cas, quel hijab porter avec une abaya ?","og_url":"https:\/\/neyssa-shop.com\/blog\/quel-hijab-porter-avec-une-abaya\/","og_site_name":"Neyssa le blog","article_publisher":"https:\/\/www.facebook.com\/neyssashop\/","article_modified_time":"2022-05-31T12:11:35+00:00","og_image":[{"width":1920,"height":689,"url":"https:\/\/neyssa-shop.com\/blog\/wp-content\/uploads\/2022\/05\/banniere2.jpg","type":"image\/jpeg"}],"twitter_card":"summary_large_image","twitter_site":"@neyssashop","twitter_misc":{"Dur\u00e9e de lecture estim\u00e9e":"4 minutes"},"schema":{"@context":"https:\/\/schema.org","@graph":[{"@type":"WebPage","@id":"https:\/\/neyssa-shop.com\/blog\/quel-hijab-porter-avec-une-abaya\/","url":"https:\/\/neyssa-shop.com\/blog\/quel-hijab-porter-avec-une-abaya\/","name":"Quel hijab porter avec une abaya ?","isPartOf":{"@id":"https:\/\/neyssa-shop.com\/blog\/#website"},"primaryImageOfPage":{"@id":"https:\/\/neyssa-shop.com\/blog\/quel-hijab-porter-avec-une-abaya\/#primaryimage"},"image":{"@id":"https:\/\/neyssa-shop.com\/blog\/quel-hijab-porter-avec-une-abaya\/#primaryimage"},"thumbnailUrl":"https:\/\/neyssa-shop.com\/blog\/wp-content\/uploads\/2022\/05\/banniere2.jpg","datePublished":"2022-01-13T08:38:52+00:00","dateModified":"2022-05-31T12:11:35+00:00","description":"L'abaya est une robe traditionnelle port\u00e9e g\u00e9n\u00e9ralement par les femmes musulmanes. Dans ce cas, quel hijab porter avec une abaya ?","breadcrumb":{"@id":"https:\/\/neyssa-shop.com\/blog\/quel-hijab-porter-avec-une-abaya\/#breadcrumb"},"inLanguage":"fr-FR","potentialAction":[{"@type":"ReadAction","target":["https:\/\/neyssa-shop.com\/blog\/quel-hijab-porter-avec-une-abaya\/"]}]},{"@type":"ImageObject","inLanguage":"fr-FR","@id":"https:\/\/neyssa-shop.com\/blog\/quel-hijab-porter-avec-une-abaya\/#primaryimage","url":"https:\/\/neyssa-shop.com\/blog\/wp-content\/uploads\/2022\/05\/banniere2.jpg","contentUrl":"https:\/\/neyssa-shop.com\/blog\/wp-content\/uploads\/2022\/05\/banniere2.jpg","width":1920,"height":689},{"@type":"BreadcrumbList","@id":"https:\/\/neyssa-shop.com\/blog\/quel-hijab-porter-avec-une-abaya\/#breadcrumb","itemListElement":[{"@type":"ListItem","position":1,"name":"Accueil","item":"https:\/\/neyssa-shop.com\/blog\/"},{"@type":"ListItem","position":2,"name":"Quel hijab porter avec une abaya ?"}]},{"@type":"WebSite","@id":"https:\/\/neyssa-shop.com\/blog\/#website","url":"https:\/\/neyssa-shop.com\/blog\/","name":"Neyssa le blog","description":"Un blog d\u00e9di\u00e9 \u00e0 la femme musulmane","publisher":{"@id":"https:\/\/neyssa-shop.com\/blog\/#organization"},"potentialAction":[{"@type":"SearchAction","target":{"@type":"EntryPoint","urlTemplate":"https:\/\/neyssa-shop.com\/blog\/?s={search_term_string}"},"query-input":{"@type":"PropertyValueSpecification","valueRequired":true,"valueName":"search_term_string"}}],"inLanguage":"fr-FR"},{"@type":"Organization","@id":"https:\/\/neyssa-shop.com\/blog\/#organization","name":"Neyssa Shop","url":"https:\/\/neyssa-shop.com\/blog\/","logo":{"@type":"ImageObject","inLanguage":"fr-FR","@id":"https:\/\/neyssa-shop.com\/blog\/#\/schema\/logo\/image\/","url":"https:\/\/neyssa-shop.com\/blog\/wp-content\/uploads\/2021\/03\/neyssa-boutique-logo-1610747292.jpg","contentUrl":"https:\/\/neyssa-shop.com\/blog\/wp-content\/uploads\/2021\/03\/neyssa-boutique-logo-1610747292.jpg","width":271,"height":70,"caption":"Neyssa Shop"},"image":{"@id":"https:\/\/neyssa-shop.com\/blog\/#\/schema\/logo\/image\/"},"sameAs":["https:\/\/www.facebook.com\/neyssashop\/","https:\/\/x.com\/neyssashop","https:\/\/www.instagram.com\/neyssa_shop\/","https:\/\/www.pinterest.fr\/neyssa_shop\/_created\/","https:\/\/www.youtube.com\/channel\/UCkQ9s8jXTLi2yVzyeugVAMg"]}]}},"_links":{"self":[{"href":"https:\/\/neyssa-shop.com\/blog\/wp-json\/wp\/v2\/pages\/4346","targetHints":{"allow":["GET"]}}],"collection":[{"href":"https:\/\/neyssa-shop.com\/blog\/wp-json\/wp\/v2\/pages"}],"about":[{"href":"https:\/\/neyssa-shop.com\/blog\/wp-json\/wp\/v2\/types\/page"}],"author":[{"embeddable":true,"href":"https:\/\/neyssa-shop.com\/blog\/wp-json\/wp\/v2\/users\/11"}],"replies":[{"embeddable":true,"href":"https:\/\/neyssa-shop.com\/blog\/wp-json\/wp\/v2\/comments?post=4346"}],"version-history":[{"count":3,"href":"https:\/\/neyssa-shop.com\/blog\/wp-json\/wp\/v2\/pages\/4346\/revisions"}],"predecessor-version":[{"id":4924,"href":"https:\/\/neyssa-shop.com\/blog\/wp-json\/wp\/v2\/pages\/4346\/revisions\/4924"}],"wp:featuredmedia":[{"embeddable":true,"href":"https:\/\/neyssa-shop.com\/blog\/wp-json\/wp\/v2\/media\/4921"}],"wp:attachment":[{"href":"https:\/\/neyssa-shop.com\/blog\/wp-json\/wp\/v2\/media?parent=4346"}],"curies":[{"name":"wp","href":"https:\/\/api.w.org\/{rel}","templated":true}]}}