{"id":4344,"date":"2022-01-13T09:38:52","date_gmt":"2022-01-13T08:38:52","guid":{"rendered":"https:\/\/neyssa-shop.com\/blog\/?page_id=4344"},"modified":"2022-06-01T11:36:54","modified_gmt":"2022-06-01T09:36:54","slug":"quelle-ceinture-choisir-pour-sa-abaya","status":"publish","type":"page","link":"https:\/\/neyssa-shop.com\/blog\/quelle-ceinture-choisir-pour-sa-abaya\/","title":{"rendered":"Quelle ceinture choisir pour sa abaya ?"},"content":{"rendered":"\n<div id=\"ez-toc-container\" class=\"ez-toc-v2_0_72 counter-hierarchy ez-toc-counter ez-toc-grey ez-toc-container-direction\">\n<label for=\"ez-toc-cssicon-toggle-item-69d7f3fe29b80\" class=\"ez-toc-cssicon-toggle-label\"><span class=\"\"><span class=\"eztoc-hide\" style=\"display:none;\">Toggle<\/span><span class=\"ez-toc-icon-toggle-span\"><svg style=\"fill: #999;color:#999\" xmlns=\"http:\/\/www.w3.org\/2000\/svg\" class=\"list-377408\" width=\"20px\" height=\"20px\" viewBox=\"0 0 24 24\" fill=\"none\"><path d=\"M6 6H4v2h2V6zm14 0H8v2h12V6zM4 11h2v2H4v-2zm16 0H8v2h12v-2zM4 16h2v2H4v-2zm16 0H8v2h12v-2z\" fill=\"currentColor\"><\/path><\/svg><svg style=\"fill: #999;color:#999\" class=\"arrow-unsorted-368013\" xmlns=\"http:\/\/www.w3.org\/2000\/svg\" width=\"10px\" height=\"10px\" viewBox=\"0 0 24 24\" version=\"1.2\" baseProfile=\"tiny\"><path d=\"M18.2 9.3l-6.2-6.3-6.2 6.3c-.2.2-.3.4-.3.7s.1.5.3.7c.2.2.4.3.7.3h11c.3 0 .5-.1.7-.3.2-.2.3-.5.3-.7s-.1-.5-.3-.7zM5.8 14.7l6.2 6.3 6.2-6.3c.2-.2.3-.5.3-.7s-.1-.5-.3-.7c-.2-.2-.4-.3-.7-.3h-11c-.3 0-.5.1-.7.3-.2.2-.3.5-.3.7s.1.5.3.7z\"\/><\/svg><\/span><\/span><\/label><input type=\"checkbox\"  id=\"ez-toc-cssicon-toggle-item-69d7f3fe29b80\"  aria-label=\"Toggle\" \/><nav><ul class='ez-toc-list ez-toc-list-level-1 ' ><li class='ez-toc-page-1 ez-toc-heading-level-1'><a class=\"ez-toc-link ez-toc-heading-1\" href=\"https:\/\/neyssa-shop.com\/blog\/quelle-ceinture-choisir-pour-sa-abaya\/#Accessoires_Quelle_ceinture_choisir_pour_sa_abaya\" title=\"Accessoires : Quelle ceinture choisir pour sa abaya ?\">Accessoires : Quelle ceinture choisir pour sa abaya ?<\/a><ul class='ez-toc-list-level-2' ><li class='ez-toc-heading-level-2'><a class=\"ez-toc-link ez-toc-heading-2\" href=\"https:\/\/neyssa-shop.com\/blog\/quelle-ceinture-choisir-pour-sa-abaya\/#Labaya_la_robe_de_Dubai\" title=\"L&rsquo;abaya : la robe de Duba\u00ef\">L&rsquo;abaya : la robe de Duba\u00ef<\/a><\/li><li class='ez-toc-page-1 ez-toc-heading-level-2'><a class=\"ez-toc-link ez-toc-heading-3\" href=\"https:\/\/neyssa-shop.com\/blog\/quelle-ceinture-choisir-pour-sa-abaya\/#Un_vetement_chic_et_tendance\" title=\"Un v\u00eatement chic et tendance\">Un v\u00eatement chic et tendance<\/a><\/li><li class='ez-toc-page-1 ez-toc-heading-level-2'><a class=\"ez-toc-link ez-toc-heading-4\" href=\"https:\/\/neyssa-shop.com\/blog\/quelle-ceinture-choisir-pour-sa-abaya\/#Un_accessoire_mode_la_ceinture\" title=\"Un accessoire mode : la ceinture\">Un accessoire mode : la ceinture<\/a><ul class='ez-toc-list-level-3' ><li class='ez-toc-heading-level-3'><a class=\"ez-toc-link ez-toc-heading-5\" href=\"https:\/\/neyssa-shop.com\/blog\/quelle-ceinture-choisir-pour-sa-abaya\/#La_ceinture_pour_abaya_en_tissu\" title=\"La ceinture pour abaya en tissu\">La ceinture pour abaya en tissu<\/a><\/li><li class='ez-toc-page-1 ez-toc-heading-level-3'><a class=\"ez-toc-link ez-toc-heading-6\" href=\"https:\/\/neyssa-shop.com\/blog\/quelle-ceinture-choisir-pour-sa-abaya\/#Une_ceinture_en_cuir_pour_un_rendu_chic\" title=\"Une ceinture en cuir pour un rendu chic\">Une ceinture en cuir pour un rendu chic<\/a><\/li><li class='ez-toc-page-1 ez-toc-heading-level-3'><a class=\"ez-toc-link ez-toc-heading-7\" href=\"https:\/\/neyssa-shop.com\/blog\/quelle-ceinture-choisir-pour-sa-abaya\/#La_ceinture_cordon_pour_abaya\" title=\"La ceinture cordon pour abaya\">La ceinture cordon pour abaya<\/a><\/li><\/ul><\/li><\/ul><\/li><\/ul><\/nav><\/div>\n<h1 class=\"wp-block-heading\"><span class=\"ez-toc-section\" id=\"Accessoires_Quelle_ceinture_choisir_pour_sa_abaya\"><\/span>Accessoires : Quelle ceinture choisir pour sa abaya ?<span class=\"ez-toc-section-end\"><\/span><\/h1>\n\n\n\n<figure class=\"wp-block-image size-large\"><img fetchpriority=\"high\" decoding=\"async\" width=\"1024\" height=\"367\" src=\"https:\/\/neyssa-shop.com\/blog\/wp-content\/uploads\/2022\/06\/elegance-1024x367.jpg\" alt=\"\" class=\"wp-image-4970\" srcset=\"https:\/\/neyssa-shop.com\/blog\/wp-content\/uploads\/2022\/06\/elegance-1024x367.jpg 1024w, https:\/\/neyssa-shop.com\/blog\/wp-content\/uploads\/2022\/06\/elegance-300x108.jpg 300w, https:\/\/neyssa-shop.com\/blog\/wp-content\/uploads\/2022\/06\/elegance-768x276.jpg 768w, https:\/\/neyssa-shop.com\/blog\/wp-content\/uploads\/2022\/06\/elegance-1536x551.jpg 1536w, https:\/\/neyssa-shop.com\/blog\/wp-content\/uploads\/2022\/06\/elegance-750x269.jpg 750w, https:\/\/neyssa-shop.com\/blog\/wp-content\/uploads\/2022\/06\/elegance.jpg 1920w\" sizes=\"(max-width: 1024px) 100vw, 1024px\" \/><\/figure>\n\n\n\n<p>L&rsquo;abaya est une robe pour femme pouvant \u00eatre port\u00e9e de diff\u00e9rentes mani\u00e8res. Alors, <a href=\"https:\/\/neyssa-shop.com\/blog\/comment-porter-une-abaya\">comment porter une abaya ?<\/a> Avec quels accessoires ? Parmi eux figure la ceinture. Non obligatoire avec cette robe, elle permet n\u00e9anmoins d&rsquo;apporter un autre style \u00e0 la tenue. Alors, <strong>quelle ceinture choisir pour sa abaya ?<\/strong><\/p>\n\n\n\n<h2 class=\"wp-block-heading\"><span class=\"ez-toc-section\" id=\"Labaya_la_robe_de_Dubai\"><\/span>L&rsquo;abaya : la robe de Duba\u00ef<span class=\"ez-toc-section-end\"><\/span><\/h2>\n\n\n\n<p>L&rsquo;abaya est une robe traditionnelle devenue <strong>la tenue par excellence de la femme musulmane. <\/strong>Tr\u00e8s r\u00e9pandu au Emirats et notamment \u00e0 Duba\u00ef, ce v\u00eatement a su s&rsquo;imposer comme un incontournable de la garde-robe des femmes musulmanes. L&rsquo;abaya propose divers choix en termes de taille, de couleur, de tissu ou de look.<\/p>\n\n\n\n<h2 class=\"wp-block-heading\"><span class=\"ez-toc-section\" id=\"Un_vetement_chic_et_tendance\"><\/span>Un v\u00eatement chic et tendance<span class=\"ez-toc-section-end\"><\/span><\/h2>\n\n\n\n<p>L&rsquo;abaya \u00e9tant d\u00e9clin\u00e9e sous diff\u00e9rents styles, elle est devenue un v\u00eatement \u00e0 la mode. Il existe diff\u00e9rents mod\u00e8les d&rsquo;abayas. Certaines robes pr\u00e9sentent des manches kimono, des manches ajust\u00e9es, une coupe papillon ou une coupe droite, une longueur maxi ou plus courte, etc. Selon le look souhait\u00e9,<strong> les femmes peuvent s&rsquo;habiller d&rsquo;une abaya en l&rsquo;accompagnant d&rsquo;un accessoire. <\/strong>Bijoux, ceintures, sacs, lunettes, la liste est longue et permet \u00e0 chacune de choisir l&rsquo;accessoire qui lui convient. Parmi eux, la ceinture, qui permet \u00e0 elle seule de modifier le look de la tenue.<\/p>\n\n\n\n<h2 class=\"wp-block-heading\"><span class=\"ez-toc-section\" id=\"Un_accessoire_mode_la_ceinture\"><\/span>Un accessoire mode : la ceinture<span class=\"ez-toc-section-end\"><\/span><\/h2>\n\n\n\n<p>Parmi les accessoires qui peuvent accompagner l&rsquo;abaya, on note la ceinture. Parfois fournie avec la robe, <strong>la ceinture permet de dessiner la silhouette et de marquer la taille<\/strong>. On retrouve ce style dans une autre robe : le caftan. Une robe ceintur\u00e9e g\u00e9n\u00e9ralement port\u00e9e lors d&rsquo;\u00e9v\u00e8nements festifs. Il existe un large choix de ceinture pouvant \u00eatre associ\u00e9e \u00e0 l&rsquo;abaya. L&rsquo;essentiel \u00e9tant que chaque femme connaisse sa morphologie afin de porter une ceinture adapt\u00e9e \u00e0 la forme de son corps.<\/p>\n\n\n\n<div class=\"wp-block-media-text alignwide is-stacked-on-mobile\"><figure class=\"wp-block-media-text__media\"><img decoding=\"async\" width=\"683\" height=\"1024\" src=\"https:\/\/neyssa-shop.com\/blog\/wp-content\/uploads\/2022\/06\/abaya-ceinture-683x1024.jpg\" alt=\"\" class=\"wp-image-4972 size-full\" srcset=\"https:\/\/neyssa-shop.com\/blog\/wp-content\/uploads\/2022\/06\/abaya-ceinture-683x1024.jpg 683w, https:\/\/neyssa-shop.com\/blog\/wp-content\/uploads\/2022\/06\/abaya-ceinture-200x300.jpg 200w, https:\/\/neyssa-shop.com\/blog\/wp-content\/uploads\/2022\/06\/abaya-ceinture-768x1152.jpg 768w, https:\/\/neyssa-shop.com\/blog\/wp-content\/uploads\/2022\/06\/abaya-ceinture-1024x1536.jpg 1024w, https:\/\/neyssa-shop.com\/blog\/wp-content\/uploads\/2022\/06\/abaya-ceinture-1365x2048.jpg 1365w, https:\/\/neyssa-shop.com\/blog\/wp-content\/uploads\/2022\/06\/abaya-ceinture-750x1125.jpg 750w, https:\/\/neyssa-shop.com\/blog\/wp-content\/uploads\/2022\/06\/abaya-ceinture.jpg 1600w\" sizes=\"(max-width: 683px) 100vw, 683px\" \/><\/figure><div class=\"wp-block-media-text__content\">\n<h3 class=\"wp-block-heading\"><span class=\"ez-toc-section\" id=\"La_ceinture_pour_abaya_en_tissu\"><\/span>La ceinture pour abaya en tissu<span class=\"ez-toc-section-end\"><\/span><\/h3>\n\n\n\n<p>Lorsque la ceinture est fournie avec l&rsquo;abaya, elle est g\u00e9n\u00e9ralement de la m\u00eame mati\u00e8re que la robe. Il s&rsquo;agit tr\u00e8s souvent d&rsquo;une ceinture en tissu. Elle est de la m\u00eame couleur que la robe et permet de porter une tenue compl\u00e8te et accord\u00e9e. <strong>L&rsquo;avantage de la ceinture en tissu est qu&rsquo;elle se noue facilement<\/strong>, peu importe le tour de taille, elle s&rsquo;ajuste aux formes du corps. L&rsquo;abaya peut donc \u00eatre port\u00e9e avec ou sans la ceinture qui est fournie, selon l&rsquo;effet souhait\u00e9.<\/p>\n\n\n\n<h3 class=\"wp-block-heading\"><span class=\"ez-toc-section\" id=\"Une_ceinture_en_cuir_pour_un_rendu_chic\"><\/span>Une ceinture en cuir pour un rendu chic<span class=\"ez-toc-section-end\"><\/span><\/h3>\n\n\n\n<p>L&rsquo;abaya en cuir est tr\u00e8s rare. Faire le choix de porter une ceinture en cuir sur une abaya d&rsquo;un autre tissu permet d&rsquo;apporter un look tendance. Ce d\u00e9calage de mati\u00e8re <strong>donne du caract\u00e8re \u00e0 la tenue compl\u00e8te.<\/strong> Il est n\u00e9cessaire de trouver la couleur adapt\u00e9e afin d&rsquo;obtenir une tenue coordonn\u00e9e. La qualit\u00e9 qu&rsquo;offre le cuir permet d&rsquo;apporter le c\u00f4t\u00e9 chic \u00e0 la tenue.<\/p>\n<\/div><\/div>\n\n\n\n<h3 class=\"wp-block-heading\"><span class=\"ez-toc-section\" id=\"La_ceinture_cordon_pour_abaya\"><\/span>La ceinture cordon pour abaya<span class=\"ez-toc-section-end\"><\/span><\/h3>\n\n\n\n<p>Autre ceinture tr\u00e8s pratique et tendance : la ceinture cordon. Elle permet de marquer la taille et ainsi de <strong>dessiner sa silhouette \u00e0 l&rsquo;aide d&rsquo;une ceinture tr\u00e8s fine et discr\u00e8te.<\/strong> Cette ceinture peut s&rsquo;acheter seule et a l&rsquo;avantage de s&rsquo;adapter \u00e0 toutes les morphologies.<\/p>\n\n\n\n<p>Ces autres pages peuvent vous int\u00e9resser :<\/p>\n\n\n\n<p><a href=\"https:\/\/neyssa-shop.com\/blog\/que-porter-sous-la-abaya\">&nbsp;<\/a><\/p>\n\n\n\n<div class=\"wp-block-columns is-layout-flex wp-container-core-columns-is-layout-1 wp-block-columns-is-layout-flex\">\n<div class=\"wp-block-column is-layout-flow wp-block-column-is-layout-flow\" style=\"flex-basis:25%\">\n<figure class=\"wp-block-embed is-type-wp-embed is-provider-neyssa-le-blog wp-block-embed-neyssa-le-blog\"><div class=\"wp-block-embed__wrapper\">\n<blockquote class=\"wp-embedded-content\" data-secret=\"CqbWe9vkcu\"><a href=\"https:\/\/neyssa-shop.com\/blog\/que-porter-sous-la-abaya\/\">Que porter sous la abaya ?<\/a><\/blockquote><iframe class=\"wp-embedded-content\" sandbox=\"allow-scripts\" security=\"restricted\" style=\"position: absolute; clip: rect(1px, 1px, 1px, 1px);\" title=\"\u00ab\u00a0Que porter sous la abaya ?\u00a0\u00bb &#8212; Neyssa le blog\" src=\"https:\/\/neyssa-shop.com\/blog\/que-porter-sous-la-abaya\/embed\/#?secret=CqbWe9vkcu\" data-secret=\"CqbWe9vkcu\" width=\"600\" height=\"338\" frameborder=\"0\" marginwidth=\"0\" marginheight=\"0\" scrolling=\"no\"><\/iframe>\n<\/div><\/figure>\n<\/div>\n\n\n\n<div class=\"wp-block-column is-layout-flow wp-block-column-is-layout-flow\" style=\"flex-basis:50%\">\n<figure class=\"wp-block-embed is-type-wp-embed is-provider-neyssa-le-blog wp-block-embed-neyssa-le-blog\"><div class=\"wp-block-embed__wrapper\">\n<blockquote class=\"wp-embedded-content\" data-secret=\"DhFDjcQssz\"><a href=\"https:\/\/neyssa-shop.com\/blog\/quel-sac-choisir-avec-une-abaya\/\">Quel sac choisir avec une abaya ?<\/a><\/blockquote><iframe class=\"wp-embedded-content\" sandbox=\"allow-scripts\" security=\"restricted\" style=\"position: absolute; clip: rect(1px, 1px, 1px, 1px);\" title=\"\u00ab\u00a0Quel sac choisir avec une abaya ?\u00a0\u00bb &#8212; Neyssa le blog\" src=\"https:\/\/neyssa-shop.com\/blog\/quel-sac-choisir-avec-une-abaya\/embed\/#?secret=DhFDjcQssz\" data-secret=\"DhFDjcQssz\" width=\"600\" height=\"338\" frameborder=\"0\" marginwidth=\"0\" marginheight=\"0\" scrolling=\"no\"><\/iframe>\n<\/div><\/figure>\n<\/div>\n\n\n\n<div class=\"wp-block-column is-layout-flow wp-block-column-is-layout-flow\" style=\"flex-basis:25%\">\n<figure class=\"wp-block-embed is-type-wp-embed is-provider-neyssa-le-blog wp-block-embed-neyssa-le-blog\"><div class=\"wp-block-embed__wrapper\">\n<blockquote class=\"wp-embedded-content\" data-secret=\"qBgz7saW8W\"><a href=\"https:\/\/neyssa-shop.com\/blog\/quel-hijab-porter-avec-une-abaya\/\">Quel hijab porter avec une abaya ?<\/a><\/blockquote><iframe class=\"wp-embedded-content\" sandbox=\"allow-scripts\" security=\"restricted\" style=\"position: absolute; clip: rect(1px, 1px, 1px, 1px);\" title=\"\u00ab\u00a0Quel hijab porter avec une abaya ?\u00a0\u00bb &#8212; Neyssa le blog\" src=\"https:\/\/neyssa-shop.com\/blog\/quel-hijab-porter-avec-une-abaya\/embed\/#?secret=qBgz7saW8W\" data-secret=\"qBgz7saW8W\" width=\"600\" height=\"338\" frameborder=\"0\" marginwidth=\"0\" marginheight=\"0\" scrolling=\"no\"><\/iframe>\n<\/div><\/figure>\n<\/div>\n<\/div>\n","protected":false},"excerpt":{"rendered":"<p>Accessoires : Quelle ceinture choisir pour sa abaya ? L&rsquo;abaya est une robe pour femme pouvant \u00eatre port\u00e9e de diff\u00e9rentes mani\u00e8res. Alors, comment porter une abaya ? Avec quels accessoires ? Parmi eux figure la ceinture. Non obligatoire avec cette robe, elle permet n\u00e9anmoins d&rsquo;apporter un autre style \u00e0 la tenue. Alors, quelle ceinture choisir&#8230;<\/p>\n<p><a class=\"more-link\" href=\"https:\/\/neyssa-shop.com\/blog\/quelle-ceinture-choisir-pour-sa-abaya\/\">En <em>savoir<\/em> plus<\/a><\/p>\n","protected":false},"author":11,"featured_media":4970,"parent":0,"menu_order":0,"comment_status":"open","ping_status":"closed","template":"","meta":{"_genesis_hide_title":false,"_genesis_hide_breadcrumbs":false,"_genesis_hide_singular_image":false,"_genesis_hide_footer_widgets":false,"_genesis_custom_body_class":"","_genesis_custom_post_class":"","_genesis_layout":"","footnotes":""},"class_list":{"0":"post-4344","1":"page","2":"type-page","3":"status-publish","4":"has-post-thumbnail","6":"entry"},"yoast_head":"<!-- This site is optimized with the Yoast SEO plugin v26.8 - https:\/\/yoast.com\/product\/yoast-seo-wordpress\/ -->\n<title>Quelle ceinture choisir pour sa abaya ?<\/title>\n<meta name=\"description\" content=\"Les accessoires pouvant \u00eatre associ\u00e9s avec l&#039;abaya sont nombreux. Parmi eux, la ceinture. Reste \u00e0 savoir quelle ceinture choisir pour sa abaya ?\" \/>\n<meta name=\"robots\" content=\"index, follow, max-snippet:-1, max-image-preview:large, max-video-preview:-1\" \/>\n<link rel=\"canonical\" href=\"https:\/\/neyssa-shop.com\/blog\/quelle-ceinture-choisir-pour-sa-abaya\/\" \/>\n<meta property=\"og:locale\" content=\"fr_FR\" \/>\n<meta property=\"og:type\" content=\"article\" \/>\n<meta property=\"og:title\" content=\"Quelle ceinture choisir pour sa abaya ?\" \/>\n<meta property=\"og:description\" content=\"Les accessoires pouvant \u00eatre associ\u00e9s avec l&#039;abaya sont nombreux. Parmi eux, la ceinture. Reste \u00e0 savoir quelle ceinture choisir pour sa abaya ?\" \/>\n<meta property=\"og:url\" content=\"https:\/\/neyssa-shop.com\/blog\/quelle-ceinture-choisir-pour-sa-abaya\/\" \/>\n<meta property=\"og:site_name\" content=\"Neyssa le blog\" \/>\n<meta property=\"article:publisher\" content=\"https:\/\/www.facebook.com\/neyssashop\/\" \/>\n<meta property=\"article:modified_time\" content=\"2022-06-01T09:36:54+00:00\" \/>\n<meta property=\"og:image\" content=\"https:\/\/neyssa-shop.com\/blog\/wp-content\/uploads\/2022\/06\/elegance.jpg\" \/>\n\t<meta property=\"og:image:width\" content=\"1920\" \/>\n\t<meta property=\"og:image:height\" content=\"689\" \/>\n\t<meta property=\"og:image:type\" content=\"image\/jpeg\" \/>\n<meta name=\"twitter:card\" content=\"summary_large_image\" \/>\n<meta name=\"twitter:site\" content=\"@neyssashop\" \/>\n<meta name=\"twitter:label1\" content=\"Dur\u00e9e de lecture estim\u00e9e\" \/>\n\t<meta name=\"twitter:data1\" content=\"3 minutes\" \/>\n<script type=\"application\/ld+json\" class=\"yoast-schema-graph\">{\"@context\":\"https:\/\/schema.org\",\"@graph\":[{\"@type\":\"WebPage\",\"@id\":\"https:\/\/neyssa-shop.com\/blog\/quelle-ceinture-choisir-pour-sa-abaya\/\",\"url\":\"https:\/\/neyssa-shop.com\/blog\/quelle-ceinture-choisir-pour-sa-abaya\/\",\"name\":\"Quelle ceinture choisir pour sa abaya ?\",\"isPartOf\":{\"@id\":\"https:\/\/neyssa-shop.com\/blog\/#website\"},\"primaryImageOfPage\":{\"@id\":\"https:\/\/neyssa-shop.com\/blog\/quelle-ceinture-choisir-pour-sa-abaya\/#primaryimage\"},\"image\":{\"@id\":\"https:\/\/neyssa-shop.com\/blog\/quelle-ceinture-choisir-pour-sa-abaya\/#primaryimage\"},\"thumbnailUrl\":\"https:\/\/neyssa-shop.com\/blog\/wp-content\/uploads\/2022\/06\/elegance.jpg\",\"datePublished\":\"2022-01-13T08:38:52+00:00\",\"dateModified\":\"2022-06-01T09:36:54+00:00\",\"description\":\"Les accessoires pouvant \u00eatre associ\u00e9s avec l'abaya sont nombreux. Parmi eux, la ceinture. Reste \u00e0 savoir quelle ceinture choisir pour sa abaya ?\",\"breadcrumb\":{\"@id\":\"https:\/\/neyssa-shop.com\/blog\/quelle-ceinture-choisir-pour-sa-abaya\/#breadcrumb\"},\"inLanguage\":\"fr-FR\",\"potentialAction\":[{\"@type\":\"ReadAction\",\"target\":[\"https:\/\/neyssa-shop.com\/blog\/quelle-ceinture-choisir-pour-sa-abaya\/\"]}]},{\"@type\":\"ImageObject\",\"inLanguage\":\"fr-FR\",\"@id\":\"https:\/\/neyssa-shop.com\/blog\/quelle-ceinture-choisir-pour-sa-abaya\/#primaryimage\",\"url\":\"https:\/\/neyssa-shop.com\/blog\/wp-content\/uploads\/2022\/06\/elegance.jpg\",\"contentUrl\":\"https:\/\/neyssa-shop.com\/blog\/wp-content\/uploads\/2022\/06\/elegance.jpg\",\"width\":1920,\"height\":689},{\"@type\":\"BreadcrumbList\",\"@id\":\"https:\/\/neyssa-shop.com\/blog\/quelle-ceinture-choisir-pour-sa-abaya\/#breadcrumb\",\"itemListElement\":[{\"@type\":\"ListItem\",\"position\":1,\"name\":\"Accueil\",\"item\":\"https:\/\/neyssa-shop.com\/blog\/\"},{\"@type\":\"ListItem\",\"position\":2,\"name\":\"Quelle ceinture choisir pour sa abaya ?\"}]},{\"@type\":\"WebSite\",\"@id\":\"https:\/\/neyssa-shop.com\/blog\/#website\",\"url\":\"https:\/\/neyssa-shop.com\/blog\/\",\"name\":\"Neyssa le blog\",\"description\":\"Un blog d\u00e9di\u00e9 \u00e0 la femme musulmane\",\"publisher\":{\"@id\":\"https:\/\/neyssa-shop.com\/blog\/#organization\"},\"potentialAction\":[{\"@type\":\"SearchAction\",\"target\":{\"@type\":\"EntryPoint\",\"urlTemplate\":\"https:\/\/neyssa-shop.com\/blog\/?s={search_term_string}\"},\"query-input\":{\"@type\":\"PropertyValueSpecification\",\"valueRequired\":true,\"valueName\":\"search_term_string\"}}],\"inLanguage\":\"fr-FR\"},{\"@type\":\"Organization\",\"@id\":\"https:\/\/neyssa-shop.com\/blog\/#organization\",\"name\":\"Neyssa Shop\",\"url\":\"https:\/\/neyssa-shop.com\/blog\/\",\"logo\":{\"@type\":\"ImageObject\",\"inLanguage\":\"fr-FR\",\"@id\":\"https:\/\/neyssa-shop.com\/blog\/#\/schema\/logo\/image\/\",\"url\":\"https:\/\/neyssa-shop.com\/blog\/wp-content\/uploads\/2021\/03\/neyssa-boutique-logo-1610747292.jpg\",\"contentUrl\":\"https:\/\/neyssa-shop.com\/blog\/wp-content\/uploads\/2021\/03\/neyssa-boutique-logo-1610747292.jpg\",\"width\":271,\"height\":70,\"caption\":\"Neyssa Shop\"},\"image\":{\"@id\":\"https:\/\/neyssa-shop.com\/blog\/#\/schema\/logo\/image\/\"},\"sameAs\":[\"https:\/\/www.facebook.com\/neyssashop\/\",\"https:\/\/x.com\/neyssashop\",\"https:\/\/www.instagram.com\/neyssa_shop\/\",\"https:\/\/www.pinterest.fr\/neyssa_shop\/_created\/\",\"https:\/\/www.youtube.com\/channel\/UCkQ9s8jXTLi2yVzyeugVAMg\"]}]}<\/script>\n<!-- \/ Yoast SEO plugin. -->","yoast_head_json":{"title":"Quelle ceinture choisir pour sa abaya ?","description":"Les accessoires pouvant \u00eatre associ\u00e9s avec l'abaya sont nombreux. Parmi eux, la ceinture. Reste \u00e0 savoir quelle ceinture choisir pour sa abaya ?","robots":{"index":"index","follow":"follow","max-snippet":"max-snippet:-1","max-image-preview":"max-image-preview:large","max-video-preview":"max-video-preview:-1"},"canonical":"https:\/\/neyssa-shop.com\/blog\/quelle-ceinture-choisir-pour-sa-abaya\/","og_locale":"fr_FR","og_type":"article","og_title":"Quelle ceinture choisir pour sa abaya ?","og_description":"Les accessoires pouvant \u00eatre associ\u00e9s avec l'abaya sont nombreux. Parmi eux, la ceinture. Reste \u00e0 savoir quelle ceinture choisir pour sa abaya ?","og_url":"https:\/\/neyssa-shop.com\/blog\/quelle-ceinture-choisir-pour-sa-abaya\/","og_site_name":"Neyssa le blog","article_publisher":"https:\/\/www.facebook.com\/neyssashop\/","article_modified_time":"2022-06-01T09:36:54+00:00","og_image":[{"width":1920,"height":689,"url":"https:\/\/neyssa-shop.com\/blog\/wp-content\/uploads\/2022\/06\/elegance.jpg","type":"image\/jpeg"}],"twitter_card":"summary_large_image","twitter_site":"@neyssashop","twitter_misc":{"Dur\u00e9e de lecture estim\u00e9e":"3 minutes"},"schema":{"@context":"https:\/\/schema.org","@graph":[{"@type":"WebPage","@id":"https:\/\/neyssa-shop.com\/blog\/quelle-ceinture-choisir-pour-sa-abaya\/","url":"https:\/\/neyssa-shop.com\/blog\/quelle-ceinture-choisir-pour-sa-abaya\/","name":"Quelle ceinture choisir pour sa abaya ?","isPartOf":{"@id":"https:\/\/neyssa-shop.com\/blog\/#website"},"primaryImageOfPage":{"@id":"https:\/\/neyssa-shop.com\/blog\/quelle-ceinture-choisir-pour-sa-abaya\/#primaryimage"},"image":{"@id":"https:\/\/neyssa-shop.com\/blog\/quelle-ceinture-choisir-pour-sa-abaya\/#primaryimage"},"thumbnailUrl":"https:\/\/neyssa-shop.com\/blog\/wp-content\/uploads\/2022\/06\/elegance.jpg","datePublished":"2022-01-13T08:38:52+00:00","dateModified":"2022-06-01T09:36:54+00:00","description":"Les accessoires pouvant \u00eatre associ\u00e9s avec l'abaya sont nombreux. Parmi eux, la ceinture. Reste \u00e0 savoir quelle ceinture choisir pour sa abaya ?","breadcrumb":{"@id":"https:\/\/neyssa-shop.com\/blog\/quelle-ceinture-choisir-pour-sa-abaya\/#breadcrumb"},"inLanguage":"fr-FR","potentialAction":[{"@type":"ReadAction","target":["https:\/\/neyssa-shop.com\/blog\/quelle-ceinture-choisir-pour-sa-abaya\/"]}]},{"@type":"ImageObject","inLanguage":"fr-FR","@id":"https:\/\/neyssa-shop.com\/blog\/quelle-ceinture-choisir-pour-sa-abaya\/#primaryimage","url":"https:\/\/neyssa-shop.com\/blog\/wp-content\/uploads\/2022\/06\/elegance.jpg","contentUrl":"https:\/\/neyssa-shop.com\/blog\/wp-content\/uploads\/2022\/06\/elegance.jpg","width":1920,"height":689},{"@type":"BreadcrumbList","@id":"https:\/\/neyssa-shop.com\/blog\/quelle-ceinture-choisir-pour-sa-abaya\/#breadcrumb","itemListElement":[{"@type":"ListItem","position":1,"name":"Accueil","item":"https:\/\/neyssa-shop.com\/blog\/"},{"@type":"ListItem","position":2,"name":"Quelle ceinture choisir pour sa abaya ?"}]},{"@type":"WebSite","@id":"https:\/\/neyssa-shop.com\/blog\/#website","url":"https:\/\/neyssa-shop.com\/blog\/","name":"Neyssa le blog","description":"Un blog d\u00e9di\u00e9 \u00e0 la femme musulmane","publisher":{"@id":"https:\/\/neyssa-shop.com\/blog\/#organization"},"potentialAction":[{"@type":"SearchAction","target":{"@type":"EntryPoint","urlTemplate":"https:\/\/neyssa-shop.com\/blog\/?s={search_term_string}"},"query-input":{"@type":"PropertyValueSpecification","valueRequired":true,"valueName":"search_term_string"}}],"inLanguage":"fr-FR"},{"@type":"Organization","@id":"https:\/\/neyssa-shop.com\/blog\/#organization","name":"Neyssa Shop","url":"https:\/\/neyssa-shop.com\/blog\/","logo":{"@type":"ImageObject","inLanguage":"fr-FR","@id":"https:\/\/neyssa-shop.com\/blog\/#\/schema\/logo\/image\/","url":"https:\/\/neyssa-shop.com\/blog\/wp-content\/uploads\/2021\/03\/neyssa-boutique-logo-1610747292.jpg","contentUrl":"https:\/\/neyssa-shop.com\/blog\/wp-content\/uploads\/2021\/03\/neyssa-boutique-logo-1610747292.jpg","width":271,"height":70,"caption":"Neyssa Shop"},"image":{"@id":"https:\/\/neyssa-shop.com\/blog\/#\/schema\/logo\/image\/"},"sameAs":["https:\/\/www.facebook.com\/neyssashop\/","https:\/\/x.com\/neyssashop","https:\/\/www.instagram.com\/neyssa_shop\/","https:\/\/www.pinterest.fr\/neyssa_shop\/_created\/","https:\/\/www.youtube.com\/channel\/UCkQ9s8jXTLi2yVzyeugVAMg"]}]}},"_links":{"self":[{"href":"https:\/\/neyssa-shop.com\/blog\/wp-json\/wp\/v2\/pages\/4344","targetHints":{"allow":["GET"]}}],"collection":[{"href":"https:\/\/neyssa-shop.com\/blog\/wp-json\/wp\/v2\/pages"}],"about":[{"href":"https:\/\/neyssa-shop.com\/blog\/wp-json\/wp\/v2\/types\/page"}],"author":[{"embeddable":true,"href":"https:\/\/neyssa-shop.com\/blog\/wp-json\/wp\/v2\/users\/11"}],"replies":[{"embeddable":true,"href":"https:\/\/neyssa-shop.com\/blog\/wp-json\/wp\/v2\/comments?post=4344"}],"version-history":[{"count":5,"href":"https:\/\/neyssa-shop.com\/blog\/wp-json\/wp\/v2\/pages\/4344\/revisions"}],"predecessor-version":[{"id":4976,"href":"https:\/\/neyssa-shop.com\/blog\/wp-json\/wp\/v2\/pages\/4344\/revisions\/4976"}],"wp:featuredmedia":[{"embeddable":true,"href":"https:\/\/neyssa-shop.com\/blog\/wp-json\/wp\/v2\/media\/4970"}],"wp:attachment":[{"href":"https:\/\/neyssa-shop.com\/blog\/wp-json\/wp\/v2\/media?parent=4344"}],"curies":[{"name":"wp","href":"https:\/\/api.w.org\/{rel}","templated":true}]}}