{"id":4342,"date":"2022-01-13T09:38:52","date_gmt":"2022-01-13T08:38:52","guid":{"rendered":"https:\/\/neyssa-shop.com\/blog\/?page_id=4342"},"modified":"2022-05-31T14:35:57","modified_gmt":"2022-05-31T12:35:57","slug":"quel-sac-choisir-avec-une-abaya","status":"publish","type":"page","link":"https:\/\/neyssa-shop.com\/blog\/quel-sac-choisir-avec-une-abaya\/","title":{"rendered":"Quel sac choisir avec une abaya ?"},"content":{"rendered":"\n<div id=\"ez-toc-container\" class=\"ez-toc-v2_0_72 counter-hierarchy ez-toc-counter ez-toc-grey ez-toc-container-direction\">\n<label for=\"ez-toc-cssicon-toggle-item-69d7f3fe9aa1e\" class=\"ez-toc-cssicon-toggle-label\"><span class=\"\"><span class=\"eztoc-hide\" style=\"display:none;\">Toggle<\/span><span class=\"ez-toc-icon-toggle-span\"><svg style=\"fill: #999;color:#999\" xmlns=\"http:\/\/www.w3.org\/2000\/svg\" class=\"list-377408\" width=\"20px\" height=\"20px\" viewBox=\"0 0 24 24\" fill=\"none\"><path d=\"M6 6H4v2h2V6zm14 0H8v2h12V6zM4 11h2v2H4v-2zm16 0H8v2h12v-2zM4 16h2v2H4v-2zm16 0H8v2h12v-2z\" fill=\"currentColor\"><\/path><\/svg><svg style=\"fill: #999;color:#999\" class=\"arrow-unsorted-368013\" xmlns=\"http:\/\/www.w3.org\/2000\/svg\" width=\"10px\" height=\"10px\" viewBox=\"0 0 24 24\" version=\"1.2\" baseProfile=\"tiny\"><path d=\"M18.2 9.3l-6.2-6.3-6.2 6.3c-.2.2-.3.4-.3.7s.1.5.3.7c.2.2.4.3.7.3h11c.3 0 .5-.1.7-.3.2-.2.3-.5.3-.7s-.1-.5-.3-.7zM5.8 14.7l6.2 6.3 6.2-6.3c.2-.2.3-.5.3-.7s-.1-.5-.3-.7c-.2-.2-.4-.3-.7-.3h-11c-.3 0-.5.1-.7.3-.2.2-.3.5-.3.7s.1.5.3.7z\"\/><\/svg><\/span><\/span><\/label><input type=\"checkbox\"  id=\"ez-toc-cssicon-toggle-item-69d7f3fe9aa1e\"  aria-label=\"Toggle\" \/><nav><ul class='ez-toc-list ez-toc-list-level-1 ' ><li class='ez-toc-page-1 ez-toc-heading-level-1'><a class=\"ez-toc-link ez-toc-heading-1\" href=\"https:\/\/neyssa-shop.com\/blog\/quel-sac-choisir-avec-une-abaya\/#Decouvrez_quel_sac_choisir_avec_une_abaya_pour_une_tenue_stylee_en_toutes_circonstances\" title=\"D\u00e9couvrez quel sac choisir avec une abaya pour une tenue styl\u00e9e en toutes circonstances\">D\u00e9couvrez quel sac choisir avec une abaya pour une tenue styl\u00e9e en toutes circonstances<\/a><ul class='ez-toc-list-level-2' ><li class='ez-toc-heading-level-2'><a class=\"ez-toc-link ez-toc-heading-2\" href=\"https:\/\/neyssa-shop.com\/blog\/quel-sac-choisir-avec-une-abaya\/#Quels_accessoires_choisir_avec_labaya\" title=\"Quels accessoires choisir avec l&rsquo;abaya ?\">Quels accessoires choisir avec l&rsquo;abaya ?<\/a><\/li><li class='ez-toc-page-1 ez-toc-heading-level-2'><a class=\"ez-toc-link ez-toc-heading-3\" href=\"https:\/\/neyssa-shop.com\/blog\/quel-sac-choisir-avec-une-abaya\/#Le_sac_Laccessoire_mode_pour_les_femmes_par_excellence\" title=\"Le sac : L\u2019accessoire mode pour les femmes par excellence\">Le sac : L\u2019accessoire mode pour les femmes par excellence<\/a><\/li><li class='ez-toc-page-1 ez-toc-heading-level-2'><a class=\"ez-toc-link ez-toc-heading-4\" href=\"https:\/\/neyssa-shop.com\/blog\/quel-sac-choisir-avec-une-abaya\/#Comment_choisir_son_sac_selon_sa_robe\" title=\"Comment choisir son sac selon sa robe ?\">Comment choisir son sac selon sa robe ?<\/a><ul class='ez-toc-list-level-3' ><li class='ez-toc-heading-level-3'><a class=\"ez-toc-link ez-toc-heading-5\" href=\"https:\/\/neyssa-shop.com\/blog\/quel-sac-choisir-avec-une-abaya\/#Le_sac_bandouliere\" title=\"Le sac bandouli\u00e8re\">Le sac bandouli\u00e8re<\/a><\/li><li class='ez-toc-page-1 ez-toc-heading-level-3'><a class=\"ez-toc-link ez-toc-heading-6\" href=\"https:\/\/neyssa-shop.com\/blog\/quel-sac-choisir-avec-une-abaya\/#Le_sac_porte_a_lepaule\" title=\"Le sac port\u00e9 \u00e0 l&rsquo;\u00e9paule\">Le sac port\u00e9 \u00e0 l&rsquo;\u00e9paule<\/a><\/li><li class='ez-toc-page-1 ez-toc-heading-level-3'><a class=\"ez-toc-link ez-toc-heading-7\" href=\"https:\/\/neyssa-shop.com\/blog\/quel-sac-choisir-avec-une-abaya\/#Le_sac_cabas\" title=\"Le sac cabas\">Le sac cabas<\/a><\/li><li class='ez-toc-page-1 ez-toc-heading-level-3'><a class=\"ez-toc-link ez-toc-heading-8\" href=\"https:\/\/neyssa-shop.com\/blog\/quel-sac-choisir-avec-une-abaya\/#La_pochette\" title=\"La pochette\">La pochette<\/a><\/li><li class='ez-toc-page-1 ez-toc-heading-level-3'><a class=\"ez-toc-link ez-toc-heading-9\" href=\"https:\/\/neyssa-shop.com\/blog\/quel-sac-choisir-avec-une-abaya\/#Le_sac_a_dos\" title=\"Le sac \u00e0 dos\">Le sac \u00e0 dos<\/a><\/li><\/ul><\/li><\/ul><\/li><\/ul><\/nav><\/div>\n<h1 class=\"wp-block-heading\"><span class=\"ez-toc-section\" id=\"Decouvrez_quel_sac_choisir_avec_une_abaya_pour_une_tenue_stylee_en_toutes_circonstances\"><\/span>D\u00e9couvrez quel sac choisir avec une abaya pour une tenue styl\u00e9e en toutes circonstances<span class=\"ez-toc-section-end\"><\/span><\/h1>\n\n\n\n<figure class=\"wp-block-image size-large is-resized\"><img fetchpriority=\"high\" decoding=\"async\" src=\"https:\/\/neyssa-shop.com\/blog\/wp-content\/uploads\/2022\/02\/1-1-1024x367.jpg\" alt=\"\" class=\"wp-image-4659\" width=\"839\" height=\"301\" srcset=\"https:\/\/neyssa-shop.com\/blog\/wp-content\/uploads\/2022\/02\/1-1-1024x367.jpg 1024w, https:\/\/neyssa-shop.com\/blog\/wp-content\/uploads\/2022\/02\/1-1-300x108.jpg 300w, https:\/\/neyssa-shop.com\/blog\/wp-content\/uploads\/2022\/02\/1-1-768x276.jpg 768w, https:\/\/neyssa-shop.com\/blog\/wp-content\/uploads\/2022\/02\/1-1-1536x551.jpg 1536w, https:\/\/neyssa-shop.com\/blog\/wp-content\/uploads\/2022\/02\/1-1-750x269.jpg 750w, https:\/\/neyssa-shop.com\/blog\/wp-content\/uploads\/2022\/02\/1-1.jpg 1920w\" sizes=\"(max-width: 839px) 100vw, 839px\" \/><\/figure>\n\n\n\n<p>L&rsquo;abaya est un v\u00eatement qui peut se porter avec divers accessoires. Pour parfaire sa tenue, il est int\u00e9ressant de savoir exactement <a href=\"https:\/\/neyssa-shop.com\/blog\/comment-porter-une-abaya\">comment porter une abaya ?<\/a> Quels accessoires peuvent accompagner cette robe ? Et parmi eux, <strong>quel sac choisir avec une abaya ?<\/strong><\/p>\n\n\n\n<h2 class=\"wp-block-heading\"><span class=\"ez-toc-section\" id=\"Quels_accessoires_choisir_avec_labaya\"><\/span>Quels accessoires choisir avec l&rsquo;abaya ?<span class=\"ez-toc-section-end\"><\/span><\/h2>\n\n\n\n<p>L&rsquo;abaya est une robe \u00e9l\u00e9gante. Elle peut \u00eatre de diff\u00e9rentes couleurs, unie ou avec des motifs. Elle se porte avec ou sans hijab selon les femmes. C&rsquo;est une tenue qui peut \u00eatre tr\u00e8s simple si sa couleur est unie et son style classique. L&rsquo;abaya peut aussi \u00eatre une robe sophistiqu\u00e9e, \u00e0 l&rsquo;image d&rsquo;un caftan, une robe traditionnelle tr\u00e8s travaill\u00e9e. <strong>Quel que soit son style, l&rsquo;abaya peut \u00eatre port\u00e9e avec divers accessoires <\/strong>comme un sac, des bijoux, une ceinture, des lunettes de soleil ou encore une broche.<\/p>\n\n\n\n<h2 class=\"wp-block-heading\"><span class=\"ez-toc-section\" id=\"Le_sac_Laccessoire_mode_pour_les_femmes_par_excellence\"><\/span>Le sac : L\u2019accessoire mode pour les femmes par excellence<span class=\"ez-toc-section-end\"><\/span><\/h2>\n\n\n\n<p>Le sac est l&rsquo;un des accessoires indispensables pour les femmes. Au quotidien ou pour un \u00e9v\u00e8nement sp\u00e9cial, le sac a une place essentielle dans une tenue. Il permet d&rsquo;ajouter <strong>une touche mode et branch\u00e9e<\/strong>. Le choix de sa couleur, de  taille et de son style d\u00e9pend de plusieurs crit\u00e8res.<\/p>\n\n\n\n<h2 class=\"wp-block-heading\"><span class=\"ez-toc-section\" id=\"Comment_choisir_son_sac_selon_sa_robe\"><\/span>Comment choisir son sac selon sa robe ?<span class=\"ez-toc-section-end\"><\/span><\/h2>\n\n\n\n<p>Il existe <strong>diff\u00e9rents styles d&rsquo;abayas<\/strong>. Certaines ont des manches papillon, d&rsquo;autres ont les manches resserr\u00e9es. Certaines de ces robes ont une coupe droite, d&rsquo;autres sont amples et ont une coupe papillon (le mod\u00e8le phare de la robe de Duba\u00ef). Chacune de ces abayas ne peut pas \u00eatre accompagn\u00e9e du m\u00eame style de sac.<\/p>\n\n\n\n<div class=\"wp-block-media-text alignwide is-stacked-on-mobile\" style=\"grid-template-columns:62% auto\"><figure class=\"wp-block-media-text__media\"><img decoding=\"async\" width=\"667\" height=\"1000\" src=\"https:\/\/neyssa-shop.com\/blog\/wp-content\/uploads\/2022\/05\/sac.jpg\" alt=\"\" class=\"wp-image-4928 size-full\" srcset=\"https:\/\/neyssa-shop.com\/blog\/wp-content\/uploads\/2022\/05\/sac.jpg 667w, https:\/\/neyssa-shop.com\/blog\/wp-content\/uploads\/2022\/05\/sac-200x300.jpg 200w\" sizes=\"(max-width: 667px) 100vw, 667px\" \/><\/figure><div class=\"wp-block-media-text__content\">\n<p><\/p>\n\n\n\n<h3 class=\"wp-block-heading\"><span class=\"ez-toc-section\" id=\"Le_sac_bandouliere\"><\/span>Le sac bandouli\u00e8re<span class=\"ez-toc-section-end\"><\/span><\/h3>\n\n\n\n<p>Le sac bandouli\u00e8re a l&rsquo;avantage de <strong>s&rsquo;adapter avec tous les styles d&rsquo;abayas<\/strong>. Sa longue anse permet de s&rsquo;adapter \u00e0 toutes les coupes. C&rsquo;est un sac appr\u00e9ci\u00e9 particuli\u00e8rement avec l&rsquo;abaya papillon qui n&rsquo;a pas beaucoup d&rsquo;autres choix en termes de sac. Pour tous les jours ou pour un \u00e9v\u00e8nement, ce style de sac est le bienvenu.<\/p>\n\n\n\n<h3 class=\"wp-block-heading\"><span class=\"ez-toc-section\" id=\"Le_sac_porte_a_lepaule\"><\/span>Le sac port\u00e9 \u00e0 l&rsquo;\u00e9paule<span class=\"ez-toc-section-end\"><\/span><\/h3>\n\n\n\n<p>Le sac port\u00e9 \u00e0 l&rsquo;\u00e9paule est <strong>un ind\u00e9modable<\/strong>. Associ\u00e9 \u00e0 une abaya, il convient uniquement aux abayas aux coupes droite et ajust\u00e9e. Le sac port\u00e9 \u00e0 l&rsquo;\u00e9paule associ\u00e9 aux abayas aux manches amples et \u00e0 la coupe papillon ne met pas en valeur la robe et a tendance \u00e0 la remonter, donnant un rendu disgracieux \u00e0 la tenue. C&rsquo;est un sac que l&rsquo;on privil\u00e9gie pour le quotidien et qu&rsquo;on \u00e9vite avec une abaya de soir\u00e9e.<\/p>\n\n\n\n<h3 class=\"wp-block-heading\"><span class=\"ez-toc-section\" id=\"Le_sac_cabas\"><\/span>Le sac cabas<span class=\"ez-toc-section-end\"><\/span><\/h3>\n\n\n\n<p>Le sac cabas est un sac de tous les jours. Il poss\u00e8de une grande anse. Gr\u00e2ce \u00e0 cela il peut \u00eatre port\u00e9 avec toutes les coupes d&rsquo;abayas. On l&rsquo;utilise cependant pour <strong>une tenue du quotidien<\/strong> et on l&rsquo;\u00e9vite pour un \u00e9v\u00e8nement festif.<\/p>\n\n\n\n<p><\/p>\n\n\n\n<p><\/p>\n<\/div><\/div>\n\n\n\n<hr class=\"wp-block-separator has-text-color has-background has-white-background-color has-white-color\"\/>\n\n\n\n<h3 class=\"wp-block-heading\"><span class=\"ez-toc-section\" id=\"La_pochette\"><\/span>La pochette<span class=\"ez-toc-section-end\"><\/span><\/h3>\n\n\n\n<p>La pochette, simple ou sophistiqu\u00e9e, s&rsquo;associe avec toutes les abayas. C&rsquo;est le style de la pochette qui d\u00e9termine si elle se porte au quotidien ou pour une occasion sp\u00e9ciale. <strong>Pratique et souvent l\u00e9g\u00e8re<\/strong>, elle est \u00e9l\u00e9gante et se peut se porter en toutes circonstances.<\/p>\n\n\n\n<h3 class=\"wp-block-heading\"><span class=\"ez-toc-section\" id=\"Le_sac_a_dos\"><\/span>Le sac \u00e0 dos<span class=\"ez-toc-section-end\"><\/span><\/h3>\n\n\n\n<p>Le sac \u00e0 dos est un sac de nouveau \u00e0 la mode, rempla\u00e7ant pour certaines le sac \u00e0 main de tous les jours. Il est \u00e0 la fois tendance et pratique. Il convient cependant uniquement aux abayas \u00e0 manches droites et \u00e0 la coupe ajust\u00e9e. Une abaya ample ou une robe papillon ne pourront pas \u00eatre port\u00e9es avec un sac \u00e0 dos.<\/p>\n\n\n\n<p>Ces pages peuvent \u00e9galement vous int\u00e9resser :<\/p>\n\n\n\n<div class=\"wp-block-columns is-layout-flex wp-container-core-columns-is-layout-1 wp-block-columns-is-layout-flex\">\n<div class=\"wp-block-column is-layout-flow wp-block-column-is-layout-flow\" style=\"flex-basis:66.66%\">\n<figure class=\"wp-block-embed is-type-wp-embed is-provider-neyssa-le-blog wp-block-embed-neyssa-le-blog\"><div class=\"wp-block-embed__wrapper\">\n<blockquote class=\"wp-embedded-content\" data-secret=\"B9mIQ5YOSb\"><a href=\"https:\/\/neyssa-shop.com\/blog\/quel-hijab-porter-avec-une-abaya\/\">Quel hijab porter avec une abaya ?<\/a><\/blockquote><iframe class=\"wp-embedded-content\" sandbox=\"allow-scripts\" security=\"restricted\" style=\"position: absolute; clip: rect(1px, 1px, 1px, 1px);\" title=\"\u00ab\u00a0Quel hijab porter avec une abaya ?\u00a0\u00bb &#8212; Neyssa le blog\" src=\"https:\/\/neyssa-shop.com\/blog\/quel-hijab-porter-avec-une-abaya\/embed\/#?secret=B9mIQ5YOSb\" data-secret=\"B9mIQ5YOSb\" width=\"600\" height=\"338\" frameborder=\"0\" marginwidth=\"0\" marginheight=\"0\" scrolling=\"no\"><\/iframe>\n<\/div><\/figure>\n<\/div>\n\n\n\n<div class=\"wp-block-column is-layout-flow wp-block-column-is-layout-flow\" style=\"flex-basis:33.33%\">\n<figure class=\"wp-block-embed is-type-wp-embed is-provider-neyssa-le-blog wp-block-embed-neyssa-le-blog\"><div class=\"wp-block-embed__wrapper\">\n<blockquote class=\"wp-embedded-content\" data-secret=\"Ghu9nkgBFL\"><a href=\"https:\/\/neyssa-shop.com\/blog\/que-porter-sous-la-abaya\/\">Que porter sous la abaya ?<\/a><\/blockquote><iframe class=\"wp-embedded-content\" sandbox=\"allow-scripts\" security=\"restricted\" style=\"position: absolute; clip: rect(1px, 1px, 1px, 1px);\" title=\"\u00ab\u00a0Que porter sous la abaya ?\u00a0\u00bb &#8212; Neyssa le blog\" src=\"https:\/\/neyssa-shop.com\/blog\/que-porter-sous-la-abaya\/embed\/#?secret=Ghu9nkgBFL\" data-secret=\"Ghu9nkgBFL\" width=\"600\" height=\"338\" frameborder=\"0\" marginwidth=\"0\" marginheight=\"0\" scrolling=\"no\"><\/iframe>\n<\/div><\/figure>\n<\/div>\n<\/div>\n","protected":false},"excerpt":{"rendered":"<p>D\u00e9couvrez quel sac choisir avec une abaya pour une tenue styl\u00e9e en toutes circonstances L&rsquo;abaya est un v\u00eatement qui peut se porter avec divers accessoires. Pour parfaire sa tenue, il est int\u00e9ressant de savoir exactement comment porter une abaya ? Quels accessoires peuvent accompagner cette robe ? Et parmi eux, quel sac choisir avec une&#8230;<\/p>\n<p><a class=\"more-link\" href=\"https:\/\/neyssa-shop.com\/blog\/quel-sac-choisir-avec-une-abaya\/\">En <em>savoir<\/em> plus<\/a><\/p>\n","protected":false},"author":11,"featured_media":4937,"parent":0,"menu_order":0,"comment_status":"open","ping_status":"closed","template":"","meta":{"_genesis_hide_title":false,"_genesis_hide_breadcrumbs":false,"_genesis_hide_singular_image":false,"_genesis_hide_footer_widgets":false,"_genesis_custom_body_class":"","_genesis_custom_post_class":"","_genesis_layout":"","footnotes":""},"class_list":{"0":"post-4342","1":"page","2":"type-page","3":"status-publish","4":"has-post-thumbnail","6":"entry"},"yoast_head":"<!-- This site is optimized with the Yoast SEO plugin v26.8 - https:\/\/yoast.com\/product\/yoast-seo-wordpress\/ -->\n<title>Quel sac choisir avec une abaya ?<\/title>\n<meta name=\"description\" content=\"Parmi les accessoires que l&#039;on peut porter avec l&#039;abaya, on note le sac. D\u00e9couvrez quel sac choisir avec une abaya ?\" \/>\n<meta name=\"robots\" content=\"index, follow, max-snippet:-1, max-image-preview:large, max-video-preview:-1\" \/>\n<link rel=\"canonical\" href=\"https:\/\/neyssa-shop.com\/blog\/quel-sac-choisir-avec-une-abaya\/\" \/>\n<meta property=\"og:locale\" content=\"fr_FR\" \/>\n<meta property=\"og:type\" content=\"article\" \/>\n<meta property=\"og:title\" content=\"Quel sac choisir avec une abaya ?\" \/>\n<meta property=\"og:description\" content=\"Parmi les accessoires que l&#039;on peut porter avec l&#039;abaya, on note le sac. D\u00e9couvrez quel sac choisir avec une abaya ?\" \/>\n<meta property=\"og:url\" content=\"https:\/\/neyssa-shop.com\/blog\/quel-sac-choisir-avec-une-abaya\/\" \/>\n<meta property=\"og:site_name\" content=\"Neyssa le blog\" \/>\n<meta property=\"article:publisher\" content=\"https:\/\/www.facebook.com\/neyssashop\/\" \/>\n<meta property=\"article:modified_time\" content=\"2022-05-31T12:35:57+00:00\" \/>\n<meta property=\"og:image\" content=\"https:\/\/neyssa-shop.com\/blog\/wp-content\/uploads\/2022\/05\/Sans-titre-35.jpg\" \/>\n\t<meta property=\"og:image:width\" content=\"1920\" \/>\n\t<meta property=\"og:image:height\" content=\"689\" \/>\n\t<meta property=\"og:image:type\" content=\"image\/jpeg\" \/>\n<meta name=\"twitter:card\" content=\"summary_large_image\" \/>\n<meta name=\"twitter:site\" content=\"@neyssashop\" \/>\n<meta name=\"twitter:label1\" content=\"Dur\u00e9e de lecture estim\u00e9e\" \/>\n\t<meta name=\"twitter:data1\" content=\"4 minutes\" \/>\n<script type=\"application\/ld+json\" class=\"yoast-schema-graph\">{\"@context\":\"https:\/\/schema.org\",\"@graph\":[{\"@type\":\"WebPage\",\"@id\":\"https:\/\/neyssa-shop.com\/blog\/quel-sac-choisir-avec-une-abaya\/\",\"url\":\"https:\/\/neyssa-shop.com\/blog\/quel-sac-choisir-avec-une-abaya\/\",\"name\":\"Quel sac choisir avec une abaya ?\",\"isPartOf\":{\"@id\":\"https:\/\/neyssa-shop.com\/blog\/#website\"},\"primaryImageOfPage\":{\"@id\":\"https:\/\/neyssa-shop.com\/blog\/quel-sac-choisir-avec-une-abaya\/#primaryimage\"},\"image\":{\"@id\":\"https:\/\/neyssa-shop.com\/blog\/quel-sac-choisir-avec-une-abaya\/#primaryimage\"},\"thumbnailUrl\":\"https:\/\/neyssa-shop.com\/blog\/wp-content\/uploads\/2022\/05\/Sans-titre-35.jpg\",\"datePublished\":\"2022-01-13T08:38:52+00:00\",\"dateModified\":\"2022-05-31T12:35:57+00:00\",\"description\":\"Parmi les accessoires que l'on peut porter avec l'abaya, on note le sac. D\u00e9couvrez quel sac choisir avec une abaya ?\",\"breadcrumb\":{\"@id\":\"https:\/\/neyssa-shop.com\/blog\/quel-sac-choisir-avec-une-abaya\/#breadcrumb\"},\"inLanguage\":\"fr-FR\",\"potentialAction\":[{\"@type\":\"ReadAction\",\"target\":[\"https:\/\/neyssa-shop.com\/blog\/quel-sac-choisir-avec-une-abaya\/\"]}]},{\"@type\":\"ImageObject\",\"inLanguage\":\"fr-FR\",\"@id\":\"https:\/\/neyssa-shop.com\/blog\/quel-sac-choisir-avec-une-abaya\/#primaryimage\",\"url\":\"https:\/\/neyssa-shop.com\/blog\/wp-content\/uploads\/2022\/05\/Sans-titre-35.jpg\",\"contentUrl\":\"https:\/\/neyssa-shop.com\/blog\/wp-content\/uploads\/2022\/05\/Sans-titre-35.jpg\",\"width\":1920,\"height\":689},{\"@type\":\"BreadcrumbList\",\"@id\":\"https:\/\/neyssa-shop.com\/blog\/quel-sac-choisir-avec-une-abaya\/#breadcrumb\",\"itemListElement\":[{\"@type\":\"ListItem\",\"position\":1,\"name\":\"Accueil\",\"item\":\"https:\/\/neyssa-shop.com\/blog\/\"},{\"@type\":\"ListItem\",\"position\":2,\"name\":\"Quel sac choisir avec une abaya ?\"}]},{\"@type\":\"WebSite\",\"@id\":\"https:\/\/neyssa-shop.com\/blog\/#website\",\"url\":\"https:\/\/neyssa-shop.com\/blog\/\",\"name\":\"Neyssa le blog\",\"description\":\"Un blog d\u00e9di\u00e9 \u00e0 la femme musulmane\",\"publisher\":{\"@id\":\"https:\/\/neyssa-shop.com\/blog\/#organization\"},\"potentialAction\":[{\"@type\":\"SearchAction\",\"target\":{\"@type\":\"EntryPoint\",\"urlTemplate\":\"https:\/\/neyssa-shop.com\/blog\/?s={search_term_string}\"},\"query-input\":{\"@type\":\"PropertyValueSpecification\",\"valueRequired\":true,\"valueName\":\"search_term_string\"}}],\"inLanguage\":\"fr-FR\"},{\"@type\":\"Organization\",\"@id\":\"https:\/\/neyssa-shop.com\/blog\/#organization\",\"name\":\"Neyssa Shop\",\"url\":\"https:\/\/neyssa-shop.com\/blog\/\",\"logo\":{\"@type\":\"ImageObject\",\"inLanguage\":\"fr-FR\",\"@id\":\"https:\/\/neyssa-shop.com\/blog\/#\/schema\/logo\/image\/\",\"url\":\"https:\/\/neyssa-shop.com\/blog\/wp-content\/uploads\/2021\/03\/neyssa-boutique-logo-1610747292.jpg\",\"contentUrl\":\"https:\/\/neyssa-shop.com\/blog\/wp-content\/uploads\/2021\/03\/neyssa-boutique-logo-1610747292.jpg\",\"width\":271,\"height\":70,\"caption\":\"Neyssa Shop\"},\"image\":{\"@id\":\"https:\/\/neyssa-shop.com\/blog\/#\/schema\/logo\/image\/\"},\"sameAs\":[\"https:\/\/www.facebook.com\/neyssashop\/\",\"https:\/\/x.com\/neyssashop\",\"https:\/\/www.instagram.com\/neyssa_shop\/\",\"https:\/\/www.pinterest.fr\/neyssa_shop\/_created\/\",\"https:\/\/www.youtube.com\/channel\/UCkQ9s8jXTLi2yVzyeugVAMg\"]}]}<\/script>\n<!-- \/ Yoast SEO plugin. -->","yoast_head_json":{"title":"Quel sac choisir avec une abaya ?","description":"Parmi les accessoires que l'on peut porter avec l'abaya, on note le sac. D\u00e9couvrez quel sac choisir avec une abaya ?","robots":{"index":"index","follow":"follow","max-snippet":"max-snippet:-1","max-image-preview":"max-image-preview:large","max-video-preview":"max-video-preview:-1"},"canonical":"https:\/\/neyssa-shop.com\/blog\/quel-sac-choisir-avec-une-abaya\/","og_locale":"fr_FR","og_type":"article","og_title":"Quel sac choisir avec une abaya ?","og_description":"Parmi les accessoires que l'on peut porter avec l'abaya, on note le sac. D\u00e9couvrez quel sac choisir avec une abaya ?","og_url":"https:\/\/neyssa-shop.com\/blog\/quel-sac-choisir-avec-une-abaya\/","og_site_name":"Neyssa le blog","article_publisher":"https:\/\/www.facebook.com\/neyssashop\/","article_modified_time":"2022-05-31T12:35:57+00:00","og_image":[{"width":1920,"height":689,"url":"https:\/\/neyssa-shop.com\/blog\/wp-content\/uploads\/2022\/05\/Sans-titre-35.jpg","type":"image\/jpeg"}],"twitter_card":"summary_large_image","twitter_site":"@neyssashop","twitter_misc":{"Dur\u00e9e de lecture estim\u00e9e":"4 minutes"},"schema":{"@context":"https:\/\/schema.org","@graph":[{"@type":"WebPage","@id":"https:\/\/neyssa-shop.com\/blog\/quel-sac-choisir-avec-une-abaya\/","url":"https:\/\/neyssa-shop.com\/blog\/quel-sac-choisir-avec-une-abaya\/","name":"Quel sac choisir avec une abaya ?","isPartOf":{"@id":"https:\/\/neyssa-shop.com\/blog\/#website"},"primaryImageOfPage":{"@id":"https:\/\/neyssa-shop.com\/blog\/quel-sac-choisir-avec-une-abaya\/#primaryimage"},"image":{"@id":"https:\/\/neyssa-shop.com\/blog\/quel-sac-choisir-avec-une-abaya\/#primaryimage"},"thumbnailUrl":"https:\/\/neyssa-shop.com\/blog\/wp-content\/uploads\/2022\/05\/Sans-titre-35.jpg","datePublished":"2022-01-13T08:38:52+00:00","dateModified":"2022-05-31T12:35:57+00:00","description":"Parmi les accessoires que l'on peut porter avec l'abaya, on note le sac. D\u00e9couvrez quel sac choisir avec une abaya ?","breadcrumb":{"@id":"https:\/\/neyssa-shop.com\/blog\/quel-sac-choisir-avec-une-abaya\/#breadcrumb"},"inLanguage":"fr-FR","potentialAction":[{"@type":"ReadAction","target":["https:\/\/neyssa-shop.com\/blog\/quel-sac-choisir-avec-une-abaya\/"]}]},{"@type":"ImageObject","inLanguage":"fr-FR","@id":"https:\/\/neyssa-shop.com\/blog\/quel-sac-choisir-avec-une-abaya\/#primaryimage","url":"https:\/\/neyssa-shop.com\/blog\/wp-content\/uploads\/2022\/05\/Sans-titre-35.jpg","contentUrl":"https:\/\/neyssa-shop.com\/blog\/wp-content\/uploads\/2022\/05\/Sans-titre-35.jpg","width":1920,"height":689},{"@type":"BreadcrumbList","@id":"https:\/\/neyssa-shop.com\/blog\/quel-sac-choisir-avec-une-abaya\/#breadcrumb","itemListElement":[{"@type":"ListItem","position":1,"name":"Accueil","item":"https:\/\/neyssa-shop.com\/blog\/"},{"@type":"ListItem","position":2,"name":"Quel sac choisir avec une abaya ?"}]},{"@type":"WebSite","@id":"https:\/\/neyssa-shop.com\/blog\/#website","url":"https:\/\/neyssa-shop.com\/blog\/","name":"Neyssa le blog","description":"Un blog d\u00e9di\u00e9 \u00e0 la femme musulmane","publisher":{"@id":"https:\/\/neyssa-shop.com\/blog\/#organization"},"potentialAction":[{"@type":"SearchAction","target":{"@type":"EntryPoint","urlTemplate":"https:\/\/neyssa-shop.com\/blog\/?s={search_term_string}"},"query-input":{"@type":"PropertyValueSpecification","valueRequired":true,"valueName":"search_term_string"}}],"inLanguage":"fr-FR"},{"@type":"Organization","@id":"https:\/\/neyssa-shop.com\/blog\/#organization","name":"Neyssa Shop","url":"https:\/\/neyssa-shop.com\/blog\/","logo":{"@type":"ImageObject","inLanguage":"fr-FR","@id":"https:\/\/neyssa-shop.com\/blog\/#\/schema\/logo\/image\/","url":"https:\/\/neyssa-shop.com\/blog\/wp-content\/uploads\/2021\/03\/neyssa-boutique-logo-1610747292.jpg","contentUrl":"https:\/\/neyssa-shop.com\/blog\/wp-content\/uploads\/2021\/03\/neyssa-boutique-logo-1610747292.jpg","width":271,"height":70,"caption":"Neyssa Shop"},"image":{"@id":"https:\/\/neyssa-shop.com\/blog\/#\/schema\/logo\/image\/"},"sameAs":["https:\/\/www.facebook.com\/neyssashop\/","https:\/\/x.com\/neyssashop","https:\/\/www.instagram.com\/neyssa_shop\/","https:\/\/www.pinterest.fr\/neyssa_shop\/_created\/","https:\/\/www.youtube.com\/channel\/UCkQ9s8jXTLi2yVzyeugVAMg"]}]}},"_links":{"self":[{"href":"https:\/\/neyssa-shop.com\/blog\/wp-json\/wp\/v2\/pages\/4342","targetHints":{"allow":["GET"]}}],"collection":[{"href":"https:\/\/neyssa-shop.com\/blog\/wp-json\/wp\/v2\/pages"}],"about":[{"href":"https:\/\/neyssa-shop.com\/blog\/wp-json\/wp\/v2\/types\/page"}],"author":[{"embeddable":true,"href":"https:\/\/neyssa-shop.com\/blog\/wp-json\/wp\/v2\/users\/11"}],"replies":[{"embeddable":true,"href":"https:\/\/neyssa-shop.com\/blog\/wp-json\/wp\/v2\/comments?post=4342"}],"version-history":[{"count":7,"href":"https:\/\/neyssa-shop.com\/blog\/wp-json\/wp\/v2\/pages\/4342\/revisions"}],"predecessor-version":[{"id":4939,"href":"https:\/\/neyssa-shop.com\/blog\/wp-json\/wp\/v2\/pages\/4342\/revisions\/4939"}],"wp:featuredmedia":[{"embeddable":true,"href":"https:\/\/neyssa-shop.com\/blog\/wp-json\/wp\/v2\/media\/4937"}],"wp:attachment":[{"href":"https:\/\/neyssa-shop.com\/blog\/wp-json\/wp\/v2\/media?parent=4342"}],"curies":[{"name":"wp","href":"https:\/\/api.w.org\/{rel}","templated":true}]}}