{"id":4341,"date":"2022-01-13T09:38:52","date_gmt":"2022-01-13T08:38:52","guid":{"rendered":"https:\/\/neyssa-shop.com\/blog\/?page_id=4341"},"modified":"2022-05-31T14:10:42","modified_gmt":"2022-05-31T12:10:42","slug":"quel-collier-pour-quelle-abaya","status":"publish","type":"page","link":"https:\/\/neyssa-shop.com\/blog\/quel-collier-pour-quelle-abaya\/","title":{"rendered":"Quel collier pour quelle abaya ?"},"content":{"rendered":"\n<p><\/p>\n\n\n\n<div class=\"wp-block-cover has-background-dim-20 has-cyan-bluish-gray-background-color has-background-dim\" style=\"min-height:285px;aspect-ratio:unset;\"><img fetchpriority=\"high\" decoding=\"async\" width=\"1024\" height=\"367\" class=\"wp-block-cover__image-background wp-image-4918\" alt=\"\" src=\"https:\/\/neyssa-shop.com\/blog\/wp-content\/uploads\/2022\/05\/Sans-titre-33-1024x367.jpg\" style=\"object-position:65% 49%\" data-object-fit=\"cover\" data-object-position=\"65% 49%\" srcset=\"https:\/\/neyssa-shop.com\/blog\/wp-content\/uploads\/2022\/05\/Sans-titre-33-1024x367.jpg 1024w, https:\/\/neyssa-shop.com\/blog\/wp-content\/uploads\/2022\/05\/Sans-titre-33-300x108.jpg 300w, https:\/\/neyssa-shop.com\/blog\/wp-content\/uploads\/2022\/05\/Sans-titre-33-768x276.jpg 768w, https:\/\/neyssa-shop.com\/blog\/wp-content\/uploads\/2022\/05\/Sans-titre-33-1536x551.jpg 1536w, https:\/\/neyssa-shop.com\/blog\/wp-content\/uploads\/2022\/05\/Sans-titre-33-750x269.jpg 750w, https:\/\/neyssa-shop.com\/blog\/wp-content\/uploads\/2022\/05\/Sans-titre-33.jpg 1920w\" sizes=\"(max-width: 1024px) 100vw, 1024px\" \/><div class=\"wp-block-cover__inner-container is-layout-flow wp-block-cover-is-layout-flow\">\n<blockquote class=\"wp-block-quote has-text-align-right is-style-large is-layout-flow wp-block-quote-is-layout-flow\"><p>Quel collier pour quelle Abaya ?<\/p><\/blockquote>\n<\/div><\/div>\n\n\n\n<hr class=\"wp-block-separator has-text-color has-background has-white-background-color has-white-color\"\/>\n\n\n\n<div id=\"ez-toc-container\" class=\"ez-toc-v2_0_72 counter-hierarchy ez-toc-counter ez-toc-grey ez-toc-container-direction\">\n<label for=\"ez-toc-cssicon-toggle-item-69d7f3fe83462\" class=\"ez-toc-cssicon-toggle-label\"><span class=\"\"><span class=\"eztoc-hide\" style=\"display:none;\">Toggle<\/span><span class=\"ez-toc-icon-toggle-span\"><svg style=\"fill: #999;color:#999\" xmlns=\"http:\/\/www.w3.org\/2000\/svg\" class=\"list-377408\" width=\"20px\" height=\"20px\" viewBox=\"0 0 24 24\" fill=\"none\"><path d=\"M6 6H4v2h2V6zm14 0H8v2h12V6zM4 11h2v2H4v-2zm16 0H8v2h12v-2zM4 16h2v2H4v-2zm16 0H8v2h12v-2z\" fill=\"currentColor\"><\/path><\/svg><svg style=\"fill: #999;color:#999\" class=\"arrow-unsorted-368013\" xmlns=\"http:\/\/www.w3.org\/2000\/svg\" width=\"10px\" height=\"10px\" viewBox=\"0 0 24 24\" version=\"1.2\" baseProfile=\"tiny\"><path d=\"M18.2 9.3l-6.2-6.3-6.2 6.3c-.2.2-.3.4-.3.7s.1.5.3.7c.2.2.4.3.7.3h11c.3 0 .5-.1.7-.3.2-.2.3-.5.3-.7s-.1-.5-.3-.7zM5.8 14.7l6.2 6.3 6.2-6.3c.2-.2.3-.5.3-.7s-.1-.5-.3-.7c-.2-.2-.4-.3-.7-.3h-11c-.3 0-.5.1-.7.3-.2.2-.3.5-.3.7s.1.5.3.7z\"\/><\/svg><\/span><\/span><\/label><input type=\"checkbox\"  id=\"ez-toc-cssicon-toggle-item-69d7f3fe83462\"  aria-label=\"Toggle\" \/><nav><ul class='ez-toc-list ez-toc-list-level-1 ' ><li class='ez-toc-page-1 ez-toc-heading-level-1'><a class=\"ez-toc-link ez-toc-heading-1\" href=\"https:\/\/neyssa-shop.com\/blog\/quel-collier-pour-quelle-abaya\/#Cote_bijoux_Quel_collier_pour_quelle_abaya\" title=\"C\u00f4t\u00e9 bijoux : Quel collier pour quelle abaya ?\">C\u00f4t\u00e9 bijoux : Quel collier pour quelle abaya ?<\/a><ul class='ez-toc-list-level-2' ><li class='ez-toc-heading-level-2'><a class=\"ez-toc-link ez-toc-heading-2\" href=\"https:\/\/neyssa-shop.com\/blog\/quel-collier-pour-quelle-abaya\/#Labaya_une_robe_pour_toutes_les_femmes\" title=\"L&rsquo;abaya une robe pour toutes les femmes\">L&rsquo;abaya une robe pour toutes les femmes<\/a><\/li><li class='ez-toc-page-1 ez-toc-heading-level-2'><a class=\"ez-toc-link ez-toc-heading-3\" href=\"https:\/\/neyssa-shop.com\/blog\/quel-collier-pour-quelle-abaya\/#Une_robe_de_style_pour_un_mariage\" title=\"Une robe de style pour un mariage\">Une robe de style pour un mariage<\/a><\/li><li class='ez-toc-page-1 ez-toc-heading-level-2'><a class=\"ez-toc-link ez-toc-heading-4\" href=\"https:\/\/neyssa-shop.com\/blog\/quel-collier-pour-quelle-abaya\/#Quels_bijoux_peut-on_porter_avec_labaya\" title=\"Quels bijoux peut-on porter avec l&rsquo;abaya ?\">Quels bijoux peut-on porter avec l&rsquo;abaya ?<\/a><\/li><li class='ez-toc-page-1 ez-toc-heading-level-2'><a class=\"ez-toc-link ez-toc-heading-5\" href=\"https:\/\/neyssa-shop.com\/blog\/quel-collier-pour-quelle-abaya\/#Le_collier_le_bijou_ideal\" title=\"Le collier : le bijou id\u00e9al\">Le collier : le bijou id\u00e9al<\/a><ul class='ez-toc-list-level-3' ><li class='ez-toc-heading-level-3'><a class=\"ez-toc-link ez-toc-heading-6\" href=\"https:\/\/neyssa-shop.com\/blog\/quel-collier-pour-quelle-abaya\/#Le_collier_et_labaya_decolletee\" title=\"Le collier et l&rsquo;abaya d\u00e9collet\u00e9e\">Le collier et l&rsquo;abaya d\u00e9collet\u00e9e<\/a><\/li><li class='ez-toc-page-1 ez-toc-heading-level-3'><a class=\"ez-toc-link ez-toc-heading-7\" href=\"https:\/\/neyssa-shop.com\/blog\/quel-collier-pour-quelle-abaya\/#Le_collier_et_labaya_au_col_remonte\" title=\"Le collier et l&rsquo;abaya au col remont\u00e9\">Le collier et l&rsquo;abaya au col remont\u00e9<\/a><\/li><li class='ez-toc-page-1 ez-toc-heading-level-3'><a class=\"ez-toc-link ez-toc-heading-8\" href=\"https:\/\/neyssa-shop.com\/blog\/quel-collier-pour-quelle-abaya\/#Le_collier_avec_une_abaya_et_un_hijab\" title=\"Le collier avec une abaya et un hijab\">Le collier avec une abaya et un hijab<\/a><\/li><\/ul><\/li><li class='ez-toc-page-1 ez-toc-heading-level-2'><a class=\"ez-toc-link ez-toc-heading-9\" href=\"https:\/\/neyssa-shop.com\/blog\/quel-collier-pour-quelle-abaya\/#Les_boucles_doreilles_bagues_ou_bracelets\" title=\"Les boucles d&rsquo;oreilles, bagues ou bracelets\">Les boucles d&rsquo;oreilles, bagues ou bracelets<\/a><\/li><\/ul><\/li><\/ul><\/nav><\/div>\n<h1 class=\"wp-block-heading\"><span class=\"ez-toc-section\" id=\"Cote_bijoux_Quel_collier_pour_quelle_abaya\"><\/span>C\u00f4t\u00e9 bijoux : Quel collier pour quelle abaya ?<span class=\"ez-toc-section-end\"><\/span><\/h1>\n\n\n\n<p>L&rsquo;abaya est une robe pour les femmes souhaitant une tenue longue, modeste et \u00e9l\u00e9gante. Reste \u00e0 savoir <a href=\"https:\/\/neyssa-shop.com\/blog\/comment-porter-une-abaya\">comment porter une abaya ?<\/a> Mais aussi, <strong>quels bijoux porter avec cette robe ? <\/strong>Et plus particuli\u00e8rement, quel collier pour quelle abaya ?<\/p>\n\n\n\n<h2 class=\"wp-block-heading\"><span class=\"ez-toc-section\" id=\"Labaya_une_robe_pour_toutes_les_femmes\"><\/span>L&rsquo;abaya une robe pour toutes les femmes<span class=\"ez-toc-section-end\"><\/span><\/h2>\n\n\n\n<p>L&rsquo;abaya est une traditionnelle souvent port\u00e9e par les femmes musulmanes.<strong> Quelle que soit la morphologie d&rsquo;une femme, elle trouvera l&rsquo;abaya qui lui convient.<\/strong> Les diff\u00e9rentes tailles, les diff\u00e9rents mod\u00e8les et les diff\u00e9rentes coupes propos\u00e9es permettent \u00e0 chaque femme de porter cette longue robe aux couleurs vari\u00e9es.<\/p>\n\n\n\n<h2 class=\"wp-block-heading\"><span class=\"ez-toc-section\" id=\"Une_robe_de_style_pour_un_mariage\"><\/span>Une robe de style pour un mariage<span class=\"ez-toc-section-end\"><\/span><\/h2>\n\n\n\n<p>L&rsquo;abaya est un v\u00eatement qui peut se porter lors de diverses occasions. C&rsquo;est une robe qui peut se porter chaque jour ou lors d&rsquo;un \u00e9v\u00e8nement sp\u00e9cial comme une invitation \u00e0 un mariage. Les diff\u00e9rents styles d&rsquo;abaya et les ornements qu&rsquo;elles peuvent contenir sont parfaits pour cette occasion. Elles s&rsquo;associent alors parfaitement avec toutes sortes de bijoux. Lors de cet \u00e9v\u00e8nement festif, <strong>il est possible d&rsquo;associer plusieurs bijoux en fonction de la couleur et du style de la robe.<\/strong><\/p>\n\n\n\n<div class=\"wp-block-media-text alignwide is-stacked-on-mobile\" style=\"grid-template-columns:45% auto\"><figure class=\"wp-block-media-text__media\"><img decoding=\"async\" width=\"724\" height=\"1024\" src=\"https:\/\/neyssa-shop.com\/blog\/wp-content\/uploads\/2022\/05\/Sans-titre-Affiche-724x1024.jpg\" alt=\"\" class=\"wp-image-4917 size-full\" srcset=\"https:\/\/neyssa-shop.com\/blog\/wp-content\/uploads\/2022\/05\/Sans-titre-Affiche-724x1024.jpg 724w, https:\/\/neyssa-shop.com\/blog\/wp-content\/uploads\/2022\/05\/Sans-titre-Affiche-212x300.jpg 212w, https:\/\/neyssa-shop.com\/blog\/wp-content\/uploads\/2022\/05\/Sans-titre-Affiche-768x1086.jpg 768w, https:\/\/neyssa-shop.com\/blog\/wp-content\/uploads\/2022\/05\/Sans-titre-Affiche-1086x1536.jpg 1086w, https:\/\/neyssa-shop.com\/blog\/wp-content\/uploads\/2022\/05\/Sans-titre-Affiche-1448x2048.jpg 1448w, https:\/\/neyssa-shop.com\/blog\/wp-content\/uploads\/2022\/05\/Sans-titre-Affiche-750x1061.jpg 750w, https:\/\/neyssa-shop.com\/blog\/wp-content\/uploads\/2022\/05\/Sans-titre-Affiche.jpg 1587w\" sizes=\"(max-width: 724px) 100vw, 724px\" \/><\/figure><div class=\"wp-block-media-text__content\">\n<h2 class=\"wp-block-heading\"><span class=\"ez-toc-section\" id=\"Quels_bijoux_peut-on_porter_avec_labaya\"><\/span>Quels bijoux peut-on porter avec l&rsquo;abaya ?<span class=\"ez-toc-section-end\"><\/span><\/h2>\n\n\n\n<p>Colliers, bagues, boucles d&rsquo;oreilles, bracelets&#8230; Quels sont les bijoux que l&rsquo;on peut porter avec une abaya ? En fonction du style de celle-ci et de sa couleur, diff\u00e9rents bijoux peuvent \u00eatre port\u00e9s et ainsi parfaire la tenue.<\/p>\n\n\n\n<h2 class=\"wp-block-heading\"><span class=\"ez-toc-section\" id=\"Le_collier_le_bijou_ideal\"><\/span>Le collier : le bijou id\u00e9al<span class=\"ez-toc-section-end\"><\/span><\/h2>\n\n\n\n<p>Parmi les bijoux, <strong>le collier est le bijou par excellence pour l&rsquo;abaya. <\/strong>Les colliers peuvent \u00eatre port\u00e9s avec tous les styles d&rsquo;abaya car il existe diff\u00e9rentes tailles de colliers. On choisit le collier en fonction de l&rsquo;occasion et en fonction du style de l&rsquo;abaya.<\/p>\n\n\n\n<h3 class=\"wp-block-heading\"><span class=\"ez-toc-section\" id=\"Le_collier_et_labaya_decolletee\"><\/span>Le collier et l&rsquo;abaya d\u00e9collet\u00e9e<span class=\"ez-toc-section-end\"><\/span><\/h3>\n\n\n\n<p>Si l&rsquo;abaya est dot\u00e9e d&rsquo;un d\u00e9collet\u00e9, tous les colliers peuvent \u00eatre port\u00e9s. <strong>Un ras-de-cou, une cha\u00eene orn\u00e9e d&rsquo;un pendentif, un collier de perles, un sautoir ou encore une superposition de collier<\/strong> peuvent \u00eatre port\u00e9s.<\/p>\n\n\n\n<h3 class=\"wp-block-heading\"><span class=\"ez-toc-section\" id=\"Le_collier_et_labaya_au_col_remonte\"><\/span>Le collier et l&rsquo;abaya au col remont\u00e9<span class=\"ez-toc-section-end\"><\/span><\/h3>\n\n\n\n<p>Dans le cas o\u00f9 l&rsquo;abaya pr\u00e9sente une coupe au style plus couvrant avec un col remont\u00e9, d&rsquo;autres colliers peuvent \u00eatre port\u00e9s. <strong>On \u00e9vite le ras-de-cou <\/strong>en privil\u00e9giant les sautoirs ou les colliers longs avec un pendentif.<\/p>\n\n\n\n<h3 class=\"wp-block-heading\"><span class=\"ez-toc-section\" id=\"Le_collier_avec_une_abaya_et_un_hijab\"><\/span>Le collier avec une abaya et un hijab<span class=\"ez-toc-section-end\"><\/span><\/h3>\n\n\n\n<p>Une tenue compos\u00e9e d&rsquo;une abaya et d&rsquo;un hijab peut \u00eatre compl\u00e9t\u00e9e par un collier. Les colliers allant parfaitement avec ces v\u00eatements sont <strong>les sautoirs ainsi que les superpositions de collier.<\/strong> Le voile pouvant parfois couvrir la poitrine, il est n\u00e9cessaire que le collier soit de taille suffisamment longue afin d&rsquo;\u00eatre visible.<\/p>\n<\/div><\/div>\n\n\n\n<h2 class=\"wp-block-heading\"><span class=\"ez-toc-section\" id=\"Les_boucles_doreilles_bagues_ou_bracelets\"><\/span>Les boucles d&rsquo;oreilles, bagues ou bracelets<span class=\"ez-toc-section-end\"><\/span><\/h2>\n\n\n\n<p>D&rsquo;autres bijoux peuvent \u00eatre port\u00e9s comme des bagues, des boucles d&rsquo;oreilles ou encore des bracelets. En fonction de l&rsquo;occasion, <strong>chacun de ces bijoux peut \u00eatre port\u00e9 simultan\u00e9ment.<\/strong> C&rsquo;est le cas d&rsquo;un mariage ou les bijoux font partie des accessoires phares de ce genre d&rsquo;\u00e9v\u00e8nements. La mari\u00e9e peut porter plusieurs robes et parmi elles peut figurer une abaya. Elle peut alors porter tous les bijoux possibles, le mariage \u00e9tant l&rsquo;occasion r\u00eav\u00e9e pour se parer de ses plus beaux bijoux.<\/p>\n\n\n\n<p>Ces pages peuvent \u00e9galement vous int\u00e9resser :<\/p>\n\n\n\n<div class=\"wp-block-columns is-layout-flex wp-container-core-columns-is-layout-1 wp-block-columns-is-layout-flex\">\n<div class=\"wp-block-column is-layout-flow wp-block-column-is-layout-flow\">\n<figure class=\"wp-block-embed is-type-wp-embed is-provider-neyssa-le-blog wp-block-embed-neyssa-le-blog\"><div class=\"wp-block-embed__wrapper\">\n<blockquote class=\"wp-embedded-content\" data-secret=\"ZRlRJBkGZX\"><a href=\"https:\/\/neyssa-shop.com\/blog\/quel-hijab-porter-avec-une-abaya\/\">Quel hijab porter avec une abaya ?<\/a><\/blockquote><iframe class=\"wp-embedded-content\" sandbox=\"allow-scripts\" security=\"restricted\" style=\"position: absolute; clip: rect(1px, 1px, 1px, 1px);\" title=\"\u00ab\u00a0Quel hijab porter avec une abaya ?\u00a0\u00bb &#8212; Neyssa le blog\" src=\"https:\/\/neyssa-shop.com\/blog\/quel-hijab-porter-avec-une-abaya\/embed\/#?secret=ZRlRJBkGZX\" data-secret=\"ZRlRJBkGZX\" width=\"600\" height=\"338\" frameborder=\"0\" marginwidth=\"0\" marginheight=\"0\" scrolling=\"no\"><\/iframe>\n<\/div><\/figure>\n<\/div>\n\n\n\n<div class=\"wp-block-column is-layout-flow wp-block-column-is-layout-flow\">\n<figure class=\"wp-block-embed is-type-wp-embed is-provider-neyssa-le-blog wp-block-embed-neyssa-le-blog\"><div class=\"wp-block-embed__wrapper\">\n<blockquote class=\"wp-embedded-content\" data-secret=\"fXZIOG0Por\"><a href=\"https:\/\/neyssa-shop.com\/blog\/quelles-chaussures-porter-avec-la-abaya\/\">Quelles chaussures porter avec la abaya ?<\/a><\/blockquote><iframe class=\"wp-embedded-content\" sandbox=\"allow-scripts\" security=\"restricted\" style=\"position: absolute; clip: rect(1px, 1px, 1px, 1px);\" title=\"\u00ab\u00a0Quelles chaussures porter avec la abaya ?\u00a0\u00bb &#8212; Neyssa le blog\" src=\"https:\/\/neyssa-shop.com\/blog\/quelles-chaussures-porter-avec-la-abaya\/embed\/#?secret=fXZIOG0Por\" data-secret=\"fXZIOG0Por\" width=\"600\" height=\"338\" frameborder=\"0\" marginwidth=\"0\" marginheight=\"0\" scrolling=\"no\"><\/iframe>\n<\/div><\/figure>\n<\/div>\n<\/div>\n","protected":false},"excerpt":{"rendered":"<p>C\u00f4t\u00e9 bijoux : Quel collier pour quelle abaya ? L&rsquo;abaya est une robe pour les femmes souhaitant une tenue longue, modeste et \u00e9l\u00e9gante. Reste \u00e0 savoir comment porter une abaya ? Mais aussi, quels bijoux porter avec cette robe ? Et plus particuli\u00e8rement, quel collier pour quelle abaya ? L&rsquo;abaya une robe pour toutes les&#8230;<\/p>\n<p><a class=\"more-link\" href=\"https:\/\/neyssa-shop.com\/blog\/quel-collier-pour-quelle-abaya\/\">En <em>savoir<\/em> plus<\/a><\/p>\n","protected":false},"author":11,"featured_media":4918,"parent":0,"menu_order":0,"comment_status":"open","ping_status":"closed","template":"","meta":{"_genesis_hide_title":false,"_genesis_hide_breadcrumbs":false,"_genesis_hide_singular_image":false,"_genesis_hide_footer_widgets":false,"_genesis_custom_body_class":"","_genesis_custom_post_class":"","_genesis_layout":"","footnotes":""},"class_list":{"0":"post-4341","1":"page","2":"type-page","3":"status-publish","4":"has-post-thumbnail","6":"entry"},"yoast_head":"<!-- This site is optimized with the Yoast SEO plugin v26.8 - https:\/\/yoast.com\/product\/yoast-seo-wordpress\/ -->\n<title>Quel collier pour quelle abaya ?<\/title>\n<meta name=\"description\" content=\"L&#039;abaya peut \u00eatre port\u00e9e tous les jours ou lors d&#039;\u00e9v\u00e8nements auquel cas elle peut se porter avec des bijoux. Alors, quel collier pour quelle abaya ?\" \/>\n<meta name=\"robots\" content=\"index, follow, max-snippet:-1, max-image-preview:large, max-video-preview:-1\" \/>\n<link rel=\"canonical\" href=\"https:\/\/neyssa-shop.com\/blog\/quel-collier-pour-quelle-abaya\/\" \/>\n<meta property=\"og:locale\" content=\"fr_FR\" \/>\n<meta property=\"og:type\" content=\"article\" \/>\n<meta property=\"og:title\" content=\"Quel collier pour quelle abaya ?\" \/>\n<meta property=\"og:description\" content=\"L&#039;abaya peut \u00eatre port\u00e9e tous les jours ou lors d&#039;\u00e9v\u00e8nements auquel cas elle peut se porter avec des bijoux. Alors, quel collier pour quelle abaya ?\" \/>\n<meta property=\"og:url\" content=\"https:\/\/neyssa-shop.com\/blog\/quel-collier-pour-quelle-abaya\/\" \/>\n<meta property=\"og:site_name\" content=\"Neyssa le blog\" \/>\n<meta property=\"article:publisher\" content=\"https:\/\/www.facebook.com\/neyssashop\/\" \/>\n<meta property=\"article:modified_time\" content=\"2022-05-31T12:10:42+00:00\" \/>\n<meta property=\"og:image\" content=\"https:\/\/neyssa-shop.com\/blog\/wp-content\/uploads\/2022\/05\/Sans-titre-33.jpg\" \/>\n\t<meta property=\"og:image:width\" content=\"1920\" \/>\n\t<meta property=\"og:image:height\" content=\"689\" \/>\n\t<meta property=\"og:image:type\" content=\"image\/jpeg\" \/>\n<meta name=\"twitter:card\" content=\"summary_large_image\" \/>\n<meta name=\"twitter:site\" content=\"@neyssashop\" \/>\n<meta name=\"twitter:label1\" content=\"Dur\u00e9e de lecture estim\u00e9e\" \/>\n\t<meta name=\"twitter:data1\" content=\"4 minutes\" \/>\n<script type=\"application\/ld+json\" class=\"yoast-schema-graph\">{\"@context\":\"https:\/\/schema.org\",\"@graph\":[{\"@type\":\"WebPage\",\"@id\":\"https:\/\/neyssa-shop.com\/blog\/quel-collier-pour-quelle-abaya\/\",\"url\":\"https:\/\/neyssa-shop.com\/blog\/quel-collier-pour-quelle-abaya\/\",\"name\":\"Quel collier pour quelle abaya ?\",\"isPartOf\":{\"@id\":\"https:\/\/neyssa-shop.com\/blog\/#website\"},\"primaryImageOfPage\":{\"@id\":\"https:\/\/neyssa-shop.com\/blog\/quel-collier-pour-quelle-abaya\/#primaryimage\"},\"image\":{\"@id\":\"https:\/\/neyssa-shop.com\/blog\/quel-collier-pour-quelle-abaya\/#primaryimage\"},\"thumbnailUrl\":\"https:\/\/neyssa-shop.com\/blog\/wp-content\/uploads\/2022\/05\/Sans-titre-33.jpg\",\"datePublished\":\"2022-01-13T08:38:52+00:00\",\"dateModified\":\"2022-05-31T12:10:42+00:00\",\"description\":\"L'abaya peut \u00eatre port\u00e9e tous les jours ou lors d'\u00e9v\u00e8nements auquel cas elle peut se porter avec des bijoux. Alors, quel collier pour quelle abaya ?\",\"breadcrumb\":{\"@id\":\"https:\/\/neyssa-shop.com\/blog\/quel-collier-pour-quelle-abaya\/#breadcrumb\"},\"inLanguage\":\"fr-FR\",\"potentialAction\":[{\"@type\":\"ReadAction\",\"target\":[\"https:\/\/neyssa-shop.com\/blog\/quel-collier-pour-quelle-abaya\/\"]}]},{\"@type\":\"ImageObject\",\"inLanguage\":\"fr-FR\",\"@id\":\"https:\/\/neyssa-shop.com\/blog\/quel-collier-pour-quelle-abaya\/#primaryimage\",\"url\":\"https:\/\/neyssa-shop.com\/blog\/wp-content\/uploads\/2022\/05\/Sans-titre-33.jpg\",\"contentUrl\":\"https:\/\/neyssa-shop.com\/blog\/wp-content\/uploads\/2022\/05\/Sans-titre-33.jpg\",\"width\":1920,\"height\":689},{\"@type\":\"BreadcrumbList\",\"@id\":\"https:\/\/neyssa-shop.com\/blog\/quel-collier-pour-quelle-abaya\/#breadcrumb\",\"itemListElement\":[{\"@type\":\"ListItem\",\"position\":1,\"name\":\"Accueil\",\"item\":\"https:\/\/neyssa-shop.com\/blog\/\"},{\"@type\":\"ListItem\",\"position\":2,\"name\":\"Quel collier pour quelle abaya ?\"}]},{\"@type\":\"WebSite\",\"@id\":\"https:\/\/neyssa-shop.com\/blog\/#website\",\"url\":\"https:\/\/neyssa-shop.com\/blog\/\",\"name\":\"Neyssa le blog\",\"description\":\"Un blog d\u00e9di\u00e9 \u00e0 la femme musulmane\",\"publisher\":{\"@id\":\"https:\/\/neyssa-shop.com\/blog\/#organization\"},\"potentialAction\":[{\"@type\":\"SearchAction\",\"target\":{\"@type\":\"EntryPoint\",\"urlTemplate\":\"https:\/\/neyssa-shop.com\/blog\/?s={search_term_string}\"},\"query-input\":{\"@type\":\"PropertyValueSpecification\",\"valueRequired\":true,\"valueName\":\"search_term_string\"}}],\"inLanguage\":\"fr-FR\"},{\"@type\":\"Organization\",\"@id\":\"https:\/\/neyssa-shop.com\/blog\/#organization\",\"name\":\"Neyssa Shop\",\"url\":\"https:\/\/neyssa-shop.com\/blog\/\",\"logo\":{\"@type\":\"ImageObject\",\"inLanguage\":\"fr-FR\",\"@id\":\"https:\/\/neyssa-shop.com\/blog\/#\/schema\/logo\/image\/\",\"url\":\"https:\/\/neyssa-shop.com\/blog\/wp-content\/uploads\/2021\/03\/neyssa-boutique-logo-1610747292.jpg\",\"contentUrl\":\"https:\/\/neyssa-shop.com\/blog\/wp-content\/uploads\/2021\/03\/neyssa-boutique-logo-1610747292.jpg\",\"width\":271,\"height\":70,\"caption\":\"Neyssa Shop\"},\"image\":{\"@id\":\"https:\/\/neyssa-shop.com\/blog\/#\/schema\/logo\/image\/\"},\"sameAs\":[\"https:\/\/www.facebook.com\/neyssashop\/\",\"https:\/\/x.com\/neyssashop\",\"https:\/\/www.instagram.com\/neyssa_shop\/\",\"https:\/\/www.pinterest.fr\/neyssa_shop\/_created\/\",\"https:\/\/www.youtube.com\/channel\/UCkQ9s8jXTLi2yVzyeugVAMg\"]}]}<\/script>\n<!-- \/ Yoast SEO plugin. -->","yoast_head_json":{"title":"Quel collier pour quelle abaya ?","description":"L'abaya peut \u00eatre port\u00e9e tous les jours ou lors d'\u00e9v\u00e8nements auquel cas elle peut se porter avec des bijoux. Alors, quel collier pour quelle abaya ?","robots":{"index":"index","follow":"follow","max-snippet":"max-snippet:-1","max-image-preview":"max-image-preview:large","max-video-preview":"max-video-preview:-1"},"canonical":"https:\/\/neyssa-shop.com\/blog\/quel-collier-pour-quelle-abaya\/","og_locale":"fr_FR","og_type":"article","og_title":"Quel collier pour quelle abaya ?","og_description":"L'abaya peut \u00eatre port\u00e9e tous les jours ou lors d'\u00e9v\u00e8nements auquel cas elle peut se porter avec des bijoux. Alors, quel collier pour quelle abaya ?","og_url":"https:\/\/neyssa-shop.com\/blog\/quel-collier-pour-quelle-abaya\/","og_site_name":"Neyssa le blog","article_publisher":"https:\/\/www.facebook.com\/neyssashop\/","article_modified_time":"2022-05-31T12:10:42+00:00","og_image":[{"width":1920,"height":689,"url":"https:\/\/neyssa-shop.com\/blog\/wp-content\/uploads\/2022\/05\/Sans-titre-33.jpg","type":"image\/jpeg"}],"twitter_card":"summary_large_image","twitter_site":"@neyssashop","twitter_misc":{"Dur\u00e9e de lecture estim\u00e9e":"4 minutes"},"schema":{"@context":"https:\/\/schema.org","@graph":[{"@type":"WebPage","@id":"https:\/\/neyssa-shop.com\/blog\/quel-collier-pour-quelle-abaya\/","url":"https:\/\/neyssa-shop.com\/blog\/quel-collier-pour-quelle-abaya\/","name":"Quel collier pour quelle abaya ?","isPartOf":{"@id":"https:\/\/neyssa-shop.com\/blog\/#website"},"primaryImageOfPage":{"@id":"https:\/\/neyssa-shop.com\/blog\/quel-collier-pour-quelle-abaya\/#primaryimage"},"image":{"@id":"https:\/\/neyssa-shop.com\/blog\/quel-collier-pour-quelle-abaya\/#primaryimage"},"thumbnailUrl":"https:\/\/neyssa-shop.com\/blog\/wp-content\/uploads\/2022\/05\/Sans-titre-33.jpg","datePublished":"2022-01-13T08:38:52+00:00","dateModified":"2022-05-31T12:10:42+00:00","description":"L'abaya peut \u00eatre port\u00e9e tous les jours ou lors d'\u00e9v\u00e8nements auquel cas elle peut se porter avec des bijoux. Alors, quel collier pour quelle abaya ?","breadcrumb":{"@id":"https:\/\/neyssa-shop.com\/blog\/quel-collier-pour-quelle-abaya\/#breadcrumb"},"inLanguage":"fr-FR","potentialAction":[{"@type":"ReadAction","target":["https:\/\/neyssa-shop.com\/blog\/quel-collier-pour-quelle-abaya\/"]}]},{"@type":"ImageObject","inLanguage":"fr-FR","@id":"https:\/\/neyssa-shop.com\/blog\/quel-collier-pour-quelle-abaya\/#primaryimage","url":"https:\/\/neyssa-shop.com\/blog\/wp-content\/uploads\/2022\/05\/Sans-titre-33.jpg","contentUrl":"https:\/\/neyssa-shop.com\/blog\/wp-content\/uploads\/2022\/05\/Sans-titre-33.jpg","width":1920,"height":689},{"@type":"BreadcrumbList","@id":"https:\/\/neyssa-shop.com\/blog\/quel-collier-pour-quelle-abaya\/#breadcrumb","itemListElement":[{"@type":"ListItem","position":1,"name":"Accueil","item":"https:\/\/neyssa-shop.com\/blog\/"},{"@type":"ListItem","position":2,"name":"Quel collier pour quelle abaya ?"}]},{"@type":"WebSite","@id":"https:\/\/neyssa-shop.com\/blog\/#website","url":"https:\/\/neyssa-shop.com\/blog\/","name":"Neyssa le blog","description":"Un blog d\u00e9di\u00e9 \u00e0 la femme musulmane","publisher":{"@id":"https:\/\/neyssa-shop.com\/blog\/#organization"},"potentialAction":[{"@type":"SearchAction","target":{"@type":"EntryPoint","urlTemplate":"https:\/\/neyssa-shop.com\/blog\/?s={search_term_string}"},"query-input":{"@type":"PropertyValueSpecification","valueRequired":true,"valueName":"search_term_string"}}],"inLanguage":"fr-FR"},{"@type":"Organization","@id":"https:\/\/neyssa-shop.com\/blog\/#organization","name":"Neyssa Shop","url":"https:\/\/neyssa-shop.com\/blog\/","logo":{"@type":"ImageObject","inLanguage":"fr-FR","@id":"https:\/\/neyssa-shop.com\/blog\/#\/schema\/logo\/image\/","url":"https:\/\/neyssa-shop.com\/blog\/wp-content\/uploads\/2021\/03\/neyssa-boutique-logo-1610747292.jpg","contentUrl":"https:\/\/neyssa-shop.com\/blog\/wp-content\/uploads\/2021\/03\/neyssa-boutique-logo-1610747292.jpg","width":271,"height":70,"caption":"Neyssa Shop"},"image":{"@id":"https:\/\/neyssa-shop.com\/blog\/#\/schema\/logo\/image\/"},"sameAs":["https:\/\/www.facebook.com\/neyssashop\/","https:\/\/x.com\/neyssashop","https:\/\/www.instagram.com\/neyssa_shop\/","https:\/\/www.pinterest.fr\/neyssa_shop\/_created\/","https:\/\/www.youtube.com\/channel\/UCkQ9s8jXTLi2yVzyeugVAMg"]}]}},"_links":{"self":[{"href":"https:\/\/neyssa-shop.com\/blog\/wp-json\/wp\/v2\/pages\/4341","targetHints":{"allow":["GET"]}}],"collection":[{"href":"https:\/\/neyssa-shop.com\/blog\/wp-json\/wp\/v2\/pages"}],"about":[{"href":"https:\/\/neyssa-shop.com\/blog\/wp-json\/wp\/v2\/types\/page"}],"author":[{"embeddable":true,"href":"https:\/\/neyssa-shop.com\/blog\/wp-json\/wp\/v2\/users\/11"}],"replies":[{"embeddable":true,"href":"https:\/\/neyssa-shop.com\/blog\/wp-json\/wp\/v2\/comments?post=4341"}],"version-history":[{"count":4,"href":"https:\/\/neyssa-shop.com\/blog\/wp-json\/wp\/v2\/pages\/4341\/revisions"}],"predecessor-version":[{"id":4935,"href":"https:\/\/neyssa-shop.com\/blog\/wp-json\/wp\/v2\/pages\/4341\/revisions\/4935"}],"wp:featuredmedia":[{"embeddable":true,"href":"https:\/\/neyssa-shop.com\/blog\/wp-json\/wp\/v2\/media\/4918"}],"wp:attachment":[{"href":"https:\/\/neyssa-shop.com\/blog\/wp-json\/wp\/v2\/media?parent=4341"}],"curies":[{"name":"wp","href":"https:\/\/api.w.org\/{rel}","templated":true}]}}