{"id":4340,"date":"2022-01-13T09:38:52","date_gmt":"2022-01-13T08:38:52","guid":{"rendered":"https:\/\/neyssa-shop.com\/blog\/?page_id=4340"},"modified":"2022-05-31T14:09:23","modified_gmt":"2022-05-31T12:09:23","slug":"que-porter-sous-la-abaya","status":"publish","type":"page","link":"https:\/\/neyssa-shop.com\/blog\/que-porter-sous-la-abaya\/","title":{"rendered":"Que porter sous la abaya ?"},"content":{"rendered":"\n<div id=\"ez-toc-container\" class=\"ez-toc-v2_0_72 counter-hierarchy ez-toc-counter ez-toc-grey ez-toc-container-direction\">\n<label for=\"ez-toc-cssicon-toggle-item-69d7f3fe3f84a\" class=\"ez-toc-cssicon-toggle-label\"><span class=\"\"><span class=\"eztoc-hide\" style=\"display:none;\">Toggle<\/span><span class=\"ez-toc-icon-toggle-span\"><svg style=\"fill: #999;color:#999\" xmlns=\"http:\/\/www.w3.org\/2000\/svg\" class=\"list-377408\" width=\"20px\" height=\"20px\" viewBox=\"0 0 24 24\" fill=\"none\"><path d=\"M6 6H4v2h2V6zm14 0H8v2h12V6zM4 11h2v2H4v-2zm16 0H8v2h12v-2zM4 16h2v2H4v-2zm16 0H8v2h12v-2z\" fill=\"currentColor\"><\/path><\/svg><svg style=\"fill: #999;color:#999\" class=\"arrow-unsorted-368013\" xmlns=\"http:\/\/www.w3.org\/2000\/svg\" width=\"10px\" height=\"10px\" viewBox=\"0 0 24 24\" version=\"1.2\" baseProfile=\"tiny\"><path d=\"M18.2 9.3l-6.2-6.3-6.2 6.3c-.2.2-.3.4-.3.7s.1.5.3.7c.2.2.4.3.7.3h11c.3 0 .5-.1.7-.3.2-.2.3-.5.3-.7s-.1-.5-.3-.7zM5.8 14.7l6.2 6.3 6.2-6.3c.2-.2.3-.5.3-.7s-.1-.5-.3-.7c-.2-.2-.4-.3-.7-.3h-11c-.3 0-.5.1-.7.3-.2.2-.3.5-.3.7s.1.5.3.7z\"\/><\/svg><\/span><\/span><\/label><input type=\"checkbox\"  id=\"ez-toc-cssicon-toggle-item-69d7f3fe3f84a\"  aria-label=\"Toggle\" \/><nav><ul class='ez-toc-list ez-toc-list-level-1 ' ><li class='ez-toc-page-1 ez-toc-heading-level-1'><a class=\"ez-toc-link ez-toc-heading-1\" href=\"https:\/\/neyssa-shop.com\/blog\/que-porter-sous-la-abaya\/#Decouvrez_quoi_porter_sous_votre_abaya_quelle_que_soit_la_saison\" title=\"D\u00e9couvrez quoi porter sous votre abaya, quelle que soit la saison\">D\u00e9couvrez quoi porter sous votre abaya, quelle que soit la saison<\/a><ul class='ez-toc-list-level-2' ><li class='ez-toc-heading-level-2'><a class=\"ez-toc-link ez-toc-heading-2\" href=\"https:\/\/neyssa-shop.com\/blog\/que-porter-sous-la-abaya\/#Labaya_Une_robe_musulmane_adaptee_a_chaque_saison\" title=\"L&rsquo;abaya : Une robe musulmane adapt\u00e9e \u00e0 chaque saison\">L&rsquo;abaya : Une robe musulmane adapt\u00e9e \u00e0 chaque saison<\/a><ul class='ez-toc-list-level-3' ><li class='ez-toc-heading-level-3'><a class=\"ez-toc-link ez-toc-heading-3\" href=\"https:\/\/neyssa-shop.com\/blog\/que-porter-sous-la-abaya\/#Une_tenue_dete_pour_femme\" title=\"Une tenue d&rsquo;\u00e9t\u00e9 pour femme\">Une tenue d&rsquo;\u00e9t\u00e9 pour femme<\/a><\/li><li class='ez-toc-page-1 ez-toc-heading-level-3'><a class=\"ez-toc-link ez-toc-heading-4\" href=\"https:\/\/neyssa-shop.com\/blog\/que-porter-sous-la-abaya\/#Une_robe_pour_les_femmes_en_hiver\" title=\"Une robe pour les femmes en hiver\">Une robe pour les femmes en hiver<\/a><\/li><\/ul><\/li><li class='ez-toc-page-1 ez-toc-heading-level-2'><a class=\"ez-toc-link ez-toc-heading-5\" href=\"https:\/\/neyssa-shop.com\/blog\/que-porter-sous-la-abaya\/#Que_porter_sous_cette_robe\" title=\"Que porter sous cette robe ?\">Que porter sous cette robe ?<\/a><ul class='ez-toc-list-level-3' ><li class='ez-toc-heading-level-3'><a class=\"ez-toc-link ez-toc-heading-6\" href=\"https:\/\/neyssa-shop.com\/blog\/que-porter-sous-la-abaya\/#Un_vetement_leger\" title=\"Un v\u00eatement l\u00e9ger\">Un v\u00eatement l\u00e9ger<\/a><\/li><li class='ez-toc-page-1 ez-toc-heading-level-3'><a class=\"ez-toc-link ez-toc-heading-7\" href=\"https:\/\/neyssa-shop.com\/blog\/que-porter-sous-la-abaya\/#Des_vetements_chauds\" title=\"Des v\u00eatements chauds\">Des v\u00eatements chauds<\/a><\/li><\/ul><\/li><\/ul><\/li><\/ul><\/nav><\/div>\n<h1 class=\"wp-block-heading\"><span class=\"ez-toc-section\" id=\"Decouvrez_quoi_porter_sous_votre_abaya_quelle_que_soit_la_saison\"><\/span>D\u00e9couvrez quoi porter sous votre abaya, quelle que soit la saison<span class=\"ez-toc-section-end\"><\/span><\/h1>\n\n\n\n<p>L&rsquo;abaya est la robe traditionnelle que portent de nombreuses femmes des pays musulmans. Mais savez-vous <a href=\"https:\/\/neyssa-shop.com\/blog\/comment-porter-une-abaya\">comment porter une abaya ?<\/a> Ou encore, <strong>que porter sous votre abaya<\/strong> ? D\u00e9couvrons ensemble <strong>quels v\u00eatements sont les plus adapt\u00e9s \u00e0 porter sous cette robe<\/strong> au style couvrant ne devant pas d\u00e9voiler les formes du corps.<\/p>\n\n\n\n<div class=\"wp-block-cover has-background-dim-10 has-white-background-color has-background-dim\"><img fetchpriority=\"high\" decoding=\"async\" width=\"1024\" height=\"367\" class=\"wp-block-cover__image-background wp-image-4911\" alt=\"\" src=\"https:\/\/neyssa-shop.com\/blog\/wp-content\/uploads\/2022\/05\/banniere-1024x367.jpg\" data-object-fit=\"cover\" srcset=\"https:\/\/neyssa-shop.com\/blog\/wp-content\/uploads\/2022\/05\/banniere-1024x367.jpg 1024w, https:\/\/neyssa-shop.com\/blog\/wp-content\/uploads\/2022\/05\/banniere-300x108.jpg 300w, https:\/\/neyssa-shop.com\/blog\/wp-content\/uploads\/2022\/05\/banniere-768x276.jpg 768w, https:\/\/neyssa-shop.com\/blog\/wp-content\/uploads\/2022\/05\/banniere-1536x551.jpg 1536w, https:\/\/neyssa-shop.com\/blog\/wp-content\/uploads\/2022\/05\/banniere-750x269.jpg 750w, https:\/\/neyssa-shop.com\/blog\/wp-content\/uploads\/2022\/05\/banniere.jpg 1920w\" sizes=\"(max-width: 1024px) 100vw, 1024px\" \/><div class=\"wp-block-cover__inner-container is-layout-flow wp-block-cover-is-layout-flow\">\n<p class=\"has-text-align-center has-large-font-size\"><\/p>\n<\/div><\/div>\n\n\n\n<h2 class=\"wp-block-heading\"><span class=\"ez-toc-section\" id=\"Labaya_Une_robe_musulmane_adaptee_a_chaque_saison\"><\/span>L&rsquo;abaya : Une robe musulmane adapt\u00e9e \u00e0 chaque saison<span class=\"ez-toc-section-end\"><\/span><\/h2>\n\n\n\n<p>Cette robe traditionnelle, devenue la tenue par excellence de la femme musulmane, peut se porter toute l&rsquo;ann\u00e9e. Dans chaque pays du monde o\u00f9 elle est port\u00e9e, comme \u00e0 Duba\u00ef ou en France, <strong>l&rsquo;abaya s&rsquo;adapte \u00e0 chaque saison.<\/strong> Souvent assortie d&rsquo;un voile ou d&rsquo;un niqab, l&rsquo;abaya est une tenue au style couvrant. Port\u00e9e avec un hijab, elle d\u00e9voile aux autres uniquement le visage et les mains des femmes.<\/p>\n\n\n\n<h3 class=\"wp-block-heading\"><span class=\"ez-toc-section\" id=\"Une_tenue_dete_pour_femme\"><\/span>Une tenue d&rsquo;\u00e9t\u00e9 pour femme<span class=\"ez-toc-section-end\"><\/span><\/h3>\n\n\n\n<p>Certaines abayas sont compos\u00e9es d&rsquo;un tissu tr\u00e8s l\u00e9ger. Celles-ci sont id\u00e9ales pour les pays chauds. Pays o\u00f9 <strong>les femmes recherchent du confort dans leur tenue tout en conservant une certaine pudeur<\/strong>. Une couleur claire est davantage appr\u00e9ci\u00e9e pour ne pas attirer les rayons du soleil. Cependant, l&rsquo;abaya se doit de pr\u00e9senter un tissu opaque quelle que soit sa couleur.<\/p>\n\n\n\n<h3 class=\"wp-block-heading\"><span class=\"ez-toc-section\" id=\"Une_robe_pour_les_femmes_en_hiver\"><\/span>Une robe pour les femmes en hiver<span class=\"ez-toc-section-end\"><\/span><\/h3>\n\n\n\n<p>La mode musulmane permet aux femmes de porter cette robe peu importe la saison. Chaque collection offre des tenues diff\u00e9rentes.<strong> Certaines abayas poss\u00e8dent un tissu plus \u00e9pais<\/strong> permettant d&rsquo;\u00eatre port\u00e9es en hiver. Aussi, le choix des couleurs est vaste et s&rsquo;adapte aux tendances de la mode. Afin de satisfaire chaque femme, il existe des abayas de toute taille et \u00e0 tous les prix.<\/p>\n\n\n\n<div class=\"wp-block-media-text alignwide is-stacked-on-mobile\" style=\"grid-template-columns:47% auto\"><figure class=\"wp-block-media-text__media\"><img decoding=\"async\" width=\"667\" height=\"1000\" src=\"https:\/\/neyssa-shop.com\/blog\/wp-content\/uploads\/2022\/05\/fond-de-robe_.jpg\" alt=\"\" class=\"wp-image-4912 size-full\" srcset=\"https:\/\/neyssa-shop.com\/blog\/wp-content\/uploads\/2022\/05\/fond-de-robe_.jpg 667w, https:\/\/neyssa-shop.com\/blog\/wp-content\/uploads\/2022\/05\/fond-de-robe_-200x300.jpg 200w\" sizes=\"(max-width: 667px) 100vw, 667px\" \/><\/figure><div class=\"wp-block-media-text__content\">\n<h2 class=\"wp-block-heading\"><span class=\"ez-toc-section\" id=\"Que_porter_sous_cette_robe\"><\/span>Que porter sous cette robe ?<span class=\"ez-toc-section-end\"><\/span><\/h2>\n\n\n\n<p>Porter l&rsquo;abaya n\u00e9cessite parfois de porter des v\u00eatements sous cette robe. Le port du jilbab, autre tenue pour femme musulmane, demande \u00e9galement de porter un v\u00eatement en dessous pour plus de confort. Porter un v\u00eatement sous l&rsquo;abaya <strong>permet de dissimuler les formes du corps <\/strong>et de ne pas attirer le regard des hommes. Pour cela, il existe diff\u00e9rentes pi\u00e8ces permettant de porter l&rsquo;abaya en toutes circonstances.<\/p>\n\n\n\n<h3 class=\"wp-block-heading\"><span class=\"ez-toc-section\" id=\"Un_vetement_leger\"><\/span>Un v\u00eatement l\u00e9ger<span class=\"ez-toc-section-end\"><\/span><\/h3>\n\n\n\n<p>Dans les pays chauds ou durant l&rsquo;\u00e9t\u00e9, <strong>une jupe l\u00e9g\u00e8re sous l&rsquo;abaya est suffisante.<\/strong> Il existe des jupes faisant office de doublure qui sont parfaitement adapt\u00e9es. Autre v\u00eatement possible :<strong> une sous-robe sans manches. <\/strong>Chacune permet ainsi de ne r\u00e9v\u00e9ler aucune forme du corps de la femme sans pour autant apporter de la chaleur.<\/p>\n\n\n\n<h3 class=\"wp-block-heading\"><span class=\"ez-toc-section\" id=\"Des_vetements_chauds\"><\/span>Des v\u00eatements chauds<span class=\"ez-toc-section-end\"><\/span><\/h3>\n\n\n\n<p>Le port de l&rsquo;abaya se fait m\u00eame en hiver dans les pays comme la France. Il existe plusieurs choix de tenues possibles \u00e0 porter sous cette robe. <strong>Un sous-pull et un legging<\/strong> <strong>ou un collant<\/strong> peuvent suffire et maintenir la temp\u00e9rature du corps au chaud. Si cela n&rsquo;est pas suffisant, un v\u00eatement chaud comme un pull polaire ou un sous-v\u00eatement thermique de ski, plus confortable, fonctionne. Pour le bas, <strong>un legging en polaire ou un bas de jogging molletonn\u00e9<\/strong> vient parfaire la tenue.<\/p>\n<\/div><\/div>\n\n\n\n<div class=\"wp-block-group\"><div class=\"wp-block-group__inner-container is-layout-flow wp-block-group-is-layout-flow\">\n<div class=\"wp-block-columns is-layout-flex wp-container-core-columns-is-layout-1 wp-block-columns-is-layout-flex\">\n<div class=\"wp-block-column is-layout-flow wp-block-column-is-layout-flow\">\n<figure class=\"wp-block-embed is-type-wp-embed is-provider-neyssa-le-blog wp-block-embed-neyssa-le-blog\"><div class=\"wp-block-embed__wrapper\">\n<blockquote class=\"wp-embedded-content\" data-secret=\"Q79fVyAe22\"><a href=\"https:\/\/neyssa-shop.com\/blog\/quel-collier-pour-quelle-abaya\/\">Quel collier pour quelle abaya ?<\/a><\/blockquote><iframe class=\"wp-embedded-content\" sandbox=\"allow-scripts\" security=\"restricted\" style=\"position: absolute; clip: rect(1px, 1px, 1px, 1px);\" title=\"\u00ab\u00a0Quel collier pour quelle abaya ?\u00a0\u00bb &#8212; Neyssa le blog\" src=\"https:\/\/neyssa-shop.com\/blog\/quel-collier-pour-quelle-abaya\/embed\/#?secret=Q79fVyAe22\" data-secret=\"Q79fVyAe22\" width=\"600\" height=\"338\" frameborder=\"0\" marginwidth=\"0\" marginheight=\"0\" scrolling=\"no\"><\/iframe>\n<\/div><\/figure>\n<\/div>\n\n\n\n<div class=\"wp-block-column is-layout-flow wp-block-column-is-layout-flow\">\n<figure class=\"wp-block-embed is-type-wp-embed is-provider-neyssa-le-blog wp-block-embed-neyssa-le-blog\"><div class=\"wp-block-embed__wrapper\">\n<blockquote class=\"wp-embedded-content\" data-secret=\"ECVyNLCH2J\"><a href=\"https:\/\/neyssa-shop.com\/blog\/quel-sac-choisir-avec-une-abaya\/\">Quel sac choisir avec une abaya ?<\/a><\/blockquote><iframe class=\"wp-embedded-content\" sandbox=\"allow-scripts\" security=\"restricted\" style=\"position: absolute; clip: rect(1px, 1px, 1px, 1px);\" title=\"\u00ab\u00a0Quel sac choisir avec une abaya ?\u00a0\u00bb &#8212; Neyssa le blog\" src=\"https:\/\/neyssa-shop.com\/blog\/quel-sac-choisir-avec-une-abaya\/embed\/#?secret=ECVyNLCH2J\" data-secret=\"ECVyNLCH2J\" width=\"600\" height=\"338\" frameborder=\"0\" marginwidth=\"0\" marginheight=\"0\" scrolling=\"no\"><\/iframe>\n<\/div><\/figure>\n<\/div>\n\n\n\n<div class=\"wp-block-column is-layout-flow wp-block-column-is-layout-flow\">\n<figure class=\"wp-block-embed is-type-wp-embed is-provider-neyssa-le-blog wp-block-embed-neyssa-le-blog\"><div class=\"wp-block-embed__wrapper\">\n<blockquote class=\"wp-embedded-content\" data-secret=\"A849ciVRCb\"><a href=\"https:\/\/neyssa-shop.com\/blog\/quelles-chaussures-porter-avec-la-abaya\/\">Quelles chaussures porter avec la abaya ?<\/a><\/blockquote><iframe class=\"wp-embedded-content\" sandbox=\"allow-scripts\" security=\"restricted\" style=\"position: absolute; clip: rect(1px, 1px, 1px, 1px);\" title=\"\u00ab\u00a0Quelles chaussures porter avec la abaya ?\u00a0\u00bb &#8212; Neyssa le blog\" src=\"https:\/\/neyssa-shop.com\/blog\/quelles-chaussures-porter-avec-la-abaya\/embed\/#?secret=A849ciVRCb\" data-secret=\"A849ciVRCb\" width=\"600\" height=\"338\" frameborder=\"0\" marginwidth=\"0\" marginheight=\"0\" scrolling=\"no\"><\/iframe>\n<\/div><\/figure>\n<\/div>\n<\/div>\n<\/div><\/div>\n","protected":false},"excerpt":{"rendered":"<p>D\u00e9couvrez quoi porter sous votre abaya, quelle que soit la saison L&rsquo;abaya est la robe traditionnelle que portent de nombreuses femmes des pays musulmans. Mais savez-vous comment porter une abaya ? Ou encore, que porter sous votre abaya ? D\u00e9couvrons ensemble quels v\u00eatements sont les plus adapt\u00e9s \u00e0 porter sous cette robe au style couvrant&#8230;<\/p>\n<p><a class=\"more-link\" href=\"https:\/\/neyssa-shop.com\/blog\/que-porter-sous-la-abaya\/\">En <em>savoir<\/em> plus<\/a><\/p>\n","protected":false},"author":11,"featured_media":4911,"parent":0,"menu_order":0,"comment_status":"open","ping_status":"closed","template":"","meta":{"_genesis_hide_title":false,"_genesis_hide_breadcrumbs":false,"_genesis_hide_singular_image":false,"_genesis_hide_footer_widgets":false,"_genesis_custom_body_class":"","_genesis_custom_post_class":"","_genesis_layout":"","footnotes":""},"class_list":{"0":"post-4340","1":"page","2":"type-page","3":"status-publish","4":"has-post-thumbnail","6":"entry"},"yoast_head":"<!-- This site is optimized with the Yoast SEO plugin v26.8 - https:\/\/yoast.com\/product\/yoast-seo-wordpress\/ -->\n<title>Que porter sous une abaya ? Conseils et astuces<\/title>\n<meta name=\"description\" content=\"\u00c9t\u00e9 comme hiver, d\u00e9couvrez ce que vous pouvez porter sous votre abaya afin de vous v\u00eatir de cette robe toute l&#039;ann\u00e9e.\" \/>\n<meta name=\"robots\" content=\"index, follow, max-snippet:-1, max-image-preview:large, max-video-preview:-1\" \/>\n<link rel=\"canonical\" href=\"https:\/\/neyssa-shop.com\/blog\/que-porter-sous-la-abaya\/\" \/>\n<meta property=\"og:locale\" content=\"fr_FR\" \/>\n<meta property=\"og:type\" content=\"article\" \/>\n<meta property=\"og:title\" content=\"Que porter sous une abaya ? Conseils et astuces\" \/>\n<meta property=\"og:description\" content=\"\u00c9t\u00e9 comme hiver, d\u00e9couvrez ce que vous pouvez porter sous votre abaya afin de vous v\u00eatir de cette robe toute l&#039;ann\u00e9e.\" \/>\n<meta property=\"og:url\" content=\"https:\/\/neyssa-shop.com\/blog\/que-porter-sous-la-abaya\/\" \/>\n<meta property=\"og:site_name\" content=\"Neyssa le blog\" \/>\n<meta property=\"article:publisher\" content=\"https:\/\/www.facebook.com\/neyssashop\/\" \/>\n<meta property=\"article:modified_time\" content=\"2022-05-31T12:09:23+00:00\" \/>\n<meta property=\"og:image\" content=\"https:\/\/neyssa-shop.com\/blog\/wp-content\/uploads\/2022\/05\/banniere.jpg\" \/>\n\t<meta property=\"og:image:width\" content=\"1920\" \/>\n\t<meta property=\"og:image:height\" content=\"689\" \/>\n\t<meta property=\"og:image:type\" content=\"image\/jpeg\" \/>\n<meta name=\"twitter:card\" content=\"summary_large_image\" \/>\n<meta name=\"twitter:site\" content=\"@neyssashop\" \/>\n<meta name=\"twitter:label1\" content=\"Dur\u00e9e de lecture estim\u00e9e\" \/>\n\t<meta name=\"twitter:data1\" content=\"3 minutes\" \/>\n<script type=\"application\/ld+json\" class=\"yoast-schema-graph\">{\"@context\":\"https:\/\/schema.org\",\"@graph\":[{\"@type\":\"WebPage\",\"@id\":\"https:\/\/neyssa-shop.com\/blog\/que-porter-sous-la-abaya\/\",\"url\":\"https:\/\/neyssa-shop.com\/blog\/que-porter-sous-la-abaya\/\",\"name\":\"Que porter sous une abaya ? Conseils et astuces\",\"isPartOf\":{\"@id\":\"https:\/\/neyssa-shop.com\/blog\/#website\"},\"primaryImageOfPage\":{\"@id\":\"https:\/\/neyssa-shop.com\/blog\/que-porter-sous-la-abaya\/#primaryimage\"},\"image\":{\"@id\":\"https:\/\/neyssa-shop.com\/blog\/que-porter-sous-la-abaya\/#primaryimage\"},\"thumbnailUrl\":\"https:\/\/neyssa-shop.com\/blog\/wp-content\/uploads\/2022\/05\/banniere.jpg\",\"datePublished\":\"2022-01-13T08:38:52+00:00\",\"dateModified\":\"2022-05-31T12:09:23+00:00\",\"description\":\"\u00c9t\u00e9 comme hiver, d\u00e9couvrez ce que vous pouvez porter sous votre abaya afin de vous v\u00eatir de cette robe toute l'ann\u00e9e.\",\"breadcrumb\":{\"@id\":\"https:\/\/neyssa-shop.com\/blog\/que-porter-sous-la-abaya\/#breadcrumb\"},\"inLanguage\":\"fr-FR\",\"potentialAction\":[{\"@type\":\"ReadAction\",\"target\":[\"https:\/\/neyssa-shop.com\/blog\/que-porter-sous-la-abaya\/\"]}]},{\"@type\":\"ImageObject\",\"inLanguage\":\"fr-FR\",\"@id\":\"https:\/\/neyssa-shop.com\/blog\/que-porter-sous-la-abaya\/#primaryimage\",\"url\":\"https:\/\/neyssa-shop.com\/blog\/wp-content\/uploads\/2022\/05\/banniere.jpg\",\"contentUrl\":\"https:\/\/neyssa-shop.com\/blog\/wp-content\/uploads\/2022\/05\/banniere.jpg\",\"width\":1920,\"height\":689},{\"@type\":\"BreadcrumbList\",\"@id\":\"https:\/\/neyssa-shop.com\/blog\/que-porter-sous-la-abaya\/#breadcrumb\",\"itemListElement\":[{\"@type\":\"ListItem\",\"position\":1,\"name\":\"Accueil\",\"item\":\"https:\/\/neyssa-shop.com\/blog\/\"},{\"@type\":\"ListItem\",\"position\":2,\"name\":\"Que porter sous la abaya ?\"}]},{\"@type\":\"WebSite\",\"@id\":\"https:\/\/neyssa-shop.com\/blog\/#website\",\"url\":\"https:\/\/neyssa-shop.com\/blog\/\",\"name\":\"Neyssa le blog\",\"description\":\"Un blog d\u00e9di\u00e9 \u00e0 la femme musulmane\",\"publisher\":{\"@id\":\"https:\/\/neyssa-shop.com\/blog\/#organization\"},\"potentialAction\":[{\"@type\":\"SearchAction\",\"target\":{\"@type\":\"EntryPoint\",\"urlTemplate\":\"https:\/\/neyssa-shop.com\/blog\/?s={search_term_string}\"},\"query-input\":{\"@type\":\"PropertyValueSpecification\",\"valueRequired\":true,\"valueName\":\"search_term_string\"}}],\"inLanguage\":\"fr-FR\"},{\"@type\":\"Organization\",\"@id\":\"https:\/\/neyssa-shop.com\/blog\/#organization\",\"name\":\"Neyssa Shop\",\"url\":\"https:\/\/neyssa-shop.com\/blog\/\",\"logo\":{\"@type\":\"ImageObject\",\"inLanguage\":\"fr-FR\",\"@id\":\"https:\/\/neyssa-shop.com\/blog\/#\/schema\/logo\/image\/\",\"url\":\"https:\/\/neyssa-shop.com\/blog\/wp-content\/uploads\/2021\/03\/neyssa-boutique-logo-1610747292.jpg\",\"contentUrl\":\"https:\/\/neyssa-shop.com\/blog\/wp-content\/uploads\/2021\/03\/neyssa-boutique-logo-1610747292.jpg\",\"width\":271,\"height\":70,\"caption\":\"Neyssa Shop\"},\"image\":{\"@id\":\"https:\/\/neyssa-shop.com\/blog\/#\/schema\/logo\/image\/\"},\"sameAs\":[\"https:\/\/www.facebook.com\/neyssashop\/\",\"https:\/\/x.com\/neyssashop\",\"https:\/\/www.instagram.com\/neyssa_shop\/\",\"https:\/\/www.pinterest.fr\/neyssa_shop\/_created\/\",\"https:\/\/www.youtube.com\/channel\/UCkQ9s8jXTLi2yVzyeugVAMg\"]}]}<\/script>\n<!-- \/ Yoast SEO plugin. -->","yoast_head_json":{"title":"Que porter sous une abaya ? Conseils et astuces","description":"\u00c9t\u00e9 comme hiver, d\u00e9couvrez ce que vous pouvez porter sous votre abaya afin de vous v\u00eatir de cette robe toute l'ann\u00e9e.","robots":{"index":"index","follow":"follow","max-snippet":"max-snippet:-1","max-image-preview":"max-image-preview:large","max-video-preview":"max-video-preview:-1"},"canonical":"https:\/\/neyssa-shop.com\/blog\/que-porter-sous-la-abaya\/","og_locale":"fr_FR","og_type":"article","og_title":"Que porter sous une abaya ? Conseils et astuces","og_description":"\u00c9t\u00e9 comme hiver, d\u00e9couvrez ce que vous pouvez porter sous votre abaya afin de vous v\u00eatir de cette robe toute l'ann\u00e9e.","og_url":"https:\/\/neyssa-shop.com\/blog\/que-porter-sous-la-abaya\/","og_site_name":"Neyssa le blog","article_publisher":"https:\/\/www.facebook.com\/neyssashop\/","article_modified_time":"2022-05-31T12:09:23+00:00","og_image":[{"width":1920,"height":689,"url":"https:\/\/neyssa-shop.com\/blog\/wp-content\/uploads\/2022\/05\/banniere.jpg","type":"image\/jpeg"}],"twitter_card":"summary_large_image","twitter_site":"@neyssashop","twitter_misc":{"Dur\u00e9e de lecture estim\u00e9e":"3 minutes"},"schema":{"@context":"https:\/\/schema.org","@graph":[{"@type":"WebPage","@id":"https:\/\/neyssa-shop.com\/blog\/que-porter-sous-la-abaya\/","url":"https:\/\/neyssa-shop.com\/blog\/que-porter-sous-la-abaya\/","name":"Que porter sous une abaya ? Conseils et astuces","isPartOf":{"@id":"https:\/\/neyssa-shop.com\/blog\/#website"},"primaryImageOfPage":{"@id":"https:\/\/neyssa-shop.com\/blog\/que-porter-sous-la-abaya\/#primaryimage"},"image":{"@id":"https:\/\/neyssa-shop.com\/blog\/que-porter-sous-la-abaya\/#primaryimage"},"thumbnailUrl":"https:\/\/neyssa-shop.com\/blog\/wp-content\/uploads\/2022\/05\/banniere.jpg","datePublished":"2022-01-13T08:38:52+00:00","dateModified":"2022-05-31T12:09:23+00:00","description":"\u00c9t\u00e9 comme hiver, d\u00e9couvrez ce que vous pouvez porter sous votre abaya afin de vous v\u00eatir de cette robe toute l'ann\u00e9e.","breadcrumb":{"@id":"https:\/\/neyssa-shop.com\/blog\/que-porter-sous-la-abaya\/#breadcrumb"},"inLanguage":"fr-FR","potentialAction":[{"@type":"ReadAction","target":["https:\/\/neyssa-shop.com\/blog\/que-porter-sous-la-abaya\/"]}]},{"@type":"ImageObject","inLanguage":"fr-FR","@id":"https:\/\/neyssa-shop.com\/blog\/que-porter-sous-la-abaya\/#primaryimage","url":"https:\/\/neyssa-shop.com\/blog\/wp-content\/uploads\/2022\/05\/banniere.jpg","contentUrl":"https:\/\/neyssa-shop.com\/blog\/wp-content\/uploads\/2022\/05\/banniere.jpg","width":1920,"height":689},{"@type":"BreadcrumbList","@id":"https:\/\/neyssa-shop.com\/blog\/que-porter-sous-la-abaya\/#breadcrumb","itemListElement":[{"@type":"ListItem","position":1,"name":"Accueil","item":"https:\/\/neyssa-shop.com\/blog\/"},{"@type":"ListItem","position":2,"name":"Que porter sous la abaya ?"}]},{"@type":"WebSite","@id":"https:\/\/neyssa-shop.com\/blog\/#website","url":"https:\/\/neyssa-shop.com\/blog\/","name":"Neyssa le blog","description":"Un blog d\u00e9di\u00e9 \u00e0 la femme musulmane","publisher":{"@id":"https:\/\/neyssa-shop.com\/blog\/#organization"},"potentialAction":[{"@type":"SearchAction","target":{"@type":"EntryPoint","urlTemplate":"https:\/\/neyssa-shop.com\/blog\/?s={search_term_string}"},"query-input":{"@type":"PropertyValueSpecification","valueRequired":true,"valueName":"search_term_string"}}],"inLanguage":"fr-FR"},{"@type":"Organization","@id":"https:\/\/neyssa-shop.com\/blog\/#organization","name":"Neyssa Shop","url":"https:\/\/neyssa-shop.com\/blog\/","logo":{"@type":"ImageObject","inLanguage":"fr-FR","@id":"https:\/\/neyssa-shop.com\/blog\/#\/schema\/logo\/image\/","url":"https:\/\/neyssa-shop.com\/blog\/wp-content\/uploads\/2021\/03\/neyssa-boutique-logo-1610747292.jpg","contentUrl":"https:\/\/neyssa-shop.com\/blog\/wp-content\/uploads\/2021\/03\/neyssa-boutique-logo-1610747292.jpg","width":271,"height":70,"caption":"Neyssa Shop"},"image":{"@id":"https:\/\/neyssa-shop.com\/blog\/#\/schema\/logo\/image\/"},"sameAs":["https:\/\/www.facebook.com\/neyssashop\/","https:\/\/x.com\/neyssashop","https:\/\/www.instagram.com\/neyssa_shop\/","https:\/\/www.pinterest.fr\/neyssa_shop\/_created\/","https:\/\/www.youtube.com\/channel\/UCkQ9s8jXTLi2yVzyeugVAMg"]}]}},"_links":{"self":[{"href":"https:\/\/neyssa-shop.com\/blog\/wp-json\/wp\/v2\/pages\/4340","targetHints":{"allow":["GET"]}}],"collection":[{"href":"https:\/\/neyssa-shop.com\/blog\/wp-json\/wp\/v2\/pages"}],"about":[{"href":"https:\/\/neyssa-shop.com\/blog\/wp-json\/wp\/v2\/types\/page"}],"author":[{"embeddable":true,"href":"https:\/\/neyssa-shop.com\/blog\/wp-json\/wp\/v2\/users\/11"}],"replies":[{"embeddable":true,"href":"https:\/\/neyssa-shop.com\/blog\/wp-json\/wp\/v2\/comments?post=4340"}],"version-history":[{"count":5,"href":"https:\/\/neyssa-shop.com\/blog\/wp-json\/wp\/v2\/pages\/4340\/revisions"}],"predecessor-version":[{"id":4914,"href":"https:\/\/neyssa-shop.com\/blog\/wp-json\/wp\/v2\/pages\/4340\/revisions\/4914"}],"wp:featuredmedia":[{"embeddable":true,"href":"https:\/\/neyssa-shop.com\/blog\/wp-json\/wp\/v2\/media\/4911"}],"wp:attachment":[{"href":"https:\/\/neyssa-shop.com\/blog\/wp-json\/wp\/v2\/media?parent=4340"}],"curies":[{"name":"wp","href":"https:\/\/api.w.org\/{rel}","templated":true}]}}