{"id":4338,"date":"2022-01-13T09:38:52","date_gmt":"2022-01-13T08:38:52","guid":{"rendered":"https:\/\/neyssa-shop.com\/blog\/?page_id=4338"},"modified":"2022-05-12T22:50:57","modified_gmt":"2022-05-12T20:50:57","slug":"dans-quels-pays-porte-on-la-abaya","status":"publish","type":"page","link":"https:\/\/neyssa-shop.com\/blog\/dans-quels-pays-porte-on-la-abaya\/","title":{"rendered":"Dans quels pays porte-t-on la abaya ?"},"content":{"rendered":"\n<div id=\"ez-toc-container\" class=\"ez-toc-v2_0_72 counter-hierarchy ez-toc-counter ez-toc-grey ez-toc-container-direction\">\n<label for=\"ez-toc-cssicon-toggle-item-69e71432a81a4\" class=\"ez-toc-cssicon-toggle-label\"><span class=\"\"><span class=\"eztoc-hide\" style=\"display:none;\">Toggle<\/span><span class=\"ez-toc-icon-toggle-span\"><svg style=\"fill: #999;color:#999\" xmlns=\"http:\/\/www.w3.org\/2000\/svg\" class=\"list-377408\" width=\"20px\" height=\"20px\" viewBox=\"0 0 24 24\" fill=\"none\"><path d=\"M6 6H4v2h2V6zm14 0H8v2h12V6zM4 11h2v2H4v-2zm16 0H8v2h12v-2zM4 16h2v2H4v-2zm16 0H8v2h12v-2z\" fill=\"currentColor\"><\/path><\/svg><svg style=\"fill: #999;color:#999\" class=\"arrow-unsorted-368013\" xmlns=\"http:\/\/www.w3.org\/2000\/svg\" width=\"10px\" height=\"10px\" viewBox=\"0 0 24 24\" version=\"1.2\" baseProfile=\"tiny\"><path d=\"M18.2 9.3l-6.2-6.3-6.2 6.3c-.2.2-.3.4-.3.7s.1.5.3.7c.2.2.4.3.7.3h11c.3 0 .5-.1.7-.3.2-.2.3-.5.3-.7s-.1-.5-.3-.7zM5.8 14.7l6.2 6.3 6.2-6.3c.2-.2.3-.5.3-.7s-.1-.5-.3-.7c-.2-.2-.4-.3-.7-.3h-11c-.3 0-.5.1-.7.3-.2.2-.3.5-.3.7s.1.5.3.7z\"\/><\/svg><\/span><\/span><\/label><input type=\"checkbox\"  id=\"ez-toc-cssicon-toggle-item-69e71432a81a4\"  aria-label=\"Toggle\" \/><nav><ul class='ez-toc-list ez-toc-list-level-1 ' ><li class='ez-toc-page-1 ez-toc-heading-level-1'><a class=\"ez-toc-link ez-toc-heading-1\" href=\"https:\/\/neyssa-shop.com\/blog\/dans-quels-pays-porte-on-la-abaya\/#Decouvrez_dans_quels_pays_porte-t-on_labaya_cette_robe_traditionnelle_portee_par_les_femmes\" title=\"D\u00e9couvrez dans quels pays porte-t-on l&rsquo;abaya, cette robe traditionnelle port\u00e9e par les femmes\">D\u00e9couvrez dans quels pays porte-t-on l&rsquo;abaya, cette robe traditionnelle port\u00e9e par les femmes<\/a><ul class='ez-toc-list-level-2' ><li class='ez-toc-heading-level-2'><a class=\"ez-toc-link ez-toc-heading-2\" href=\"https:\/\/neyssa-shop.com\/blog\/dans-quels-pays-porte-on-la-abaya\/#Labaya_un_vetement_porte_dans_le_monde_entier\" title=\"L&rsquo;abaya : un v\u00eatement port\u00e9 dans le monde entier\">L&rsquo;abaya : un v\u00eatement port\u00e9 dans le monde entier<\/a><\/li><li class='ez-toc-page-1 ez-toc-heading-level-2'><a class=\"ez-toc-link ez-toc-heading-3\" href=\"https:\/\/neyssa-shop.com\/blog\/dans-quels-pays-porte-on-la-abaya\/#Labaya_dans_la_peninsule_arabique\" title=\"L&rsquo;abaya dans la p\u00e9ninsule arabique\">L&rsquo;abaya dans la p\u00e9ninsule arabique<\/a><ul class='ez-toc-list-level-3' ><li class='ez-toc-heading-level-3'><a class=\"ez-toc-link ez-toc-heading-4\" href=\"https:\/\/neyssa-shop.com\/blog\/dans-quels-pays-porte-on-la-abaya\/#Labaya_en_Arabie_saoudite\" title=\"L&rsquo;abaya en Arabie saoudite\">L&rsquo;abaya en Arabie saoudite<\/a><\/li><li class='ez-toc-page-1 ez-toc-heading-level-3'><a class=\"ez-toc-link ez-toc-heading-5\" href=\"https:\/\/neyssa-shop.com\/blog\/dans-quels-pays-porte-on-la-abaya\/#LAbaya_a_Dubai_et_aux_Emirats\" title=\"L&rsquo;Abaya \u00e0 Duba\u00ef et aux Emirats\">L&rsquo;Abaya \u00e0 Duba\u00ef et aux Emirats<\/a><\/li><li class='ez-toc-page-1 ez-toc-heading-level-3'><a class=\"ez-toc-link ez-toc-heading-6\" href=\"https:\/\/neyssa-shop.com\/blog\/dans-quels-pays-porte-on-la-abaya\/#Le_port_de_labaya_au_Maghreb\" title=\"Le port de l&rsquo;abaya au Maghreb\">Le port de l&rsquo;abaya au Maghreb<\/a><\/li><\/ul><\/li><li class='ez-toc-page-1 ez-toc-heading-level-2'><a class=\"ez-toc-link ez-toc-heading-7\" href=\"https:\/\/neyssa-shop.com\/blog\/dans-quels-pays-porte-on-la-abaya\/#Larrivee_de_labaya_en_France\" title=\"L&rsquo;arriv\u00e9e de l&rsquo;abaya en France\">L&rsquo;arriv\u00e9e de l&rsquo;abaya en France<\/a><ul class='ez-toc-list-level-3' ><li class='ez-toc-heading-level-3'><a class=\"ez-toc-link ez-toc-heading-8\" href=\"https:\/\/neyssa-shop.com\/blog\/dans-quels-pays-porte-on-la-abaya\/#Labaya_un_vetement_islamique_et_mode\" title=\"L&rsquo;abaya : un v\u00eatement islamique et mode\">L&rsquo;abaya : un v\u00eatement islamique et mode<\/a><\/li><li class='ez-toc-page-1 ez-toc-heading-level-3'><a class=\"ez-toc-link ez-toc-heading-9\" href=\"https:\/\/neyssa-shop.com\/blog\/dans-quels-pays-porte-on-la-abaya\/#Le_kimono_La_version_ouverte_de_labaya\" title=\"Le kimono : La version ouverte de l&rsquo;abaya\">Le kimono : La version ouverte de l&rsquo;abaya<\/a><\/li><\/ul><\/li><\/ul><\/li><\/ul><\/nav><\/div>\n<h1 class=\"wp-block-heading\"><span class=\"ez-toc-section\" id=\"Decouvrez_dans_quels_pays_porte-t-on_labaya_cette_robe_traditionnelle_portee_par_les_femmes\"><\/span>D\u00e9couvrez dans quels pays porte-t-on l&rsquo;abaya, cette robe traditionnelle port\u00e9e par les femmes<span class=\"ez-toc-section-end\"><\/span><\/h1>\n\n\n\n<figure class=\"wp-block-gallery columns-1 is-cropped wp-block-gallery-1 is-layout-flex wp-block-gallery-is-layout-flex\"><ul class=\"blocks-gallery-grid\"><li class=\"blocks-gallery-item\"><figure><img fetchpriority=\"high\" decoding=\"async\" width=\"1024\" height=\"683\" src=\"https:\/\/neyssa-shop.com\/blog\/wp-content\/uploads\/2022\/05\/DSC_0044-Copier-1024x683.jpg\" alt=\"\" data-id=\"4797\" data-full-url=\"https:\/\/neyssa-shop.com\/blog\/wp-content\/uploads\/2022\/05\/DSC_0044-Copier.jpg\" data-link=\"https:\/\/neyssa-shop.com\/blog\/dans-quels-pays-porte-on-la-abaya\/dsc_0044-copier\/\" class=\"wp-image-4797\" srcset=\"https:\/\/neyssa-shop.com\/blog\/wp-content\/uploads\/2022\/05\/DSC_0044-Copier-1024x683.jpg 1024w, https:\/\/neyssa-shop.com\/blog\/wp-content\/uploads\/2022\/05\/DSC_0044-Copier-300x200.jpg 300w, https:\/\/neyssa-shop.com\/blog\/wp-content\/uploads\/2022\/05\/DSC_0044-Copier-768x512.jpg 768w, https:\/\/neyssa-shop.com\/blog\/wp-content\/uploads\/2022\/05\/DSC_0044-Copier-1536x1024.jpg 1536w, https:\/\/neyssa-shop.com\/blog\/wp-content\/uploads\/2022\/05\/DSC_0044-Copier-750x500.jpg 750w, https:\/\/neyssa-shop.com\/blog\/wp-content\/uploads\/2022\/05\/DSC_0044-Copier.jpg 1600w\" sizes=\"(max-width: 1024px) 100vw, 1024px\" \/><\/figure><\/li><\/ul><\/figure>\n\n\n\n<p>L&rsquo;abaya est une robe longue, souvent de couleur noire. <strong>Mais concr\u00e8tement, <\/strong><a href=\"https:\/\/neyssa-shop.com\/blog\/qu-est-ce-qu-une-abaya\">Qu&rsquo;est-ce qu&rsquo;une abaya ?<\/a>Dans quels pays porte-t-on l&rsquo;abaya ? Pour quelles raisons les femmes portent-elles ce v\u00eatement ? Une robe souvent associ\u00e9e \u00e0 un hijab, faisant la tenue ad\u00e9quate pour la femme musulmane.<\/p>\n\n\n\n<h2 class=\"wp-block-heading\"><span class=\"ez-toc-section\" id=\"Labaya_un_vetement_porte_dans_le_monde_entier\"><\/span>L&rsquo;abaya : un v\u00eatement port\u00e9 dans le monde entier<span class=\"ez-toc-section-end\"><\/span><\/h2>\n\n\n\n<p>Le monde musulman ne se limite pas aux portes de l&rsquo;Arabie saoudite. Il existe des femmes musulmanes dans le monde entier. <strong>L&rsquo;abaya est une robe traditionnelle tr\u00e8s souvent assortie d&rsquo;un voile<\/strong> et parfois d&rsquo;un niqab. Ce dernier dissimule le visage des femmes.<\/p>\n\n\n\n<h2 class=\"wp-block-heading\"><span class=\"ez-toc-section\" id=\"Labaya_dans_la_peninsule_arabique\"><\/span>L&rsquo;abaya dans la p\u00e9ninsule arabique<span class=\"ez-toc-section-end\"><\/span><\/h2>\n\n\n\n<p>L&rsquo;abaya est originaire d&rsquo;Arabie. Cette<strong> robe dissimulant les formes du corps par sa taille ample et ses longues manches <\/strong>est devenue la tenue traditionnelle de la femme musulmane. L&rsquo;abaya r\u00e9pond aux attentes de pudeur et de modestie en masquant les formes du corps. Assortie d&rsquo;un niqab, elle devient une burqa, dissimulant le visage de la femme.<\/p>\n\n\n\n<div class=\"wp-block-media-text alignwide is-stacked-on-mobile\"><figure class=\"wp-block-media-text__media\"><img decoding=\"async\" width=\"662\" height=\"914\" src=\"https:\/\/neyssa-shop.com\/blog\/wp-content\/uploads\/2022\/02\/abaya-dubai-karime.jpg\" alt=\"\" class=\"wp-image-4712 size-full\" srcset=\"https:\/\/neyssa-shop.com\/blog\/wp-content\/uploads\/2022\/02\/abaya-dubai-karime.jpg 662w, https:\/\/neyssa-shop.com\/blog\/wp-content\/uploads\/2022\/02\/abaya-dubai-karime-217x300.jpg 217w\" sizes=\"(max-width: 662px) 100vw, 662px\" \/><\/figure><div class=\"wp-block-media-text__content\">\n<h3 class=\"wp-block-heading\"><span class=\"ez-toc-section\" id=\"Labaya_en_Arabie_saoudite\"><\/span>L&rsquo;abaya en Arabie saoudite<span class=\"ez-toc-section-end\"><\/span><\/h3>\n\n\n\n<p>En Arabie saoudite, <strong>la loi oblige les femmes \u00e0 porter une abaya dans un lieu public.<\/strong> Elles doivent la porter avec un hijab afin de cacher leurs cheveux comme signe de pudeur. Certaines femmes portent le jilbab, une autre tenue musulmane couvrant les cheveux et le corps. D&rsquo;autres portent la burqa, le voile int\u00e9gral, notamment dans la ville de la Mecque.<\/p>\n\n\n\n<h3 class=\"wp-block-heading\"><span class=\"ez-toc-section\" id=\"LAbaya_a_Dubai_et_aux_Emirats\"><\/span>L&rsquo;Abaya \u00e0 Duba\u00ef et aux Emirats<span class=\"ez-toc-section-end\"><\/span><\/h3>\n\n\n\n<p>Les femmes des Emirats portent g\u00e9n\u00e9ralement une abaya pour sortir. <strong>Les abayas de Duba\u00ef sont connues pour leur tissu noble et leur qualit\u00e9 incomparable. <\/strong>Chaque collection propose de nouveaux articles en accord avec les codes de la mode. Cette soci\u00e9t\u00e9 ultramoderne r\u00e9pond aux tendances tout en conservant un v\u00eatement en accord avec les pr\u00e9ceptes de l&rsquo;islam.<\/p>\n\n\n\n<h3 class=\"wp-block-heading\"><span class=\"ez-toc-section\" id=\"Le_port_de_labaya_au_Maghreb\"><\/span>Le port de l&rsquo;abaya au Maghreb<span class=\"ez-toc-section-end\"><\/span><\/h3>\n\n\n\n<p>Dans les pays du Maghreb, les femmes portent diff\u00e9rents v\u00eatements.<strong> L&rsquo;abaya peut \u00eatre port\u00e9e par la femme musulmane lorsqu&rsquo;elle sort dans un endroit public<\/strong> ou pour se rendre \u00e0 la mosqu\u00e9e. Il existe en Afrique du Nord un v\u00eatement similaire \u00e0 l&rsquo;abaya: la djellaba. N&rsquo;\u00e9tant pas impos\u00e9 par la loi, de nombreuses femmes portent des tenues plus occidentales.<\/p>\n<\/div><\/div>\n\n\n\n<h2 class=\"wp-block-heading\"><span class=\"ez-toc-section\" id=\"Larrivee_de_labaya_en_France\"><\/span>L&rsquo;arriv\u00e9e de l&rsquo;abaya en France<span class=\"ez-toc-section-end\"><\/span><\/h2>\n\n\n\n<p>Le choix des v\u00eatements pour la femme musulmane en France est consid\u00e9rable. <strong>L&rsquo;abaya est un v\u00eatement traditionnel qui s\u00e9duit de nombreuses femmes<\/strong> fran\u00e7aises musulmanes. Elles le portent assorties d&rsquo;un hijab et parfois d&rsquo;un kimono.<\/p>\n\n\n\n<h3 class=\"wp-block-heading\"><span class=\"ez-toc-section\" id=\"Labaya_un_vetement_islamique_et_mode\"><\/span>L&rsquo;abaya : un v\u00eatement islamique et mode<span class=\"ez-toc-section-end\"><\/span><\/h3>\n\n\n\n<p>La mode s&rsquo;adapte \u00e0 tous les styles. L&rsquo;abaya ne fait pas exception. Des grandes marques ont elles aussi cr\u00e9\u00e9 des collections proposant des abayas. De cette mani\u00e8re, cette tenue s&rsquo;est d\u00e9mocratis\u00e9e et s&rsquo;int\u00e8gre dans la soci\u00e9t\u00e9 moderne. <strong>Cette robe suit les tendances de la mode <\/strong>et compte m\u00eame des articles d\u00e9riv\u00e9s comme le burkini, permettant \u00e0 la femme musulmane de porter une tenue couvrante lors d&rsquo;activit\u00e9s nautiques.<\/p>\n\n\n\n<h3 class=\"wp-block-heading\"><span class=\"ez-toc-section\" id=\"Le_kimono_La_version_ouverte_de_labaya\"><\/span>Le kimono : La version ouverte de l&rsquo;abaya<span class=\"ez-toc-section-end\"><\/span><\/h3>\n\n\n\n<p>Une autre version de l&rsquo;abaya voit le jour depuis quelque temps. Il s&rsquo;agit du kimono. Une <strong>sorte de version ouverte de l&rsquo;abaya.<\/strong> Il peut se porter ouvert, au-dessus de l&rsquo;abaya et couvrir davantage le corps. Le kimono peut aussi se porter ferm\u00e9 se transformant lui-m\u00eame en abaya.<\/p>\n\n\n\n<p>Pour en savoir plus sur l&rsquo;origine de l&rsquo;abaya, nous vous conseillons :<\/p>\n\n\n\n<figure class=\"wp-block-embed is-type-wp-embed is-provider-neyssa-le-blog wp-block-embed-neyssa-le-blog\"><div class=\"wp-block-embed__wrapper\">\n<blockquote class=\"wp-embedded-content\" data-secret=\"dOad0ijCNC\"><a href=\"https:\/\/neyssa-shop.com\/blog\/quelle-est-l-origine-de-la-abaya\/\">Quelle est l&rsquo;origine de la abaya ?<\/a><\/blockquote><iframe class=\"wp-embedded-content\" sandbox=\"allow-scripts\" security=\"restricted\" style=\"position: absolute; clip: rect(1px, 1px, 1px, 1px);\" title=\"\u00ab\u00a0Quelle est l&rsquo;origine de la abaya ?\u00a0\u00bb &#8212; Neyssa le blog\" src=\"https:\/\/neyssa-shop.com\/blog\/quelle-est-l-origine-de-la-abaya\/embed\/#?secret=dOad0ijCNC\" data-secret=\"dOad0ijCNC\" width=\"600\" height=\"338\" frameborder=\"0\" marginwidth=\"0\" marginheight=\"0\" scrolling=\"no\"><\/iframe>\n<\/div><\/figure>\n","protected":false},"excerpt":{"rendered":"<p>D\u00e9couvrez dans quels pays porte-t-on l&rsquo;abaya, cette robe traditionnelle port\u00e9e par les femmes L&rsquo;abaya est une robe longue, souvent de couleur noire. Mais concr\u00e8tement, Qu&rsquo;est-ce qu&rsquo;une abaya ?Dans quels pays porte-t-on l&rsquo;abaya ? Pour quelles raisons les femmes portent-elles ce v\u00eatement ? Une robe souvent associ\u00e9e \u00e0 un hijab, faisant la tenue ad\u00e9quate pour la&#8230;<\/p>\n<p><a class=\"more-link\" href=\"https:\/\/neyssa-shop.com\/blog\/dans-quels-pays-porte-on-la-abaya\/\">En <em>savoir<\/em> plus<\/a><\/p>\n","protected":false},"author":11,"featured_media":4797,"parent":0,"menu_order":0,"comment_status":"open","ping_status":"closed","template":"","meta":{"_genesis_hide_title":false,"_genesis_hide_breadcrumbs":false,"_genesis_hide_singular_image":false,"_genesis_hide_footer_widgets":false,"_genesis_custom_body_class":"","_genesis_custom_post_class":"","_genesis_layout":"","footnotes":""},"class_list":{"0":"post-4338","1":"page","2":"type-page","3":"status-publish","4":"has-post-thumbnail","6":"entry"},"yoast_head":"<!-- This site is optimized with the Yoast SEO plugin v26.8 - https:\/\/yoast.com\/product\/yoast-seo-wordpress\/ -->\n<title>Dans quels pays porte-t-on l&#039;abaya ?<\/title>\n<meta name=\"description\" content=\"L&#039;abaya est un v\u00eatement traditionnel port\u00e9 par les femmes musulmanes. D\u00e9couvrez dans quels pays porte-t-on l&#039;abaya, cette longue et \u00e9l\u00e9gante robe.\" \/>\n<meta name=\"robots\" content=\"index, follow, max-snippet:-1, max-image-preview:large, max-video-preview:-1\" \/>\n<link rel=\"canonical\" href=\"https:\/\/neyssa-shop.com\/blog\/dans-quels-pays-porte-on-la-abaya\/\" \/>\n<meta property=\"og:locale\" content=\"fr_FR\" \/>\n<meta property=\"og:type\" content=\"article\" \/>\n<meta property=\"og:title\" content=\"Dans quels pays porte-t-on l&#039;abaya ?\" \/>\n<meta property=\"og:description\" content=\"L&#039;abaya est un v\u00eatement traditionnel port\u00e9 par les femmes musulmanes. D\u00e9couvrez dans quels pays porte-t-on l&#039;abaya, cette longue et \u00e9l\u00e9gante robe.\" \/>\n<meta property=\"og:url\" content=\"https:\/\/neyssa-shop.com\/blog\/dans-quels-pays-porte-on-la-abaya\/\" \/>\n<meta property=\"og:site_name\" content=\"Neyssa le blog\" \/>\n<meta property=\"article:publisher\" content=\"https:\/\/www.facebook.com\/neyssashop\/\" \/>\n<meta property=\"article:modified_time\" content=\"2022-05-12T20:50:57+00:00\" \/>\n<meta property=\"og:image\" content=\"https:\/\/neyssa-shop.com\/blog\/wp-content\/uploads\/2022\/05\/DSC_0044-Copier.jpg\" \/>\n\t<meta property=\"og:image:width\" content=\"1600\" \/>\n\t<meta property=\"og:image:height\" content=\"1067\" \/>\n\t<meta property=\"og:image:type\" content=\"image\/jpeg\" \/>\n<meta name=\"twitter:card\" content=\"summary_large_image\" \/>\n<meta name=\"twitter:site\" content=\"@neyssashop\" \/>\n<meta name=\"twitter:label1\" content=\"Dur\u00e9e de lecture estim\u00e9e\" \/>\n\t<meta name=\"twitter:data1\" content=\"4 minutes\" \/>\n<script type=\"application\/ld+json\" class=\"yoast-schema-graph\">{\"@context\":\"https:\/\/schema.org\",\"@graph\":[{\"@type\":\"WebPage\",\"@id\":\"https:\/\/neyssa-shop.com\/blog\/dans-quels-pays-porte-on-la-abaya\/\",\"url\":\"https:\/\/neyssa-shop.com\/blog\/dans-quels-pays-porte-on-la-abaya\/\",\"name\":\"Dans quels pays porte-t-on l'abaya ?\",\"isPartOf\":{\"@id\":\"https:\/\/neyssa-shop.com\/blog\/#website\"},\"primaryImageOfPage\":{\"@id\":\"https:\/\/neyssa-shop.com\/blog\/dans-quels-pays-porte-on-la-abaya\/#primaryimage\"},\"image\":{\"@id\":\"https:\/\/neyssa-shop.com\/blog\/dans-quels-pays-porte-on-la-abaya\/#primaryimage\"},\"thumbnailUrl\":\"https:\/\/neyssa-shop.com\/blog\/wp-content\/uploads\/2022\/05\/DSC_0044-Copier.jpg\",\"datePublished\":\"2022-01-13T08:38:52+00:00\",\"dateModified\":\"2022-05-12T20:50:57+00:00\",\"description\":\"L'abaya est un v\u00eatement traditionnel port\u00e9 par les femmes musulmanes. D\u00e9couvrez dans quels pays porte-t-on l'abaya, cette longue et \u00e9l\u00e9gante robe.\",\"breadcrumb\":{\"@id\":\"https:\/\/neyssa-shop.com\/blog\/dans-quels-pays-porte-on-la-abaya\/#breadcrumb\"},\"inLanguage\":\"fr-FR\",\"potentialAction\":[{\"@type\":\"ReadAction\",\"target\":[\"https:\/\/neyssa-shop.com\/blog\/dans-quels-pays-porte-on-la-abaya\/\"]}]},{\"@type\":\"ImageObject\",\"inLanguage\":\"fr-FR\",\"@id\":\"https:\/\/neyssa-shop.com\/blog\/dans-quels-pays-porte-on-la-abaya\/#primaryimage\",\"url\":\"https:\/\/neyssa-shop.com\/blog\/wp-content\/uploads\/2022\/05\/DSC_0044-Copier.jpg\",\"contentUrl\":\"https:\/\/neyssa-shop.com\/blog\/wp-content\/uploads\/2022\/05\/DSC_0044-Copier.jpg\",\"width\":1600,\"height\":1067},{\"@type\":\"BreadcrumbList\",\"@id\":\"https:\/\/neyssa-shop.com\/blog\/dans-quels-pays-porte-on-la-abaya\/#breadcrumb\",\"itemListElement\":[{\"@type\":\"ListItem\",\"position\":1,\"name\":\"Accueil\",\"item\":\"https:\/\/neyssa-shop.com\/blog\/\"},{\"@type\":\"ListItem\",\"position\":2,\"name\":\"Dans quels pays porte-t-on la abaya ?\"}]},{\"@type\":\"WebSite\",\"@id\":\"https:\/\/neyssa-shop.com\/blog\/#website\",\"url\":\"https:\/\/neyssa-shop.com\/blog\/\",\"name\":\"Neyssa le blog\",\"description\":\"Un blog d\u00e9di\u00e9 \u00e0 la femme musulmane\",\"publisher\":{\"@id\":\"https:\/\/neyssa-shop.com\/blog\/#organization\"},\"potentialAction\":[{\"@type\":\"SearchAction\",\"target\":{\"@type\":\"EntryPoint\",\"urlTemplate\":\"https:\/\/neyssa-shop.com\/blog\/?s={search_term_string}\"},\"query-input\":{\"@type\":\"PropertyValueSpecification\",\"valueRequired\":true,\"valueName\":\"search_term_string\"}}],\"inLanguage\":\"fr-FR\"},{\"@type\":\"Organization\",\"@id\":\"https:\/\/neyssa-shop.com\/blog\/#organization\",\"name\":\"Neyssa Shop\",\"url\":\"https:\/\/neyssa-shop.com\/blog\/\",\"logo\":{\"@type\":\"ImageObject\",\"inLanguage\":\"fr-FR\",\"@id\":\"https:\/\/neyssa-shop.com\/blog\/#\/schema\/logo\/image\/\",\"url\":\"https:\/\/neyssa-shop.com\/blog\/wp-content\/uploads\/2021\/03\/neyssa-boutique-logo-1610747292.jpg\",\"contentUrl\":\"https:\/\/neyssa-shop.com\/blog\/wp-content\/uploads\/2021\/03\/neyssa-boutique-logo-1610747292.jpg\",\"width\":271,\"height\":70,\"caption\":\"Neyssa Shop\"},\"image\":{\"@id\":\"https:\/\/neyssa-shop.com\/blog\/#\/schema\/logo\/image\/\"},\"sameAs\":[\"https:\/\/www.facebook.com\/neyssashop\/\",\"https:\/\/x.com\/neyssashop\",\"https:\/\/www.instagram.com\/neyssa_shop\/\",\"https:\/\/www.pinterest.fr\/neyssa_shop\/_created\/\",\"https:\/\/www.youtube.com\/channel\/UCkQ9s8jXTLi2yVzyeugVAMg\"]}]}<\/script>\n<!-- \/ Yoast SEO plugin. -->","yoast_head_json":{"title":"Dans quels pays porte-t-on l'abaya ?","description":"L'abaya est un v\u00eatement traditionnel port\u00e9 par les femmes musulmanes. D\u00e9couvrez dans quels pays porte-t-on l'abaya, cette longue et \u00e9l\u00e9gante robe.","robots":{"index":"index","follow":"follow","max-snippet":"max-snippet:-1","max-image-preview":"max-image-preview:large","max-video-preview":"max-video-preview:-1"},"canonical":"https:\/\/neyssa-shop.com\/blog\/dans-quels-pays-porte-on-la-abaya\/","og_locale":"fr_FR","og_type":"article","og_title":"Dans quels pays porte-t-on l'abaya ?","og_description":"L'abaya est un v\u00eatement traditionnel port\u00e9 par les femmes musulmanes. D\u00e9couvrez dans quels pays porte-t-on l'abaya, cette longue et \u00e9l\u00e9gante robe.","og_url":"https:\/\/neyssa-shop.com\/blog\/dans-quels-pays-porte-on-la-abaya\/","og_site_name":"Neyssa le blog","article_publisher":"https:\/\/www.facebook.com\/neyssashop\/","article_modified_time":"2022-05-12T20:50:57+00:00","og_image":[{"width":1600,"height":1067,"url":"https:\/\/neyssa-shop.com\/blog\/wp-content\/uploads\/2022\/05\/DSC_0044-Copier.jpg","type":"image\/jpeg"}],"twitter_card":"summary_large_image","twitter_site":"@neyssashop","twitter_misc":{"Dur\u00e9e de lecture estim\u00e9e":"4 minutes"},"schema":{"@context":"https:\/\/schema.org","@graph":[{"@type":"WebPage","@id":"https:\/\/neyssa-shop.com\/blog\/dans-quels-pays-porte-on-la-abaya\/","url":"https:\/\/neyssa-shop.com\/blog\/dans-quels-pays-porte-on-la-abaya\/","name":"Dans quels pays porte-t-on l'abaya ?","isPartOf":{"@id":"https:\/\/neyssa-shop.com\/blog\/#website"},"primaryImageOfPage":{"@id":"https:\/\/neyssa-shop.com\/blog\/dans-quels-pays-porte-on-la-abaya\/#primaryimage"},"image":{"@id":"https:\/\/neyssa-shop.com\/blog\/dans-quels-pays-porte-on-la-abaya\/#primaryimage"},"thumbnailUrl":"https:\/\/neyssa-shop.com\/blog\/wp-content\/uploads\/2022\/05\/DSC_0044-Copier.jpg","datePublished":"2022-01-13T08:38:52+00:00","dateModified":"2022-05-12T20:50:57+00:00","description":"L'abaya est un v\u00eatement traditionnel port\u00e9 par les femmes musulmanes. D\u00e9couvrez dans quels pays porte-t-on l'abaya, cette longue et \u00e9l\u00e9gante robe.","breadcrumb":{"@id":"https:\/\/neyssa-shop.com\/blog\/dans-quels-pays-porte-on-la-abaya\/#breadcrumb"},"inLanguage":"fr-FR","potentialAction":[{"@type":"ReadAction","target":["https:\/\/neyssa-shop.com\/blog\/dans-quels-pays-porte-on-la-abaya\/"]}]},{"@type":"ImageObject","inLanguage":"fr-FR","@id":"https:\/\/neyssa-shop.com\/blog\/dans-quels-pays-porte-on-la-abaya\/#primaryimage","url":"https:\/\/neyssa-shop.com\/blog\/wp-content\/uploads\/2022\/05\/DSC_0044-Copier.jpg","contentUrl":"https:\/\/neyssa-shop.com\/blog\/wp-content\/uploads\/2022\/05\/DSC_0044-Copier.jpg","width":1600,"height":1067},{"@type":"BreadcrumbList","@id":"https:\/\/neyssa-shop.com\/blog\/dans-quels-pays-porte-on-la-abaya\/#breadcrumb","itemListElement":[{"@type":"ListItem","position":1,"name":"Accueil","item":"https:\/\/neyssa-shop.com\/blog\/"},{"@type":"ListItem","position":2,"name":"Dans quels pays porte-t-on la abaya ?"}]},{"@type":"WebSite","@id":"https:\/\/neyssa-shop.com\/blog\/#website","url":"https:\/\/neyssa-shop.com\/blog\/","name":"Neyssa le blog","description":"Un blog d\u00e9di\u00e9 \u00e0 la femme musulmane","publisher":{"@id":"https:\/\/neyssa-shop.com\/blog\/#organization"},"potentialAction":[{"@type":"SearchAction","target":{"@type":"EntryPoint","urlTemplate":"https:\/\/neyssa-shop.com\/blog\/?s={search_term_string}"},"query-input":{"@type":"PropertyValueSpecification","valueRequired":true,"valueName":"search_term_string"}}],"inLanguage":"fr-FR"},{"@type":"Organization","@id":"https:\/\/neyssa-shop.com\/blog\/#organization","name":"Neyssa Shop","url":"https:\/\/neyssa-shop.com\/blog\/","logo":{"@type":"ImageObject","inLanguage":"fr-FR","@id":"https:\/\/neyssa-shop.com\/blog\/#\/schema\/logo\/image\/","url":"https:\/\/neyssa-shop.com\/blog\/wp-content\/uploads\/2021\/03\/neyssa-boutique-logo-1610747292.jpg","contentUrl":"https:\/\/neyssa-shop.com\/blog\/wp-content\/uploads\/2021\/03\/neyssa-boutique-logo-1610747292.jpg","width":271,"height":70,"caption":"Neyssa Shop"},"image":{"@id":"https:\/\/neyssa-shop.com\/blog\/#\/schema\/logo\/image\/"},"sameAs":["https:\/\/www.facebook.com\/neyssashop\/","https:\/\/x.com\/neyssashop","https:\/\/www.instagram.com\/neyssa_shop\/","https:\/\/www.pinterest.fr\/neyssa_shop\/_created\/","https:\/\/www.youtube.com\/channel\/UCkQ9s8jXTLi2yVzyeugVAMg"]}]}},"_links":{"self":[{"href":"https:\/\/neyssa-shop.com\/blog\/wp-json\/wp\/v2\/pages\/4338","targetHints":{"allow":["GET"]}}],"collection":[{"href":"https:\/\/neyssa-shop.com\/blog\/wp-json\/wp\/v2\/pages"}],"about":[{"href":"https:\/\/neyssa-shop.com\/blog\/wp-json\/wp\/v2\/types\/page"}],"author":[{"embeddable":true,"href":"https:\/\/neyssa-shop.com\/blog\/wp-json\/wp\/v2\/users\/11"}],"replies":[{"embeddable":true,"href":"https:\/\/neyssa-shop.com\/blog\/wp-json\/wp\/v2\/comments?post=4338"}],"version-history":[{"count":5,"href":"https:\/\/neyssa-shop.com\/blog\/wp-json\/wp\/v2\/pages\/4338\/revisions"}],"predecessor-version":[{"id":4798,"href":"https:\/\/neyssa-shop.com\/blog\/wp-json\/wp\/v2\/pages\/4338\/revisions\/4798"}],"wp:featuredmedia":[{"embeddable":true,"href":"https:\/\/neyssa-shop.com\/blog\/wp-json\/wp\/v2\/media\/4797"}],"wp:attachment":[{"href":"https:\/\/neyssa-shop.com\/blog\/wp-json\/wp\/v2\/media?parent=4338"}],"curies":[{"name":"wp","href":"https:\/\/api.w.org\/{rel}","templated":true}]}}